{"id":10041,"date":"2025-02-24T05:36:36","date_gmt":"2025-02-24T04:36:36","guid":{"rendered":"https:\/\/asgolfdepessac.com\/?page_id=10041"},"modified":"2025-07-01T06:22:56","modified_gmt":"2025-07-01T04:22:56","slug":"regle-n17","status":"publish","type":"page","link":"https:\/\/asgolfdepessac.com\/index.php\/regle-n17\/","title":{"rendered":"R\u00e8gle n\u00b017 &#8211; Zones \u00e0 p\u00e9nalit\u00e9"},"content":{"rendered":"\n<p class=\"has-text-align-center has-black-color has-background-color-background-color has-text-color has-background has-link-color has-medium-font-size wp-elements-e2d7179cdf5fec5c38366e86950482cb\"><strong><a href=\"https:\/\/asgolfdepessac.com\/index.php\/clarification-de-la-regle-17\/\">Clarifications<\/a><\/strong><\/p>\n\n\n\n<p class=\"has-black-color has-background-color-background-color has-text-color has-background\">Objet de la R\u00e8gle :<br>La R\u00e8gle 17 est une R\u00e8gle particuli\u00e8re pour les zones \u00e0 p\u00e9nalit\u00e9, qui sont les \u00e9tendues d\u2019eau ou d\u2019autres zones d\u00e9finies par le Comit\u00e9, dans lesquelles une balle est souvent perdue ou injouable. Avec une p\u00e9nalit\u00e9 d\u2019un coup, les joueurs peuvent utiliser des options de d\u00e9gagement particuli\u00e8res pour jouer une balle de l\u2019ext\u00e9rieur de la zone \u00e0 p\u00e9nalit\u00e9.<br><strong>17.1 Options pour une balle dans une zone \u00e0 p\u00e9nalit\u00e9<\/strong><br>Les zones \u00e0 p\u00e9nalit\u00e9 sont d\u00e9finies soit en rouge, soit en jaune. Cela d\u00e9termine les options de d\u00e9gagement du joueur (voir R\u00e8gle 17.1d).<br>Un joueur peut se tenir dans une zone \u00e0 p\u00e9nalit\u00e9 pour jouer une balle qui repose \u00e0 l\u2019ext\u00e9rieur de la zone \u00e0 p\u00e9nalit\u00e9, y compris apr\u00e8s avoir pris un d\u00e9gagement de la zone \u00e0 p\u00e9nalit\u00e9.<br><strong>17.1a Balle dans une zone \u00e0 p\u00e9nalit\u00e9<\/strong><br>Une balle est dans une zone \u00e0 p\u00e9nalit\u00e9 lorsqu\u2019une partie quelconque de la balle :<br>\u2022 Repose sur ou touche le sol ou n\u2019importe quoi d\u2019autre (par ex. n\u2019importe quel \u00e9l\u00e9ment naturel ou artificiel) \u00e0 l\u2019int\u00e9rieur de la lisi\u00e8re de la zone \u00e0 p\u00e9nalit\u00e9, ou<br>\u2022 Surplombe la lisi\u00e8re ou toute autre partie de la zone \u00e0 p\u00e9nalit\u00e9.<br>Si une balle est \u00e0 la fois dans une zone \u00e0 p\u00e9nalit\u00e9 et dans une autre zone du parcours, voir la R\u00e8gle 2.2c.<br><strong>17.1b Le joueur peut jouer la balle comme elle repose dans la zone \u00e0 p\u00e9nalit\u00e9 ou se d\u00e9gager avec p\u00e9nalit\u00e9<\/strong><br>Le joueur peut :<br>\u2022 Ou bien jouer la balle comme elle repose sans p\u00e9nalit\u00e9, selon les m\u00eames R\u00e8gles qui s\u2019appliquent \u00e0 une balle reposant dans la zone g\u00e9n\u00e9rale (c\u2019est \u00e0-dire qu\u2019il n\u2019y a pas de R\u00e8gles particuli\u00e8res limitant la fa\u00e7on dont une balle peut \u00eatre jou\u00e9e dans une zone \u00e0 p\u00e9nalit\u00e9),<br>\u2022 Ou alors jouer une balle de l\u2019ext\u00e9rieur de la zone \u00e0 p\u00e9nalit\u00e9 en se d\u00e9gageant avec p\u00e9nalit\u00e9 selon la R\u00e8gle 17.1d ou 17.2.<br><strong>Exception<\/strong> \u2013 Le d\u00e9gagement est obligatoire pour l\u2019interf\u00e9rence avec une zone de jeu interdit dans une zone \u00e0 p\u00e9nalit\u00e9 (voir R\u00e8gle 17.1e).<br><strong>17.1c D\u00e9gagement pour une balle non retrouv\u00e9e dans une zone \u00e0 p\u00e9nalit\u00e9<\/strong><br>Si la balle d\u2019un joueur n\u2019a pas \u00e9t\u00e9 retrouv\u00e9e et que l\u2019on est s\u00fbr ou quasiment certain qu\u2019elle repose dans une zone \u00e0 p\u00e9nalit\u00e9 :<br>\u2022 Le joueur peut se d\u00e9gager avec p\u00e9nalit\u00e9 selon la R\u00e8gle 17.1d ou 17.2.<br>\u2022 Une fois que le joueur met ainsi une autre balle en jeu pour se d\u00e9gager :<br>\u00bb La balle d\u2019origine n\u2019est plus en jeu et ne doit plus \u00eatre jou\u00e9e.<br>\u00bb Ceci est vrai m\u00eame si la balle d\u2019origine est ensuite retrouv\u00e9e sur le parcours avant la fin du temps de recherche de trois minutes (voir R\u00e8gle 6.3b).<br>Mais si l\u2019on n\u2019est pas s\u00fbr ou quasiment certain que la balle repose dans une zone \u00e0 p\u00e9nalit\u00e9 et qu\u2019elle est perdue, le joueur doit prendre un d\u00e9gagement coup et distance selon la R\u00e8gle 18.2.<br><strong>17.1d D\u00e9gagement pour une balle dans une zone \u00e0 p\u00e9nalit\u00e9<\/strong><br>Si la balle d\u2019un joueur est dans une zone \u00e0 p\u00e9nalit\u00e9, y compris quand on est s\u00fbr ou quasiment certain qu\u2019elle est dans une zone \u00e0 p\u00e9nalit\u00e9 m\u00eame si elle n\u2019a pas \u00e9t\u00e9 retrouv\u00e9e, le joueur a les options de d\u00e9gagement suivantes, chacune avec <em><strong>un coup de p\u00e9nalit\u00e9<\/strong><\/em> :<br><strong>(1)<\/strong> D\u00e9gagement coup et distance. Le joueur peut jouer la balle d\u2019origine, ou une autre balle, d\u2019o\u00f9 le coup pr\u00e9c\u00e9dent a \u00e9t\u00e9 jou\u00e9 (voir R\u00e8gle 14.6).<br><strong>(2)<\/strong> D\u00e9gagement en arri\u00e8re sur la ligne. Le joueur peut dropper la balle d\u2019origine, ou une autre balle (voir R\u00e8gle 14.3), \u00e0 l\u2019ext\u00e9rieur de la zone \u00e0 p\u00e9nalit\u00e9, en gardant le point estim\u00e9 o\u00f9 la balle d\u2019origine a franchi en dernier la lisi\u00e8re de la zone \u00e0 p\u00e9nalit\u00e9 entre le trou et l\u2019emplacement o\u00f9 la balle est dropp\u00e9e (sans<br>limite sur la distance en arri\u00e8re \u00e0 laquelle la balle peut \u00eatre dropp\u00e9e). L\u2019emplacement sur la ligne o\u00f9 la balle touche le sol en premier quand elle est dropp\u00e9e d\u00e9termine une zone de d\u00e9gagement d\u2019une longueur de club dans n\u2019importe quelle direction \u00e0 partir de ce point, mais avec les restrictions suivantes :<br>\u2022 Restrictions sur la zone de d\u00e9gagement :<br>\u00bb Elle ne doit pas \u00eatre plus pr\u00e8s du trou que le point estim\u00e9 o\u00f9 la balle d\u2019origine a franchi en dernier la lisi\u00e8re de la zone \u00e0 p\u00e9nalit\u00e9, et<br>\u00bb Elle peut \u00eatre dans n\u2019importe quelle zone du parcours sauf dans la m\u00eame zone \u00e0 p\u00e9nalit\u00e9, mais<br>\u00bb Elle doit \u00eatre dans la m\u00eame zone du parcours que celle initialement touch\u00e9e par la balle lorsqu\u2019elle a \u00e9t\u00e9 dropp\u00e9e.<br><strong>(3)<\/strong> D\u00e9gagement lat\u00e9ral (seulement pour les zones \u00e0 p\u00e9nalit\u00e9 rouges). Lorsque la balle a franchi en dernier la lisi\u00e8re d\u2019une zone \u00e0 p\u00e9nalit\u00e9 rouge, le joueur peut dropper la balle d\u2019origine, ou une autre balle, dans la zone de d\u00e9gagement lat\u00e9ral suivante (voir R\u00e8gle 14.3) :<br>\u2022 Point de r\u00e9f\u00e9rence : le point estim\u00e9 o\u00f9 la balle d\u2019origine a franchi en dernier la lisi\u00e8re de la zone \u00e0 p\u00e9nalit\u00e9 rouge.<br>\u2022 Dimension de la zone de d\u00e9gagement mesur\u00e9e depuis le point de r\u00e9f\u00e9rence : deux longueurs de club, mais avec les restrictions suivantes :<br>\u2022 Restrictions sur la zone de d\u00e9gagement :<br>\u00bb Elle ne doit pas \u00eatre plus pr\u00e8s du trou que le point de r\u00e9f\u00e9rence, et<br>\u00bb Elle peut \u00eatre dans n\u2019importe quelle zone du parcours sauf dans la m\u00eame zone \u00e0 p\u00e9nalit\u00e9, mais<br>\u00bb S\u2019il y a plus d\u2019une zone du parcours \u00e0 deux longueurs de club maximum du point de r\u00e9f\u00e9rence, la balle doit venir reposer \u00e0 l\u2019int\u00e9rieur de la zone de d\u00e9gagement, dans la m\u00eame zone du parcours que celle<br>initialement touch\u00e9e par la balle lorsqu\u2019elle a \u00e9t\u00e9 dropp\u00e9e dans la zone de d\u00e9gagement.<br><em>Voir R\u00e8gle 25.4m (pour les joueurs utilisant un dispositif d\u2019assistance \u00e0 la mobilit\u00e9 avec des roues, la R\u00e8gle 17.1d(3) est modifi\u00e9e pour \u00e9tendre la zone de d\u00e9gagement lat\u00e9ral \u00e0 quatre longueurs de club).<br>Voir Proc\u00e9dures pour le Comit\u00e9, Section 8 ; R\u00e8gle locale type B-2 (le Comit\u00e9 peut adopter une R\u00e8gle locale autorisant le d\u00e9gagement lat\u00e9ral sur le c\u00f4t\u00e9 oppos\u00e9 d\u2019une zone \u00e0 p\u00e9nalit\u00e9 rouge \u00e0 \u00e9gale distance du trou).<\/em><br><strong>17.1e D\u00e9gagement obligatoire de l\u2019interf\u00e9rence avec une zone de jeu interdit dans une zone \u00e0 p\u00e9nalit\u00e9<\/strong><br>Dans chacune des situations suivantes, le joueur ne doit pas jouer la balle comme elle repose :<br><strong>(1)<\/strong> Balle reposant dans une zone de jeu interdit dans une zone \u00e0 p\u00e9nalit\u00e9. Le joueur doit se d\u00e9gager avec p\u00e9nalit\u00e9 selon la R\u00e8gle 17.1d ou 17.2.<br>Si le joueur a une interf\u00e9rence avec une zone de jeu interdit apr\u00e8s avoir pris un d\u00e9gagement selon cette R\u00e8gle, la balle ne doit pas \u00eatre jou\u00e9e comme elle repose. Le joueur doit prendre un d\u00e9gagement suppl\u00e9mentaire selon la R16.1f(2).<br><strong>(2)<\/strong> Zone de jeu interdit interf\u00e9rant avec le stance ou le swing du joueur pour une balle dans une zone \u00e0 p\u00e9nalit\u00e9. Si la balle d\u2019un joueur est dans une zone \u00e0 p\u00e9nalit\u00e9 et \u00e0 l\u2019ext\u00e9rieur d\u2019une zone de jeu interdit, mais qu\u2019une zone de jeu interdit (qu\u2019elle soit dans une condition anormale du parcours ou dans une zone \u00e0 p\u00e9nalit\u00e9) interf\u00e8re avec la zone du stance ou du swing intentionnels du joueur, le joueur doit :<br>\u2022 Ou bien se d\u00e9gager avec p\u00e9nalit\u00e9 \u00e0 l\u2019ext\u00e9rieur de la zone \u00e0 p\u00e9nalit\u00e9 selon la R\u00e8gle 17.1d ou 17.2,<br>\u2022 Ou alors se d\u00e9gager gratuitement en droppant la balle d\u2019origine, ou une autre balle, \u00e0 l\u2019int\u00e9rieur de la zone \u00e0 p\u00e9nalit\u00e9 dans la zone de d\u00e9gagement suivante (si elle existe) (voir R\u00e8gle 14.3) :<br>\u00bb Point de r\u00e9f\u00e9rence : le point le plus proche de d\u00e9gagement complet de la zone de jeu interdit.<br>\u00bb Dimension de la zone de d\u00e9gagement mesur\u00e9e depuis le point de r\u00e9f\u00e9rence : une longueur de club, mais avec les restrictions suivantes :<br>\u00bb Restrictions sur la zone de d\u00e9gagement :<br>Elle doit \u00eatre dans la m\u00eame zone \u00e0 p\u00e9nalit\u00e9 que celle o\u00f9 repose la balle, et<br>Elle ne doit pas \u00eatre plus pr\u00e8s du trou que le point de r\u00e9f\u00e9rence.<br><strong>(3)<\/strong> Pas de d\u00e9gagement quand c\u2019est clairement d\u00e9raisonnable. Il n\u2019y a pas de d\u00e9gagement gratuit de l\u2019interf\u00e9rence avec une zone de jeu interdit selon (2) :<br>\u2022 Lorsque jouer la balle comme elle repose est clairement d\u00e9raisonnable \u00e0 cause de quelque chose dont le joueur n\u2019est pas autoris\u00e9 \u00e0 se d\u00e9gager gratuitement (par ex. lorsque le joueur est incapable de jouer un coup vu l\u2019endroit o\u00f9 la balle repose dans un buisson), ou<br>\u2022 Lorsque l\u2019interf\u00e9rence existe uniquement parce que le joueur choisit un club, un type de stance ou de swing, ou une direction de jeu qui sont clairement d\u00e9raisonnables dans ces circonstances.<br>Pour la proc\u00e9dure \u00e0 suivre lorsqu\u2019il y a une interf\u00e9rence avec une zone de jeu interdit pour une balle reposant n\u2019importe o\u00f9 ailleurs que dans une zone \u00e0 p\u00e9nalit\u00e9, voir la R\u00e8gle 16.1f.<br><strong><em>P\u00e9nalit\u00e9 pour avoir jou\u00e9 une balle d\u2019un mauvais endroit en infraction avec la R\u00e8gle 17.1 : p\u00e9nalit\u00e9 g\u00e9n\u00e9rale selon la R\u00e8gle 14.7a.<\/em><\/strong><\/p>\n\n\n\n<p class=\"has-black-color has-background-color-background-color has-text-color has-background has-link-color wp-elements-ff57003514b111e20d3a8f62a9c1da7a\"><strong>17.2 Options apr\u00e8s avoir jou\u00e9 une balle depuis une zone \u00e0 p\u00e9nalit\u00e9<\/strong><br><strong>17.2a Balle jou\u00e9e depuis une zone \u00e0 p\u00e9nalit\u00e9 venant reposer dans la m\u00eame ou une autre zone \u00e0 p\u00e9nalit\u00e9<\/strong><br>Si une balle jou\u00e9e dans une zone \u00e0 p\u00e9nalit\u00e9 vient reposer dans la m\u00eame zone \u00e0 p\u00e9nalit\u00e9 ou une autre zone \u00e0 p\u00e9nalit\u00e9, le joueur peut jouer la balle comme elle repose (voir R\u00e8gle 17.1b).<br>Ou, avec un coup de p\u00e9nalit\u00e9, le joueur peut se d\u00e9gager selon l\u2019une quelconque des options suivantes :<br>(1) Options normales de d\u00e9gagement. Le joueur peut prendre le d\u00e9gagement coup et distance selon la R\u00e8gle 17.1d(1), le d\u00e9gagement en arri\u00e8re sur la ligne selon la R\u00e8gle 17.1d(2) ou, pour une zone \u00e0 p\u00e9nalit\u00e9 rouge, le d\u00e9gagement lat\u00e9ral selon la R\u00e8gle 17.1d(3).<br>Pour l\u2019application de la R\u00e8gle 17.1d(2) ou (3), le point estim\u00e9 pour d\u00e9terminer la zone de d\u00e9gagement est celui o\u00f9 la balle d\u2019origine a franchi en dernier la lisi\u00e8re de la zone \u00e0 p\u00e9nalit\u00e9 dans laquelle la balle repose maintenant.<br>Si le joueur prend le d\u00e9gagement coup et distance en droppant une balle dans la zone \u00e0 p\u00e9nalit\u00e9 (voir R\u00e8gle 14.6), et d\u00e9cide par la suite de ne pas jouer la balle dropp\u00e9e l\u00e0 o\u00f9 elle repose :<br>\u2022 Le joueur peut prendre un d\u00e9gagement suppl\u00e9mentaire \u00e0 l\u2019ext\u00e9rieur de la zone \u00e0 p\u00e9nalit\u00e9 selon la R\u00e8gle 17.1d(2) ou (3) (pour une zone \u00e0 p\u00e9nalit\u00e9 rouge) ou selon la R\u00e8gle 17.2a(2).<br>\u2022 Si le joueur agit ainsi, il encourt un coup de p\u00e9nalit\u00e9 suppl\u00e9mentaire, soit un total de deux coups de p\u00e9nalit\u00e9 : un coup pour le d\u00e9gagement coup et distance et un coup pour le d\u00e9gagement en dehors de la zone \u00e0 p\u00e9nalit\u00e9.<br>(2) Option suppl\u00e9mentaire de d\u00e9gagement : jouer d\u2019o\u00f9 a \u00e9t\u00e9 jou\u00e9 le dernier coup de l\u2019ext\u00e9rieur d\u2019une zone \u00e0 p\u00e9nalit\u00e9. Au lieu d\u2019utiliser l\u2019une des options de d\u00e9gagement normal selon (1), le joueur peut choisir de jouer la balle d\u2019origine, ou une autre balle, d\u2019o\u00f9 il a jou\u00e9 le dernier coup de l\u2019ext\u00e9rieur d\u2019une zone \u00e0 p\u00e9nalit\u00e9 (voir R\u00e8gle 14.6).<br><strong>17.2b Balle perdue, hors limites ou injouable \u00e0 l\u2019ext\u00e9rieur de la zone \u00e0 p\u00e9nalit\u00e9 apr\u00e8s avoir \u00e9t\u00e9 jou\u00e9e depuis une zone \u00e0 p\u00e9nalit\u00e9<\/strong><br>Apr\u00e8s avoir jou\u00e9 une balle depuis une zone \u00e0 p\u00e9nalit\u00e9, un joueur peut parfois \u00eatre tenu ou choisir de prendre un d\u00e9gagement coup et distance car la balle d\u2019origine est :<br>\u2022 Soit hors limites ou perdue en dehors de la zone \u00e0 p\u00e9nalit\u00e9 (voir R\u00e8gle 18.2),<br>\u2022 Soit injouable \u00e0 l\u2019ext\u00e9rieur de la zone \u00e0 p\u00e9nalit\u00e9 (voir R\u00e8gle 19.2a).<br>Si le joueur prend le d\u00e9gagement coup et distance en droppant une balle dans la zone \u00e0 p\u00e9nalit\u00e9 (voir R\u00e8gle 14.6), et d\u00e9cide par la suite de ne pas jouer la balle dropp\u00e9e l\u00e0 o\u00f9 elle repose :<br>\u2022 Le joueur peut prendre un d\u00e9gagement suppl\u00e9mentaire \u00e0 l\u2019ext\u00e9rieur de la zone \u00e0 p\u00e9nalit\u00e9 selon la R\u00e8gle 17.1d(2) ou (3) (pour une zone \u00e0 p\u00e9nalit\u00e9 rouge) ou selon la R\u00e8gle 17.2a(2).<br>\u2022 Si le joueur agit ainsi, il encourt un coup de p\u00e9nalit\u00e9 suppl\u00e9mentaire, soit un total de deux coups de p\u00e9nalit\u00e9 : un coup pour le d\u00e9gagement coup et distance et un coup pour le d\u00e9gagement en dehors de la zone \u00e0 p\u00e9nalit\u00e9.<br>Le joueur peut directement se d\u00e9gager en dehors de la zone \u00e0 p\u00e9nalit\u00e9, sans avoir au pr\u00e9alable dropp\u00e9 une balle dans la zone \u00e0 p\u00e9nalit\u00e9, mais il encourt quand m\u00eame un total de deux coups de p\u00e9nalit\u00e9.<br><strong><em>P\u00e9nalit\u00e9 pour avoir jou\u00e9 une balle d\u2019un mauvais endroit en infraction avec la R\u00e8gle 17.2 : p\u00e9nalit\u00e9 g\u00e9n\u00e9rale selon la R\u00e8gle 14.7a.<\/em><\/strong><\/p>\n\n\n\n<p class=\"has-black-color has-background-color-background-color has-text-color has-background has-link-color wp-elements-91e4296ed2045bd9513c60e0d2425819\"><strong>17.3 Pas de d\u00e9gagement selon d\u2019autres R\u00e8gles pour une balle dans une zone \u00e0 p\u00e9nalit\u00e9<\/strong><br>Lorsque la balle d\u2019un joueur est dans une zone \u00e0 p\u00e9nalit\u00e9, il n\u2019y a pas de d\u00e9gagement pour :<br>\u2022 Une interf\u00e9rence avec une condition anormale du parcours (R\u00e8gle 16.1),<br>\u2022 Une balle enfonc\u00e9e (R\u00e8gle 16.3), ou<br>\u2022 Une balle injouable (R\u00e8gle 19).<br>La seule option de d\u00e9gagement du joueur est de se d\u00e9gager avec p\u00e9nalit\u00e9 selon la R\u00e8gle 17.<br>Mais lorsqu\u2019une situation dangereuse due \u00e0 un animal interf\u00e8re avec le jeu d\u2019une balle dans une zone \u00e0 p\u00e9nalit\u00e9, le joueur peut ou bien se d\u00e9gager gratuitement dans la zone \u00e0 p\u00e9nalit\u00e9, ou alors se d\u00e9gager avec p\u00e9nalit\u00e9 \u00e0 l\u2019ext\u00e9rieur de la zone \u00e0 p\u00e9nalit\u00e9 (voir R\u00e8gle 16.2b(2)).<\/p>\n","protected":false},"excerpt":{"rendered":"<p>Clarifications Objet de la R\u00e8gle :La R\u00e8gle 17 est une R\u00e8gle particuli\u00e8re pour les zones \u00e0 p\u00e9nalit\u00e9, qui sont les \u00e9tendues d\u2019eau ou d\u2019autres zones d\u00e9finies par le Comit\u00e9, dans lesquelles une balle est souvent perdue ou injouable. Avec une p\u00e9nalit\u00e9 d\u2019un coup, les joueurs peuvent utiliser des options de [&hellip;]<\/p>\n","protected":false},"author":8,"featured_media":9462,"parent":0,"menu_order":0,"comment_status":"closed","ping_status":"closed","template":"","meta":{"footnotes":""},"class_list":["post-10041","page","type-page","status-publish","has-post-thumbnail","hentry"],"_links":{"self":[{"href":"https:\/\/asgolfdepessac.com\/index.php\/wp-json\/wp\/v2\/pages\/10041","targetHints":{"allow":["GET"]}}],"collection":[{"href":"https:\/\/asgolfdepessac.com\/index.php\/wp-json\/wp\/v2\/pages"}],"about":[{"href":"https:\/\/asgolfdepessac.com\/index.php\/wp-json\/wp\/v2\/types\/page"}],"author":[{"embeddable":true,"href":"https:\/\/asgolfdepessac.com\/index.php\/wp-json\/wp\/v2\/users\/8"}],"replies":[{"embeddable":true,"href":"https:\/\/asgolfdepessac.com\/index.php\/wp-json\/wp\/v2\/comments?post=10041"}],"version-history":[{"count":0,"href":"https:\/\/asgolfdepessac.com\/index.php\/wp-json\/wp\/v2\/pages\/10041\/revisions"}],"wp:featuredmedia":[{"embeddable":true,"href":"https:\/\/asgolfdepessac.com\/index.php\/wp-json\/wp\/v2\/media\/9462"}],"wp:attachment":[{"href":"https:\/\/asgolfdepessac.com\/index.php\/wp-json\/wp\/v2\/media?parent=10041"}],"curies":[{"name":"wp","href":"https:\/\/api.w.org\/{rel}","templated":true}]}}