{"id":10043,"date":"2025-02-24T05:39:22","date_gmt":"2025-02-24T04:39:22","guid":{"rendered":"https:\/\/asgolfdepessac.com\/?page_id=10043"},"modified":"2025-02-25T05:36:13","modified_gmt":"2025-02-25T04:36:13","slug":"clarification-de-la-regle-15","status":"publish","type":"page","link":"https:\/\/asgolfdepessac.com\/index.php\/clarification-de-la-regle-15\/","title":{"rendered":"Clarification de la r\u00e8gle 15"},"content":{"rendered":"\n<p class=\"has-black-color has-background-color-background-color has-text-color has-background\"><strong>R\u00e8gle 15.1 Clarifications : d\u00e9tritus<\/strong><br><strong>15.1a\/1<\/strong> \u2013 Enlever un d\u00e9tritus d\u2019une zone de d\u00e9gagement ou d\u2019un endroit o\u00f9 une balle doit \u00eatre dropp\u00e9e, plac\u00e9e ou replac\u00e9e<br>L\u2019Exception 1 de la R\u00e8gle 15.1a indique clairement que, avant de replacer une balle, le joueur ne doit pas enlever un d\u00e9tritus qui, s\u2019il avait \u00e9t\u00e9 d\u00e9plac\u00e9 quand la balle \u00e9tait au repos, aurait probablement caus\u00e9 le d\u00e9placement de la balle.<br>Cette disposition r\u00e9sulte du fait que quand la balle est dans sa position initiale, le joueur risque de d\u00e9placer la balle en enlevant le d\u00e9tritus.<br>Toutefois, quand une balle doit \u00eatre dropp\u00e9e ou plac\u00e9e, la balle n\u2019a pas \u00e0 \u00eatre remise en place \u00e0 un emplacement sp\u00e9cifique et par cons\u00e9quent enlever des d\u00e9tritus avant de dropper ou placer une balle est autoris\u00e9.<br>Par exemple, si un joueur applique la R\u00e8gle 14.3b, en droppant une balle dans une zone de d\u00e9gagement, ou la R\u00e8gle 14.3c(2), en droppant une balle qui ne reste pas dans la zone de d\u00e9gagement, et que le joueur doit alors placer une balle, le joueur est autoris\u00e9 \u00e0 enlever des d\u00e9tritus de la zone de d\u00e9gagement dans laquelle une balle sera dropp\u00e9e ainsi que sur ou autour de l\u2019emplacement o\u00f9 le joueur doit placer une balle.<\/p>\n\n\n\n<p class=\"has-black-color has-background-color-background-color has-text-color has-background\"><strong>R\u00e8gle 15.3 Clarifications : balle ou marque-balle aidant ou g\u00eanant le jeu<\/strong><br><strong>15.3\/1<\/strong>\u2013 M\u00e9thodes pour d\u00e9placer une balle ou un marque-balle aidant ou g\u00eanant le jeu<br>Lorsqu\u2019un joueur d\u00e9place sa balle ou son marque-balle selon la R\u00e8gle 15.3, ils devraient \u00eatre plac\u00e9s sur le c\u00f4t\u00e9 en mesurant avec un club, par exemple en utilisant la t\u00eate de club ou toute la longueur d\u2019un club. Cela peut \u00eatre fait en mesurant directement \u00e0 partir de la balle ou en marquant l\u2019emplacement de la balle et en mesurant \u00e0 partir de l\u00e0.<br>Quelques exemples :<br>\u2022 Le joueur peut marquer l\u2019emplacement de la balle puis d\u00e9placer le marque balle d\u2019une ou plusieurs t\u00eates de club sur le c\u00f4t\u00e9.<br>\u2022 Le joueur peut poser un club ou une t\u00eate de club imm\u00e9diatement \u00e0 c\u00f4t\u00e9 de la balle et d\u00e9placer la balle vers l\u2019autre extr\u00e9mit\u00e9 du club ou de la t\u00eate de club, ou placer un marque-balle \u00e0 cet endroit.<br>En d\u00e9pla\u00e7ant la balle ou le marque-balle, le joueur devrait aligner le club avec un objet fixe (par ex. une tache sur le green ou une t\u00eate d\u2019arrosage) pour s\u2019assurer qu\u2019en repla\u00e7ant la balle, les \u00e9tapes peuvent \u00eatre invers\u00e9es et la balle \u00eatre replac\u00e9e \u00e0 l\u2019emplacement d\u2019o\u00f9 elle a \u00e9t\u00e9 relev\u00e9e. (Nouvelle)<br><strong>15.3a\/1<\/strong> \u2013 Pour commettre une infraction en laissant en place une balle aidant le jeu, il n\u2019est pas n\u00e9cessaire de conna\u00eetre la R\u00e8gle<br>En stroke play, selon la R\u00e8gle 15.3a, si deux joueurs ou plus sont d\u2019accord pour laisser une balle en place sur le green pour aider n\u2019importe quel joueur, et que le coup est jou\u00e9 avec la balle aidant le jeu rest\u00e9e en place, chaque joueur participant \u00e0 l\u2019accord encourt deux coups de p\u00e9nalit\u00e9. Une infraction \u00e0 la R\u00e8gle 15.3a ne d\u00e9pend pas de la connaissance des joueurs qu\u2019un tel accord n\u2019est pas autoris\u00e9.<br>Par exemple, en stroke play, avant de jouer d\u2019un endroit situ\u00e9 juste en dehors du green, un joueur demande \u00e0 un autre joueur de laisser sa balle qui est pr\u00e8s du trou afin de l\u2019utiliser comme butoir. Sans savoir que ce n\u2019est pas permis, l\u2019autre joueur est d\u2019accord pour laisser sa balle pr\u00e8s du trou pour aider le joueur. Une fois que le coup est jou\u00e9 avec la balle en place, les deux joueurs encourent la p\u00e9nalit\u00e9<br>selon la R\u00e8gle 15.3a.<br>La cons\u00e9quence serait identique pour une situation o\u00f9 le joueur dont la balle est pr\u00e8s du trou, offre de laisser la balle en jeu pour aider l\u2019autre joueur, et que l\u2019autre joueur accepte l\u2019offre et joue ensuite.<br>Si les joueurs savaient qu\u2019ils n\u2019\u00e9taient pas autoris\u00e9s \u00e0 conclure un tel accord, mais l\u2019ont fait quand m\u00eame, ils sont tous les deux disqualifi\u00e9s selon la R\u00e8gle 1.3b(1) pour avoir d\u00e9lib\u00e9r\u00e9ment ignor\u00e9 la R\u00e8gle 15.3a.<br><strong>15.3a\/2 <\/strong>\u2013 Les joueurs sont autoris\u00e9s \u00e0 laisser en place une balle qui aide le jeu en match play<br>Dans un match, un joueur peut \u00eatre d\u2019accord pour laisser sa balle en place afin d\u2019aider l\u2019adversaire puisque la cons\u00e9quence de tout b\u00e9n\u00e9fice pouvant r\u00e9sulter de cet accord affecte uniquement le match de ces deux joueurs.<\/p>\n","protected":false},"excerpt":{"rendered":"<p>R\u00e8gle 15.1 Clarifications : d\u00e9tritus15.1a\/1 \u2013 Enlever un d\u00e9tritus d\u2019une zone de d\u00e9gagement ou d\u2019un endroit o\u00f9 une balle doit \u00eatre dropp\u00e9e, plac\u00e9e ou replac\u00e9eL\u2019Exception 1 de la R\u00e8gle 15.1a indique clairement que, avant de replacer une balle, le joueur ne doit pas enlever un d\u00e9tritus qui, s\u2019il avait \u00e9t\u00e9 [&hellip;]<\/p>\n","protected":false},"author":8,"featured_media":9462,"parent":0,"menu_order":0,"comment_status":"closed","ping_status":"closed","template":"","meta":{"footnotes":""},"class_list":["post-10043","page","type-page","status-publish","has-post-thumbnail","hentry"],"_links":{"self":[{"href":"https:\/\/asgolfdepessac.com\/index.php\/wp-json\/wp\/v2\/pages\/10043","targetHints":{"allow":["GET"]}}],"collection":[{"href":"https:\/\/asgolfdepessac.com\/index.php\/wp-json\/wp\/v2\/pages"}],"about":[{"href":"https:\/\/asgolfdepessac.com\/index.php\/wp-json\/wp\/v2\/types\/page"}],"author":[{"embeddable":true,"href":"https:\/\/asgolfdepessac.com\/index.php\/wp-json\/wp\/v2\/users\/8"}],"replies":[{"embeddable":true,"href":"https:\/\/asgolfdepessac.com\/index.php\/wp-json\/wp\/v2\/comments?post=10043"}],"version-history":[{"count":0,"href":"https:\/\/asgolfdepessac.com\/index.php\/wp-json\/wp\/v2\/pages\/10043\/revisions"}],"wp:featuredmedia":[{"embeddable":true,"href":"https:\/\/asgolfdepessac.com\/index.php\/wp-json\/wp\/v2\/media\/9462"}],"wp:attachment":[{"href":"https:\/\/asgolfdepessac.com\/index.php\/wp-json\/wp\/v2\/media?parent=10043"}],"curies":[{"name":"wp","href":"https:\/\/api.w.org\/{rel}","templated":true}]}}