{"id":10049,"date":"2025-02-24T05:45:49","date_gmt":"2025-02-24T04:45:49","guid":{"rendered":"https:\/\/asgolfdepessac.com\/?page_id=10049"},"modified":"2025-06-30T08:01:53","modified_gmt":"2025-06-30T06:01:53","slug":"clarification-de-la-regle-16","status":"publish","type":"page","link":"https:\/\/asgolfdepessac.com\/index.php\/clarification-de-la-regle-16\/","title":{"rendered":"Clarification de la r\u00e8gle 16"},"content":{"rendered":"\n<p class=\"has-black-color has-background-color-background-color has-text-color has-background\"><strong>R\u00e8gle 16.1 Clarifications : conditions anormales du parcours (y compris les obstructions inamovibles)<\/strong><br><strong>16.1\/1<\/strong> \u2013 Un d\u00e9gagement d\u2019une condition anormale du parcours peut avoir pour cons\u00e9quence des conditions meilleures ou pires<br>Si un joueur obtient de meilleures conditions affectant le coup en se d\u00e9gageant selon la R\u00e8gle 16.1, c\u2019est de la chance pour le joueur. Il n\u2019y a rien dans la R\u00e8gle 16.1 qui lui impose de maintenir des conditions identiques apr\u00e8s que le d\u00e9gagement est pris.<br>Par exemple, en se d\u00e9gageant d\u2019une t\u00eate d\u2019arroseur (obstruction inamovible) dans le rough, le point le plus proche de d\u00e9gagement complet du joueur ou la zone de d\u00e9gagement peuvent \u00eatre situ\u00e9s sur le fairway. S\u2019il en r\u00e9sulte pour le joueur de pouvoir dropper une balle sur le fairway, ceci est autoris\u00e9.<br>Dans certaines situations, les conditions peuvent \u00eatre moins avantageuses pour le joueur apr\u00e8s le d\u00e9gagement que les conditions avant le d\u00e9gagement, par exemple quand le point le plus proche de d\u00e9gagement complet ou la zone de d\u00e9gagement se trouvent dans une zone rocheuse.<br><strong>16.1\/2<\/strong> \u2013 Si une interf\u00e9rence avec une seconde condition anormale du parcours existe apr\u00e8s un d\u00e9gagement complet pour une premi\u00e8re condition, un autre d\u00e9gagement peut \u00eatre pris<br>Si un joueur a une interf\u00e9rence avec une seconde condition anormale du parcours apr\u00e8s un d\u00e9gagement complet d\u2019une condition anormale du parcours, la seconde situation est une nouvelle situation et le joueur peut de nouveau se d\u00e9gager selon la R\u00e8gle 16.1.<br>Par exemple, dans la zone g\u00e9n\u00e9rale, il y a deux zones d\u2019eau temporaire qui sont proches l\u2019une de l\u2019autre et le joueur a une interf\u00e9rence avec une zone mais pas avec l\u2019autre. Le joueur se d\u00e9gage selon la R\u00e8gle 16.1 et la balle vient reposer dans la zone de d\u00e9gagement \u00e0 un endroit o\u00f9 il n\u2019y a plus d\u2019interf\u00e9rence avec la premi\u00e8re zone d\u2019eau temporaire, mais il y a interf\u00e9rence avec la seconde zone.<br>Le joueur peut jouer la balle comme elle repose ou se d\u00e9gager de la seconde zone selon la R\u00e8gle 16.1.<br>Le r\u00e9sultat serait identique pour une interf\u00e9rence avec n\u2019importe quelle autre condition anormale du parcours.<br><strong>16.1\/3<\/strong> \u2013 Un joueur peut choisir de se d\u00e9gager pour l\u2019une ou l\u2019autre condition quand une interf\u00e9rence avec deux conditions existe<br>Il y a des situations o\u00f9 un joueur peut avoir une interf\u00e9rence avec deux conditions en m\u00eame temps et, dans ce cas, le joueur peut choisir de se d\u00e9gager pour l\u2019une ou l\u2019autre condition. Si, apr\u00e8s avoir pris un d\u00e9gagement d\u2019une condition, une interf\u00e9rence avec la seconde condition existe, le joueur peut alors se d\u00e9gager de la seconde condition.<br>Exemples de telles situations :<br>\u2022 Dans la zone g\u00e9n\u00e9rale, une obstruction inamovible interf\u00e8re avec la zone de swing intentionnel du joueur et la balle repose dans une zone d\u00e9finie comme terrain en r\u00e9paration.<br>Le joueur peut d\u2019abord se d\u00e9gager de l\u2019obstruction selon la R\u00e8gle 16.1, dropper la balle dans le terrain en r\u00e9paration s\u2019il fait partie de la zone de d\u00e9gagement, et il a ensuite l\u2019option de jouer la balle comme elle repose dans le terrain en r\u00e9paration ou de se d\u00e9gager selon la R\u00e8gle 16.1b.<br>Inversement, le joueur peut se d\u00e9gager du terrain en r\u00e9paration et, s\u2018il y a encore une interf\u00e9rence avec l\u2019obstruction, se d\u00e9gager de l\u2019obstruction.<br>\u2022 La balle d\u2019un joueur est enfonc\u00e9e dans la zone g\u00e9n\u00e9rale dans un terrain en r\u00e9paration. Le joueur a l\u2019option de se d\u00e9gager selon la R\u00e8gle 16.1 pour une interf\u00e9rence avec le terrain en r\u00e9paration ou selon la R\u00e8gle 16.3 pour la balle enfonc\u00e9e.<br>Toutefois, dans de telles situations, le joueur ne peut pas, en une seule proc\u00e9dure, se d\u00e9gager simultan\u00e9ment des deux conditions en droppant une balle dans une seule zone de d\u00e9gagement d\u00e9termin\u00e9e en utilisant un point le plus proche de d\u00e9gagement complet combin\u00e9 permettant de se d\u00e9gager \u00e0 la fois des deux conditions, sauf dans la situation o\u00f9 le joueur a successivement pris un d\u00e9gagement pour l\u2019interf\u00e9rence avec chaque condition et que pour l\u2019essentiel il est revenu au<br>point de d\u00e9part.<br><strong>16.1\/4<\/strong> \u2013 Comment se d\u00e9gager quand une balle repose sur une partie \u00e9lev\u00e9e d\u2019une obstruction inamovible<br>Quand une balle repose sur une partie \u00e9lev\u00e9e d\u2019une obstruction inamovible, le point le plus proche de d\u00e9gagement complet est sur le sol sous l\u2019obstruction.<br>Cette disposition permet de d\u00e9terminer facilement le point le plus proche de d\u00e9gagement complet et \u00e9vite qu\u2019il se situe sur une branche d\u2019un arbre proche.<br>Par exemple une balle vient reposer dans la zone g\u00e9n\u00e9rale sur une partie \u00e9lev\u00e9e d\u2019une obstruction inamovible, telle qu\u2019une passerelle ou un pont au-dessus d\u2019un creux profond.<br>Si le joueur d\u00e9cide de se d\u00e9gager de cette situation, il n\u2019est pas tenu compte de la distance verticale et le point le plus proche de d\u00e9gagement complet est le point (Point X) sur le sol directement en dessous de l\u2019endroit o\u00f9 la balle repose sur l\u2019obstruction, \u00e0 condition que le joueur n\u2019ait pas d\u2019interf\u00e9rence, comme d\u00e9finie dans la R\u00e8gle 16.1a, \u00e0 ce point. Le joueur peut se d\u00e9gager selon la R\u00e8gle 16.1b en<br>droppant une balle dans la zone de d\u00e9gagement d\u00e9termin\u00e9e en utilisant le Point X comme point de r\u00e9f\u00e9rence.<br>S\u2019il y a une interf\u00e9rence avec une quelconque partie de l\u2019obstruction (tel qu\u2019un pilier porteur) pour une balle situ\u00e9e au Point X, le joueur peut alors se d\u00e9gager selon la R\u00e8gle 16.1b en utilisant le Point X comme emplacement de la balle afin de d\u00e9terminer le point le plus proche de d\u00e9gagement complet.<br>Voir la Clarification 16.1\/5 quand une balle repose sous le sol et qu\u2019il y a une interf\u00e9rence avec une obstruction inamovible.<br><strong>16.1\/5<\/strong> \u2013 Comment mesurer le point le plus proche de d\u00e9gagement complet pour une balle reposant sous terre dans une condition anormale du parcours<br>La proc\u00e9dure pour une balle reposant sous terre dans une condition anormale du parcours (comme un tunnel) est diff\u00e9rente du cas o\u00f9 la balle repose en hauteur.<br>Dans une telle situation, la d\u00e9termination du point le plus proche de d\u00e9gagement complet doit prendre en compte les distances verticale et horizontale. Dans certains cas le point le plus proche de d\u00e9gagement complet pourrait se trouver sur le sol \u00e0 l\u2019entr\u00e9e du tunnel, dans d\u2019autres cas il pourrait \u00eatre sur le sol directement au-dessus de l\u2019endroit o\u00f9 repose la balle dans le tunnel.<br>Voir la Clarification 16.1\/4 quand une balle repose sur une partie \u00e9lev\u00e9e d\u2019une obstruction inamovible.<br><strong>16.1\/6<\/strong> \u2013 Le joueur peut attendre pour d\u00e9terminer le point le plus proche de d\u00e9gagement complet quand une balle se d\u00e9place dans l\u2019eau<br>Quand une balle se d\u00e9place dans de l\u2019eau temporaire, que le joueur choisisse de relever la balle se d\u00e9pla\u00e7ant ou de substituer une autre balle en se d\u00e9gageant selon la R\u00e8gle 16.1, il est autoris\u00e9 \u00e0 laisser la balle se d\u00e9placer \u00e0 un meilleur endroit avant de d\u00e9terminer le point le plus proche de d\u00e9gagement complet tant qu\u2019il ne retarde pas le jeu de mani\u00e8re d\u00e9raisonnable (Exception 3 de la R\u00e8gle 10.1d et R\u00e8gle 5.6a).<br>Par exemple, la balle d\u2019un joueur se d\u00e9place dans de l\u2019eau temporaire traversant le fairway. Le joueur arrive \u00e0 la balle quand elle est au Point A et r\u00e9alise que si elle atteint le Point B, qui est distant de cinq m\u00e8tres, son point le plus proche de d\u00e9gagement complet sera dans un bien meilleur endroit que ce ne serait le cas pour un d\u00e9gagement pris depuis le Point A.<br>Du moment que le joueur ne retarde pas le jeu de mani\u00e8re d\u00e9raisonnable (R\u00e8gle 5.6a), il est autoris\u00e9 \u00e0 retarder le d\u00e9but de la proc\u00e9dure de d\u00e9gagement jusqu\u2019\u00e0 ce que la balle atteigne le Point B.<br><strong>16.1a(3)\/1<\/strong> \u2013 Une obstruction interf\u00e9rant avec un coup anormal peut ne pas exclure que le joueur se d\u00e9gage<br>Dans certaines situations un joueur peut avoir \u00e0 adopter un swing, un stance ou une direction de jeu anormaux en jouant sa balle pour s\u2019adapter \u00e0 une situation donn\u00e9e. Si le coup anormal n\u2019est pas clairement d\u00e9raisonnable \u00e9tant donn\u00e9 les circonstances, le joueur est autoris\u00e9 \u00e0 se d\u00e9gager gratuitement selon la R\u00e8gle 16.1.<br>Par exemple, dans la zone g\u00e9n\u00e9rale, la balle d\u2019un joueur droitier est si proche d\u2019un \u00e9l\u00e9ment de limites sur le c\u00f4t\u00e9 gauche d\u2019un trou qu\u2019il doit faire un swing de gaucher pour jouer vers le trou. En faisant le swing de gaucher, le stance du joueur interf\u00e8re avec une obstruction inamovible.<br>Le joueur est autoris\u00e9 \u00e0 se d\u00e9gager de l\u2019obstruction inamovible d\u00e8s lors que l\u2019utilisation d\u2019un swing de gaucher n\u2019est pas clairement d\u00e9raisonnable dans la situation donn\u00e9e.<br>Apr\u00e8s que la proc\u00e9dure de d\u00e9gagement pour un swing de gaucher est termin\u00e9e, le joueur peut utiliser ensuite un swing normal de droitier pour son prochain coup.<br>Si l\u2019obstruction interf\u00e8re avec le swing de droitier, le joueur peut se d\u00e9gager pour le swing de droitier selon la R\u00e8gle 16.1b ou jouer la balle comme elle repose.<br><strong>16.1a(3)\/2<\/strong> \u2013 Un joueur ne peut pas utiliser un coup clairement d\u00e9raisonnable pour obtenir un d\u00e9gagement d\u2019une situation<br>Un joueur ne peut pas utiliser un coup clairement d\u00e9raisonnable pour obtenir un d\u00e9gagement d\u2019une condition anormale du parcours. Si le coup du joueur est clairement d\u00e9raisonnable \u00e9tant donn\u00e9 les circonstances, le d\u00e9gagement selon la R\u00e8gle 16.1 n\u2019est pas autoris\u00e9, et le joueur doit ou bien jouer la balle comme elle repose, ou alors se d\u00e9gager pour une balle injouable.<br>Par exemple, dans la zone g\u00e9n\u00e9rale, la balle d\u2019un joueur droitier est dans un mauvais lie. Une obstruction inamovible est proche de la balle. Elle ne cr\u00e9e pas d\u2019interf\u00e9rence pour un coup normal du joueur en droitier, mais il y a une interf\u00e9rence pour un coup en gaucher. Le joueur d\u00e9cide qu\u2019il va jouer le prochain coup en gaucher et croit que, comme l\u2019obstruction interf\u00e9rerait avec un tel coup, la R\u00e8gle 16.1 autorise le d\u00e9gagement.<br>Cependant, comme la seule raison du joueur d\u2019utiliser un coup en gaucher est d\u2019\u00e9chapper \u00e0 un mauvais lie en prenant un d\u00e9gagement, l\u2019utilisation d\u2019un coup en gaucher est clairement d\u00e9raisonnable et le joueur n\u2019est pas autoris\u00e9 \u00e0 se d\u00e9gager selon la R\u00e8gle 16.1b (R\u00e8gle 16.1a(3)).<br>Le m\u00eame principe serait appliqu\u00e9 pour l\u2019utilisation d\u2019un stance, d\u2019une direction de jeu ou le choix d\u2019un club clairement d\u00e9raisonnables.<br><strong>16.1a(3)\/3<\/strong> \u2013 Application de la R\u00e8gle 16.1a(3) quand la balle repose sous terre dans un trou d\u2019animal<br>La d\u00e9cision de refuser un d\u00e9gagement selon la R\u00e8gle 16.1a(3) pour une balle reposant sous terre dans un trou d\u2019animal, est fond\u00e9e sur le lie que la balle aurait eu \u00e0 l\u2019entr\u00e9e du trou par opposition \u00e0 la position de la balle sous terre dans le trou.<br>Par exemple, dans la zone g\u00e9n\u00e9rale, la balle d\u2019un joueur vient reposer sous terre dans un trou fait par un animal. Un grand buisson se trouve juste \u00e0 c\u00f4t\u00e9 et surplombe l\u2019entr\u00e9e du trou d\u2019animal.<br>La nature de la zone \u00e0 l\u2019entr\u00e9e du trou d\u2019animal est telle que, si le trou d\u2019animal n\u2019\u00e9tait pas l\u00e0, il serait clairement d\u00e9raisonnable pour le joueur de jouer un coup sur la balle (\u00e0 cause du buisson surplombant le trou). Dans une telle situation, le joueur n\u2019est pas autoris\u00e9 \u00e0 se d\u00e9gager selon la R\u00e8gle 16.1b. Le joueur doit jouer la balle comme elle repose ou proc\u00e9der selon la R\u00e8gle 19 (Balle injouable).<br>Si la balle repose dans un trou d\u2019animal mais n\u2019est pas sous terre, l\u2019endroit o\u00f9 se trouve la balle est utilis\u00e9 pour d\u00e9terminer s\u2019il est clairement d\u00e9raisonnable de jouer la balle et si la R\u00e8gle 16.1a(3) s\u2019applique. Si la R\u00e8gle 16.1a(3) ne s\u2019applique pas, le joueur est autoris\u00e9 \u00e0 se d\u00e9gager sans p\u00e9nalit\u00e9 selon la R\u00e8gle 16.1b. Le<br>m\u00eame principe serait appliqu\u00e9 \u00e0 une balle reposant sous terre dans une obstruction inamovible.<br><strong>16.1b\/1 <\/strong>\u2013 Proc\u00e9dure de d\u00e9gagement quand la balle repose sous terre dans une condition anormale du parcours<br>Quand une balle entre dans une condition anormale du parcours et vient reposer sous terre (et que la R\u00e8gle 16.1a(3) ne s\u2019applique pas), la proc\u00e9dure de d\u00e9gagement varie selon que la balle repose dans la zone g\u00e9n\u00e9rale (R\u00e8gle 16.1b), dans un bunker (R\u00e8gle 16.1c), dans une zone \u00e0 p\u00e9nalit\u00e9 (R\u00e8gle 17.1c) ou hors limites (R\u00e8gle 18.2b).<br>Exemples de situations o\u00f9 il s\u2019agit de savoir si le d\u00e9gagement est possible et comment il doit \u00eatre pris :<br>\u2022 Une balle entre dans un trou d\u2019animal par une entr\u00e9e situ\u00e9e dans un bunker de green et est retrouv\u00e9e au repos en dessous du green. Comme la balle n\u2019est pas dans le bunker ni sur le green, le d\u00e9gagement est pris selon la R\u00e8gle 16.1b pour une balle dans la zone g\u00e9n\u00e9rale. L\u2019endroit o\u00f9 la balle repose dans le trou d\u2019animal est utilis\u00e9 pour d\u00e9terminer le point le plus proche de d\u00e9gagement complet et la zone de d\u00e9gagement doit \u00eatre dans la zone g\u00e9n\u00e9rale.<br>\u2022 Une balle entre dans un trou d\u2019animal par une entr\u00e9e situ\u00e9e dans un endroit hors limites. Une partie du trou est \u00e0 l\u2019int\u00e9rieur des limites dans la zone g\u00e9n\u00e9rale. La balle est retrouv\u00e9e au repos \u00e0 l\u2019int\u00e9rieur des limites, sous terre et dans la zone g\u00e9n\u00e9rale. Le d\u00e9gagement est pris selon la R\u00e8gle 16.1b pour une<br>balle dans la zone g\u00e9n\u00e9rale. L\u2019endroit o\u00f9 la balle repose dans le trou d\u2019animal est utilis\u00e9 pour d\u00e9terminer le point le plus proche de d\u00e9gagement complet et la zone de d\u00e9gagement doit \u00eatre dans la zone g\u00e9n\u00e9rale.<br>\u2022 Une balle entre dans un trou d\u2019animal par une entr\u00e9e situ\u00e9e dans la zone g\u00e9n\u00e9rale mais seulement \u00e0 environ 30 centim\u00e8tres d\u2019une cl\u00f4ture de propri\u00e9t\u00e9. Le trou d\u2019animal descend en tr\u00e8s forte pente en dessous de la cl\u00f4ture, si bien que la balle est retrouv\u00e9e au repos au-del\u00e0 de la ligne de limites. Comme la balle repose hors limites, le joueur doit prendre un d\u00e9gagement coup et distance en ajoutant un coup de p\u00e9nalit\u00e9 et en jouant une balle de l\u2019endroit o\u00f9 le coup pr\u00e9c\u00e9dent avait \u00e9t\u00e9 jou\u00e9 (R\u00e8gle 18.2b).<br>\u2022 Une balle pourrait \u00eatre entr\u00e9e dans un trou d\u2019animal par une entr\u00e9e situ\u00e9e dans la zone g\u00e9n\u00e9rale mais il n\u2019est pas s\u00fbr ou quasiment certain que la balle qui n\u2019a pas \u00e9t\u00e9 retrouv\u00e9e soit dans la condition anormale du parcours. Dans cette situation, la balle est perdue et le joueur doit prendre un d\u00e9gagement coup et distance en ajoutant un coup de p\u00e9nalit\u00e9 et en jouant une balle de l\u2019endroit o\u00f9 le coup pr\u00e9c\u00e9dent avait \u00e9t\u00e9 jou\u00e9 (R\u00e8gle 18.2b).<br><strong>16.1c\/1<\/strong> \u2013 Un joueur prend un d\u00e9gagement maximum possible et d\u00e9cide ensuite de se d\u00e9gager en arri\u00e8re sur la ligne<br>Si un joueur prend un d\u00e9gagement maximum possible, et constate qu\u2019il a toujours une interf\u00e9rence avec la condition anormale du parcours, il peut prendre un nouveau d\u00e9gagement en utilisant la proc\u00e9dure en arri\u00e8re sur la ligne avec un coup de p\u00e9nalit\u00e9. Si le joueur d\u00e9cide de le faire, le point de r\u00e9f\u00e9rence pour le d\u00e9gagement en arri\u00e8re sur la ligne est l\u2019endroit o\u00f9 la balle est venue reposer apr\u00e8s avoir pris le<br>d\u00e9gagement maximum possible.<br><strong>16.1c\/2 <\/strong>\u2013 Apr\u00e8s avoir relev\u00e9 la balle un joueur peut changer d\u2019option de d\u00e9gagement avant de mettre une balle en jeu<br>Si un joueur rel\u00e8ve sa balle pour se d\u00e9gager selon la R\u00e8gle 16.1c, il n\u2019est pas tenu d\u2019appliquer l\u2019option de d\u00e9gagement initialement choisie selon la R\u00e8gle 16.1c tant que la balle d\u2019origine n\u2019a pas \u00e9t\u00e9 remise en jeu ou qu\u2019une autre balle n\u2019a pas \u00e9t\u00e9 substitu\u00e9e selon cette option.<br>Par exemple, un joueur d\u00e9cide de se d\u00e9gager d\u2019eau temporaire dans un bunker et rel\u00e8ve sa balle avec l\u2019intention de se d\u00e9gager gratuitement dans le bunker (R\u00e8gle 16.1c(1)). Le joueur r\u00e9alise ensuite que l\u2019endroit o\u00f9 la R\u00e8gle exige que la balle soit dropp\u00e9e dans le bunker impliquera un coup tr\u00e8s difficile.<br>Apr\u00e8s que la balle est relev\u00e9e, mais avant de mettre une balle en jeu, le joueur peut choisir n\u2019importe laquelle des deux options de la R\u00e8gle m\u00eame si son intention initiale \u00e9tait de se d\u00e9gager selon la R\u00e8gle 16.1c(1).<br><strong>R\u00e8gle 16.3 Clarifications : balle enfonc\u00e9e<\/strong><br><strong>16.3a(2)\/1<\/strong> \u2013 D\u00e9terminer si une balle est enfonc\u00e9e dans son propre impact<br>Il faut conclure de mani\u00e8re raisonnable que la balle est bien dans son propre impact pour que le joueur puisse se d\u00e9gager selon la R\u00e8gle 16.3b.<br>Par exemple il est raisonnable de conclure que la balle repose dans son propre impact quand le coup d\u2019approche d\u2019un joueur atterrit dans un terrain mou juste avant le green dans la zone g\u00e9n\u00e9rale. Le joueur voit la balle rebondir vers l\u2019avant et reculer ensuite. Quand le joueur arrive \u00e0 la balle, il constate qu\u2019elle est enfonc\u00e9e dans le seul impact de cette zone. Il est d\u00e8s lors raisonnable de conclure que<br>la balle est revenue en arri\u00e8re dans son propre impact, le joueur peut donc se d\u00e9gager selon la R\u00e8gle 16.3b.<br>Toutefois, si le coup de d\u00e9part d\u2019un joueur atterrit sur le fairway et que la balle rebondit derri\u00e8re une butte dans une position que le joueur ne peut voir depuis le d\u00e9part mais que cette balle est retrouv\u00e9e dans un impact de balle dans la zone, il n\u2019est d\u00e8s lors pas raisonnable de conclure que la balle est enfonc\u00e9e dans son propre impact et le joueur n\u2019est pas autoris\u00e9 \u00e0 se d\u00e9gager selon la R\u00e8gle 16.3b.<br><strong>16.3b\/1<\/strong> \u2013 Se d\u00e9gager pour une balle enfonc\u00e9e lorsque le point imm\u00e9diatement derri\u00e8re la balle n\u2019est pas dans la zone g\u00e9n\u00e9rale<br>Lorsqu\u2019un joueur est autoris\u00e9 \u00e0 se d\u00e9gager pour une balle enfonc\u00e9e dans la zone g\u00e9n\u00e9rale, il y a des situations dans lesquelles le point imm\u00e9diatement derri\u00e8re l\u2019endroit o\u00f9 la balle est enfonc\u00e9e n\u2019est pas dans la zone g\u00e9n\u00e9rale.<br>Lorsque cela se produit, la proc\u00e9dure de d\u00e9gagement exige du joueur de trouver le point le plus proche dans la zone g\u00e9n\u00e9rale qui n\u2019est pas plus proche du trou que le point imm\u00e9diatement derri\u00e8re l\u2019endroit o\u00f9 la balle est enfonc\u00e9e, et ce point devient le point de r\u00e9f\u00e9rence pour \u00e9tablir une zone de d\u00e9gagement selon la R\u00e8gle 16.3b.<br>Bien que ce point soit normalement tr\u00e8s proche de l\u2019endroit derri\u00e8re lequel la balle s\u2019est enfonc\u00e9e, il pourrait \u00eatre \u00e0 une certaine distance (par ex. lorsqu\u2019une balle s\u2019enfonce juste \u00e0 l\u2019ext\u00e9rieur d\u2019une zone \u00e0 p\u00e9nalit\u00e9 et, en fonction de la forme de la zone \u00e0 p\u00e9nalit\u00e9, le joueur aurait besoin d\u2019aller un peu \u00e0 droite ou \u00e0 gauche afin de trouver un endroit dans la zone g\u00e9n\u00e9rale qui n\u2019est pas plus pr\u00e8s du trou).<br>Cette proc\u00e9dure s\u2019applique \u00e9galement lorsqu\u2019une balle est dans les limites mais s\u2019enfonce juste \u00e0 c\u00f4t\u00e9 du hors limites ou lorsqu\u2019elle s\u2019enfonce dans le mur ou la face juste au-dessus d\u2019un bunker. (Nouvelle)<\/p>\n","protected":false},"excerpt":{"rendered":"<p>R\u00e8gle 16.1 Clarifications : conditions anormales du parcours (y compris les obstructions inamovibles)16.1\/1 \u2013 Un d\u00e9gagement d\u2019une condition anormale du parcours peut avoir pour cons\u00e9quence des conditions meilleures ou piresSi un joueur obtient de meilleures conditions affectant le coup en se d\u00e9gageant selon la R\u00e8gle 16.1, c\u2019est de la chance [&hellip;]<\/p>\n","protected":false},"author":8,"featured_media":9462,"parent":0,"menu_order":0,"comment_status":"closed","ping_status":"closed","template":"","meta":{"footnotes":""},"class_list":["post-10049","page","type-page","status-publish","has-post-thumbnail","hentry"],"_links":{"self":[{"href":"https:\/\/asgolfdepessac.com\/index.php\/wp-json\/wp\/v2\/pages\/10049","targetHints":{"allow":["GET"]}}],"collection":[{"href":"https:\/\/asgolfdepessac.com\/index.php\/wp-json\/wp\/v2\/pages"}],"about":[{"href":"https:\/\/asgolfdepessac.com\/index.php\/wp-json\/wp\/v2\/types\/page"}],"author":[{"embeddable":true,"href":"https:\/\/asgolfdepessac.com\/index.php\/wp-json\/wp\/v2\/users\/8"}],"replies":[{"embeddable":true,"href":"https:\/\/asgolfdepessac.com\/index.php\/wp-json\/wp\/v2\/comments?post=10049"}],"version-history":[{"count":0,"href":"https:\/\/asgolfdepessac.com\/index.php\/wp-json\/wp\/v2\/pages\/10049\/revisions"}],"wp:featuredmedia":[{"embeddable":true,"href":"https:\/\/asgolfdepessac.com\/index.php\/wp-json\/wp\/v2\/media\/9462"}],"wp:attachment":[{"href":"https:\/\/asgolfdepessac.com\/index.php\/wp-json\/wp\/v2\/media?parent=10049"}],"curies":[{"name":"wp","href":"https:\/\/api.w.org\/{rel}","templated":true}]}}