{"id":10053,"date":"2025-02-24T05:50:44","date_gmt":"2025-02-24T04:50:44","guid":{"rendered":"https:\/\/asgolfdepessac.com\/?page_id=10053"},"modified":"2025-03-07T05:26:09","modified_gmt":"2025-03-07T04:26:09","slug":"clarification-de-la-regle-17","status":"publish","type":"page","link":"https:\/\/asgolfdepessac.com\/index.php\/clarification-de-la-regle-17\/","title":{"rendered":"Clarification de la r\u00e8gle 17"},"content":{"rendered":"\n<p class=\"has-black-color has-background-color-background-color has-text-color has-background\"><strong>R\u00e8gle 17.1 Clarifications : options pour une balle dans une zone \u00e0 p\u00e9nalit\u00e9<\/strong><br><strong>17.1a\/1<\/strong> \u2013 Balle perdue soit dans une zone \u00e0 p\u00e9nalit\u00e9, soit dans une condition anormale du parcours adjacente \u00e0 la zone \u00e0 p\u00e9nalit\u00e9<br>Si la balle d\u2019un joueur n\u2019est pas retrouv\u00e9e dans une zone o\u00f9 il y a une zone \u00e0 p\u00e9nalit\u00e9 et une condition anormale du parcours adjacente, le joueur doit faire preuve d\u2019un jugement raisonnable (R\u00e8gle 1.3b(2)) pour d\u00e9terminer l\u2019emplacement de la balle. Si, apr\u00e8s l\u2019application d\u2019un jugement raisonnable, on est s\u00fbr ou quasiment certain que la balle est venue reposer dans l\u2019une de ces zones mais avec la m\u00eame<br>probabilit\u00e9 qu\u2019elle soit dans l\u2019une ou dans l\u2019autre, le joueur doit se d\u00e9gager selon la R\u00e8gle 17.<br>17.1d(3)\/1 \u2013 Un joueur peut mesurer \u00e0 travers une zone \u00e0 p\u00e9nalit\u00e9 en se d\u00e9gageant lat\u00e9ralement<br>En se d\u00e9gageant lat\u00e9ralement depuis l\u2019endroit o\u00f9 la balle a franchi en dernier la lisi\u00e8re d\u2019une \u00e9troite zone \u00e0 p\u00e9nalit\u00e9 rouge, il est possible pour le joueur de mesurer les deux longueurs de club depuis le point de r\u00e9f\u00e9rence \u00e0 travers la zone \u00e0 p\u00e9nalit\u00e9 pour d\u00e9terminer la dimension de la zone de d\u00e9gagement. Toutefois,<br>aucune partie de la zone \u00e0 p\u00e9nalit\u00e9 \u00e0 l\u2019int\u00e9rieur des deux longueurs de club mesur\u00e9es depuis le point de r\u00e9f\u00e9rence ne fait partie de la zone de d\u00e9gagement.<br><strong>17.1d(3)\/2<\/strong> \u2013 Un joueur droppe une balle sur la base d\u2019une estimation du point o\u00f9 la balle a franchi en dernier la lisi\u00e8re de la zone \u00e0 p\u00e9nalit\u00e9, point qui s\u2019av\u00e8re \u00eatre inexact<br>Si le point o\u00f9 la balle a franchi en dernier la lisi\u00e8re d\u2019une zone \u00e0 p\u00e9nalit\u00e9 n\u2019est pas connu, un joueur doit faire preuve d\u2019un jugement raisonnable pour d\u00e9terminer le point de r\u00e9f\u00e9rence.<br>Selon la R\u00e8gle 1.3b(2), le jugement raisonnable d\u2019un joueur sera accept\u00e9 m\u00eame si le point de r\u00e9f\u00e9rence s\u2019av\u00e8re \u00eatre inexact. Toutefois, il y a des situations o\u00f9, avant que le joueur ne joue un coup, il s\u2019av\u00e8re que le point de r\u00e9f\u00e9rence est inexact et o\u00f9 cette erreur doit \u00eatre corrig\u00e9e.<br>Par exemple, en stroke play, il est s\u00fbr ou quasiment certain que la balle d\u2019un joueur est dans une zone \u00e0 p\u00e9nalit\u00e9 rouge. Le joueur ayant consult\u00e9 les autres joueurs du groupe, estime le point o\u00f9 la balle a franchi en dernier la lisi\u00e8re de la zone \u00e0 p\u00e9nalit\u00e9. Le joueur se d\u00e9gage lat\u00e9ralement et droppe une balle dans la<br>zone de d\u00e9gagement bas\u00e9e sur ce point de r\u00e9f\u00e9rence.<br>Mais avant qu\u2019il ne joue un coup sur la balle dropp\u00e9e, un des joueurs du groupe trouve la balle d\u2019origine du joueur dans la zone \u00e0 p\u00e9nalit\u00e9 \u00e0 un emplacement prouvant que la balle avait franchi en dernier la lisi\u00e8re de la zone \u00e0 p\u00e9nalit\u00e9 environ 20 m\u00e8tres plus pr\u00e8s du trou que le point de r\u00e9f\u00e9rence estim\u00e9 par le joueur.<br>Comme cette information est connue avant que le joueur ne joue un coup sur la balle dropp\u00e9e, le joueur doit corriger l\u2019erreur selon la R\u00e8gle 14.5 (Corriger une erreur commise en substituant, repla\u00e7ant, droppant ou pla\u00e7ant une balle). Ce faisant, le joueur doit proc\u00e9der selon la R\u00e8gle 17.1d ou la R\u00e8gle 17.2a en respectant le point de r\u00e9f\u00e9rence correct et il peut utiliser n\u2019importe laquelle des options de<br>d\u00e9gagement selon la R\u00e8gle applicable (voir R\u00e8gle 14.5b(2)).<br><strong>R\u00e8gle 17.2 Clarifications : options apr\u00e8s avoir jou\u00e9 une balle depuis une zone \u00e0 p\u00e9nalit\u00e9<\/strong><br><strong>17.2b\/1<\/strong> \u2013 Exemples d\u2019options de d\u00e9gagement autoris\u00e9es par la R\u00e8gle 17.2b<br>Dans la Figure, un joueur joue de la zone de d\u00e9part et la balle vient reposer dans une zone \u00e0 p\u00e9nalit\u00e9 rouge au Point A. Le joueur d\u00e9cide de jouer depuis la zone \u00e0 p\u00e9nalit\u00e9 et envoie sa balle au Point B, qui est hors limites.<br>Le joueur peut prendre un d\u00e9gagement coup et distance selon la R\u00e8gle 18.2b en utilisant le Point A comme point de r\u00e9f\u00e9rence pour la zone de d\u00e9gagement et il jouera 4.<br>Si le joueur prend un d\u00e9gagement coup et distance en droppant une balle \u00e0 nouveau dans la zone \u00e0 p\u00e9nalit\u00e9 et d\u00e9cide ensuite de ne pas jouer la balle dropp\u00e9e depuis l\u2019endroit o\u00f9 elle repose :<br>\u2022 Le joueur peut se d\u00e9gager en arri\u00e8re sur la ligne en dehors de la zone \u00e0 p\u00e9nalit\u00e9 n\u2019importe o\u00f9 sur la ligne en pointill\u00e9 X-Y selon la R\u00e8gle 17.1d(2), se d\u00e9gager lat\u00e9ralement en utilisant le Point X comme point de r\u00e9f\u00e9rence selon la R\u00e8gle 17.1d(3) ou jouer une autre balle d\u2019o\u00f9 le dernier coup avait \u00e9t\u00e9 jou\u00e9 en dehors<br>de la zone \u00e0 p\u00e9nalit\u00e9 (dans ce cas la zone de d\u00e9part) selon la R\u00e8gle 17.2a(2).<br>\u2022 Si le joueur prend n\u2019importe laquelle de ces trois options, il encourt un coup<br>de p\u00e9nalit\u00e9 suppl\u00e9mentaire, soit un total de deux coups de p\u00e9nalit\u00e9 : un coup our le d\u00e9gagement coup et distance plus un coup pour avoir pris un d\u00e9gagement en arri\u00e8re sur la ligne, un d\u00e9gagement lat\u00e9ral ou pour avoir jou\u00e9 une autre balle d\u2019o\u00f9 le dernier coup avait \u00e9t\u00e9 jou\u00e9 en dehors de la zone \u00e0 p\u00e9nalit\u00e9<br>(dans ce cas la zone de d\u00e9part). Ainsi, le joueur jouera 5 selon n\u2019importe laquelle de ces options.<br>Le joueur a aussi l\u2019option de se d\u00e9gager en dehors de la zone \u00e0 p\u00e9nalit\u00e9 sans dropper d\u2019abord une balle dans la zone \u00e0 p\u00e9nalit\u00e9, mais il encourra toujours un total de deux coups de p\u00e9nalit\u00e9 pour le faire.<\/p>\n","protected":false},"excerpt":{"rendered":"<p>R\u00e8gle 17.1 Clarifications : options pour une balle dans une zone \u00e0 p\u00e9nalit\u00e917.1a\/1 \u2013 Balle perdue soit dans une zone \u00e0 p\u00e9nalit\u00e9, soit dans une condition anormale du parcours adjacente \u00e0 la zone \u00e0 p\u00e9nalit\u00e9Si la balle d\u2019un joueur n\u2019est pas retrouv\u00e9e dans une zone o\u00f9 il y a une [&hellip;]<\/p>\n","protected":false},"author":8,"featured_media":9462,"parent":0,"menu_order":0,"comment_status":"closed","ping_status":"closed","template":"","meta":{"footnotes":""},"class_list":["post-10053","page","type-page","status-publish","has-post-thumbnail","hentry"],"_links":{"self":[{"href":"https:\/\/asgolfdepessac.com\/index.php\/wp-json\/wp\/v2\/pages\/10053","targetHints":{"allow":["GET"]}}],"collection":[{"href":"https:\/\/asgolfdepessac.com\/index.php\/wp-json\/wp\/v2\/pages"}],"about":[{"href":"https:\/\/asgolfdepessac.com\/index.php\/wp-json\/wp\/v2\/types\/page"}],"author":[{"embeddable":true,"href":"https:\/\/asgolfdepessac.com\/index.php\/wp-json\/wp\/v2\/users\/8"}],"replies":[{"embeddable":true,"href":"https:\/\/asgolfdepessac.com\/index.php\/wp-json\/wp\/v2\/comments?post=10053"}],"version-history":[{"count":0,"href":"https:\/\/asgolfdepessac.com\/index.php\/wp-json\/wp\/v2\/pages\/10053\/revisions"}],"wp:featuredmedia":[{"embeddable":true,"href":"https:\/\/asgolfdepessac.com\/index.php\/wp-json\/wp\/v2\/media\/9462"}],"wp:attachment":[{"href":"https:\/\/asgolfdepessac.com\/index.php\/wp-json\/wp\/v2\/media?parent=10053"}],"curies":[{"name":"wp","href":"https:\/\/api.w.org\/{rel}","templated":true}]}}