{"id":10075,"date":"2025-02-25T17:37:12","date_gmt":"2025-02-25T16:37:12","guid":{"rendered":"https:\/\/asgolfdepessac.com\/?page_id=10075"},"modified":"2025-08-04T07:06:03","modified_gmt":"2025-08-04T05:06:03","slug":"sommaire-par-n-de-regles-detaillees","status":"publish","type":"page","link":"https:\/\/asgolfdepessac.com\/index.php\/sommaire-par-n-de-regles-detaillees\/","title":{"rendered":"SOMMAIRE par n\u00b0 de r\u00e8gles d\u00e9taill\u00e9es"},"content":{"rendered":"","protected":true},"excerpt":{"rendered":"","protected":true},"author":8,"featured_media":9462,"parent":0,"menu_order":0,"comment_status":"closed","ping_status":"closed","template":"","meta":{"footnotes":""},"class_list":["post-10075","page","type-page","status-publish","post-password-required","hentry"],"_links":{"self":[{"href":"https:\/\/asgolfdepessac.com\/index.php\/wp-json\/wp\/v2\/pages\/10075","targetHints":{"allow":["GET"]}}],"collection":[{"href":"https:\/\/asgolfdepessac.com\/index.php\/wp-json\/wp\/v2\/pages"}],"about":[{"href":"https:\/\/asgolfdepessac.com\/index.php\/wp-json\/wp\/v2\/types\/page"}],"author":[{"embeddable":true,"href":"https:\/\/asgolfdepessac.com\/index.php\/wp-json\/wp\/v2\/users\/8"}],"replies":[{"embeddable":true,"href":"https:\/\/asgolfdepessac.com\/index.php\/wp-json\/wp\/v2\/comments?post=10075"}],"version-history":[{"count":0,"href":"https:\/\/asgolfdepessac.com\/index.php\/wp-json\/wp\/v2\/pages\/10075\/revisions"}],"wp:featuredmedia":[{"embeddable":true,"href":"https:\/\/asgolfdepessac.com\/index.php\/wp-json\/wp\/v2\/media\/9462"}],"wp:attachment":[{"href":"https:\/\/asgolfdepessac.com\/index.php\/wp-json\/wp\/v2\/media?parent=10075"}],"curies":[{"name":"wp","href":"https:\/\/api.w.org\/{rel}","templated":true}]}}