{"id":10146,"date":"2025-02-28T16:47:30","date_gmt":"2025-02-28T15:47:30","guid":{"rendered":"https:\/\/asgolfdepessac.com\/?page_id=10146"},"modified":"2025-03-22T05:24:17","modified_gmt":"2025-03-22T04:24:17","slug":"regle-n18-degagement-coup-et-distance-balle-perdue-ou-hors-limite-balle-provisoire","status":"publish","type":"page","link":"https:\/\/asgolfdepessac.com\/index.php\/regle-n18-degagement-coup-et-distance-balle-perdue-ou-hors-limite-balle-provisoire\/","title":{"rendered":"R\u00e8gle n\u00b018 &#8211; D\u00e9gagement coup et distance; balle perdue ou hors limite; balle provisoire"},"content":{"rendered":"\n<p class=\"has-text-align-center has-black-color has-background-color-background-color has-text-color has-background has-link-color has-medium-font-size wp-elements-4166654017ff413dfa6419bd2f9d2bc2\"><strong><a href=\"https:\/\/asgolfdepessac.com\/index.php\/clarification-de-la-regle-18\/\">Clarifications<\/a><\/strong><\/p>\n\n\n\n<p class=\"has-black-color has-background-color-background-color has-text-color has-background\"><strong>Objet de la R\u00e8gle<\/strong> :<br>La R\u00e8gle 18 traite du d\u00e9gagement avec p\u00e9nalit\u00e9 coup et distance. Quand une balle est perdue \u00e0 l\u2019ext\u00e9rieur d\u2019une zone \u00e0 p\u00e9nalit\u00e9 ou repose hors limites, l\u2019exigence de jouer depuis la zone de d\u00e9part jusqu\u2019\u00e0 ce que la balle soit entr\u00e9e ne peut plus \u00eatre satisfaite ; pour poursuivre le jeu, le joueur doit jouer \u00e0 nouveau d\u2019o\u00f9 le coup pr\u00e9c\u00e9dent a \u00e9t\u00e9 jou\u00e9.<br>Cette R\u00e8gle traite \u00e9galement de comment et quand une balle provisoire peut \u00eatre jou\u00e9e pour gagner du temps lorsque la balle en jeu risque d\u2019\u00eatre hors limites ou d\u2019\u00eatre perdue \u00e0 l\u2019ext\u00e9rieur d\u2019une zone \u00e0 p\u00e9nalit\u00e9.<br><strong>18.1 D\u00e9gagement selon la p\u00e9nalit\u00e9 coup et distance autoris\u00e9 \u00e0 tout moment<\/strong><br>\u00c0 tout moment, un joueur peut prendre un d\u00e9gagement coup et distance en ajoutant un coup de p\u00e9nalit\u00e9 et en jouant la balle d\u2019origine, ou une autre balle, d\u2019o\u00f9 le coup pr\u00e9c\u00e9dent a \u00e9t\u00e9 jou\u00e9 (voir R\u00e8gle 14.6).<br>Le joueur dispose toujours de cette option de d\u00e9gagement coup et distance :<br>\u2022 Peu importe o\u00f9 la balle du joueur se trouve sur le parcours, et<br>\u2022 M\u00eame lorsqu\u2019une R\u00e8gle exige que le joueur se d\u00e9gage d\u2019une certaine fa\u00e7on ou qu\u2019il joue une balle d\u2019un certain endroit.<br>Une fois que le joueur met une autre balle en jeu selon la p\u00e9nalit\u00e9 coup et distance (voir R\u00e8gle 14.4) :<br>\u2022 La balle d\u2019origine n\u2019est plus en jeu et ne doit plus \u00eatre jou\u00e9e.<br>\u2022 Cela est vrai, m\u00eame si la balle d\u2019origine est ensuite retrouv\u00e9e sur le parcours avant la fin du temps de recherche de trois minutes (voir R\u00e8gle 6.3b).<br>Mais cela ne s\u2019applique pas \u00e0 une balle \u00e0 jouer d\u2019o\u00f9 le coup pr\u00e9c\u00e9dent a \u00e9t\u00e9 jou\u00e9 lorsque le joueur :<br>\u2022 Annonce qu\u2019il joue une balle provisoire (voir R\u00e8gle 18.3b), ou<br>\u2022 Joue une seconde balle en stroke play selon la R\u00e8gle 14.7b ou 20.1c(3).<\/p>\n\n\n\n<p class=\"has-black-color has-background-color-background-color has-text-color has-background\"><strong>18.2 Balle perdue ou hors limites : d\u00e9gagement coup et distance obligatoire<\/strong><br><strong>18.2a Balle perdue ou hors limites<\/strong><br><strong>(1)<\/strong> Balle perdue. Une balle est perdue si elle n\u2019est pas retrouv\u00e9e dans les trois minutes apr\u00e8s que le joueur ou son cadet ont commenc\u00e9 \u00e0 la chercher.<br>Si une balle est trouv\u00e9e dans ce d\u00e9lai, mais qu\u2019il n\u2019est pas certain que ce soit la balle du joueur :<br>\u2022 Le joueur doit rapidement essayer d\u2019identifier la balle (voir R\u00e8gle 7.2) et dispose d\u2019un temps raisonnable pour le faire, m\u00eame si cela se produit apr\u00e8s la fin du temps de recherche de trois minutes.<br>\u2022 Cela inclut un temps raisonnable pour aller \u00e0 la balle si le joueur n\u2019est pas l\u00e0 o\u00f9 la balle est trouv\u00e9e.<br>Si le joueur n\u2019identifie pas sa balle dans ce d\u00e9lai raisonnable, la balle est perdue.<br><strong>(2)<\/strong> Balle hors limites. Une balle au repos est hors limites uniquement quand elle est tout enti\u00e8re \u00e0 l\u2019ext\u00e9rieur de la lisi\u00e8re du parcours.<br>Une balle est dans les limites lorsqu\u2019une partie quelconque de la balle :<br>\u2022 Repose sur ou touche le sol ou n\u2019importe quoi d\u2019autre (par ex. un \u00e9l\u00e9ment naturel ou artificiel) \u00e0 l\u2019int\u00e9rieur de la lisi\u00e8re du parcours, ou<br>\u2022 Surplombe la lisi\u00e8re ou toute autre partie du parcours.<br>Un joueur peut se tenir hors limites pour jouer une balle sur le parcours.<br><strong>18.2b Proc\u00e9dure quand une balle est perdue ou hors limites<\/strong><br>Si une balle est perdue ou hors limites, le joueur doit prendre un d\u00e9gagement coup et distance en ajoutant un coup de p\u00e9nalit\u00e9 et en jouant la balle d\u2019origine, ou une autre balle, d\u2019o\u00f9 le coup pr\u00e9c\u00e9dent a \u00e9t\u00e9 jou\u00e9 (voir R\u00e8gle 14.6).<br><strong>Exception<\/strong> \u2013 Le joueur peut substituer une autre balle selon une autre R\u00e8gle quand on est s\u00fbr ou quasiment certain de ce qui est survenu \u00e0 la balle : au lieu de prendre un d\u00e9gagement coup et distance, le joueur peut substituer une autre balle comme autoris\u00e9 selon la R\u00e8gle qui s\u2019applique lorsque sa balle n\u2019a<br>pas \u00e9t\u00e9 retrouv\u00e9e, et que l\u2019on est s\u00fbr ou quasiment certain que la balle :<br>\u2022 Reposait sur le parcours et qu\u2019elle a \u00e9t\u00e9 d\u00e9plac\u00e9e par une influence ext\u00e9rieure (voir R\u00e8gle 9.6), ou qu\u2019elle a \u00e9t\u00e9 jou\u00e9e en tant que mauvaise balle par un autre joueur (voir R\u00e8gle 6.3c(2)),<br>\u2022 Repose sur le parcours dans ou sur une obstruction amovible (voir R\u00e8gle 15.2b) ou une condition anormale du parcours (voir R\u00e8gle 16.1e),<br>\u2022 Est dans une zone \u00e0 p\u00e9nalit\u00e9 (voir R\u00e8gle 17.1c), ou<br>\u2022 A \u00e9t\u00e9 d\u00e9lib\u00e9r\u00e9ment d\u00e9vi\u00e9e ou arr\u00eat\u00e9e par une quelconque personne (voir R\u00e8gle 11.2c).<br><strong><em>P\u00e9nalit\u00e9 pour avoir jou\u00e9 une balle d\u2019un mauvais endroit en infraction avec la R\u00e8gle 18.2 : p\u00e9nalit\u00e9 g\u00e9n\u00e9rale selon la R\u00e8gle 14.7a.<\/em><\/strong><\/p>\n\n\n\n<p class=\"has-black-color has-background-color-background-color has-text-color has-background\"><strong>18.3 Balle provisoire<\/strong><br><strong>18.3a Autorisation de jouer une balle provisoire<\/strong><br>Si une balle risque d\u2019\u00eatre perdue en dehors d\u2019une zone \u00e0 p\u00e9nalit\u00e9 ou risque d\u2019\u00eatre hors limites, pour gagner du temps le joueur peut jouer une autre balle \u00e0 titre provisoire selon la p\u00e9nalit\u00e9 coup et distance (voir R\u00e8gle 14.6). Cela inclut les cas o\u00f9 :<br>\u2022 La balle d\u2019origine n\u2019a pas \u00e9t\u00e9 retrouv\u00e9e et identifi\u00e9e et n\u2019est pas encore perdue,<br>Une balle pourrait \u00eatre perdue dans une zone \u00e0 p\u00e9nalit\u00e9, mais pourrait \u00e9galement \u00eatre perdue ailleurs sur le parcours, ou<br>\u2022 Une balle pourrait \u00eatre perdue dans une zone \u00e0 p\u00e9nalit\u00e9 mais pourrait \u00e9galement \u00eatre hors limites.<br>Si un joueur joue un coup de l\u2019endroit o\u00f9 il a jou\u00e9 le coup pr\u00e9c\u00e9dent avec l\u2019intention de jouer une balle provisoire, mais qu\u2019une balle provisoire n\u2019\u00e9tait pas autoris\u00e9e, la balle jou\u00e9e est la balle en jeu du joueur selon la p\u00e9nalit\u00e9 coup et distance (voir R\u00e8gle 18.1).<br>Si une balle provisoire risque elle-m\u00eame d\u2019\u00eatre perdue \u00e0 l\u2019ext\u00e9rieur d\u2019une zone \u00e0 p\u00e9nalit\u00e9 ou d\u2019\u00eatre hors limites :<br>\u2022 Le joueur peut jouer une autre balle provisoire.<br>\u2022 Cette balle provisoire a alors le m\u00eame rapport avec la premi\u00e8re balle provisoire que la premi\u00e8re balle provisoire avec la balle d\u2019origine.<br><strong>18.3b Annoncer le jeu d\u2019une balle provisoire<\/strong><br>Avant de jouer le coup, le joueur doit annoncer \u00e0 quelqu\u2019un qu\u2019il va jouer une balle provisoire :<br>\u2022 Il ne suffit pas que le joueur dise seulement qu\u2019il joue une autre balle ou qu\u2019il joue \u00e0 nouveau.<br>\u2022 Le joueur doit utiliser le mot \u00ab provisoire \u00bb ou bien indiquer clairement qu\u2019il joue la balle provisoirement selon la R\u00e8gle 18.3.<br>Si le joueur ne l\u2019annonce pas \u00e0 quelqu\u2019un (m\u00eame s\u2019il avait l\u2019intention de jouer une balle provisoire) et joue une balle d\u2019o\u00f9 le coup pr\u00e9c\u00e9dent a \u00e9t\u00e9 jou\u00e9, cette balle est la balle en jeu du joueur avec la p\u00e9nalit\u00e9 coup et distance (voir R\u00e8gle 18.1).<br>Mais s\u2019il n\u2019y a personne \u00e0 proximit\u00e9 pour entendre l\u2019annonce du joueur, le joueur peut jouer la balle provisoire et ensuite informer quelqu\u2019un de son action d\u00e8s que possible.<br><strong>18.3c Jouer une balle provisoire jusqu\u2019\u00e0 ce qu\u2019elle devienne la balle en jeu ou qu\u2019elle soit abandonn\u00e9e<\/strong><br><strong>(1)<\/strong> Jouer une balle provisoire plus d\u2019une fois. Le joueur peut continuer \u00e0 jouer la balle provisoire sans qu\u2019elle perde son statut de balle provisoire tant qu\u2019elle est jou\u00e9e d\u2019un endroit situ\u00e9 \u00e0 la m\u00eame distance ou plus loin du trou que celui o\u00f9 la balle d\u2019origine est estim\u00e9e \u00eatre.<br>Cela est vrai m\u00eame si la balle provisoire est jou\u00e9e plusieurs fois.<br>Mais elle cesse d\u2019\u00eatre une balle provisoire lorsqu\u2019elle devient la balle en jeu selon (2) ou est abandonn\u00e9e selon (3) et devient par cons\u00e9quent une mauvaise balle.<br><strong>(2)<\/strong> Moment o\u00f9 une balle provisoire devient la balle en jeu. La balle provisoire devient la balle en jeu du joueur avec la p\u00e9nalit\u00e9 coup et distance dans l\u2019un ou l\u2019autre des deux cas suivants :<br>\u2022 Lorsque la balle d\u2019origine est perdue sur le parcours n\u2019importe o\u00f9 ailleurs que dans une zone \u00e0 p\u00e9nalit\u00e9, ou est hors limites. La balle d\u2019origine n\u2019est plus en jeu (m\u00eame si elle est ensuite retrouv\u00e9e sur le parcours<br>apr\u00e8s la fin du temps de recherche de trois minutes) et est maintenant une mauvaise balle qui ne doit pas \u00eatre jou\u00e9e (voir R\u00e8gle 6.3c).<br>\u2022 Lorsque la balle provisoire est jou\u00e9e d\u2019un endroit plus pr\u00e8s du trou que celui o\u00f9 la balle d\u2019origine est estim\u00e9e \u00eatre. La balle d\u2019origine n\u2019est plus en jeu (m\u00eame si elle est ensuite retrouv\u00e9e sur le parcours avant la fin du temps de recherche de trois minutes, ou si elle est retrouv\u00e9e plus pr\u00e8s du trou que l\u2019endroit o\u00f9 elle \u00e9tait estim\u00e9e \u00eatre) et est maintenant une mauvaise balle qui ne doit pas \u00eatre jou\u00e9e (voir R\u00e8gle 6.3c).<br>Si le joueur joue une balle provisoire et l\u2019envoie dans le m\u00eame secteur que la balle d\u2019origine et qu\u2019il est incapable de d\u00e9terminer quelle est la balle d\u2019origine et quelle est la balle provisoire :<br>\u2022 Si une seule balle est retrouv\u00e9e sur le parcours, cette balle est consid\u00e9r\u00e9e comme \u00e9tant la balle provisoire qui est maintenant en jeu.<br>\u2022 Si les deux balles sont retrouv\u00e9es sur le parcours, le joueur doit choisir l\u2019une des balles et la consid\u00e9rer comme \u00e9tant la balle provisoire qui est maintenant en jeu, et l\u2019autre balle est consid\u00e9r\u00e9e comme la balle d\u2019origine qui n\u2019est plus en jeu et ne doit plus \u00eatre jou\u00e9e.<br><strong>Exception<\/strong> \u2013 Le joueur peut substituer une autre balle selon une autre R\u00e8gle quand on est s\u00fbr ou quasiment certain de ce qui est survenu \u00e0 la balle : le joueur dispose d\u2019une option suppl\u00e9mentaire lorsque sa balle n\u2019a pas \u00e9t\u00e9 retrouv\u00e9e, mais que l\u2019on est s\u00fbr ou quasiment certain que la balle :<br>\u2022 Reposait sur le parcours et qu\u2019elle a \u00e9t\u00e9 d\u00e9plac\u00e9e par une influence ext\u00e9rieure (voir R\u00e8gle 9.6),<br>\u2022 Repose sur le parcours dans ou sur une obstruction amovible (voir R\u00e8gle 15.2b) ou une condition anormale du parcours (voir R\u00e8gle 16.1e), ou<br>\u2022 A \u00e9t\u00e9 d\u00e9lib\u00e9r\u00e9ment d\u00e9vi\u00e9e ou arr\u00eat\u00e9e par une quelconque personne (voir R\u00e8gle 11.2c).<br>Lorsque l\u2019une de ces R\u00e8gles s\u2019applique, le joueur peut au choix :<br>\u2022 Substituer une autre balle comme autoris\u00e9 selon cette R\u00e8gle, ou<br>\u2022 Consid\u00e9rer la balle provisoire comme \u00e9tant la balle en jeu avec la p\u00e9nalit\u00e9 coup et distance.<br><strong>(3)<\/strong> Moment o\u00f9 une balle provisoire doit \u00eatre abandonn\u00e9e. Lorsqu\u2019une balle provisoire n\u2019est pas encore devenue la balle en jeu, elle doit \u00eatre abandonn\u00e9e dans l\u2019un ou l\u2019autre des deux cas suivants :<br>\u2022 Lorsque la balle d\u2019origine est retrouv\u00e9e sur le parcours \u00e0 l\u2019ext\u00e9rieur d\u2019une zone \u00e0 p\u00e9nalit\u00e9 avant la fin du temps de recherche de trois minutes. Le joueur doit jouer la balle d\u2019origine comme elle repose.<br>\u2022 Lorsque la balle d\u2019origine est retrouv\u00e9e dans une zone \u00e0 p\u00e9nalit\u00e9 ou que l\u2019on est s\u00fbr ou quasiment certain qu\u2019elle est dans une zone \u00e0 p\u00e9nalit\u00e9.<br>Le joueur doit ou bien jouer la balle d\u2019origine comme elle repose, ou alors se d\u00e9gager avec p\u00e9nalit\u00e9 selon la R\u00e8gle 17.1d.<br>Dans chacun des deux cas :<br>\u2022 Le joueur ne doit plus jouer de coups suppl\u00e9mentaires sur la balle provisoire qui est maintenant une mauvaise balle (voir R\u00e8gle 6.3c), et<br>\u2022 Tous les coups avec cette balle provisoire avant qu\u2019elle ne soit abandonn\u00e9e (\u00e0 savoir les coups jou\u00e9s et tous les coups de p\u00e9nalit\u00e9 encourus uniquement en jouant cette balle) ne comptent pas.<br>Un joueur peut demander aux autres de ne pas chercher sa balle d\u2019origine<br>lorsque le joueur pr\u00e9f\u00e8re continuer le jeu avec la balle provisoire, mais il n\u2019y a pas d\u2019obligation pour eux de se conformer \u00e0 cette demande.<br>Si la balle provisoire n\u2019est pas devenue la balle en jeu et qu\u2019une balle, qui pourrait \u00eatre la balle d\u2019origine, est trouv\u00e9e, le joueur doit faire tous les efforts raisonnables pour identifier cette balle. Si le joueur ne le fait pas, le Comit\u00e9 peut disqualifier le joueur selon la R\u00e8gle 1.2a s\u2019il consid\u00e8re qu\u2019il s\u2019agissait d\u2019une grave faute de comportement contraire \u00e0 l\u2019esprit du jeu.<\/p>\n","protected":false},"excerpt":{"rendered":"<p>Clarifications Objet de la R\u00e8gle :La R\u00e8gle 18 traite du d\u00e9gagement avec p\u00e9nalit\u00e9 coup et distance. Quand une balle est perdue \u00e0 l\u2019ext\u00e9rieur d\u2019une zone \u00e0 p\u00e9nalit\u00e9 ou repose hors limites, l\u2019exigence de jouer depuis la zone de d\u00e9part jusqu\u2019\u00e0 ce que la balle soit entr\u00e9e ne peut plus \u00eatre [&hellip;]<\/p>\n","protected":false},"author":8,"featured_media":9462,"parent":0,"menu_order":0,"comment_status":"closed","ping_status":"closed","template":"","meta":{"footnotes":""},"class_list":["post-10146","page","type-page","status-publish","has-post-thumbnail","hentry"],"_links":{"self":[{"href":"https:\/\/asgolfdepessac.com\/index.php\/wp-json\/wp\/v2\/pages\/10146","targetHints":{"allow":["GET"]}}],"collection":[{"href":"https:\/\/asgolfdepessac.com\/index.php\/wp-json\/wp\/v2\/pages"}],"about":[{"href":"https:\/\/asgolfdepessac.com\/index.php\/wp-json\/wp\/v2\/types\/page"}],"author":[{"embeddable":true,"href":"https:\/\/asgolfdepessac.com\/index.php\/wp-json\/wp\/v2\/users\/8"}],"replies":[{"embeddable":true,"href":"https:\/\/asgolfdepessac.com\/index.php\/wp-json\/wp\/v2\/comments?post=10146"}],"version-history":[{"count":0,"href":"https:\/\/asgolfdepessac.com\/index.php\/wp-json\/wp\/v2\/pages\/10146\/revisions"}],"wp:featuredmedia":[{"embeddable":true,"href":"https:\/\/asgolfdepessac.com\/index.php\/wp-json\/wp\/v2\/media\/9462"}],"wp:attachment":[{"href":"https:\/\/asgolfdepessac.com\/index.php\/wp-json\/wp\/v2\/media?parent=10146"}],"curies":[{"name":"wp","href":"https:\/\/api.w.org\/{rel}","templated":true}]}}