{"id":1026,"date":"2021-10-05T11:15:10","date_gmt":"2021-10-05T09:15:10","guid":{"rendered":"https:\/\/asgolfdepessac.com\/?page_id=1026"},"modified":"2022-10-28T09:53:00","modified_gmt":"2022-10-28T07:53:00","slug":"championnat-du-club-u12","status":"publish","type":"page","link":"https:\/\/asgolfdepessac.com\/index.php\/activites\/championnat-du-club-u12\/","title":{"rendered":"CHAMPIONNAT DU CLUB U12"},"content":{"rendered":"<p dir=\"ltr\"><span>DATE : Dimanche 30 octobre<\/span><\/p>\n<p dir=\"ltr\"><span>Formule de Jeu :&nbsp;<\/span><\/p>\n<p dir=\"ltr\"><span>S\u00e9rie mixte moins de 12 ans : formule de jeu stableford<\/span><\/p>\n<p dir=\"ltr\"><span>messieurs : rep\u00e8re rouge<\/span><\/p>\n<p dir=\"ltr\"><span>dames : rep\u00e8re violet<\/span><\/p>\n<p dir=\"ltr\"><span>D\u00e9part en ligne 1er d\u00e9part 13H00 puis toutes les 10 minutes<\/span><\/p>\n<p dir=\"ltr\"><span>Remise des Prix&nbsp; Dimanche 30 Octobre \u00e0 (voir l&rsquo;heure dimanche au Club House)<\/span><\/p>\n<p dir=\"ltr\"><span>Le <\/span><a href=\"https:\/\/asgolfdepessac.com\/wp-content\/uploads\/2021\/10\/REGLEMENTcompetition-golf.pdf\" target=\"_blank\" rel=\"noopener\"><span>r\u00e8glement<\/span><\/a><span> des comp\u00e9titions organis\u00e9es par l&rsquo;AS PESSAC est applicable<\/span><\/p>\n<p dir=\"ltr\"><a href=\"https:\/\/asgolfdepessac.com\/wp-content\/uploads\/2021\/10\/reglement-championnat-du-Club-2021.pdf\" target=\"_blank\" rel=\"noopener\"><span>R\u00e9glement particulier du Championnat du Club<\/span><\/a><span> : <\/span><span>Le championnat est strictement r\u00e9serv\u00e9 aux Licenci\u00e9s PESSAC&nbsp;<\/span><\/p>\n<p dir=\"ltr\"><span>Cette comp\u00e9tition est limit\u00e9e \u00e0 18 joueurs. Les joueurs retenus seront dans l&rsquo;ordre strict des inscrits&nbsp;<\/span><\/p>\n<p dir=\"ltr\"><span><a href=\"https:\/\/docs.google.com\/spreadsheets\/d\/e\/2PACX-1vSQN37UTtDqsglnppY008NAXs5Et0ZITVOnm-8pY4aSFzhoAtK-NRlxNIPT5Pu5S_WrmmfoJbxFL-RX\/pubhtml\" target=\"_blank\" rel=\"noopener\">Liste des inscrits<\/a><\/span><span>&nbsp; &nbsp; ( Apres votre inscription\/ annulation, le d\u00e9lai de mise \u00e0 jour de la liste est d&rsquo;environ 5 minutes)<\/span><\/p>\n<p dir=\"ltr\"><\/p>\n\n\n\n\n<figure><table><tbody><tr><td><\/td><td><\/td><\/tr><\/tbody><\/table><\/figure>\n","protected":false},"excerpt":{"rendered":"<p>DATE : Dimanche 30 octobre Formule de Jeu :&nbsp; S\u00e9rie mixte moins de 12 ans : formule de jeu stableford messieurs : rep\u00e8re rouge dames : rep\u00e8re violet D\u00e9part en ligne 1er d\u00e9part 13H00 puis toutes les 10 minutes Remise des Prix&nbsp; Dimanche 30 Octobre \u00e0 (voir l&rsquo;heure dimanche au [&hellip;]<\/p>\n","protected":false},"author":1,"featured_media":52,"parent":502,"menu_order":0,"comment_status":"closed","ping_status":"closed","template":"","meta":{"footnotes":""},"class_list":["post-1026","page","type-page","status-publish","has-post-thumbnail","hentry"],"_links":{"self":[{"href":"https:\/\/asgolfdepessac.com\/index.php\/wp-json\/wp\/v2\/pages\/1026","targetHints":{"allow":["GET"]}}],"collection":[{"href":"https:\/\/asgolfdepessac.com\/index.php\/wp-json\/wp\/v2\/pages"}],"about":[{"href":"https:\/\/asgolfdepessac.com\/index.php\/wp-json\/wp\/v2\/types\/page"}],"author":[{"embeddable":true,"href":"https:\/\/asgolfdepessac.com\/index.php\/wp-json\/wp\/v2\/users\/1"}],"replies":[{"embeddable":true,"href":"https:\/\/asgolfdepessac.com\/index.php\/wp-json\/wp\/v2\/comments?post=1026"}],"version-history":[{"count":0,"href":"https:\/\/asgolfdepessac.com\/index.php\/wp-json\/wp\/v2\/pages\/1026\/revisions"}],"up":[{"embeddable":true,"href":"https:\/\/asgolfdepessac.com\/index.php\/wp-json\/wp\/v2\/pages\/502"}],"wp:featuredmedia":[{"embeddable":true,"href":"https:\/\/asgolfdepessac.com\/index.php\/wp-json\/wp\/v2\/media\/52"}],"wp:attachment":[{"href":"https:\/\/asgolfdepessac.com\/index.php\/wp-json\/wp\/v2\/media?parent=1026"}],"curies":[{"name":"wp","href":"https:\/\/api.w.org\/{rel}","templated":true}]}}