{"id":10272,"date":"2025-03-07T05:32:11","date_gmt":"2025-03-07T04:32:11","guid":{"rendered":"https:\/\/asgolfdepessac.com\/?page_id=10272"},"modified":"2025-03-07T17:23:55","modified_gmt":"2025-03-07T16:23:55","slug":"regle-n19-balle-injouable","status":"publish","type":"page","link":"https:\/\/asgolfdepessac.com\/index.php\/regle-n19-balle-injouable\/","title":{"rendered":"R\u00e8gle n\u00b019 &#8211; Balle injouable"},"content":{"rendered":"\n<p class=\"has-text-align-center has-black-color has-background-color-background-color has-text-color has-background has-link-color has-medium-font-size wp-elements-0bc26a005fd0d92eccc179f1c2b63e2b\"><strong><a href=\"https:\/\/asgolfdepessac.com\/index.php\/clarification-de-la-regle-19\/\">Clarifications<\/a><\/strong><\/p>\n\n\n\n<p class=\"has-black-color has-background-color-background-color has-text-color has-background\"><strong>Objet de la R\u00e8gle :<\/strong><br>La R\u00e8gle 19 traite des diverses options de d\u00e9gagement du joueur pour une balle injouable. Cela permet au joueur de choisir l\u2019option \u00e0 utiliser \u2014 normalement avec un coup de p\u00e9nalit\u00e9 \u2014 pour sortir d\u2019une situation difficile n\u2019importe o\u00f9 sur le parcours (sauf dans une zone \u00e0 p\u00e9nalit\u00e9).<br><strong>19.1 Un joueur peut d\u00e9cider de se d\u00e9gager pour une balle injouable n\u2019importe o\u00f9 ailleurs que dans une zone \u00e0 p\u00e9nalit\u00e9<\/strong><br>Le joueur est la seule personne qui peut d\u00e9cider de consid\u00e9rer sa balle comme injouable et de se d\u00e9gager avec p\u00e9nalit\u00e9 selon la R\u00e8gle 19.2 ou 19.3.<br>Le d\u00e9gagement pour une balle injouable est autoris\u00e9 n\u2019importe o\u00f9 sur le parcours sauf dans une zone \u00e0 p\u00e9nalit\u00e9.<br>Si une balle est injouable dans une zone \u00e0 p\u00e9nalit\u00e9, la seule option de d\u00e9gagement pour le joueur est de se d\u00e9gager avec p\u00e9nalit\u00e9 selon la R\u00e8gle 17.<br><strong>19.2 Options de d\u00e9gagement pour une balle injouable dans la zone g\u00e9n\u00e9rale ou sur le green<\/strong><br>Un joueur peut se d\u00e9gager pour une balle injouable selon l\u2019une des trois options de la R\u00e8gle 19.2a, b ou c, en ajoutant dans chaque cas un coup de p\u00e9nalit\u00e9 :<br>\u2022 Le joueur peut prendre un d\u00e9gagement coup et distance selon la R\u00e8gle 19.2a m\u00eame si la balle d\u2019origine n\u2019a pas \u00e9t\u00e9 retrouv\u00e9e et identifi\u00e9e.<br>\u2022 Mais pour prendre un d\u00e9gagement en arri\u00e8re sur la ligne selon la R\u00e8gle 19.2b ou un d\u00e9gagement lat\u00e9ral selon la R\u00e8gle 19.2c, le joueur doit conna\u00eetre l\u2019emplacement de la balle d\u2019origine.<br><strong>19.2a D\u00e9gagement coup et distance<\/strong><br>Le joueur peut jouer la balle d\u2019origine, ou une autre balle, d\u2019o\u00f9 le coup pr\u00e9c\u00e9dent a \u00e9t\u00e9 jou\u00e9 (voir R\u00e8gle 14.6).<br><strong>19.2b D\u00e9gagement en arri\u00e8re sur la ligne<\/strong><br>Le joueur peut dropper la balle d\u2019origine, ou une autre balle (voir R\u00e8gle 14.3), en arri\u00e8re de l\u2019emplacement de la balle d\u2019origine, en gardant l\u2019emplacement de la balle d\u2019origine entre le trou et l\u2019emplacement o\u00f9 la balle est dropp\u00e9e (sans limite sur la distance en arri\u00e8re \u00e0 laquelle la balle peut \u00eatre dropp\u00e9e). L\u2019emplacement sur la ligne o\u00f9 la balle touche le sol en premier quand elle est dropp\u00e9e d\u00e9termine une zone de d\u00e9gagement d\u2019une longueur de club dans n\u2019importe quelle direction \u00e0 partir de ce point, mais avec les restrictions suivantes :<br>\u2022 Restrictions sur la zone de d\u00e9gagement :<br>\u00bb Elle ne doit pas \u00eatre plus pr\u00e8s du trou que l\u2019emplacement de la balle d\u2019origine, et<br>\u00bb Elle peut \u00eatre dans n\u2019importe quelle zone du parcours, mais<br>\u00bb Elle doit \u00eatre dans la m\u00eame zone du parcours que celle initialement touch\u00e9e par la balle lorsqu\u2019elle a \u00e9t\u00e9 dropp\u00e9e.<br><strong>19.2c D\u00e9gagement lat\u00e9ral<\/strong><br>Le joueur peut dropper la balle d\u2019origine, ou une autre balle, dans la zone de d\u00e9gagement lat\u00e9ral suivante (voir R\u00e8gle 14.3) :<br>\u2022 Point de r\u00e9f\u00e9rence : l\u2019emplacement de la balle d\u2019origine. Mais, lorsque la balle repose au-dessus du sol, par ex. dans un arbre, le point de r\u00e9f\u00e9rence est l\u2019emplacement sur le sol directement au-dessous de la balle.<br>\u2022 Dimension de la zone de d\u00e9gagement mesur\u00e9e depuis le point de r\u00e9f\u00e9rence : deux longueurs de club, mais avec les restrictions suivantes :<br>\u2022 Restrictions sur la zone de d\u00e9gagement :<br>\u00bb Elle ne doit pas \u00eatre plus pr\u00e8s du trou que le point de r\u00e9f\u00e9rence, et<br>\u00bb Elle peut \u00eatre dans n\u2019importe quelle zone du parcours, mais<br>\u00bb S\u2019il y a plus d\u2019une zone du parcours \u00e0 deux longueurs de club maximum du point de r\u00e9f\u00e9rence, la balle doit venir reposer, \u00e0 l\u2019int\u00e9rieur de la zone de d\u00e9gagement, dans la m\u00eame zone du parcours que celle initialement touch\u00e9e par la balle lorsqu\u2019elle a \u00e9t\u00e9 dropp\u00e9e dans la zone de d\u00e9gagement.<br><em>Voir R\u00e8gle 25.4m (pour les joueurs utilisant un dispositif d\u2019assistance \u00e0 la mobilit\u00e9 avec des roues, la R\u00e8gle 19.2c est modifi\u00e9e pour \u00e9tendre la zone de d\u00e9gagement lat\u00e9ral \u00e0 quatre longueurs de club).<\/em><br><strong><em>P\u00e9nalit\u00e9 pour avoir jou\u00e9 une balle d\u2019un mauvais endroit en infraction avec la R\u00e8gle 19.2 : p\u00e9nalit\u00e9 g\u00e9n\u00e9rale selon la R\u00e8gle 14.7a<\/em><\/strong>.<br><strong>19.3 Options de d\u00e9gagement pour une balle injouable dans un bunker<\/strong><br><strong>19.3a Options normales de d\u00e9gagement (un coup de p\u00e9nalit\u00e9) Lorsque la balle d\u2019un joueur est dans un bunker :<\/strong><br>\u2022 Le joueur peut se d\u00e9gager pour une balle injouable avec un coup de p\u00e9nalit\u00e9 selon l\u2019une des options de la R\u00e8gle 19.2, sauf que :<br>\u2022 La balle doit \u00eatre dropp\u00e9e et venir reposer dans le bunker, que le joueur se d\u00e9gage en arri\u00e8re sur la ligne (voir R\u00e8gle 19.2b) ou avec un d\u00e9gagement lat\u00e9ral (voir R\u00e8gle 19.2c).<br><strong>19.3b Option suppl\u00e9mentaire de d\u00e9gagement (deux coups de p\u00e9nalit\u00e9)<\/strong><br>Comme option suppl\u00e9mentaire de d\u00e9gagement lorsque la balle d\u2019un joueur est dans un bunker, avec un total de deux coups de p\u00e9nalit\u00e9, le joueur peut se d\u00e9gager en arri\u00e8re sur la ligne \u00e0 l\u2019ext\u00e9rieur du bunker selon la R\u00e8gle 19.2b.<br><em>Voir R\u00e8gle 25.4n (pour les joueurs utilisant un dispositif d\u2019assistance \u00e0 la mobilit\u00e9 avec des roues, l\u2019option suppl\u00e9mentaire de d\u00e9gagement en arri\u00e8re est r\u00e9duite \u00e0 un coup de p\u00e9nalit\u00e9).<\/em><br><strong><em>P\u00e9nalit\u00e9 pour avoir jou\u00e9 une balle d\u2019un mauvais endroit en infraction avec la R\u00e8gle 19.3 : p\u00e9nalit\u00e9 g\u00e9n\u00e9rale selon la R\u00e8gle 14.7<\/em><\/strong>a.<\/p>\n","protected":false},"excerpt":{"rendered":"<p>Clarifications Objet de la R\u00e8gle :La R\u00e8gle 19 traite des diverses options de d\u00e9gagement du joueur pour une balle injouable. Cela permet au joueur de choisir l\u2019option \u00e0 utiliser \u2014 normalement avec un coup de p\u00e9nalit\u00e9 \u2014 pour sortir d\u2019une situation difficile n\u2019importe o\u00f9 sur le parcours (sauf dans une [&hellip;]<\/p>\n","protected":false},"author":8,"featured_media":9462,"parent":0,"menu_order":0,"comment_status":"closed","ping_status":"closed","template":"","meta":{"footnotes":""},"class_list":["post-10272","page","type-page","status-publish","has-post-thumbnail","hentry"],"_links":{"self":[{"href":"https:\/\/asgolfdepessac.com\/index.php\/wp-json\/wp\/v2\/pages\/10272","targetHints":{"allow":["GET"]}}],"collection":[{"href":"https:\/\/asgolfdepessac.com\/index.php\/wp-json\/wp\/v2\/pages"}],"about":[{"href":"https:\/\/asgolfdepessac.com\/index.php\/wp-json\/wp\/v2\/types\/page"}],"author":[{"embeddable":true,"href":"https:\/\/asgolfdepessac.com\/index.php\/wp-json\/wp\/v2\/users\/8"}],"replies":[{"embeddable":true,"href":"https:\/\/asgolfdepessac.com\/index.php\/wp-json\/wp\/v2\/comments?post=10272"}],"version-history":[{"count":0,"href":"https:\/\/asgolfdepessac.com\/index.php\/wp-json\/wp\/v2\/pages\/10272\/revisions"}],"wp:featuredmedia":[{"embeddable":true,"href":"https:\/\/asgolfdepessac.com\/index.php\/wp-json\/wp\/v2\/media\/9462"}],"wp:attachment":[{"href":"https:\/\/asgolfdepessac.com\/index.php\/wp-json\/wp\/v2\/media?parent=10272"}],"curies":[{"name":"wp","href":"https:\/\/api.w.org\/{rel}","templated":true}]}}