{"id":10277,"date":"2025-03-07T05:44:35","date_gmt":"2025-03-07T04:44:35","guid":{"rendered":"https:\/\/asgolfdepessac.com\/?page_id=10277"},"modified":"2025-03-07T16:06:06","modified_gmt":"2025-03-07T15:06:06","slug":"clarification-de-la-regle-18","status":"publish","type":"page","link":"https:\/\/asgolfdepessac.com\/index.php\/clarification-de-la-regle-18\/","title":{"rendered":"Clarification de la r\u00e8gle 18"},"content":{"rendered":"\n<p class=\"has-black-color has-background-color-background-color has-text-color has-background\"><strong>R\u00e8gle 18.1 Clarifications : d\u00e9gagement selon la p\u00e9nalit\u00e9 coup et distance autoris\u00e9 \u00e0 tout moment<\/strong><br><strong>18.1\/1<\/strong> \u2013 Une balle sur tee peut \u00eatre relev\u00e9e quand la balle d\u2019origine est retrouv\u00e9e dans les trois minutes de temps de recherche<br>Quand on rejoue de la zone de d\u00e9part, une balle qui a \u00e9t\u00e9 plac\u00e9e, dropp\u00e9e ou plac\u00e9e sur un tee dans la zone de d\u00e9part n\u2019est pas en jeu tant que le joueur n\u2019a pas jou\u00e9 un coup sur elle (d\u00e9finition de \u00ab en jeu \u00bb et R\u00e8gle 6.2).<br>Par exemple, un joueur joue depuis la zone de d\u00e9part, cherche bri\u00e8vement sa balle, revient ensuite et place une autre balle sur un tee dans la zone de d\u00e9part.<br>Avant que le joueur ne joue un coup sur la balle sur tee, et dans les trois minutes de temps de recherche, la balle d\u2019origine est retrouv\u00e9e. Le joueur peut abandonner la balle sur tee et continuer avec la balle d\u2019origine sans p\u00e9nalit\u00e9, mais il est aussi autoris\u00e9 \u00e0 proc\u00e9der selon coup et distance en jouant de la zone de d\u00e9part.<br>Toutefois, si le joueur avait jou\u00e9 depuis la zone g\u00e9n\u00e9rale et dropp\u00e9 ensuite une autre balle pour prendre un d\u00e9gagement coup et distance, le r\u00e9sultat serait diff\u00e9rent. Dans ce cas le joueur doit continuer avec la balle dropp\u00e9e encourant la p\u00e9nalit\u00e9 coup et distance. S\u2019il continue avec la balle d\u2019origine, il joue une mauvaise balle.<br><strong>18.1\/2<\/strong> \u2013 Une p\u00e9nalit\u00e9 ne peut pas \u00eatre \u00e9vit\u00e9e en jouant selon coup et distance<br>Si un joueur rel\u00e8ve sa balle alors qu\u2019il n\u2019est pas autoris\u00e9 \u00e0 le faire, le joueur ne peut pas \u00e9viter le coup de p\u00e9nalit\u00e9 selon la R\u00e8gle 9.4b en d\u00e9cidant alors de jouer selon coup et distance.<br>Par exemple le coup de d\u00e9part d\u2019un joueur vient reposer dans une zone bois\u00e9e. Le joueur ramasse une balle, pensant que c\u2019est une balle abandonn\u00e9e, mais d\u00e9couvre que c\u2019\u00e9tait sa balle en jeu. Le joueur d\u00e9cide alors de jouer selon coup et distance.<br>Le joueur encourt un coup de p\u00e9nalit\u00e9 selon la R\u00e8gle 9.4b en plus de la p\u00e9nalit\u00e9 de coup et distance selon la R\u00e8gle 18.1, puisqu\u2019au moment o\u00f9 la balle a \u00e9t\u00e9 relev\u00e9e le joueur n\u2019\u00e9tait pas autoris\u00e9 \u00e0 relever la balle et n\u2019avait pas l\u2019intention de jouer selon coup et distance. Le coup suivant du joueur sera son quatri\u00e8me coup.<\/p>\n\n\n\n<p class=\"has-black-color has-background-color-background-color has-text-color has-background\"><strong>R\u00e8gle 18.2 Clarifications : balle perdue ou hors limites : d\u00e9gagement coup et distance obligatoire<\/strong><br><strong>18.2a(1)\/1<\/strong> \u2013 Temps autoris\u00e9 pour la recherche quand la recherche est temporairement interrompue<br>Un joueur est autoris\u00e9 \u00e0 trois minutes de recherche pour sa balle avant qu\u2019elle ne devienne perdue. Toutefois, il y a des situations o\u00f9 \u00ab le chronom\u00e9trage s\u2019arr\u00eate \u00bb et ce temps-l\u00e0 ne compte pas dans les trois minutes accord\u00e9es au joueur pour la recherche.<br>Les exemples suivants illustrent la mani\u00e8re de d\u00e9compter le temps quand une recherche est temporairement interrompue :<br>\u2022 En stroke play, un joueur cherche sa balle pendant une minute et trouve une balle. Le joueur croit que cette balle est sa balle, prend 30 secondes pour d\u00e9cider comment jouer le coup, choisit un club, et joue cette balle. Le joueur d\u00e9couvre ensuite que c\u2019est une mauvaise balle.<br>Quand le joueur retourne dans la zone o\u00f9 se trouvait probablement la balle d\u2019origine et reprend les recherches, il a deux minutes de plus pour chercher.<br>Le temps de recherche s\u2019est arr\u00eat\u00e9 quand le joueur a trouv\u00e9 la mauvaise balle et s\u2019est arr\u00eat\u00e9 de chercher.<br>\u2022 Un joueur a cherch\u00e9 sa balle pendant deux minutes quand le jeu est interrompu par le Comit\u00e9. Le joueur continue \u00e0 chercher. Quand trois minutes se sont \u00e9coul\u00e9es depuis que le joueur a commenc\u00e9 la recherche, la balle est perdue m\u00eame si les trois minutes de temps de recherche se terminent alors que le jeu est interrompu.<br>\u2022 Un joueur a cherch\u00e9 sa balle pendant une minute quand le jeu est interrompu. Le joueur continue \u00e0 chercher pendant une minute de plus et arr\u00eate ensuite la recherche pour trouver un abri. Quand le joueur revient sur le parcours pour reprendre le jeu, le joueur est autoris\u00e9 \u00e0 chercher sa balle une minute de plus<br>m\u00eame si le jeu n\u2019a pas \u00e9t\u00e9 repris.<br>\u2022 Un joueur trouve et identifie sa balle dans un haut rough apr\u00e8s une recherche de deux minutes. Le joueur quitte la zone pour aller chercher un club. Quand il revient, il ne retrouve pas la balle. Le joueur a une minute de plus pour chercher avant que la balle ne devienne perdue. Le temps de trois minutes de<br>recherche a \u00e9t\u00e9 arr\u00eat\u00e9 quand la balle a \u00e9t\u00e9 retrouv\u00e9e la premi\u00e8re fois.<br>\u2022 Un joueur cherche sa balle pendant deux minutes, puis se met sur le c\u00f4t\u00e9 pour permettre au groupe suivant de doubler. Le temps de recherche s\u2019est arr\u00eat\u00e9 quand la recherche a \u00e9t\u00e9 temporairement interrompue, et le joueur a une minute de plus pour chercher sa balle.<br>\u2022 Un joueur cherche sa balle, qu\u2019il croit recouverte de sable dans un bunker. Le joueur n\u2019est pas s\u00fbr des actions qu\u2019il est autoris\u00e9 \u00e0 entreprendre pour essayer de trouver la balle et il arr\u00eate donc de chercher apr\u00e8s une minute pour demander \u00e0 un arbitre ou au Comit\u00e9 une d\u00e9cision. Apr\u00e8s deux minutes suppl\u00e9mentaires, un arbitre arrive et donne une d\u00e9cision au joueur.<br>Lorsque le joueur reprend la recherche, il dispose de deux minutes pour trouver la balle.<br><strong>18.2a(1)\/2<\/strong> \u2013 Un cadet n\u2019est pas oblig\u00e9 de commencer la recherche de la balle du joueur avant l\u2019arriv\u00e9e du joueur<br>Un joueur peut ordonner \u00e0 son cadet de ne pas commencer la recherche de sa balle.<br>Par exemple, un joueur frappe un long drive dans le rough \u00e9pais et un autre joueur frappe un drive court dans le rough \u00e9pais. Le cadet du joueur commence \u00e0 marcher vers l\u2019endroit o\u00f9 pourrait se trouver la balle du joueur afin de commencer la recherche. Tout le monde, y compris le joueur, marche vers l\u2019endroit o\u00f9 la balle de l\u2019autre joueur pourrait se trouver afin de chercher la balle de ce joueur.<br>Le joueur peut demander \u00e0 son cadet qu\u2019il cherche d\u2019abord la balle de l\u2019autre joueur et retarde ainsi la recherche de sa balle jusqu\u2019\u00e0 ce que tout le monde puisse aider \u00e0 cette recherche.<br><strong>18.2a(1)\/3<\/strong> \u2013 Signification de \u00ab temps raisonnable pour le faire \u00bb lors de l\u2019identification de la balle<br>La R\u00e8gle 18.2a(1) stipule qu\u2019un joueur doit rapidement essayer d\u2019identifier une balle qui est trouv\u00e9e quand on croit qu\u2019elle pourrait \u00eatre la balle du joueur.<br>Et, lorsqu\u2019il tente de le faire, le joueur dispose d\u2019un d\u00e9lai raisonnable pour l\u2019identifier.<br>Toutefois, tant que la balle du joueur est trouv\u00e9e et identifi\u00e9e pendant le temps de recherche de trois minutes, le joueur peut prendre le temps n\u00e9cessaire dans ces trois minutes pour l\u2019identifier. Mais, lorsqu\u2019une balle est trouv\u00e9e vers la fin du temps de recherche de trois minutes, il est raisonnable d\u2019accorder au joueur jusqu\u2019\u00e0 une minute de plus pour identifier la balle.<br>Par exemple, un joueur trouve une balle dans un arbre 2 minutes et 30 secondes apr\u00e8s le d\u00e9but de la recherche mais n\u2019est pas imm\u00e9diatement capable de l\u2019identifier comme \u00e9tant la sienne. Dans cette situation, il est raisonnable d\u2019accorder au joueur une minute pour essayer d\u2019identifier la balle, ce qui signifie que si le joueur est capable d\u2019identifier la balle dans les 3 minutes et 30 secondes apr\u00e8s le<br>d\u00e9but de la recherche, la balle n\u2019est pas perdue. Mais si le joueur d\u00e9couvre que la balle n\u2019est pas la sienne apr\u00e8s la fin du temps de recherche de trois minutes, sa balle est alors perdue et le joueur n\u2019a pas de temps suppl\u00e9mentaire pour chercher.<br>De m\u00eame, lorsqu\u2019une balle est trouv\u00e9e pr\u00e8s de la fin du temps de recherche de trois minutes mais que le joueur n\u2019est pas \u00e0 l\u2019endroit o\u00f9 la balle est trouv\u00e9e, la R\u00e8gle 18.2a(1) accorde \u00e9galement au joueur un temps raisonnable pour se rendre \u00e0 l\u2019endroit o\u00f9 la balle a \u00e9t\u00e9 trouv\u00e9e et, une fois sur place, il est raisonnable d\u2019accorder au joueur jusqu\u2019\u00e0 une minute pour l\u2019identifier. (Nouvelle)<br><strong>18.2a(2)\/1<\/strong> \u2013 Balle d\u00e9plac\u00e9e hors limites par un courant d\u2019eau<br>Si un courant d\u2019eau (soit de l\u2019eau temporaire, soit de l\u2019eau dans une zone \u00e0 p\u00e9nalit\u00e9) emporte une balle hors limites, le joueur doit prendre un d\u00e9gagement coup et distance (R\u00e8gle 18.2b). L\u2019eau est une force naturelle, pas une influence ext\u00e9rieure, par cons\u00e9quent la R\u00e8gle 9.6 ne s\u2019applique pas.<\/p>\n\n\n\n<p class=\"has-black-color has-background-color-background-color has-text-color has-background\"><strong>R\u00e8gle 18.3 Clarifications : balle provisoire<\/strong><br><strong>18.3a\/1<\/strong> \u2013 Situations o\u00f9 un joueur peut jouer une balle provisoire<br>Quand un joueur doit d\u00e9cider s\u2019il est autoris\u00e9 \u00e0 jouer une balle provisoire, seules les informations connues par le joueur \u00e0 ce moment sont prises en consid\u00e9ration.<br>Exemples o\u00f9 une balle provisoire peut \u00eatre jou\u00e9e :<br>\u2022 La balle d\u2019origine pourrait \u00eatre dans une zone \u00e0 p\u00e9nalit\u00e9, mais pourrait aussi \u00eatre perdue en dehors de la zone \u00e0 p\u00e9nalit\u00e9 ou \u00eatre hors limites.<br>\u2022 Un joueur croit que la balle d\u2019origine est venue reposer dans la zone g\u00e9n\u00e9rale et pourrait y \u00eatre perdue. Si elle est retrouv\u00e9e plus tard dans une zone \u00e0 p\u00e9nalit\u00e9 dans les trois minutes de temps de recherche, le joueur doit abandonner la balle provisoire.<br><strong>18.3a\/2 <\/strong>\u2013 Jouer une balle provisoire apr\u00e8s que la recherche a commenc\u00e9 est autoris\u00e9<br>Un joueur peut jouer une balle provisoire pour une balle qui pourrait \u00eatre perdue tant que les trois minutes de temps de recherche ne sont pas encore termin\u00e9es.<br>Par exemple, si un joueur est en mesure de revenir \u00e0 l\u2019endroit de son coup pr\u00e9c\u00e9dent et de jouer une balle provisoire avant que les trois minutes de temps de recherche ne soient termin\u00e9es, le joueur est autoris\u00e9 \u00e0 le faire.<br>Si le joueur joue la balle provisoire et que la balle d\u2019origine est ensuite trouv\u00e9e dans les trois minutes de temps de recherche, le joueur doit continuer le jeu avec la balle d\u2019origine.<br><strong>18.3a\/3<\/strong> \u2013 Chaque balle n\u2019a de rapport qu\u2019avec la balle pr\u00e9c\u00e9dente quand elle est jou\u00e9e depuis le m\u00eame endroit<br>Quand un joueur joue plusieurs balles depuis le m\u00eame endroit, chaque balle n\u2019a de rapport qu\u2019avec la balle jou\u00e9e pr\u00e9c\u00e9demment.<br>Par exemple, un joueur joue une balle provisoire croyant que son coup de d\u00e9part pourrait \u00eatre perdu ou hors limites. La balle provisoire est frapp\u00e9e dans la m\u00eame direction que la balle d\u2019origine et, sans rien annoncer, le joueur joue une autre balle du d\u00e9part. Cette balle vient reposer sur le fairway.<br>Si la balle d\u2019origine n\u2019est pas perdue ou hors limites, le joueur doit continuer le jeu avec la balle d\u2019origine sans p\u00e9nalit\u00e9.<br>Toutefois, si la balle d\u2019origine est perdue ou hors limites, le joueur doit continuer le jeu avec la troisi\u00e8me balle jou\u00e9e du d\u00e9part car elle a \u00e9t\u00e9 jou\u00e9e sans rien annoncer. En cons\u00e9quence, la troisi\u00e8me balle \u00e9tait une balle substitu\u00e9e \u00e0 la balle provisoire avec la p\u00e9nalit\u00e9 de coup et distance (R\u00e8gle 18.1), sans tenir compte de l\u2019emplacement de la balle provisoire. Le joueur a maintenant jou\u00e9 5 coups (y compris les coups de p\u00e9nalit\u00e9) avec la troisi\u00e8me balle jou\u00e9e du d\u00e9part.<br><strong>18.3b\/1<\/strong> \u2013 D\u00e9clarations qui \u00ab indiquent clairement \u00bb qu\u2019une balle provisoire va \u00eatre jou\u00e9e<br>Quand il joue une balle provisoire, il est mieux que le joueur utilise le mot \u00ab provisoire \u00bb dans son annonce. Toutefois, d\u2019autres d\u00e9clarations qui indiquent clairement l\u2019intention du joueur de jouer une balle provisoire sont acceptables.<br>Exemples d\u2019annonces qui indiquent clairement que le joueur joue une balle provisoire :<br>\u2022 \u00ab Je vais jouer une balle selon la R\u00e8gle 18.3 \u00bb.<br>\u2022 \u00ab Je vais jouer une autre balle juste au cas o\u00f9 \u00bb.<br>Exemples d\u2019annonces qui n\u2019indiquent pas clairement que le joueur joue une balle provisoire et qui signifieraient que le joueur met en jeu une balle selon coup et distance :<br>\u2022 \u00ab Je vais recommencer \u00bb.<br>\u2022 \u00ab Je vais en jouer une autre \u00bb.<br><strong>18.3c(1)\/1<\/strong> \u2013 Les actions entreprises avec la balle provisoire sont une continuation de la balle provisoire.<br>Entreprendre des actions autres que jouer un coup sur une balle provisoire, par exemple dropper, placer ou substituer une autre balle plus pr\u00e8s du trou que l\u00e0 o\u00f9 la balle d\u2019origine est estim\u00e9e \u00eatre ne sont pas \u00ab jouer \u00bb la balle provisoire et ne provoquent pas la perte du statut de balle provisoire de cette balle.<br>Par exemple, le coup de d\u00e9part d\u2019un joueur peut \u00eatre perdu \u00e0 160 m\u00e8tres du trou, en cons\u00e9quence il joue une balle provisoire. Apr\u00e8s avoir bri\u00e8vement cherch\u00e9 sa balle d\u2019origine, le joueur avance pour jouer la balle provisoire qui est dans un buisson \u00e0 135 m\u00e8tres du trou. Il d\u00e9cide que la balle provisoire est injouable et la droppe selon la R\u00e8gle 19.2c. Avant de jouer la balle dropp\u00e9e, la balle d\u2019origine est retrouv\u00e9e par un spectateur moins de trois minutes apr\u00e8s que le joueur a commenc\u00e9 la recherche.<br>Dans ce cas, la balle d\u2019origine reste la balle en jeu car elle a \u00e9t\u00e9 retrouv\u00e9e dans les trois minutes depuis le d\u00e9but de la recherche et que le joueur n\u2019a pas jou\u00e9 un coup sur la balle provisoire d\u2019un endroit plus proche du trou que celui o\u00f9 la balle d\u2019origine \u00e9tait estim\u00e9e \u00eatre.<br><strong>18.3c(2)\/1<\/strong> \u2013 L\u2019endroit estim\u00e9 de la balle d\u2019origine est utilis\u00e9 pour d\u00e9terminer quelle balle est en jeu<br>La R\u00e8gle 18.3c(2) utilise l\u2019endroit o\u00f9 le joueur \u00ab estime \u00bb que se trouve sa balle d\u2019origine pour d\u00e9terminer si la balle provisoire a \u00e9t\u00e9 jou\u00e9e plus pr\u00e8s du trou que cet endroit, et si c\u2019est la balle d\u2019origine ou la balle provisoire qui est en jeu. L\u2019endroit estim\u00e9 n\u2019est pas celui o\u00f9 la balle d\u2019origine est finalement trouv\u00e9e. C\u2019est en fait l\u2019endroit o\u00f9 le joueur pense ou suppose que se trouve sa balle.<br>Exemples pour d\u00e9terminer quelle balle est en jeu :<br>\u2022 Un joueur, croyant que sa balle d\u2019origine pourrait \u00eatre perdue ou hors limites, joue une balle provisoire qui ne vient pas reposer plus pr\u00e8s du trou que l\u2019emplacement estim\u00e9 de la balle d\u2019origine. Le joueur trouve une balle et la joue, croyant que c\u2019est sa balle d\u2019origine. Le joueur d\u00e9couvre alors que la balle qu\u2019il<br>a jou\u00e9e est la balle provisoire.<br>Dans ce cas, la balle provisoire n\u2019a pas \u00e9t\u00e9 jou\u00e9e d\u2019un endroit plus pr\u00e8s du trou que l\u2019emplacement estim\u00e9 de la balle d\u2019origine. Par cons\u00e9quent, le joueur peut reprendre la recherche de la balle d\u2019origine. Si la balle d\u2019origine est trouv\u00e9e dans les trois minutes apr\u00e8s le d\u00e9but de la recherche, elle reste la balle en jeu et le joueur doit abandonner la balle provisoire. Si le temps de trois minutes de recherche expire avant que la balle d\u2019origine ne soit trouv\u00e9e, la balle provisoire est la balle en jeu.<br>\u2022 Un joueur, croyant que son coup de d\u00e9part pourrait \u00eatre perdu ou au-del\u00e0 d\u2019une route d\u00e9finie comme hors limites, joue une balle provisoire. Le joueur cherche bri\u00e8vement la balle d\u2019origine mais ne la trouve pas. Le joueur avance et joue la balle provisoire d\u2019un endroit plus pr\u00e8s du trou que celui o\u00f9 la balle<br>d\u2019origine \u00e9tait estim\u00e9e \u00eatre. Le joueur avance ensuite et trouve la balle d\u2019origine dans les limites. La balle d\u2019origine a d\u00fb rebondir sur la route et revenir dans les limites, car elle a \u00e9t\u00e9 retrouv\u00e9e beaucoup plus loin que pr\u00e9vu.<br>Dans ce cas, la balle provisoire est devenue la balle en jeu quand elle a \u00e9t\u00e9 jou\u00e9e d\u2019un endroit plus pr\u00e8s du trou que celui o\u00f9 la balle d\u2019origine \u00e9tait estim\u00e9e \u00eatre. La balle d\u2019origine n\u2019est plus en jeu et doit \u00eatre abandonn\u00e9e.<br><strong>18.3c(2)\/2<\/strong> \u2013 Un adversaire ou un autre joueur peut chercher la balle d\u2019unjoueu r malgr\u00e9 la demande du joueur de ne pas le faire<br>Si un joueur pr\u00e9f\u00e8re continuer le jeu du trou avec une balle provisoire sans chercher sa balle d\u2019origine, l\u2019adversaire ou un autre joueur en stroke play peut n\u00e9anmoins chercher la balle d\u2019origine du joueur aussi longtemps qu\u2019il ne retarde pas le jeu de mani\u00e8re d\u00e9raisonnable. Si la balle d\u2019origine du joueur est trouv\u00e9e alors qu\u2019elle est toujours en jeu, le joueur doit abandonner la balle provisoire (R\u00e8gle 18.3c(3)).<br>Par exemple, sur un par 3, le coup de d\u00e9part d\u2019un joueur va dans un bois dense, et il joue une balle provisoire qui vient reposer pr\u00e8s du trou. \u00c9tant donn\u00e9 ce r\u00e9sultat, le joueur ne souhaite pas retrouver la balle d\u2019origine et marche directement vers la balle provisoire pour continuer le jeu avec elle. L\u2019adversaire ou un autre joueur en stroke play pense qu\u2019il serait avantageux pour lui que la balle d\u2019origine soit<br>retrouv\u00e9e, si bien qu\u2019il commence \u00e0 la chercher.<br>S\u2019il trouve la balle d\u2019origine avant que le joueur ne joue un autre coup sur la balle  provisoire, le joueur doit abandonner la balle provisoire et continuer avec la balle d\u2019origine. Toutefois, si le joueur joue un autre coup avec la balle provisoire avant que la balle d\u2019origine ne soit trouv\u00e9e, la balle provisoire devient la balle en jeu car elle \u00e9tait plus pr\u00e8s du trou que l\u2019emplacement estim\u00e9 de la balle d\u2019origine (R\u00e8gle<br>18.3c(2)).<br>En match play, si la balle provisoire du joueur \u00e9tait plus pr\u00e8s du trou que la balle  de l\u2019adversaire, l\u2019adversaire peut annuler le coup et obtenir que le joueur joue dans le bon ordre (R\u00e8gle 6.4a). Toutefois, annuler le coup ne changerait pas le statut de la balle d\u2019origine, qui n\u2019est plus en jeu.<br><strong>18.3c(2)\/3<\/strong> \u2013 Situations o\u00f9 le score avec la balle provisoire devient le score pour le trou<br>Du moment que la balle d\u2019origine n\u2019a pas encore \u00e9t\u00e9 retrouv\u00e9e dans les limites, le score d\u2019une balle provisoire qui a \u00e9t\u00e9 entr\u00e9e devient le score du joueur pour le trou quand le joueur rel\u00e8ve la balle du trou, car dans ce cas, relever la balle du trou \u00e9quivaut \u00e0 jouer un coup.<br>Par exemple, sur un trou court, le coup de d\u00e9part du joueur A pourrait \u00eatre perdu, si bien qu\u2019il joue une balle provisoire qui est entr\u00e9e, le joueur A ne souhaite pas chercher sa balle d\u2019origine, mais le joueur B, l\u2019adversaire du joueur A ou un autre joueur en stroke play, va chercher la balle d\u2019origine.<br>Si le joueur B trouve la balle d\u2019origine du joueur A avant que le joueur A ne rel\u00e8ve la balle provisoire du trou, le joueur A doit abandonner la balle provisoire et continuer avec la balle d\u2019origine. Si le joueur A rel\u00e8ve la balle du trou avant que le joueur B ne trouve la balle d\u2019origine du joueur A, le score du joueur A pour le trou est trois.<br><strong>18.3c(2)\/4<\/strong> \u2013 Balle provisoire relev\u00e9e par le joueur devenant par la suite la balle en jeu<br>Si un joueur rel\u00e8ve sa balle provisoire alors qu\u2019il n\u2019est pas autoris\u00e9 \u00e0 le faire selon les R\u00e8gles, et que la balle provisoire devient ensuite la balle en jeu, le joueur doit ajouter un coup de p\u00e9nalit\u00e9 selon la R\u00e8gle 9.4b (P\u00e9nalit\u00e9 pour une balle relev\u00e9e ou d\u00e9plac\u00e9e) et doit replacer la balle.<br>Par exemple, en stroke play, croyant que son coup de d\u00e9part pourrait \u00eatre perdu, le joueur joue une balle provisoire. Le joueur trouve une balle qu\u2019il croit \u00eatre la balle d\u2019origine, joue un coup dessus, ramasse la balle provisoire, et d\u00e9couvre alors que la balle qu\u2019il a jou\u00e9e n\u2019\u00e9tait pas la balle d\u2019origine, mais une mauvaise balle. Le joueur reprend la recherche de la balle d\u2019origine mais ne la retrouve pas dans les trois minutes de temps de recherche.<br>Comme la balle provisoire est devenue la balle en jeu avec p\u00e9nalit\u00e9 de coup et distance, le joueur doit replacer cette balle et encourt un coup de p\u00e9nalit\u00e9 selon la R\u00e8gle 9.4b. Le joueur encourt \u00e9galement deux coups de p\u00e9nalit\u00e9 pour avoir jou\u00e9 une mauvaise balle (R\u00e8gle 6.3c). Le prochain coup du joueur sera son septi\u00e8me.<\/p>\n","protected":false},"excerpt":{"rendered":"<p>R\u00e8gle 18.1 Clarifications : d\u00e9gagement selon la p\u00e9nalit\u00e9 coup et distance autoris\u00e9 \u00e0 tout moment18.1\/1 \u2013 Une balle sur tee peut \u00eatre relev\u00e9e quand la balle d\u2019origine est retrouv\u00e9e dans les trois minutes de temps de rechercheQuand on rejoue de la zone de d\u00e9part, une balle qui a \u00e9t\u00e9 plac\u00e9e, [&hellip;]<\/p>\n","protected":false},"author":8,"featured_media":9462,"parent":0,"menu_order":0,"comment_status":"closed","ping_status":"closed","template":"","meta":{"footnotes":""},"class_list":["post-10277","page","type-page","status-publish","has-post-thumbnail","hentry"],"_links":{"self":[{"href":"https:\/\/asgolfdepessac.com\/index.php\/wp-json\/wp\/v2\/pages\/10277","targetHints":{"allow":["GET"]}}],"collection":[{"href":"https:\/\/asgolfdepessac.com\/index.php\/wp-json\/wp\/v2\/pages"}],"about":[{"href":"https:\/\/asgolfdepessac.com\/index.php\/wp-json\/wp\/v2\/types\/page"}],"author":[{"embeddable":true,"href":"https:\/\/asgolfdepessac.com\/index.php\/wp-json\/wp\/v2\/users\/8"}],"replies":[{"embeddable":true,"href":"https:\/\/asgolfdepessac.com\/index.php\/wp-json\/wp\/v2\/comments?post=10277"}],"version-history":[{"count":0,"href":"https:\/\/asgolfdepessac.com\/index.php\/wp-json\/wp\/v2\/pages\/10277\/revisions"}],"wp:featuredmedia":[{"embeddable":true,"href":"https:\/\/asgolfdepessac.com\/index.php\/wp-json\/wp\/v2\/media\/9462"}],"wp:attachment":[{"href":"https:\/\/asgolfdepessac.com\/index.php\/wp-json\/wp\/v2\/media?parent=10277"}],"curies":[{"name":"wp","href":"https:\/\/api.w.org\/{rel}","templated":true}]}}