{"id":10302,"date":"2025-03-07T16:08:18","date_gmt":"2025-03-07T15:08:18","guid":{"rendered":"https:\/\/asgolfdepessac.com\/?page_id=10302"},"modified":"2025-03-07T17:23:18","modified_gmt":"2025-03-07T16:23:18","slug":"clarification-de-la-regle-19","status":"publish","type":"page","link":"https:\/\/asgolfdepessac.com\/index.php\/clarification-de-la-regle-19\/","title":{"rendered":"Clarification de la r\u00e8gle 19"},"content":{"rendered":"\n<p class=\"has-black-color has-background-color-background-color has-text-color has-background\"><strong>R\u00e8gle 19.2 Clarifications : options de d\u00e9gagement pour une balle injouable dans la zone g\u00e9n\u00e9rale ou sur le green<\/strong><br><strong>19.2\/1<\/strong> \u2013 Il n\u2019est pas assur\u00e9 qu\u2019une balle sera jouable apr\u00e8s un d\u00e9gagement pour une balle injouable<br>Quand il se d\u00e9gage pour une balle injouable, un joueur doit en accepter le r\u00e9sultat m\u00eame s\u2019il n\u2019est pas favorable, par ex. lorsqu\u2019une balle dropp\u00e9e vient reposer sur son emplacement d\u2019origine ou sur un autre emplacement dans un mauvais lie dans la zone de d\u00e9gagement :<br>\u2022 Une fois que la balle dropp\u00e9e est venue reposer dans la zone de d\u00e9gagement, le joueur se trouve dans une nouvelle situation.<br>\u2022 Si le joueur d\u00e9cide qu\u2019il ne peut pas (ou ne souhaite pas) jouer la balle comme elle repose maintenant, le joueur peut de nouveau se d\u00e9gager pour une balle injouable, avec une p\u00e9nalit\u00e9 additionnelle, en utilisant n\u2019importe laquelle des options de d\u00e9gagement disponibles de la R\u00e8gle 19.<br><strong>19.2\/2<\/strong> \u2013 Une balle peut \u00eatre dropp\u00e9e dans n\u2019importe quelle zone du parcours en se d\u00e9gageant pour une balle injouable<br>Un joueur peut se d\u00e9gager selon les options de d\u00e9gagement pour une balle injouable en droppant une balle dans une zone de d\u00e9gagement situ\u00e9e dans n\u2019importe quelle zone du parcours. Cela inclut la possibilit\u00e9 de se d\u00e9gager depuis la zone g\u00e9n\u00e9rale en droppant directement dans un bunker ou une zone \u00e0 p\u00e9nalit\u00e9, sur un green, dans une zone de jeu interdit ou sur un mauvais green.<br>Toutefois, si le joueur choisit de dropper dans une zone de jeu interdit ou sur un mauvais green, il doit alors continuer en se d\u00e9gageant de cette zone de jeu interdit ou de ce mauvais green comme l\u2019exigent les R\u00e8gles.<br>De m\u00eame, si le joueur choisit de dropper dans une zone \u00e0 p\u00e9nalit\u00e9 et qu\u2019il ne peut pas (ou ne souhaite pas) jouer la balle de l\u2019endroit o\u00f9 elle repose maintenant, la seule option est de continuer en se d\u00e9gageant selon coup et distance en jouant d\u2019o\u00f9 a \u00e9t\u00e9 jou\u00e9 le coup pr\u00e9c\u00e9dent parce que :<br>\u2022 Un d\u00e9gagement pour une balle injouable ne peut pas de nouveau \u00eatre pris car un tel d\u00e9gagement n\u2019est pas autoris\u00e9 quand une balle repose dans une zone \u00e0 p\u00e9nalit\u00e9.<br>\u2022 Un d\u00e9gagement de la zone \u00e0 p\u00e9nalit\u00e9 en utilisant l\u2019option de d\u00e9gagement en arri\u00e8re sur la ligne ou l\u2019option de d\u00e9gagement lat\u00e9ral, ne peut pas non plus \u00eatre pris, parce que la balle n\u2019a pas franchi la lisi\u00e8re de la zone \u00e0 p\u00e9nalit\u00e9 avant de venir y reposer et par cons\u00e9quent il n\u2019y a pas de point de r\u00e9f\u00e9rence et aucun moyen d\u2019estimer un point de r\u00e9f\u00e9rence pour prendre un tel d\u00e9gagement.<br>En se d\u00e9gageant selon coup et distance, le joueur encourra un autre coup de p\u00e9nalit\u00e9 (en plus du premier coup de p\u00e9nalit\u00e9 pour le d\u00e9gagement de la balle injouable).<br><strong>19.2\/3<\/strong> \u2013 Le point de r\u00e9f\u00e9rence d\u2019un d\u00e9gagement coup et distance ne change pas jusqu\u2019\u00e0 ce que le coup soit jou\u00e9<br>Le point de r\u00e9f\u00e9rence utilis\u00e9 pour se d\u00e9gager selon coup et distance ne change pas jusqu\u2019\u00e0 ce que le joueur joue un autre coup sur sa balle en jeu, m\u00eame si le joueur a dropp\u00e9 une balle selon une R\u00e8gle.<br>Par exemple, un joueur se d\u00e9gage pour une balle injouable et droppe une balle soit selon l\u2019option de d\u00e9gagement en arri\u00e8re sur la ligne, soit selon l\u2019option de d\u00e9gagement lat\u00e9ral. La balle dropp\u00e9e reste dans la zone de d\u00e9gagement mais roule \u00e0 un endroit o\u00f9 le joueur d\u00e9cide de nouveau qu\u2019elle est injouable.<br>Avec un coup de p\u00e9nalit\u00e9 suppl\u00e9mentaire le joueur peut de nouveau utiliser l\u2019option de d\u00e9gagement en arri\u00e8re sur la ligne ou l\u2019option de d\u00e9gagement lat\u00e9ral, ou peut choisir l\u2019option de d\u00e9gagement coup et distance en utilisant comme point de r\u00e9f\u00e9rence le point d\u2019o\u00f9 la balle avait \u00e9t\u00e9 jou\u00e9e en dernier avant d\u2019\u00eatre d\u00e9clar\u00e9e injouable la premi\u00e8re fois. Ce point de r\u00e9f\u00e9rence pour le d\u00e9gagement coup et distance ne change pas parce que le joueur n\u2019a pas jou\u00e9 de coup sur la balle dropp\u00e9e.<br>Le r\u00e9sultat serait diff\u00e9rent si le joueur avait jou\u00e9 un coup sur la balle dropp\u00e9e, parce que cet emplacement serait devenu le nouveau point de r\u00e9f\u00e9rence pour un  d\u00e9gagement coup et distance.<br><strong>19.2\/4<\/strong> \u2013 Un joueur peut se d\u00e9gager sans p\u00e9nalit\u00e9 s\u2019il rel\u00e8ve sa balle pour se d\u00e9gager pour une balle injouable et d\u00e9couvre avant de dropper que sa balle \u00e9tait dans un terrain en r\u00e9paration<br>Si un joueur rel\u00e8ve sa balle pour se d\u00e9gager pour une balle injouable et d\u00e9couvre alors qu\u2019elle \u00e9tait dans un terrain en r\u00e9paration ou une autre condition anormale du parcours, le joueur peut toujours se d\u00e9gager gratuitement selon la R\u00e8gle 16.1 aussi longtemps qu\u2019il n\u2019a pas encore mis une balle en jeu selon la R\u00e8gle 19 pour se d\u00e9gager pour une balle injouable.<br><strong>19.2\/5<\/strong> \u2013 Un joueur doit retrouver sa balle pour utiliser les options de d\u00e9gagement en arri\u00e8re sur la ligne ou de d\u00e9gagement lat\u00e9ral<br>Les options de d\u00e9gagement en arri\u00e8re sur la ligne et de d\u00e9gagement lat\u00e9ral selon la R\u00e8gle 19.2 et 19.3 ne peuvent pas \u00eatre utilis\u00e9es sans avoir retrouv\u00e9 la balle d\u2019origine car les deux options exigent que l\u2019emplacement de la balle d\u2019origine soit le point de r\u00e9f\u00e9rence pour le d\u00e9gagement. Si l\u2019une ou l\u2019autre de ces options de d\u00e9gagement est utilis\u00e9e pour se d\u00e9gager pour une balle injouable en prenant pour r\u00e9f\u00e9rence une balle qui n\u2019est pas la balle du joueur, le joueur est consid\u00e9r\u00e9 avoir pris un d\u00e9gagement coup et distance car c\u2019est la seule R\u00e8gle qu\u2019il puisse utiliser s\u2019il n\u2019a pas retrouv\u00e9 sa balle d\u2019origine.<br>Par exemple, un joueur trouve une balle abandonn\u00e9e dans un mauvais lie. La prenant par erreur pour sa balle, le joueur d\u00e9cide de se d\u00e9gager lat\u00e9ralement (R\u00e8gle 19.2c), substitue une balle et la joue. Alors qu\u2019il marche pour jouer son prochain coup, le joueur trouve sa balle. Comme le joueur ne connaissait pas l\u2019emplacement de sa balle d\u2019origine au moment o\u00f9 l\u2019autre balle a \u00e9t\u00e9 substitu\u00e9e, il est consid\u00e9r\u00e9 avoir pris un d\u00e9gagement coup et distance et l\u2019avoir fait \u00e0 un mauvais endroit (R\u00e8gle 14.7).<br>En match play, le joueur perd le trou pour avoir jou\u00e9 d\u2019un mauvais endroit.<br>En stroke play, le joueur encourt un coup de p\u00e9nalit\u00e9 pour le d\u00e9gagement coup et distance (R\u00e8gle 18.1) et deux autres coups de p\u00e9nalit\u00e9 pour l\u2019avoir fait d\u2019un mauvais endroit. Si jouer du mauvais endroit constitue une grave infraction, l\u2019erreur devra \u00eatre corrig\u00e9e avant de jouer un coup pour commencer un autre trou ou, pour le dernier trou du tour, avant de rendre sa carte de score.<br><strong>19.2a\/1<\/strong> \u2013 Un joueur peut se d\u00e9gager selon coup et distance m\u00eame si l\u2019endroit o\u00f9 a \u00e9t\u00e9 jou\u00e9 le coup pr\u00e9c\u00e9dent est plus pr\u00e8s du trou que celui o\u00f9 repose la balle<br>Si une balle vient reposer plus loin du trou que l\u2019endroit d\u2019o\u00f9 elle avait \u00e9t\u00e9 jou\u00e9e, un d\u00e9gagement selon coup et distance peut toujours \u00eatre pris.<br>Exemples o\u00f9 le d\u00e9gagement coup et distance peut \u00eatre plus pr\u00e8s du trou :<br>\u2022 Le coup d\u2019un joueur depuis la zone de d\u00e9part heurte un arbre, rebondit en<br>arri\u00e8re et vient reposer derri\u00e8re la zone de d\u00e9part. Le joueur peut rejouer de la<br>zone de d\u00e9part avec une p\u00e9nalit\u00e9 d\u2019un coup.<br>\u2022 Un joueur a un putt en descente, son putt sort du green et la balle roule en dehors du green dans un mauvais lie ou dans une zone \u00e0 p\u00e9nalit\u00e9. Le joueur peut rejouer du green avec un coup de p\u00e9nalit\u00e9.<br><strong>19.2a\/2<\/strong> \u2013 Un d\u00e9gagement coup et distance est uniquement autoris\u00e9 de puis l\u2019emplacement o\u00f9 a \u00e9t\u00e9 jou\u00e9 le coup pr\u00e9c\u00e9dent<br>L\u2019option de d\u00e9gagement coup et distance pour une balle injouable s\u2019applique uniquement depuis l\u00e0 o\u00f9 le dernier coup avait \u00e9t\u00e9 jou\u00e9 ; un joueur n\u2019est pas autoris\u00e9 \u00e0 retourner \u00e0 l\u2019endroit d\u2019o\u00f9 n\u2019importe quel coup avait \u00e9t\u00e9 ant\u00e9rieurement jou\u00e9.<br>Si l\u2019option de d\u00e9gagement coup et distance ou l\u2019option en arri\u00e8re sur la ligne ne sont pas favorables, la seule option est de se d\u00e9gager lat\u00e9ralement plusieurs fois, en prenant une p\u00e9nalit\u00e9 \u00e0 chaque fois, jusqu\u2019\u00e0 ce que le joueur ait une balle dans une position jouable.<\/p>\n","protected":false},"excerpt":{"rendered":"<p>R\u00e8gle 19.2 Clarifications : options de d\u00e9gagement pour une balle injouable dans la zone g\u00e9n\u00e9rale ou sur le green19.2\/1 \u2013 Il n\u2019est pas assur\u00e9 qu\u2019une balle sera jouable apr\u00e8s un d\u00e9gagement pour une balle injouableQuand il se d\u00e9gage pour une balle injouable, un joueur doit en accepter le r\u00e9sultat m\u00eame [&hellip;]<\/p>\n","protected":false},"author":8,"featured_media":9462,"parent":0,"menu_order":0,"comment_status":"closed","ping_status":"closed","template":"","meta":{"footnotes":""},"class_list":["post-10302","page","type-page","status-publish","has-post-thumbnail","hentry"],"_links":{"self":[{"href":"https:\/\/asgolfdepessac.com\/index.php\/wp-json\/wp\/v2\/pages\/10302","targetHints":{"allow":["GET"]}}],"collection":[{"href":"https:\/\/asgolfdepessac.com\/index.php\/wp-json\/wp\/v2\/pages"}],"about":[{"href":"https:\/\/asgolfdepessac.com\/index.php\/wp-json\/wp\/v2\/types\/page"}],"author":[{"embeddable":true,"href":"https:\/\/asgolfdepessac.com\/index.php\/wp-json\/wp\/v2\/users\/8"}],"replies":[{"embeddable":true,"href":"https:\/\/asgolfdepessac.com\/index.php\/wp-json\/wp\/v2\/comments?post=10302"}],"version-history":[{"count":0,"href":"https:\/\/asgolfdepessac.com\/index.php\/wp-json\/wp\/v2\/pages\/10302\/revisions"}],"wp:featuredmedia":[{"embeddable":true,"href":"https:\/\/asgolfdepessac.com\/index.php\/wp-json\/wp\/v2\/media\/9462"}],"wp:attachment":[{"href":"https:\/\/asgolfdepessac.com\/index.php\/wp-json\/wp\/v2\/media?parent=10302"}],"curies":[{"name":"wp","href":"https:\/\/api.w.org\/{rel}","templated":true}]}}