{"id":10621,"date":"2025-03-28T17:19:30","date_gmt":"2025-03-28T16:19:30","guid":{"rendered":"https:\/\/asgolfdepessac.com\/?page_id=10621"},"modified":"2025-05-23T05:45:23","modified_gmt":"2025-05-23T03:45:23","slug":"sommaire-des-procedures-du-comite","status":"publish","type":"page","link":"https:\/\/asgolfdepessac.com\/index.php\/sommaire-des-procedures-du-comite\/","title":{"rendered":"Sommaire des Proc\u00e9dures du Comit\u00e9"},"content":{"rendered":"\n<div class=\"wp-block-buttons is-horizontal is-content-justification-center is-layout-flex wp-container-core-buttons-is-layout-03627597 wp-block-buttons-is-layout-flex\">\n<div class=\"wp-block-button\"><a class=\"wp-block-button__link has-black-color has-header-text-color-background-color has-text-color has-background has-link-color wp-element-button\" href=\"https:\/\/asgolfdepessac.com\/wp-content\/uploads\/2025\/03\/HardCard-2025.pdf\" style=\"border-style:none;border-width:0px\">Hard Card<\/a><\/div>\n\n\n\n<div class=\"wp-block-button\"><a class=\"wp-block-button__link has-black-color has-header-text-color-background-color has-text-color has-background has-link-color wp-element-button\" href=\"https:\/\/asgolfdepessac.com\/wp-content\/uploads\/2025\/03\/VM2025.pdf\">Vademecum 2025<\/a><\/div>\n\n\n\n<div class=\"wp-block-button\"><a class=\"wp-block-button__link has-black-color has-header-text-color-background-color has-text-color has-background has-link-color wp-element-button\" href=\"https:\/\/asgolfdepessac.com\/index.php\/procedure-pour-le-comite\/\">Proc\u00e9dure du Comit\u00e9<\/a><\/div>\n<\/div>\n\n\n\n<p><\/p>\n\n\n\n<p class=\"has-black-color has-background-color-background-color has-text-color has-background has-link-color wp-elements-a150cc9d022f521929cce0755bdd45a3\"><strong><a href=\"https:\/\/asgolfdepessac.com\/index.php\/procedure-pour-le-comite\/#S1\">Le Comit\u00e9 (section 1)<\/a><\/strong><br>&#8211; <strong>1A -Jeu en g\u00e9n\u00e9ral<\/strong><br>&#8211; <strong>1B -Comp\u00e9titions<\/strong><br><strong>Jeu en g\u00e9n\u00e9ral (sections 2-4)<\/strong><br><strong><a href=\"https:\/\/asgolfdepessac.com\/index.php\/procedure-pour-le-comite\/#S2\">Section 2 -Marquage du parcours pour le jeu en g\u00e9n\u00e9ral<\/a><\/strong><br>&#8211; <strong>2A -Hors limites<\/strong><br>&#8212; <strong>(1) Recommandations g\u00e9n\u00e9rales pour d\u00e9terminer et marquer les lisi\u00e8res des limites du parcours :<\/strong><br>&#8212; <strong>a. Les propri\u00e9t\u00e9s qui bordent le parcours<\/strong><br>&#8212; <strong>b. Utilisation de piquets<\/strong><br>&#8212; <strong>c. Utilisation de lignes de peinture<\/strong><br>&#8212; <strong>d. Autres fa\u00e7ons de d\u00e9limiter les limites<\/strong><br>&#8212; <strong>e. Autres consid\u00e9rations<\/strong><br>&#8212; <strong>(2) Marquage des limites internes<\/strong><br>&#8211; <strong>2B -Zones de d\u00e9parts<\/strong><br>&#8211; <strong>2C -Zones \u00e0 p\u00e9nalit\u00e9<\/strong><br>&#8212; <strong>(1) D\u00e9cider quand marquer une zone qui ne contient pas d\u2019eau comme zone \u00e0 p\u00e9nalit\u00e9<\/strong><br>&#8212; <strong>(2) Comment marquer ou d\u00e9finir la lisi\u00e8re d\u2019une zone \u00e0 p\u00e9nalit\u00e9<\/strong><br>&#8212; <strong>(3) D\u00e9terminer o\u00f9 marquer la lisi\u00e8re d\u2019une zone \u00e0 p\u00e9nalit\u00e9<\/strong><br>&#8212; <strong>(4) Marquer une zone \u00e0 p\u00e9nalit\u00e9 en rouge ou en jaune<\/strong><br>&#8212; <strong>(5) Changement de statut d\u2019une zone \u00e0 p\u00e9nalit\u00e9 entre rouge et jaune<\/strong><br>&#8212; <strong>a. Le statut de la zone \u00e0 p\u00e9nalit\u00e9 peut diff\u00e9rer en fonction de la zone de d\u00e9part utilis\u00e9e<\/strong><br>&#8212; <strong>b. Le statut de la zone \u00e0 p\u00e9nalit\u00e9 peut diff\u00e9rer entre diff\u00e9rents trous<\/strong><br>&#8212; <strong>c. Le statut de la lisi\u00e8re de la zone \u00e0 p\u00e9nalit\u00e9 ne doit pas changer pendant le jeu d\u2019un trou<\/strong><br>&#8212; <strong>(6) D\u00e9finir une zone \u00e0 p\u00e9nalit\u00e9 comme zone de jeu interdit<\/strong><br>&#8212; <strong>(7) \u00c9tendue d\u2019eau adjacente au parcours<\/strong><br>&#8211; <strong>2D -Bunkers<\/strong><br>&#8211; <strong>2E -Greens<\/strong><br>&#8211; <strong>2F -Conditions anormales de parcours<\/strong><br>&#8212; <strong>(1) D\u00e9cider des zones \u00e0 marquer comme terrain en r\u00e9paration<\/strong><br>&#8212; <strong>(2) Comment marquer ou d\u00e9finir la lisi\u00e8re du terrain en r\u00e9paration<\/strong><br>&#8211; <strong>2G -Zone de jeu interdit<\/strong><br>&#8212; <strong>(1) Ce qui peut \u00eatre marqu\u00e9 comme zone de jeu interdit<\/strong><br>&#8212; <strong>(2) Comment marquer une zone de jeu interdit<\/strong><br>&#8211; <strong>2H -El\u00e9ments partie int\u00e9grante<\/strong><br>&#8211; <strong>2I -Dropping zones<\/strong><br>&#8212; <strong>(1) Quand utiliser des dropping zones<\/strong><br>&#8212; <strong>(2) O\u00f9 placer les dropping zones<\/strong><br><strong><a href=\"https:\/\/asgolfdepessac.com\/index.php\/procedure-pour-le-comite\/#S3\">Section 3 -R\u00e8gles locales pour le jeu en g\u00e9n\u00e9ral<\/a><\/strong><br><strong><a href=\"https:\/\/asgolfdepessac.com\/index.php\/procedure-pour-le-comite\/#S4\">Section 4 -Consid\u00e9rations compl\u00e9mentaires pour le jeu en g\u00e9n\u00e9ral<\/a><\/strong><br>&#8211; <strong>4A -Temps de jeu et code de comportement<\/strong><br>&#8212; <strong>(1) Intervalles de d\u00e9part<\/strong><br>&#8212; <strong>(2) Dispositions relatives \u00e0 la cadence de jeu<\/strong><br>&#8212; <strong>(3) Dispositions relatives au Code de comportement<\/strong><br>&#8211; <strong>4B -Interrompre le jeu<\/strong><br>&#8211; <strong>4C -Fournir une assistance sur les r\u00e8gles<\/strong><br><strong>Comp\u00e9titions (sections 5-7)<\/strong><br><strong><a href=\"https:\/\/asgolfdepessac.com\/index.php\/procedure-pour-le-comite\/#S5\">Section 5 -Avant la comp\u00e9tition<\/a><\/strong><br>&#8211; <strong>5A -D\u00e9finir le r\u00e8glement de la comp\u00e9tition<\/strong><br>&#8212; <strong>(1) \u00c9ligibilit\u00e9<\/strong><br>&#8212; <strong>a. Exigences de genre<\/strong><br>&#8212; <strong>b. Limites d\u2019\u00e2ge<\/strong><br>&#8212; <strong>c. Statut amateur<\/strong><br>&#8212; <strong>d. Limites de handicap<\/strong><br>&#8212; <strong>e. Statut de r\u00e9sident et de membre<\/strong><br>&#8212; <strong>(2) Conditions de participation et dates<\/strong><br>&#8212; <strong>(3) Format, y compris la prise en compte du handicap<\/strong><br>&#8212; <strong>(4) Modalit\u00e9s pour d\u2019autres formes de jeu<\/strong><br>&#8212; <strong>a. M\u00e9thodes alternatives de score<\/strong><br>&#8212; <strong>b. Stableford<\/strong><br>&#8212; <strong>c. Score maximum<\/strong><br>&#8212; <strong>d. Par \/ Bogey<\/strong><br>&#8212; <strong>e. Autres formes de jeu<\/strong><br>&#8212; <strong>f. Comp\u00e9titions par \u00e9quipes<\/strong><br>&#8212; <strong>(5) Quand la carte de score a \u00e9t\u00e9 rendue<\/strong><br>&#8212; <strong>a. Pr\u00e9ciser \u00e0 quel moment la carte de score est consid\u00e9r\u00e9e comme rendue<\/strong><br>&#8212; <strong>b. Demander aux joueurs de fournir d\u2019autres informations sur les cartes de scores<\/strong><br>&#8212; <strong>(6) Comment les \u00e9galit\u00e9s seront d\u00e9partag\u00e9es<\/strong><br>&#8212; <strong>a. Match play<\/strong><br>&#8212; <strong>b. Stroke play<\/strong><br>&#8212; <strong>c. Play-off en Stroke play<\/strong><br>&#8212; <strong>d. Comparaison des cartes de score (\u00e9galement connue sous le nom de d\u00e9partage sur le meilleur retour)<\/strong><br>&#8212; <strong>(7) Moment o\u00f9 le r\u00e9sultat de la comp\u00e9tition est d\u00e9finitif<\/strong><br>&#8212; <strong>a. Match play<\/strong><br>&#8212; <strong>b. Stroke play<\/strong><br>&#8212; <strong>(8) Modification du R\u00e8glement de la comp\u00e9tition apr\u00e8s le d\u00e9but de la comp\u00e9tition<\/strong><br>&#8211;,<strong>(9) Antidopage<\/strong><br>&#8211; <strong>5B -Marquage du parcours<\/strong><br>&#8212; <strong>(1) Hors limites<\/strong><br>&#8212; <strong>(2) Zones \u00e0 p\u00e9nalit\u00e9<\/strong><br>&#8212; <strong>(3) Bunkers<\/strong><br>&#8212; <strong>(4) Conditions anormales du parcours et \u00e9l\u00e9ments partie int\u00e9grante<\/strong><br>&#8211;,<strong>(5) Zone de jeu interdit<\/strong><br>&#8211;,<strong>(6) Obstructions temporaires<\/strong><br>&#8211; <strong>5C -R\u00e8gles locales<\/strong><br>&#8211; <strong>5D -Conditions d&rsquo;\u00e9ligibilit\u00e9 des joueurs pr\u00e9sentant un handicap pour l&rsquo;utilisation de la r\u00e8gle 25<\/strong><br>&#8211; <strong>5E -D\u00e9finir les zones d&rsquo;entrainement<\/strong><br>&#8211; <strong>5F -Zones de d\u00e9part et emplacement des trous<\/strong><br>&#8212; <strong>(1) S\u00e9lection des zones de d\u00e9part<\/strong><br>&#8212; <strong>(2) Choix de l\u2019emplacement des trous<\/strong><br>&#8211; <strong>5G -Tirage, groupes et heures de d\u00e9part<\/strong><br>&#8212; <strong>(1) Tirage des d\u00e9parts<\/strong><br>&#8212; <strong>(2) Heures de d\u00e9part et groupes de jeu<\/strong><br>&#8212; <strong>(3) Marqueurs<\/strong><br>&#8212; <strong>(4) Zones de d\u00e9part<\/strong><br>&#8211; <strong>5H -Dispositions relatives \u00e0 la cadence de jeu<\/strong><br>&#8211; <strong>5I -Code comportement<\/strong><br>&#8212; <strong>(1) \u00c9tablissement d\u2019un Code de comportement<\/strong><br>&#8212; <strong>(2) Usages autoris\u00e9es et interdits d\u2019un Code de comportement<\/strong><br>&#8212; <strong>a. Autoris\u00e9s<\/strong><br>&#8212; <strong>b. Non autoris\u00e9s<\/strong><br>&#8212; <strong>(3) D\u00e9termination des p\u00e9nalit\u00e9s pour infraction au Code de comportement<\/strong><br>&#8212; <strong>(4) Exemple de la structure des p\u00e9nalit\u00e9s pour un Code de comportement<\/strong><br>&#8212; <strong>(5) Esprit du jeu et grave faute de comportement<\/strong><br>&#8211; <strong>5J -Information pour les joueurs et les arbitres<\/strong><br>&#8212; <strong>(1) R\u00e8gles locales<\/strong><br>&#8212; <strong>(2) Feuilles des d\u00e9parts ou tableaux de match<\/strong><br>&#8212; <strong>(3) Feuilles de position des trous<\/strong><br>&#8212; <strong>(4) Cartes de score incluant les attributions de coup de handicap<\/strong><br>&#8212; <strong>(5) Dispositions relatives \u00e0 la cadence de jeu et au Code de comportement<\/strong><br>&#8212; <strong>(6) Plan d\u2019\u00e9vacuation<\/strong><br>&#8212; <strong>(7) Conseils et explication sur la meilleure fa\u00e7on d\u2019aider \u00e0 \u00e9viter une \u00a0\u00bb balle servant de butoir\u00a0\u00bb<\/strong><br><strong><a href=\"https:\/\/asgolfdepessac.com\/index.php\/procedure-pour-le-comite\/#S6\">Section 6 -Durant la comp\u00e9tition<\/a><\/strong><br>&#8211; <strong>6A -D\u00e9part<\/strong><br>&#8211; <strong>6B &#8211; Le parcours<\/strong><br>&#8212; <strong>(1) Entretien du parcours pendant un tour<\/strong><br>&#8212; <strong>(2) D\u00e9termination de la position des trous et des zones de d\u00e9part<\/strong><br>&#8212; <strong>a. Zone de d\u00e9part devenue inutilisable apr\u00e8s le commencement d\u2019un tour<\/strong><br>&#8212; <strong>b. Marques de d\u00e9part ou trou d\u00e9plac\u00e9s<\/strong><br>&#8212; <strong>c. D\u00e9placer la position du trou du fait de la difficult\u00e9 de la position<\/strong><br>&#8212; <strong>d. Repositionner un trou apr\u00e8s qu\u2019une balle est d\u00e9j\u00e0 en position proche sur le green<\/strong><br>&#8211; <strong>6C -Fournir une assistance sur les r\u00e8gles aux joueurs<\/strong><br>&#8212; <strong>(1) Missions et autorit\u00e9 des arbitres et des membres du Comit\u00e9<\/strong><br>&#8212; <strong>(2) Un arbitre autorise un joueur \u00e0 enfreindre une R\u00e8gle<\/strong><br>&#8212; <strong>(3) Un arbitre avertit un joueur sur le point d\u2019enfreindre une R\u00e8gle<\/strong><br>&#8212; <strong>(4) Contestation de la d\u00e9cision d\u2019un arbitre<\/strong><br>&#8212; <strong>(5) Le joueur a la responsabilit\u00e9 de fournir des informations exactes \u00e0 l\u2019arbitre<\/strong><br>&#8212; <strong>(6) Comment r\u00e9soudre les questions de fait<\/strong><br>&#8212; <strong>(7) \u00c9tat r\u00e9el du match ind\u00e9terminable<\/strong><br>&#8212; <strong>(8) Gestion d\u2019une d\u00e9cision quand un joueur proc\u00e8de selon une R\u00e8gle qui ne s\u2019applique pas<\/strong><br>&#8212; <strong>(9) Gestion des d\u00e9cisions erron\u00e9es en match play<\/strong><br>&#8212; <strong>a. Correction d\u2019une d\u00e9cision erron\u00e9e par un arbitre pendant un match<\/strong><br>&#8212; <strong>b. Correction d\u2019une d\u00e9cision erron\u00e9e donn\u00e9e sur le dernier trou d\u2019un match avant que le r\u00e9sultat ne soit d\u00e9finitif<\/strong><br>&#8212; <strong>c. D\u00e9cision incorrecte d\u2019un arbitre dans un match entra\u00eenant un joueur \u00e0 jouer un coup d\u2019un mauvais endroit<\/strong><br>&#8212; <strong>(10) Gestion des d\u00e9cisions erron\u00e9es en stroke play<\/strong><br>&#8212; <strong>a. Correction d\u2019une d\u00e9cision erron\u00e9e d\u2019un arbitre en stroke play<\/strong><br>&#8212; <strong>b. Joueur en stroke play avis\u00e9 par erreur qu\u2019un coup ne compte pas<\/strong><br>&#8212; <strong>c. Un joueur en stroke play joue un coup d\u2019un mauvais endroit du fait d\u2019une d\u00e9cision erron\u00e9e ; proc\u00e9dure pour le joueur quand l\u2019erreur est d\u00e9couverte<\/strong><br>&#8212; <strong>d. Un arbitre donne une information incorrecte \u00e0 un joueur ; le joueur agit en fonction de cette information dans la suite du jeu<\/strong><br>&#8212; <strong>e. Un joueur rel\u00e8ve la balle sans autorisation suite \u00e0 une mauvaise compr\u00e9hension des instructions d\u2019un arbitre<\/strong><br>&#8212; <strong>f. Un joueur est avis\u00e9 \u00e0 tort de continuer avec une balle provisoire par un arbitre<\/strong><br>&#8212; <strong>g. Le Comit\u00e9 donne une d\u00e9cision erron\u00e9e quand un joueur a jou\u00e9 deux balles selon la R\u00e8gle 20.1c(3); correction de la d\u00e9cision<\/strong><br>&#8212; <strong>h. P\u00e9nalit\u00e9 de disqualification appliqu\u00e9e par erreur au vainqueur de la comp\u00e9tition ; erreur d\u00e9couverte apr\u00e8s que deux autres joueurs jouent un play off pour la premi\u00e8re place<\/strong><br>&#8212; <strong>i. Application d\u2019une p\u00e9nalit\u00e9 de disqualification en comp\u00e9tition dans laquelle tous les scores ne sont pas utilis\u00e9s pour d\u00e9terminer le vainqueur<\/strong><br>&#8212; <strong>(11) Association de Match Play et Stroke Play<\/strong><br>&#8212; <strong>a. Quand des joueurs demandent de combiner match play et stroke play<\/strong><br>&#8212; <strong>b. Quand des joueurs demandent une d\u00e9cision lorsqu\u2019ils ont combin\u00e9 match play et stroke play<\/strong><br>&#8211; <strong>6D -Faire respecter la cadence de jeu<\/strong><br>&#8211; <strong>6E -Interruptions et reprises du jeu<\/strong><br>&#8212; <strong>(1) Interruptions de jeu imm\u00e9diates et normales<\/strong><br>&#8212; <strong>(2) D\u00e9cider quand interrompre et reprendre le jeu<\/strong><br>&#8212; <strong>a. Foudre<\/strong><br>&#8212; <strong>b. Visibilit\u00e9<\/strong><br>&#8212; <strong>c. Eau temporaire<\/strong><br>&#8212; <strong>d. Vent<\/strong><br>&#8212; <strong>(3) Reprise du jeu<\/strong><br>&#8212; <strong>(4) Quand annuler un tour<\/strong><br>&#8212; <strong>a. Match Play<\/strong><br>&#8212; <strong>b. Stroke Play<\/strong><br>&#8212; <strong>(5) Un joueur refuse de prendre le d\u00e9part ou arr\u00eate de jouer \u00e0 cause des conditions atmosph\u00e9riques<\/strong><br>&#8212; <strong>(6) Enlever de l\u2019eau temporaire ou des d\u00e9tritus sur un green<\/strong><br>&#8212; <strong>(7) Un match commence dans l\u2019ignorance que le parcours est ferm\u00e9<\/strong><br>&#8211; <strong>6F -Score<\/strong><br>&#8212; <strong>(1) Match Play<\/strong><br>&#8212; <strong>(2) Stroke Play<\/strong><br>&#8211; <strong>6G -Effectuer des cuts; \u00e9tablir des tirages; cr\u00e9er de nouveaux groupes<\/strong><br>&#8212; <strong>(1) Effectuer des cuts et cr\u00e9er de nouveaux groupes<\/strong><br>&#8212; <strong>(2) Traitement des abandons et disqualifications en match play<\/strong><br>&#8212; <strong>(3) Traitement des abandons et des disqualifications en stroke play<\/strong><br>&#8212; <strong>(4) Qualification pour un match play<\/strong><br>&#8212; <strong>(5) Une mauvaise application de handicap affecte le tirage d\u2019un match play<\/strong><br><strong><a href=\"https:\/\/asgolfdepessac.com\/index.php\/procedure-pour-le-comite\/#S7\">Section 7 -Apr\u00e8s la comp\u00e9tition<\/a><\/strong><br>&#8211; <strong>7A -D\u00e9partager les \u00e9galit\u00e9s en stroke play<\/strong><br>&#8212;<strong>(1) -Disqualification ou concession d\u2019une d\u00e9faite en play-off d\u2019un stroke play<\/strong><br>&#8212;<strong>(2) -Certains joueurs ne terminent pas le play-off du stroke play<\/strong><br>&#8211; <strong>7B -Finaliser les r\u00e9sultats<\/strong><br>&#8211; <strong>7C -Attribution des prix<\/strong><br>&#8211; <strong>7D -Probl\u00e8mes de r\u00e8gles ou de score survenant apr\u00e8s une comp\u00e9tition<\/strong><br><strong>R\u00e8gles locales type et autres formes de jeu (Sections 8-9)<\/strong><br><strong><a href=\"https:\/\/asgolfdepessac.com\/index.php\/procedure-pour-le-comite\/#S8\">Sections 8 -R\u00e8gles locales types<\/a><\/strong><br>8A -Hors limites et limites du parcours<br>8B -Zones \u00e0 p\u00e9nalit\u00e9<br>8C -Bunkers<br>8D -Greens<br>8E -Proc\u00e9dures de d\u00e9gagement particuli\u00e8res<br>8F -Conditions anormales du parcours et \u00e9l\u00e9ments partie int\u00e9grante<br>8G -Restrictions sur l&rsquo;utilisation d&rsquo;\u00e9quipements sp\u00e9cifiques<br>8H -D\u00e9finir qui peut aider ou donner des conseils aux joueurs<br>8I -D\u00e9finir quand et o\u00f9 les joueurs peuvent s&rsquo;entrainer<br>8J -Proc\u00e9dures pour mauvais temps et interruptions du jeu<br>8K -Dispositions relatives \u00e0 la cadence de jeu<br>8L -Responsabilit\u00e9s concernant les cartes de score<br>8M -R\u00e8gles locales types pour les joueurs pr\u00e9sentant des handicaps<br><strong><a href=\"https:\/\/asgolfdepessac.com\/index.php\/procedure-pour-le-comite\/#S9\">Section 9 -Autres formes de jeu<\/a><\/strong><br>9A -Stableford modifi\u00e9<br>9B -Greensome<br>9C -Scramble<br>9D -Les deux meilleurs scores sur quatre comptent<\/p>\n","protected":false},"excerpt":{"rendered":"<p>Le Comit\u00e9 (section 1)&#8211; 1A -Jeu en g\u00e9n\u00e9ral&#8211; 1B -Comp\u00e9titionsJeu en g\u00e9n\u00e9ral (sections 2-4)Section 2 -Marquage du parcours pour le jeu en g\u00e9n\u00e9ral&#8211; 2A -Hors limites&#8212; (1) Recommandations g\u00e9n\u00e9rales pour d\u00e9terminer et marquer les lisi\u00e8res des limites du parcours :&#8212; a. Les propri\u00e9t\u00e9s qui bordent le parcours&#8212; b. Utilisation de [&hellip;]<\/p>\n","protected":false},"author":8,"featured_media":9462,"parent":0,"menu_order":0,"comment_status":"closed","ping_status":"closed","template":"","meta":{"footnotes":""},"class_list":["post-10621","page","type-page","status-publish","has-post-thumbnail","hentry"],"_links":{"self":[{"href":"https:\/\/asgolfdepessac.com\/index.php\/wp-json\/wp\/v2\/pages\/10621","targetHints":{"allow":["GET"]}}],"collection":[{"href":"https:\/\/asgolfdepessac.com\/index.php\/wp-json\/wp\/v2\/pages"}],"about":[{"href":"https:\/\/asgolfdepessac.com\/index.php\/wp-json\/wp\/v2\/types\/page"}],"author":[{"embeddable":true,"href":"https:\/\/asgolfdepessac.com\/index.php\/wp-json\/wp\/v2\/users\/8"}],"replies":[{"embeddable":true,"href":"https:\/\/asgolfdepessac.com\/index.php\/wp-json\/wp\/v2\/comments?post=10621"}],"version-history":[{"count":0,"href":"https:\/\/asgolfdepessac.com\/index.php\/wp-json\/wp\/v2\/pages\/10621\/revisions"}],"wp:featuredmedia":[{"embeddable":true,"href":"https:\/\/asgolfdepessac.com\/index.php\/wp-json\/wp\/v2\/media\/9462"}],"wp:attachment":[{"href":"https:\/\/asgolfdepessac.com\/index.php\/wp-json\/wp\/v2\/media?parent=10621"}],"curies":[{"name":"wp","href":"https:\/\/api.w.org\/{rel}","templated":true}]}}