{"id":10671,"date":"2025-03-31T17:30:03","date_gmt":"2025-03-31T15:30:03","guid":{"rendered":"https:\/\/asgolfdepessac.com\/?page_id=10671"},"modified":"2025-04-03T15:24:30","modified_gmt":"2025-04-03T13:24:30","slug":"regle-n20-resoudre-les-problemes-de-regles-pendant-un-tour-decisions-dun-arbitre-ou-du-comite","status":"publish","type":"page","link":"https:\/\/asgolfdepessac.com\/index.php\/regle-n20-resoudre-les-problemes-de-regles-pendant-un-tour-decisions-dun-arbitre-ou-du-comite\/","title":{"rendered":"R\u00e8gle n\u00b020 &#8211; R\u00e9soudre les probl\u00e8mes de R\u00e8gles pendant un tour; d\u00e9cisions d&rsquo;un arbitre ou du Comit\u00e9"},"content":{"rendered":"\n<p class=\"has-text-align-center has-black-color has-background-color-background-color has-text-color has-background has-link-color has-medium-font-size wp-elements-bc45395de57d9e5e5e33fdbe759f5fe2\"><strong><a href=\"https:\/\/asgolfdepessac.com\/index.php\/clarification-de-la-regle-20\/\">Clarifications<\/a><\/strong><\/p>\n\n\n\n<p class=\"has-black-color has-background-color-background-color has-text-color has-background\"><strong>Objet de la R\u00e8gle :<\/strong><br>La R\u00e8gle 20 traite de ce que les joueurs devraient faire lorsqu\u2019ils ont des questions sur les R\u00e8gles pendant un tour, y compris sur les proc\u00e9dures (qui diff\u00e8rent en match play et en stroke play) permettant \u00e0 un joueur de prot\u00e9ger son droit d\u2019obtenir une d\u00e9cision ult\u00e9rieurement.<br>La R\u00e8gle traite \u00e9galement du r\u00f4le des arbitres qui sont autoris\u00e9s \u00e0 r\u00e9soudre des questions de fait et \u00e0 faire appliquer les R\u00e8gles. Les d\u00e9cisions d\u2019un arbitre ou du Comit\u00e9 s\u2019imposent \u00e0 tous les joueurs.<br><strong>20.1 R\u00e9soudre les probl\u00e8mes de R\u00e8gles pendant un tour<\/strong><br><strong>20.1a Les joueurs doivent \u00e9viter tout retard d\u00e9raisonnable<\/strong><br>Les joueurs ne doivent pas retarder le jeu de mani\u00e8re d\u00e9raisonnable lorsqu\u2019ils recherchent une aide concernant les R\u00e8gles pendant un tour :<br>\u2022 Si un arbitre ou le Comit\u00e9 ne sont pas disponibles dans un d\u00e9lai raisonnable pour aider \u00e0 r\u00e9soudre un probl\u00e8me de R\u00e8gles, le joueur doit d\u00e9cider quoi faire et continuer \u00e0 jouer.<br>\u2022 Le joueur peut prot\u00e9ger ses droits en demandant une d\u00e9cision en match play (voir R\u00e8gle 20.1b(2)) ou en jouant deux balles en stroke play (voir R\u00e8gle 20.1c(3)).<br><strong>20.1b Probl\u00e8mes de R\u00e8gles en match play<\/strong><br><strong>(1)<\/strong> R\u00e9soudre les probl\u00e8mes par accord. Pendant un tour, les joueurs, dans un match, peuvent se mettre d\u2019accord pour r\u00e9soudre un probl\u00e8me de R\u00e8gles :<br>\u2022 Le r\u00e9sultat de cet accord est d\u00e9finitif m\u00eame s\u2019il s\u2019av\u00e8re \u00eatre erron\u00e9 selon les R\u00e8gles, \u00e0 condition que les joueurs ne se soient pas mis d\u2019accord pour ignorer toute R\u00e8gle ou toute p\u00e9nalit\u00e9 qu\u2019ils savaient devoir appliquer (voir R\u00e8gle 1.3b(1)).<br>\u2022 Mais si un arbitre est d\u00e9sign\u00e9 pour le match, l\u2019arbitre doit se prononcer sur tout probl\u00e8me port\u00e9 \u00e0 sa connaissance dans les d\u00e9lais (voir R\u00e8gle 20.1b(2)), et les joueurs doivent suivre cette d\u00e9cision.<br>En l\u2019absence d\u2019un arbitre, si les joueurs ne sont pas d\u2019accord ou ont des doutes sur la fa\u00e7on d\u2019appliquer les R\u00e8gles, l\u2019un ou l\u2019autre joueur peut demander une d\u00e9cision selon la R\u00e8gle 20.1b(2).<br><strong>(2)<\/strong> Demande de d\u00e9cision formul\u00e9e avant le r\u00e9sultat d\u00e9finitif du match. Lorsqu\u2019un joueur souhaite qu\u2019un arbitre ou le Comit\u00e9 d\u00e9cident comment appliquer les R\u00e8gles \u00e0 son propre jeu ou au jeu de son adversaire, le joueur peut faire une demande de d\u00e9cision.<br>Si un arbitre ou le Comit\u00e9 ne sont pas disponibles dans un d\u00e9lai raisonnable, le joueur peut faire une demande de d\u00e9cision en informant son adversaire qu\u2019une d\u00e9cision ult\u00e9rieure sera demand\u00e9e lorsqu\u2019un arbitre ou le Comit\u00e9 seront disponibles.<br>Si un joueur fait une demande de d\u00e9cision avant que le r\u00e9sultat du match ne soit d\u00e9finitif :<br>\u2022 Une d\u00e9cision ne sera donn\u00e9e que si la demande est faite dans les d\u00e9lais, ce qui d\u00e9pend du moment o\u00f9 le joueur prend connaissance des faits engendrant le probl\u00e8me de R\u00e8gles :<br>\u00bb Quand le joueur prend connaissance des faits avant que l\u2019un ou l\u2019autre joueur ne commence le dernier trou du match. Lorsque le joueur prend connaissance des faits, la demande de d\u00e9cision doit<br>\u00eatre faite avant que l\u2019un ou l\u2019autre joueur ne joue un coup pour commencer un autre trou.<br>\u00bb Quand le joueur prend connaissance des faits pendant le dernier trou du match ou apr\u00e8s qu\u2019il est fini. La demande de d\u00e9cision doit \u00eatre faite avant que le r\u00e9sultat du match ne soit d\u00e9finitif (voir R\u00e8gle 3.2a(5)).<br>\u2022 Si le joueur ne fait pas la demande dans ces d\u00e9lais, aucune d\u00e9cision ne sera donn\u00e9e par un arbitre ou le Comit\u00e9 et le r\u00e9sultat du ou des trous en question sera maintenu m\u00eame si les R\u00e8gles ont \u00e9t\u00e9 appliqu\u00e9es de fa\u00e7on incorrecte.<br>Si le joueur demande une d\u00e9cision au sujet d\u2019un trou ant\u00e9rieur, une d\u00e9cision ne sera donn\u00e9e que si les trois conditions suivantes sont remplies :<br>\u2022 L\u2019adversaire a enfreint la R\u00e8gle 3.2d(1) (en donnant un nombre inexact de coups r\u00e9alis\u00e9s) ou la R\u00e8gle 3.2d(2) (en omettant d\u2019informer le joueur d\u2019une p\u00e9nalit\u00e9),<br>\u2022 La demande est fond\u00e9e sur des faits dont le joueur n\u2019avait pas connaissance avant que l\u2019un des joueurs ne joue un coup ou bien pour commencer le trou en cours, ou alors, si c\u2019est entre le jeu de deux trous, pour commencer le trou juste fini, et<br>\u2022 Apr\u00e8s avoir pris connaissance de ces faits, le joueur fait une demande de d\u00e9cision dans les d\u00e9lais (comme indiqu\u00e9 ci-dessus).<br><strong>(3)<\/strong> Demande de d\u00e9cision formul\u00e9e apr\u00e8s le r\u00e9sultat d\u00e9finitif du match. Lorsqu\u2019un joueur fait une demande de d\u00e9cision apr\u00e8s que le r\u00e9sultat du match est d\u00e9finitif :<br>\u2022 Le Comit\u00e9 ne donnera une d\u00e9cision au joueur que si les deux conditions suivantes sont remplies :<br>\u00bb La demande est bas\u00e9e sur des faits que le joueur ignorait avant que le r\u00e9sultat du match ne soit d\u00e9finitif, et<br>\u00bb L\u2019adversaire a enfreint la R\u00e8gle 3.2d(1) (en donnant un nombre inexact de coups r\u00e9alis\u00e9s) ou la R\u00e8gle 3.2d(2) (en omettant d\u2019informer le joueur d\u2019une p\u00e9nalit\u00e9), et \u00e9tait au courant de l\u2019infraction avant que le r\u00e9sultat du match ne soit d\u00e9finitif.<br>\u2022 Il n\u2019y a pas de limite de temps pour donner une telle d\u00e9cision.<br><strong>(4)<\/strong> Interdiction de jouer deux balles. Un joueur qui doute de la bonne proc\u00e9dure \u00e0 suivre dans un match n\u2019est pas autoris\u00e9 \u00e0 finir le trou avec deux balles. Cette proc\u00e9dure n\u2019est applicable qu\u2019en stroke play (voir R\u00e8gle 20.1c).<br><strong>20.1c Probl\u00e8mes de R\u00e8gles en stroke play<\/strong><br><strong>(1)<\/strong> Interdiction de se mettre d\u2019accord pour r\u00e9soudre un probl\u00e8me de R\u00e8gles. Si un arbitre ou le Comit\u00e9 ne sont pas disponibles dans un d\u00e9lai raisonnable pour aider \u00e0 r\u00e9soudre un probl\u00e8me de R\u00e8gles :<br>\u2022 Les joueurs sont encourag\u00e9s \u00e0 s\u2019entraider dans l\u2019application des R\u00e8gles, mais ils n\u2019ont pas le droit de se mettre d\u2019accord pour r\u00e9soudre un probl\u00e8me de R\u00e8gles, et tout accord de ce type qu\u2019ils concluent n\u2019est contraignant ni pour un joueur, ni pour un arbitre ou pour le Comit\u00e9.<br>\u2022 Un joueur devrait soulever tout probl\u00e8me de R\u00e8gles aupr\u00e8s du Comit\u00e9 avant de rendre sa carte de score.<br><strong>(2)<\/strong> Les joueurs devraient prot\u00e9ger les autres joueurs de la comp\u00e9tition. Afin de prot\u00e9ger les int\u00e9r\u00eats de tous les autres joueurs :<br>\u2022 Si un joueur sait ou croit qu\u2019un autre joueur a enfreint ou pourrait avoir enfreint les R\u00e8gles et que ce dernier n\u2019en a pas conscience ou qu\u2019il choisit de l\u2019ignorer, le joueur devrait en informer l\u2019autre joueur, son marqueur, un arbitre ou le Comit\u00e9.<br>\u2022 Cela devrait \u00eatre fait rapidement apr\u00e8s que le joueur a pris connaissance du probl\u00e8me, et au plus tard avant que l\u2019autre joueur ne rende sa carte de score, \u00e0 moins que ce ne soit pas possible.<br>Si le joueur omet de le faire, le Comit\u00e9 peut disqualifier le joueur selon la R\u00e8gle 1.2a s\u2019il juge qu\u2019il s\u2019agit d\u2019une grave faute de comportement contraire \u00e0 l\u2019esprit du jeu.<br><strong>(3)<\/strong> Jouer deux balles en cas de doute. Un joueur qui doute de la proc\u00e9dure correcte en jouant un trou peut, sans p\u00e9nalit\u00e9, finir le trou avec deux balles :<br>\u2022 Le joueur doit d\u00e9cider de jouer deux balles apr\u00e8s que la situation cr\u00e9ant le doute s\u2019est pr\u00e9sent\u00e9e et avant de jouer un coup.<br>\u2022 Le joueur devrait choisir quelle balle comptera si les R\u00e8gles autorisent la proc\u00e9dure utilis\u00e9e pour cette balle, en annon\u00e7ant ce choix \u00e0 son marqueur ou \u00e0 un autre joueur avant de jouer un coup.<br>\u2022 Si le joueur ne fait pas ce choix en temps voulu, la balle jou\u00e9e en premier est consid\u00e9r\u00e9e comme la balle choisie par d\u00e9faut.<br>\u2022 Le joueur doit rapporter les faits au Comit\u00e9 avant de rendre sa carte de score, m\u00eame si le score est identique avec les deux balles. S\u2019il omet de le faire, le joueur est disqualifi\u00e9.<br>\u2022 Si le joueur a jou\u00e9 un coup avant de d\u00e9cider de jouer une seconde balle :<br>\u00bb Cette R\u00e8gle ne s\u2019applique pas et le score qui comptera est celui r\u00e9alis\u00e9 avec la balle jou\u00e9e avant que le joueur ne d\u00e9cide de jouer la seconde balle.<br>\u00bb Mais le joueur n\u2019encourt pas de p\u00e9nalit\u00e9 pour avoir jou\u00e9 une seconde balle.<br>Une seconde balle jou\u00e9e selon cette R\u00e8gle n\u2019est pas une balle provisoire selon la R\u00e8gle 18.3.<br><strong>(4)<\/strong> D\u00e9cision du Comit\u00e9 pour le score du trou. Quand un joueur joue deux balles selon (3), le Comit\u00e9 d\u00e9cidera du score du joueur pour le trou de la fa\u00e7on suivante :<br>\u2022 Le score avec la balle choisie (soit par le joueur, soit par d\u00e9faut) comptera si les R\u00e8gles autorisent la proc\u00e9dure utilis\u00e9e pour cette balle.<br>\u2022 Si les R\u00e8gles n\u2019autorisent pas la proc\u00e9dure utilis\u00e9e pour cette balle, le score avec l\u2019autre balle jou\u00e9e comptera si les R\u00e8gles autorisent la proc\u00e9dure utilis\u00e9e pour cette autre balle.<br>\u2022 Si les R\u00e8gles n\u2019autorisent la proc\u00e9dure utilis\u00e9e pour aucune des deux balles, le score avec la balle choisie (soit par le joueur, soit par d\u00e9faut) comptera sauf en cas de grave infraction en jouant cette balle d\u2019un mauvais endroit, auquel cas c\u2019est le score avec l\u2019autre balle qui comptera.<br>\u2022 En cas de grave infraction en jouant chaque balle d\u2019un mauvais endroit, le joueur est disqualifi\u00e9.<br>\u2022 Tous les coups avec la balle qui ne compte pas (\u00e0 savoir les coups jou\u00e9s et tous les coups de p\u00e9nalit\u00e9 encourus uniquement en jouant cette balle) ne comptent pas dans le score du joueur pour le trou.<br>\u00ab Les R\u00e8gles autorisent la proc\u00e9dure utilis\u00e9e \u00bb signifie : ou bien (a) que la balle d\u2019origine a \u00e9t\u00e9 jou\u00e9e comme elle reposait et que le jeu \u00e9tait autoris\u00e9 de cet endroit, ou alors (b) que la balle, qui a \u00e9t\u00e9 jou\u00e9e, a \u00e9t\u00e9 mise en jeu selon une proc\u00e9dure autoris\u00e9e, d\u2019une fa\u00e7on et d\u2019un endroit corrects selon les R\u00e8gles.<\/p>\n\n\n\n<p class=\"has-black-color has-background-color-background-color has-text-color has-background\"><strong>20.2 D\u00e9cisions relatives aux probl\u00e8mes de R\u00e8gles<\/strong><br><strong>20.2a D\u00e9cisions d\u2019un arbitr<\/strong>e<br>Un arbitre est un officiel d\u00e9sign\u00e9 par le Comit\u00e9 pour r\u00e9soudre des questions de fait et faire appliquer les R\u00e8gles. L\u2019arbitre peut demander l\u2019aide du Comit\u00e9 avant de prendre une d\u00e9cision.<br>La d\u00e9cision d\u2019un arbitre concernant les faits ou l\u2019application des R\u00e8gles doit \u00eatre suivie par le joueur.<br>Un joueur n\u2019est pas autoris\u00e9 \u00e0 faire appel de la d\u00e9cision d\u2019un arbitre aupr\u00e8s du Comit\u00e9, mais apr\u00e8s qu\u2019une d\u00e9cision a \u00e9t\u00e9 prise, l\u2019arbitre peut :<br>\u2022 Demander un deuxi\u00e8me avis \u00e0 un autre arbitre, ou<br>\u2022 Rapporter une d\u00e9cision au Comit\u00e9 pour confirmation, mais il n\u2019est pas tenu de le faire.<br>La d\u00e9cision d\u2019un arbitre est d\u00e9finitive, par cons\u00e9quent si un arbitre autorise par erreur un joueur \u00e0 enfreindre une R\u00e8gle, le joueur ne sera pas p\u00e9nalis\u00e9.<br>Mais pour la correction d\u2019une d\u00e9cision erron\u00e9e d\u2019un arbitre ou du Comit\u00e9, voir la R\u00e8gle 20.2d.<br><strong>20.2b D\u00e9cisions du Comit\u00e9<\/strong><br>Quand il n\u2019y a pas d\u2019arbitre pour prendre une d\u00e9cision ou qu\u2019un arbitre soumet une d\u00e9cision au Comit\u00e9 :<br>\u2022 La d\u00e9cision sera prise par le Comit\u00e9, et<br>\u2022 La d\u00e9cision du Comit\u00e9 est d\u00e9finitive.<br>Si le Comit\u00e9 ne parvient pas \u00e0 prendre une d\u00e9cision, il peut soumettre le probl\u00e8me au Comit\u00e9 des R\u00e8gles du R&amp;A dont la d\u00e9cision sera d\u00e9finitive.<br>Note : il est recommand\u00e9 en premier lieu de contacter le Comit\u00e9 des R\u00e8gles de la ffgolf qui, en cas de doute, soumettra la question au R&amp;A.<br><strong>20.2c Application de la norme \u00ab \u00e0 l\u2019\u0153il nu \u00bb lors de l\u2019utilisation de preuves vid\u00e9o<\/strong><br>Lorsque le Comit\u00e9 se prononce sur des questions de fait en rendant une d\u00e9cision, l\u2019utilisation de la preuve vid\u00e9o est limit\u00e9e par la norme \u00ab \u00e0 l\u2019\u0153il nu \u00bb :<br>\u2022 Si les faits apparaissant sur la vid\u00e9o ne pouvaient raisonnablement pas \u00eatre vus \u00e0 l\u2019\u0153il nu, cette preuve vid\u00e9o sera ignor\u00e9e m\u00eame si elle indique une infraction aux R\u00e8gles.<br>\u2022 Mais m\u00eame si la preuve vid\u00e9o n\u2019est pas prise en compte selon la norme \u00ab \u00e0 l\u2019\u0153il nu \u00bb, une infraction aux R\u00e8gles sera toujours constat\u00e9e si le joueur \u00e9tait par ailleurs au courant de faits \u00e9tablissant une infraction (par ex. lorsque le joueur sentait manifestement que le club touchait le sable dans un bunker, m\u00eame si cela ne pouvait pas \u00eatre vu \u00e0 l\u2019\u0153il nu).<br><strong>20.2d D\u00e9cisions erron\u00e9es et erreurs administratives<\/strong><br><strong>(1)<\/strong> D\u00e9cisions erron\u00e9es. Une d\u00e9cision erron\u00e9e a lieu quand un arbitre ou le Comit\u00e9 tente d\u2019appliquer les R\u00e8gles mais le fait incorrectement. Exemples de d\u00e9cisions erron\u00e9es :<br>\u2022 Appliquer une p\u00e9nalit\u00e9 erron\u00e9e ou omettre d\u2019appliquer une p\u00e9nalit\u00e9,<br>\u2022 Appliquer une R\u00e8gle qui ne s\u2019applique pas ou qui n\u2019existe pas, et<br>\u2022 Mal interpr\u00e9ter une R\u00e8gle et l\u2019appliquer incorrectement.<br>Si une d\u00e9cision d\u2019un arbitre ou du Comit\u00e9 s\u2019av\u00e8re, par la suite, \u00eatre erron\u00e9e, la d\u00e9cision sera corrig\u00e9e si c\u2019est possible selon les R\u00e8gles. S\u2019il est trop tard pour le faire, la d\u00e9cision erron\u00e9e sera maintenue<br>Si un joueur entreprend une action en infraction avec une R\u00e8gle sur la base d\u2019une mauvaise compr\u00e9hension l\u00e9gitime d\u2019une instruction d\u2019un arbitre ou du Comit\u00e9 pendant un tour ou lorsque le jeu est interrompu selon la R\u00e8gle 5.7a (par ex. relever une balle en jeu quand les R\u00e8gles ne le permettent pas), il n\u2019y a pas de p\u00e9nalit\u00e9 et l\u2019instruction est trait\u00e9e comme une d\u00e9cision erron\u00e9e.<br><em>Voir Proc\u00e9dures pour le Comit\u00e9, Section 6C (ce que le Comit\u00e9 devrait faire<br>lorsqu\u2019il y a eu une d\u00e9cision erron\u00e9e).<\/em><br><strong>(2)<\/strong> Erreurs administratives. Une erreur administrative est une erreur de proc\u00e9dure en relation avec la gestion de la comp\u00e9tition et il n\u2019y a pas de limite dans le temps pour corriger une telle erreur, m\u00eame apr\u00e8s que le r\u00e9sultat d\u2019un match est d\u00e9finitif ou apr\u00e8s la cl\u00f4ture d\u2019une comp\u00e9tition en stroke play.<br>Une erreur administrative est diff\u00e9rente d\u2019une d\u00e9cision erron\u00e9e. Exemples d\u2019erreurs administratives :<br>\u2022 Mal calculer le r\u00e9sultat d\u2019une \u00e9galit\u00e9 en stroke play,<br>\u2022 Mal calculer un handicap si bien que le gagnant de la comp\u00e9tition n\u2019est pas le bon joueur, et<br>\u2022 Attribuer un prix \u00e0 un autre joueur apr\u00e8s avoir omis de rentrer le score du gagnant.<br>Dans ces situations, l\u2019erreur devrait \u00eatre corrig\u00e9e et les r\u00e9sultats de la comp\u00e9tition devraient \u00eatre modifi\u00e9s en cons\u00e9quence.<br><strong>20.2e Disqualification de joueurs apr\u00e8s l\u2019annonce du r\u00e9sultat d\u00e9finitif du match ou de la comp\u00e9tition.<\/strong><br><strong>(1)<\/strong> Match play. Il n\u2019y a pas de limite dans le temps pour disqualifier un joueur selon la R\u00e8gle 1.2 (grave faute de comportement) ou la R\u00e8gle 1.3b(1) (omettre d\u00e9lib\u00e9r\u00e9ment d\u2019appliquer une p\u00e9nalit\u00e9, ou s\u2019entendre avec un autre joueur pour ignorer toute R\u00e8gle ou p\u00e9nalit\u00e9 qu\u2019ils savent devoir appliquer).<br>Cette disqualification est possible m\u00eame apr\u00e8s que le r\u00e9sultat du match est d\u00e9finitif (voir R\u00e8gle 3.2a(5)).<br>Pour une d\u00e9cision du Comit\u00e9 lorsqu\u2019une demande est faite apr\u00e8s que le r\u00e9sultat du match est d\u00e9finitif, voir la R\u00e8gle 20.1b(3).<br><strong>(2)<\/strong> Stroke Play. Normalement, une p\u00e9nalit\u00e9 ne doit pas \u00eatre ajout\u00e9e ou modifi\u00e9e apr\u00e8s la cl\u00f4ture d\u2019une comp\u00e9tition en stroke play, c\u2019est-\u00e0-dire :<br>\u2022 Lorsque le r\u00e9sultat devient d\u00e9finitif au sens d\u00e9fini par le Comit\u00e9, ou<br>\u2022 En stroke play qualificatif suivi de match play, lorsque le joueur a pris le d\u00e9part pour commencer son premier match.<br>Mais un joueur doit \u00eatre disqualifi\u00e9 m\u00eame apr\u00e8s la fin d\u2019une comp\u00e9tition si :<br>\u2022 Il a rendu pour n\u2019importe quel trou un score plus bas que celui r\u00e9ellement r\u00e9alis\u00e9. Sauf que le joueur n\u2019est pas disqualifi\u00e9 si la raison pour laquelle il a rendu un score inf\u00e9rieur est l\u2019omission d\u2019inclure un ou plusieurs coups de p\u00e9nalit\u00e9 qu\u2019il ignorait avoir encourus avant la cl\u00f4ture de la comp\u00e9tition (voir R\u00e8gle 3.3b(3)),<br>\u2022 Il savait, avant la cl\u00f4ture de la comp\u00e9tition, qu\u2019il avait enfreint toute autre R\u00e8gle impliquant une p\u00e9nalit\u00e9 de disqualification, ou<br>\u2022 Il s\u2019\u00e9tait mis d\u2019accord avec un autre joueur pour ignorer toute R\u00e8gle ou p\u00e9nalit\u00e9 qu\u2019ils savaient devoir appliquer (voir R\u00e8gle 1.3b(1)).<br>Le Comit\u00e9 peut \u00e9galement disqualifier un joueur selon la R\u00e8gle 1.2 (grave faute de comportement) apr\u00e8s la cl\u00f4ture de la comp\u00e9tition.<br><strong>20.2f Joueur in\u00e9ligible<\/strong><br>Il n\u2019y a pas de limite dans le temps pour corriger les r\u00e9sultats d\u2019une comp\u00e9tition quand on d\u00e9couvre qu\u2019un joueur qui a particip\u00e9 est in\u00e9ligible selon le R\u00e8glement de la Comp\u00e9tition. Cela s\u2019applique m\u00eame apr\u00e8s que le r\u00e9sultat d\u2019un match est d\u00e9finitif ou apr\u00e8s la cl\u00f4ture d\u2019une comp\u00e9tition en stroke play.<br>Dans ces circonstances, le joueur est consid\u00e9r\u00e9 comme n\u2019ayant pas particip\u00e9 \u00e0 la comp\u00e9tition, et non pas comme \u00e9tant disqualifi\u00e9, et les r\u00e9sultats sont modifi\u00e9s en cons\u00e9quence.<\/p>\n\n\n\n<p class=\"has-black-color has-background-color-background-color has-text-color has-background\"><strong>20.3 Situations non couvertes par les R\u00e8gles<\/strong><br>Toute situation non couverte par les R\u00e8gles devrait \u00eatre r\u00e9solue par le Comit\u00e9 :<br>\u2022 En tenant compte de toutes les circonstances, et<br>\u2022 En traitant la situation d\u2019une mani\u00e8re raisonnable, juste et coh\u00e9rente avec la fa\u00e7on dont sont trait\u00e9es des situations similaires selon les R\u00e8gles.<\/p>\n","protected":false},"excerpt":{"rendered":"<p>Clarifications Objet de la R\u00e8gle :La R\u00e8gle 20 traite de ce que les joueurs devraient faire lorsqu\u2019ils ont des questions sur les R\u00e8gles pendant un tour, y compris sur les proc\u00e9dures (qui diff\u00e8rent en match play et en stroke play) permettant \u00e0 un joueur de prot\u00e9ger son droit d\u2019obtenir une [&hellip;]<\/p>\n","protected":false},"author":8,"featured_media":9462,"parent":0,"menu_order":0,"comment_status":"closed","ping_status":"closed","template":"","meta":{"footnotes":""},"class_list":["post-10671","page","type-page","status-publish","has-post-thumbnail","hentry"],"_links":{"self":[{"href":"https:\/\/asgolfdepessac.com\/index.php\/wp-json\/wp\/v2\/pages\/10671","targetHints":{"allow":["GET"]}}],"collection":[{"href":"https:\/\/asgolfdepessac.com\/index.php\/wp-json\/wp\/v2\/pages"}],"about":[{"href":"https:\/\/asgolfdepessac.com\/index.php\/wp-json\/wp\/v2\/types\/page"}],"author":[{"embeddable":true,"href":"https:\/\/asgolfdepessac.com\/index.php\/wp-json\/wp\/v2\/users\/8"}],"replies":[{"embeddable":true,"href":"https:\/\/asgolfdepessac.com\/index.php\/wp-json\/wp\/v2\/comments?post=10671"}],"version-history":[{"count":0,"href":"https:\/\/asgolfdepessac.com\/index.php\/wp-json\/wp\/v2\/pages\/10671\/revisions"}],"wp:featuredmedia":[{"embeddable":true,"href":"https:\/\/asgolfdepessac.com\/index.php\/wp-json\/wp\/v2\/media\/9462"}],"wp:attachment":[{"href":"https:\/\/asgolfdepessac.com\/index.php\/wp-json\/wp\/v2\/media?parent=10671"}],"curies":[{"name":"wp","href":"https:\/\/api.w.org\/{rel}","templated":true}]}}