{"id":10727,"date":"2025-04-03T15:23:25","date_gmt":"2025-04-03T13:23:25","guid":{"rendered":"https:\/\/asgolfdepessac.com\/?page_id=10727"},"modified":"2025-04-03T17:41:13","modified_gmt":"2025-04-03T15:41:13","slug":"clarification-de-la-regle-20","status":"publish","type":"page","link":"https:\/\/asgolfdepessac.com\/index.php\/clarification-de-la-regle-20\/","title":{"rendered":"Clarification de la r\u00e8gle 20"},"content":{"rendered":"\n<p class=\"has-black-color has-background-color-background-color has-text-color has-background\"><strong>R\u00e8gle 20.1 Clarifications : r\u00e9soudre les probl\u00e8mes de R\u00e8gles pendant un tour<\/strong><br><strong>20.1b(2)\/1<\/strong> \u2013 Une demande de d\u00e9cision doit \u00eatre formul\u00e9e dans les d\u00e9lais <br>Un joueur est en droit de conna\u00eetre le statut de son match \u00e0 tout moment ou bien de savoir qu\u2019une demande de d\u00e9cision sera trait\u00e9e plus tard dans le match. Une demande de d\u00e9cision doit \u00eatre formul\u00e9e dans les d\u00e9lais pour emp\u00eacher un joueur d\u2019essayer de reporter \u00e0 plus tard l\u2019application de p\u00e9nalit\u00e9s dans le match. Le fait qu\u2019une d\u00e9cision sera donn\u00e9e d\u00e9pend du moment o\u00f9 le joueur est inform\u00e9 des faits (non pas du moment o\u00f9 il a appris que quelque chose \u00e9tait p\u00e9nalisable) et du moment o\u00f9 la demande de d\u00e9cision a \u00e9t\u00e9 formul\u00e9e.<br>Par exemple, en l\u2019absence d\u2019un arbitre pendant le premier trou d\u2019un match, le joueur A rel\u00e8ve correctement sa balle pour v\u00e9rifier si elle est endommag\u00e9e selon la R\u00e8gle 4.2c(1), d\u00e9termine qu\u2019elle est coup\u00e9e et lui substitue une nouvelle balle selon la R\u00e8gle 4.2c(2). Sans que le joueur A ne le sache, le joueur B voit l\u2019\u00e9tat de la balle d\u2019origine et en lui-m\u00eame n\u2019est pas d\u2019accord avec l\u2019appr\u00e9ciation de A. Toutefois, le joueur B d\u00e9cide d\u2019ignorer la possible infraction et ne dit rien au joueur A.<br>Les deux joueurs terminent le trou et jouent de la zone de d\u00e9part suivante.<br>\u00c0 la fin du dernier trou, le joueur A est le vainqueur du match, 1up. En sortant du green, alors que le Comit\u00e9 est facilement disponible, le joueur B change d\u2019avis et dit au joueur A qu\u2019il n\u2019est pas d\u2019accord avec la substitution que le joueur A a faite au premier trou et qu\u2019il formule une demande de d\u00e9cision aupr\u00e8s du Comit\u00e9.<br>Le Comit\u00e9 devrait consid\u00e9rer que la demande de d\u00e9cision du joueur B n\u2019a pas \u00e9t\u00e9 faite dans les d\u00e9lais car le joueur B \u00e9tait au courant des faits pendant le jeu du premier trou et, qu\u2019ensuite, un coup a \u00e9t\u00e9 jou\u00e9 sur le deuxi\u00e8me trou (R\u00e8gle 20.1b(2)). En cons\u00e9quence, le Comit\u00e9 devrait d\u00e9cider qu\u2019il ne rendra pas de d\u00e9cision.<br>Le match reste comme il a \u00e9t\u00e9 jou\u00e9 avec le joueur A comme gagnant.<br><strong>20.1b(2)\/2<\/strong> \u2013 Une d\u00e9cision formul\u00e9e apr\u00e8s la fin du dernier trou du match mais avant que le r\u00e9sultat du match soit d\u00e9finitif peut entra\u00eener la reprise du match par les joueurs<br>Si un joueur est inform\u00e9 d\u2019une possible infraction aux R\u00e8gles commise par son adversaire apr\u00e8s la fin de ce qu\u2019ils pensaient \u00eatre le dernier trou du match, le joueur peut formuler une demande de d\u00e9cision. Si l\u2019adversaire \u00e9tait en infraction par rapport aux R\u00e8gles, l\u2019ajustement du score du match peut n\u00e9cessiter que les joueurs retournent sur le parcours pour reprendre le match.<br>Par exemple :<br>\u2022 Dans un match entre un joueur A et un joueur B, le joueur B gagne par un score de 5 et 4. En rentrant au club house et avant que le r\u00e9sultat du match soit d\u00e9finitif, on d\u00e9couvre que le joueur B avait 15 clubs dans son sac. Le joueur A demande une d\u00e9cision, et le Comit\u00e9 consid\u00e8re avec raison que la demande de d\u00e9cision du joueur A a \u00e9t\u00e9 formul\u00e9e dans les d\u00e9lais. Les joueurs doivent retourner au 15e trou et reprendre le match. Le score du match est ajust\u00e9 en d\u00e9duisant deux trous pour le joueur B (R\u00e8gle 4.1b(4)), et le joueur B est maintenant 3 up avec quatre trous \u00e0 jouer.<br>\u2022 Dans un match entre un joueur A et un joueur B, le joueur B gagne par un score de 3 et 2. En rentrant au club house, le joueur A d\u00e9couvre que le joueur B a touch\u00e9 le sable en faisant un coup d\u2019essai dans un bunker au 14e trou. Le joueur B avait gagn\u00e9 le 14e trou. Le joueur A demande une d\u00e9cision, et le Comit\u00e9 consid\u00e8re avec raison que la demande de d\u00e9cision du joueur A a \u00e9t\u00e9 formul\u00e9e dans les d\u00e9lais, et que le joueur B perd le 14e trou pour ne pas avoir pr\u00e9venu le joueur A de la p\u00e9nalit\u00e9 (R\u00e8gle 3.2d(2)). Les joueurs doivent retourner au 17e trou et reprendre le match. Comme le score du match est ajust\u00e9 en rempla\u00e7ant le gain du 14e trou du joueur B par une perte du trou, le joueur B est maintenant 1up avec deux trous \u00e0 jouer.<br><strong>20.1b(4)\/1<\/strong> \u2013 Jouer deux balles sur un trou n\u2019est pas autoris\u00e9 en match play<br>La possibilit\u00e9 de jouer deux balles n\u2019est autoris\u00e9e qu\u2019en stroke play parce que, dans le jeu d\u2019un match, tout incident dans ce match concerne uniquement les joueurs qui y sont impliqu\u00e9s et les joueurs d\u2019un match peuvent d\u00e9fendre leurs propres int\u00e9r\u00eats.<br>Toutefois, si un joueur dans un match a un doute sur une proc\u00e9dure et finit le trou avec deux balles, le score avec la balle d\u2019origine sera toujours pris en compte si le joueur et son adversaire s\u2019en r\u00e9f\u00e8rent au Comit\u00e9 et que l\u2019adversaire n\u2019a pas contest\u00e9 aupr\u00e8s du joueur le fait qu\u2019il joue une seconde balle.<br>Cependant, si l\u2019adversaire conteste aupr\u00e8s du joueur jouant la seconde balle et fait une demande de d\u00e9cision dans les d\u00e9lais (R\u00e8gle 20.1b(2)), le joueur perd le trou pour avoir jou\u00e9 une mauvaise balle en infraction avec la R\u00e8gle 6.3c(1).<br><strong>20.1c(3)\/1<\/strong> \u2013 Pas de p\u00e9nalit\u00e9 pour avoir jou\u00e9 une balle qui n\u2019\u00e9tait pas la balle en jeu quand deux balles sont jou\u00e9es<br>En stroke play, quand un joueur ne sait pas quoi faire et d\u00e9cide de jouer deux balles, il n\u2019encourt pas de p\u00e9nalit\u00e9 si l\u2019une des balles jou\u00e9es \u00e9tait sa balle d\u2019origine qui n\u2019est plus en jeu.<br>Par exemple, la balle d\u2019un joueur n\u2019est pas retrouv\u00e9e dans une zone \u00e0 p\u00e9nalit\u00e9 apr\u00e8s trois minutes de recherche, si bien que le joueur se d\u00e9gage correctement de la zone \u00e0 p\u00e9nalit\u00e9 selon la R\u00e8gle 17.1c et joue une balle substitu\u00e9e. La balle d\u2019origine est ensuite retrouv\u00e9e dans la zone \u00e0 p\u00e9nalit\u00e9. Ne sachant que faire, le joueur d\u00e9cide de jouer la balle d\u2019origine comme seconde balle avant de jouer tout autre coup, et choisit de voir compter le score avec la balle d\u2019origine. Le joueur termine le trou avec les deux balles.<br>La balle jou\u00e9e selon la R\u00e8gle 17.1c devient la balle en jeu et le score avec cette balle est le score du joueur sur le trou. Le score avec la balle d\u2019origine ne pouvait pas compter car la balle d\u2019origine n\u2019\u00e9tait plus en jeu. Toutefois, le joueur n\u2019encourt pas de p\u00e9nalit\u00e9 pour avoir jou\u00e9 la balle d\u2019origine comme seconde balle.<br><strong>20.1c(3)\/2 <\/strong>\u2013 Le joueur doit d\u00e9cider de jouer deux balles avant de jouer un autre coup<br>La R\u00e8gle 20.1c(3) exige que le joueur d\u00e9cide de jouer deux balles avant de jouer un coup de fa\u00e7on que sa d\u00e9cision de jouer deux balles ou le choix de la balle qui va compter ne soient pas influenc\u00e9s par le r\u00e9sultat de la balle qui vient d\u2019\u00eatre jou\u00e9e. Dropper une balle n\u2019est pas \u00e9quivalent \u00e0 jouer un coup.<br>Exemples d\u2019application de cette exigence :<br>\u2022 La balle d\u2019un joueur vient reposer sur une route pav\u00e9e dans la zone g\u00e9n\u00e9rale.<br>En se d\u00e9gageant, le joueur rel\u00e8ve la balle, la droppe en dehors de la zone de d\u00e9gagement requise et la joue. Le marqueur du joueur s\u2019interroge sur le drop et informe le joueur qu\u2019il a peut-\u00eatre jou\u00e9 d\u2019un mauvais endroit.<br>Ne sachant que faire, le joueur aimerait finir le trou avec deux balles. Cependant, il est trop tard pour utiliser la R\u00e8gle 20.1c(3) car un coup a d\u00e9j\u00e0 \u00e9t\u00e9 jou\u00e9 et le joueur doit ajouter la p\u00e9nalit\u00e9 g\u00e9n\u00e9rale pour avoir jou\u00e9 d\u2019un mauvais endroit (R\u00e8gle 14.7). Si le joueur croit qu\u2019il pourrait avoir commis une grave<br>infraction en jouant d\u2019un mauvais endroit, il devrait jouer une seconde balle selon la R\u00e8gle 14.7 pour \u00e9viter une possible disqualification.<br>Si le marqueur du joueur s\u2019\u00e9tait interrog\u00e9 sur la validit\u00e9 du drop avant que le joueur ne joue un coup sur la balle et que le joueur ne sache pas que faire, celui-ci aurait pu terminer le trou avec deux balles selon la R\u00e8gle 20.1c(3).<br>\u2022 La balle d\u2019un joueur repose dans une zone \u00e0 p\u00e9nalit\u00e9 d\u00e9finie par des piquets rouges. L\u2019un des piquets interf\u00e8re avec la zone de swing intentionnel du joueur et le joueur n\u2019est pas certain qu\u2019il soit autoris\u00e9 \u00e0 enlever le piquet. Le joueur joue son coup suivant sans enlever le piquet.<br>\u00c0 ce stade, le joueur d\u00e9cide de jouer une seconde balle avec le piquet enlev\u00e9 et de demander une d\u00e9cision du Comit\u00e9. Le Comit\u00e9 devrait d\u00e9cider que le score avec la balle d\u2019origine est le score qui comptera car la situation de doute s\u2019est produite d\u00e8s lors que la balle \u00e9tait dans la zone \u00e0 p\u00e9nalit\u00e9 avec l\u2019interf\u00e9rence du piquet, et que le joueur n\u2019a pas pris alors la d\u00e9cision de jouer deux balles avant de jouer un coup sur la balle d\u2019origine.<br>20.1c(3)\/3 \u2013 Le joueur peut relever la balle d\u2019origine et la dropper, la placer ou la replacer quand il joue deux balles<br>La R\u00e8gle 20.1c(3) n\u2019exige pas que la balle d\u2019origine soit la balle jou\u00e9e comme elle repose. G\u00e9n\u00e9ralement, la balle d\u2019origine est jou\u00e9e comme elle repose, et la seconde balle est mise en jeu en invoquant une quelconque R\u00e8gle. Toutefois, mettre la balle d\u2019origine en jeu selon une R\u00e8gle est \u00e9galement autoris\u00e9.<br>Par exemple, si un joueur n\u2019est pas certain que sa balle repose dans une condition anormale du parcours dans la zone g\u00e9n\u00e9rale, il peut d\u00e9cider de jouer deux balles. Le joueur peut alors se d\u00e9gager selon la R\u00e8gle 16.1b (D\u00e9gagement d\u2019une condition anormale du parcours) en relevant, droppant et jouant la balle d\u2019origine, puis placer une seconde balle l\u00e0 o\u00f9 la balle d\u2019origine reposait dans la zone en question et en la jouant de cet endroit.<br>Dans ce cas, le joueur n\u2019est pas oblig\u00e9 de marquer l\u2019emplacement de la balle d\u2019origine avant de la relever, bien qu\u2019il soit recommand\u00e9 de le faire.<br><strong>20.1c(3)\/4<\/strong> \u2013 Obligation du joueur de terminer le trou avec la seconde balle apr\u00e8s avoir annonc\u00e9 son intention de jouer deux balles et choisi quelle balle devrait compter<br>Apr\u00e8s avoir annonc\u00e9 son intention de jouer deux balles selon la R\u00e8gle 20.1c(3) et avoir ou bien mis une balle en jeu, ou alors jou\u00e9 un coup sur l\u2019une des balles, le joueur est engag\u00e9 dans la proc\u00e9dure de la R\u00e8gle 20.1c(3). Si le joueur ne joue pas ou ne termine pas le trou avec l\u2019une des balles, et que cette balle est celle dont le Comit\u00e9 aurait d\u00e9cid\u00e9 de prendre en compte le score, le joueur est disqualifi\u00e9 pour ne pas avoir termin\u00e9 le trou (R\u00e8gle 3.3c \u2013 Ne pas terminer le trou).<br>Toutefois, il n\u2019y a pas de p\u00e9nalit\u00e9 si le joueur ne termine pas le trou avec la balle qui ne comptera pas.<br>Par exemple, la balle d\u2019un joueur repose dans une trace de roue faite par un v\u00e9hicule. Pensant que cette zone aurait d\u00fb \u00eatre marqu\u00e9e comme terrain en r\u00e9paration, le joueur d\u00e9cide de jouer deux balles et annonce qu\u2019il aimerait voir compter la seconde balle. Le joueur joue ensuite un coup sur la balle d\u2019origine depuis la trace de roue. Apr\u00e8s avoir vu le r\u00e9sultat de ce coup, le joueur d\u00e9cide de ne pas jouer de seconde balle. Une fois le tour fini les faits sont rapport\u00e9s au Comit\u00e9.<br>Si le Comit\u00e9 d\u00e9cide que la trace de roue est un terrain en r\u00e9paration, le joueur est disqualifi\u00e9 pour ne pas avoir termin\u00e9 le trou avec la seconde balle (R\u00e8gle 3.3c).<br>Cependant, si le Comit\u00e9 d\u00e9cide que la trace de roue n\u2019est pas un terrain en r\u00e9paration, le score du joueur avec la balle d\u2019origine compte et il n\u2019encourt pas de p\u00e9nalit\u00e9 pour ne pas avoir jou\u00e9 de seconde balle.<br>Le r\u00e9sultat serait le m\u00eame pour un joueur qui aurait jou\u00e9 un coup ou des coups sur la seconde balle mais l\u2019aurait ramass\u00e9e avant de finir le trou.<br><strong>20.1c(3)\/5<\/strong> \u2013 Une balle provisoire doit \u00eatre utilis\u00e9e comme seconde balle en cas d\u2019incertitude<br>Bien que la R\u00e8gle 20.1c(3) dise qu\u2019une seconde balle jou\u00e9e selon cette R\u00e8gle n\u2019est pas la m\u00eame chose qu\u2019une balle provisoire jou\u00e9e selon la R\u00e8gle 18.3 (Balle provisoire), l\u2019inverse n\u2019est pas vrai. Dans le cas o\u00f9 apr\u00e8s avoir jou\u00e9 une balle provisoire, un joueur d\u00e9cide de jouer deux balles car il n\u2019est pas certain que sa balle d\u2019origine soit hors limites ou perdue en dehors d\u2019une zone \u00e0 p\u00e9nalit\u00e9, le joueur doit traiter la balle provisoire comme une seconde balle.<br>Exemples de balle provisoire utilis\u00e9e comme seconde balle :<br>\u2022 Le joueur n\u2019est pas s\u00fbr que sa balle d\u2019origine soit hors limites, si bien qu\u2019il finit le trou avec la balle d\u2019origine et la balle provisoire.<br>\u2022 Le joueur pense qu\u2019il est s\u00fbr ou quasiment certain que sa balle d\u2019origine qui n\u2019a pas \u00e9t\u00e9 retrouv\u00e9e est dans une condition anormale du parcours mais n\u2019est pas certain de ce qu\u2019il faut faire, si bien qu\u2019il finit le trou avec la balle provisoire et avec une seconde balle en se d\u00e9gageant selon la R\u00e8gle 16.1e.<br><strong>20.1c(3)\/6<\/strong> \u2013 Un joueur est autoris\u00e9 \u00e0 jouer une balle selon deux R\u00e8gles diff\u00e9rentes<br>Quand un joueur n\u2019est pas certain de la bonne proc\u00e9dure, il est recommand\u00e9 qu\u2019il joue deux balles selon la R\u00e8gle 20.1c(3). Toutefois, il n\u2019y a rien qui emp\u00eache le joueur de jouer une seule balle selon deux R\u00e8gles diff\u00e9rentes en demandant une d\u00e9cision avant de rendre sa carte de score.<br>Par exemple, la balle d\u2019un joueur vient reposer \u00e0 un emplacement injouable dans une zone qu\u2019il pense devoir \u00eatre un terrain en r\u00e9paration, mais qui n\u2019est pas marqu\u00e9e. Ne sachant que faire et \u00e9tant pr\u00eat \u00e0 accepter la p\u00e9nalit\u00e9 d\u2019un coup si ce n\u2019est pas un terrain en r\u00e9paration, le joueur d\u00e9cide d\u2019utiliser une seule balle et la droppe dans la zone de d\u00e9gagement autoris\u00e9e pour se d\u00e9gager du terrain en<br>r\u00e9paration (R\u00e8gle 16.1) qui fait en m\u00eame temps partie de la zone de d\u00e9gagement autoris\u00e9e pour se d\u00e9gager d\u2019une balle injouable (R\u00e8gle 19.2) avec un coup de p\u00e9nalit\u00e9.<br>Si le Comit\u00e9 d\u00e9cide que la zone est un terrain en r\u00e9paration, le joueur n\u2019encourt pas de p\u00e9nalit\u00e9 pour le d\u00e9gagement de la balle injouable. Si le Comit\u00e9 d\u00e9cide que la zone n\u2019est pas un terrain en r\u00e9paration, le joueur encourt un coup de p\u00e9nalit\u00e9 pour le d\u00e9gagement de la balle injouable.<br>Si le joueur utilise la proc\u00e9dure d\u00e9crite ci-dessus et que la balle vient reposer \u00e0 un emplacement o\u00f9 il y a interf\u00e9rence avec la condition (n\u00e9cessitant de dropper \u00e0 nouveau pour la R\u00e8gle 16.1 mais pas pour la R\u00e8gle 19.2), il devrait demander l\u2019aide du Comit\u00e9 ou jouer deux balles selon la R\u00e8gle 20.1c(3).<\/p>\n","protected":false},"excerpt":{"rendered":"<p>R\u00e8gle 20.1 Clarifications : r\u00e9soudre les probl\u00e8mes de R\u00e8gles pendant un tour20.1b(2)\/1 \u2013 Une demande de d\u00e9cision doit \u00eatre formul\u00e9e dans les d\u00e9lais Un joueur est en droit de conna\u00eetre le statut de son match \u00e0 tout moment ou bien de savoir qu\u2019une demande de d\u00e9cision sera trait\u00e9e plus tard [&hellip;]<\/p>\n","protected":false},"author":8,"featured_media":9462,"parent":0,"menu_order":0,"comment_status":"closed","ping_status":"closed","template":"","meta":{"footnotes":""},"class_list":["post-10727","page","type-page","status-publish","has-post-thumbnail","hentry"],"_links":{"self":[{"href":"https:\/\/asgolfdepessac.com\/index.php\/wp-json\/wp\/v2\/pages\/10727","targetHints":{"allow":["GET"]}}],"collection":[{"href":"https:\/\/asgolfdepessac.com\/index.php\/wp-json\/wp\/v2\/pages"}],"about":[{"href":"https:\/\/asgolfdepessac.com\/index.php\/wp-json\/wp\/v2\/types\/page"}],"author":[{"embeddable":true,"href":"https:\/\/asgolfdepessac.com\/index.php\/wp-json\/wp\/v2\/users\/8"}],"replies":[{"embeddable":true,"href":"https:\/\/asgolfdepessac.com\/index.php\/wp-json\/wp\/v2\/comments?post=10727"}],"version-history":[{"count":0,"href":"https:\/\/asgolfdepessac.com\/index.php\/wp-json\/wp\/v2\/pages\/10727\/revisions"}],"wp:featuredmedia":[{"embeddable":true,"href":"https:\/\/asgolfdepessac.com\/index.php\/wp-json\/wp\/v2\/media\/9462"}],"wp:attachment":[{"href":"https:\/\/asgolfdepessac.com\/index.php\/wp-json\/wp\/v2\/media?parent=10727"}],"curies":[{"name":"wp","href":"https:\/\/api.w.org\/{rel}","templated":true}]}}