{"id":10753,"date":"2025-04-06T06:31:44","date_gmt":"2025-04-06T04:31:44","guid":{"rendered":"https:\/\/asgolfdepessac.com\/?page_id=10753"},"modified":"2025-04-11T06:26:42","modified_gmt":"2025-04-11T04:26:42","slug":"regle-n21-autres-formes-de-stroke-play-et-de-match-play-individuels","status":"publish","type":"page","link":"https:\/\/asgolfdepessac.com\/index.php\/regle-n21-autres-formes-de-stroke-play-et-de-match-play-individuels\/","title":{"rendered":"R\u00e8gle n\u00b021 &#8211; Autres formes de stroke play et de match play individuels"},"content":{"rendered":"\n<p class=\"has-text-align-center has-black-color has-background-color-background-color has-text-color has-background has-link-color has-medium-font-size wp-elements-38ae3a1be0f85b042c1e108c50039e46\"><strong><a href=\"https:\/\/asgolfdepessac.com\/index.php\/clarification-de-la-regle-21\/\">Clarifications<\/a><\/strong><\/p>\n\n\n\n<p class=\"has-black-color has-background-color-background-color has-text-color has-background has-link-color wp-elements-1f531ce6307abc6e4077c828f7103b56\"><strong>Objet de la R\u00e8gle :<\/strong><br>La R\u00e8gle 21 traite de quatre autres formes de jeu en individuel, dont trois formes de stroke play dans lesquelles la fa\u00e7on de compter le score est diff\u00e9rente de celle du stroke play habituel : Stableford (score par points obtenus sur chaque trou), Score maximum (le score de chaque trou est plafonn\u00e9 \u00e0 un maximum), et Par \/Bogey (score de type match play sur la base d\u2019un trou par trou).<br><strong>21.1 Stableford<\/strong><br><strong>21.1a Principe du Stableford<\/strong><br>Le Stableford est une forme de stroke play dans laquelle :<br>\u2022 Le score d\u2019un joueur ou d\u2019un camp sur un trou correspond aux points attribu\u00e9s en comparant le nombre de coups r\u00e9alis\u00e9s sur ce trou (\u00e0 savoir les coups jou\u00e9s et les coups de p\u00e9nalit\u00e9) par le joueur ou le camp avec un score de r\u00e9f\u00e9rence fix\u00e9 pour ce trou par le Comit\u00e9, et<br>\u2022 La comp\u00e9tition est gagn\u00e9e par le joueur ou le camp qui a fini l\u2019ensemble des tours avec le plus grand nombre de points.<br>Les R\u00e8gles du stroke play (R\u00e8gles 1-20) s\u2019appliquent avec les modifications apport\u00e9es par les R\u00e8gles particuli\u00e8res suivantes.<br>La R\u00e8gle 21.1 est r\u00e9dig\u00e9e :<br>\u2022 Pour les comp\u00e9titions en brut mais elle peut \u00eatre adapt\u00e9e pour les comp\u00e9titions en net, et<br>\u2022 Pour le jeu en individuel, mais elle peut \u00eatre adapt\u00e9e pour les comp\u00e9titions impliquant des partenaires, avec les modifications apport\u00e9es par les R\u00e8gles 22 (Foursome) et 23 (Quatre balles), et pour les comp\u00e9titions par \u00e9quipes avec les modifications apport\u00e9es par la R\u00e8gle 24.<br><strong>21.1b Score en Stableford<\/strong><br><strong>(1)<\/strong> Attribution des points. Pour chaque trou, les points sont attribu\u00e9s au joueur en comparant le score r\u00e9alis\u00e9 par le joueur avec le score de r\u00e9f\u00e9rence fix\u00e9 pour ce trou qui est le par, \u00e0 moins que le Comit\u00e9 n\u2019\u00e9tablisse un score de r\u00e9f\u00e9rence fix\u00e9 diff\u00e9rent :<br><\/p>\n\n\n<div class=\"wp-block-image is-style-default wp-duotone-midnight\">\n<figure class=\"aligncenter size-full is-resized\" style=\"margin-top:var(--wp--preset--spacing--20);margin-right:0;margin-bottom:var(--wp--preset--spacing--20);margin-left:0\"><img loading=\"lazy\" decoding=\"async\" width=\"660\" height=\"294\" src=\"https:\/\/asgolfdepessac.com\/wp-content\/uploads\/2025\/04\/image.png\" alt=\"\" class=\"wp-image-10756\" style=\"width:839px;height:auto\" srcset=\"https:\/\/asgolfdepessac.com\/wp-content\/uploads\/2025\/04\/image.png 660w, https:\/\/asgolfdepessac.com\/wp-content\/uploads\/2025\/04\/image-300x134.png 300w\" sizes=\"auto, (max-width: 660px) 100vw, 660px\" \/><\/figure>\n<\/div>\n\n\n<p class=\"has-black-color has-background-color-background-color has-text-color has-background has-link-color wp-elements-ada165fb50fec57280e45064abd4cbf9\">Un joueur qui, pour quelque raison que ce soit, ne termine pas un trou conform\u00e9ment aux R\u00e8gles n\u2019obtient aucun point pour ce trou.<br>Pour am\u00e9liorer la cadence de jeu, les joueurs sont encourag\u00e9s \u00e0 arr\u00eater de jouer un trou lorsque leur score ne donnera lieu \u00e0 l\u2019attribution d\u2019aucun point.<br>Le trou est fini lorsque le joueur termine le trou, choisit de ne pas le faire ou lorsque son score ne donnera lieu \u00e0 l\u2019attribution d\u2019aucun point.<br><strong>(2)<\/strong> Enregistrement du score pour chaque trou. Pour r\u00e9pondre aux exigences de la R\u00e8gle 3.3b concernant l\u2019enregistrement du score des trous sur la carte de score :<br>\u2022 Si le trou est fini en entrant la balle :<br>\u00bb Lorsque le score donne lieu \u00e0 l\u2019attribution de points. La carte de score doit indiquer le score effectivement r\u00e9alis\u00e9.<br>\u00bb Lorsque le score ne donne pas lieu \u00e0 l\u2019attribution de point. La carte de score peut ne pas indiquer de score ou indiquer un score quelconque ne permettant pas d\u2019obtenir de points.<br>\u2022 Si le trou est fini sans entrer la balle. Si le joueur ne termine pas le trou conform\u00e9ment aux R\u00e8gles, la carte de score ne doit pas indiquer de score ou indiquer un score quelconque ne permettant pas d\u2019obtenir de points.<br>Le Comit\u00e9 a la responsabilit\u00e9 de calculer le nombre de points obtenus par le joueur pour chaque trou et, dans une comp\u00e9tition en net, d\u2019appliquer les coups de handicap au score entr\u00e9 pour chaque trou avant de calculer le nombre de points.<br><em>Voir Proc\u00e9dures pour le Comit\u00e9, Section 5A(5) (le R\u00e8glement de la Comp\u00e9tition peut encourager, mais pas obliger, les joueurs \u00e0 enregistrer sur la carte de score le nombre de points obtenus pour chaque trou).<\/em><br><strong>21.1c P\u00e9nalit\u00e9s en Stableford<\/strong><br>Toutes les p\u00e9nalit\u00e9s qui s\u2019appliquent en stroke play s\u2019appliquent en Stableford, sauf qu\u2019un joueur qui enfreint une des cinq R\u00e8gles suivantes n\u2019est pas disqualifi\u00e9 mais n\u2019obtient aucun point pour le trou o\u00f9 l\u2019infraction s\u2019est produite :<br>\u2022 Ne pas terminer le trou selon la R\u00e8gle 3.3c,<br>\u2022 Ne pas corriger l\u2019erreur d\u2019avoir jou\u00e9 d\u2019en dehors de la zone de d\u00e9part en commen\u00e7ant un trou (voir R\u00e8gle 6.1b(2)),<br>\u2022 Ne pas corriger l\u2019erreur d\u2019avoir jou\u00e9 une mauvaise balle (voir R\u00e8gle 6.3c),<br>\u2022 Ne pas corriger l\u2019erreur d\u2019avoir jou\u00e9 d\u2019un mauvais endroit en cas de grave infraction (voir R\u00e8gle 14.7b), ou<br>\u2022 Ne pas corriger l\u2019erreur d\u2019avoir jou\u00e9 un coup dans l\u2019ordre incorrect (voir R\u00e8gle 22.3).<br>Si le joueur enfreint toute autre R\u00e8gle dont la p\u00e9nalit\u00e9 est la disqualification, le joueur est disqualifi\u00e9.<br>Apr\u00e8s application de n\u2019importe quels coups de p\u00e9nalit\u00e9, le score du joueur en Stableford pour un trou ne peut pas \u00eatre inf\u00e9rieur \u00e0 z\u00e9ro point.<br><strong>21.1d Exception \u00e0 la R\u00e8gle 11.2 en Stableford<\/strong><br>La R\u00e8gle 11.2 ne s\u2019applique pas dans la situation suivante :<br>Si la balle en mouvement d\u2019un joueur doit \u00eatre entr\u00e9e pour obtenir un point sur le trou et que n\u2019importe quelle personne d\u00e9vie ou arr\u00eate d\u00e9lib\u00e9r\u00e9ment la balle \u00e0 un moment o\u00f9 il n\u2019y a aucune chance raisonnable qu\u2019elle puisse entrer, il n\u2019y a pas de p\u00e9nalit\u00e9 pour cette personne et le joueur n\u2019obtient aucun point pour le trou.<br><strong>21.1e Fin d\u2019un tour en Stableford<\/strong><br>Le tour d\u2019un joueur prend fin quand il :<br>\u2022 Entre la balle sur son dernier trou (y compris en corrigeant une erreur, comme selon la R\u00e8gle 6.1 ou 14.7b), ou<br>\u2022 Choisit de ne pas terminer le trou sur le dernier trou ou ne peut d\u00e9j\u00e0 plus obtenir de points sur le trou.<\/p>\n\n\n\n<p class=\"has-black-color has-background-color-background-color has-text-color has-background has-link-color wp-elements-2d18a79da1f78139418e2611f29335ec\"><strong>21.2 Score maximum<\/strong><br><strong>21.2a Principe du Score maximum<\/strong><br>Le Score maximum est une forme de stroke play dans laquelle, pour chaque trou, le score du joueur ou du camp est plafonn\u00e9 \u00e0 un nombre maximal de coups fix\u00e9 par le Comit\u00e9, par ex. deux fois le par, un nombre fixe ou le double bogey net.<br>Les R\u00e8gles du stroke play (R\u00e8gles 1-20) s\u2019appliquent mais sont modifi\u00e9es par les R\u00e8gles particuli\u00e8res suivantes.<br>La R\u00e8gle 21.2 est r\u00e9dig\u00e9e :<br>\u2022 Pour les comp\u00e9titions en brut mais elle peut aussi \u00eatre adapt\u00e9e pour les comp\u00e9titions en net, et<br>\u2022 Pour le jeu en individuel, mais elle peut \u00eatre adapt\u00e9e pour les comp\u00e9titions impliquant des partenaires, avec les modifications apport\u00e9es par les R\u00e8gles 22 (Foursome) et 23 (Quatre balles), et pour les comp\u00e9titions par \u00e9quipes avec les modifications apport\u00e9es par la R\u00e8gle 24.<br><strong>21.2b Score en Score maximum<\/strong><br><strong>(1) <\/strong>Score du joueur pour un trou. Le score d\u2019un joueur sur un trou correspond \u00e0 son nombre de coups r\u00e9alis\u00e9s (\u00e0 savoir les coups jou\u00e9s et les coups de p\u00e9nalit\u00e9), sauf que, si le score effectivement r\u00e9alis\u00e9 exc\u00e8de le maximum, le joueur b\u00e9n\u00e9ficiera du score maximum.<br>Un joueur qui, pour quelque raison que ce soit, ne termine pas un trou correctement selon les R\u00e8gles b\u00e9n\u00e9ficie du score maximum pour ce trou.<br>Pour am\u00e9liorer la cadence de jeu, les joueurs sont encourag\u00e9s \u00e0 arr\u00eater de jouer un trou lorsque leur score a atteint le maximum.<br>Le trou est fini lorsque le joueur termine le trou, choisit de ne pas le faire ou lorsque son score a atteint le maximum.<br><strong>(2)<\/strong> Enregistrement du score pour chaque trou. Pour r\u00e9pondre aux exigences de la R\u00e8gle 3.3b concernant l\u2019enregistrement du score sur la carte de score :<br>\u2022 Si le trou est fini en entrant la balle :<br>\u00bb Si le score est inf\u00e9rieur au maximum. La carte de score doit indiquer le score r\u00e9alis\u00e9.<br>\u00bb Si le score est \u00e9gal ou sup\u00e9rieur au maximum. La carte de score peut ne pas indiquer de score ou indiquer un score quelconque \u00e9gal ou sup\u00e9rieur au maximum.<br>\u2022 Si le trou est fini sans entrer la balle. Si le joueur ne termine pas le trou conform\u00e9ment aux R\u00e8gles, la carte de score peut ne pas indiquer de score ou indiquer un score quelconque \u00e9gal ou sup\u00e9rieur au maximum.<br>Le Comit\u00e9 a la responsabilit\u00e9 de l\u2019ajustement du score du joueur au maximum de chaque trou lorsque la carte de score n\u2019indique pas de score ou indique un score sup\u00e9rieur au maximum et, dans une comp\u00e9tition en net, de l\u2019application des coups de handicap au score entr\u00e9 pour chaque trou.<br><strong>21.2c P\u00e9nalit\u00e9s en Score maximum<\/strong><br>Toutes les p\u00e9nalit\u00e9s qui s\u2019appliquent en stroke play s\u2019appliquent \u00e9galement en Score maximum, sauf qu\u2019un joueur qui enfreint une des cinq R\u00e8gles suivantes n\u2019est pas disqualifi\u00e9 mais b\u00e9n\u00e9ficie du score maximum pour le trou o\u00f9 l\u2019infraction s\u2019est produite :<br>\u2022 Ne pas terminer le trou selon la R\u00e8gle 3.3c,<br>\u2022 Ne pas corriger l\u2019erreur d\u2019avoir jou\u00e9 d\u2019en dehors de la zone de d\u00e9part en commen\u00e7ant un trou (voir R\u00e8gle 6.1b(2)),<br>\u2022 Ne pas corriger l\u2019erreur d\u2019avoir jou\u00e9 une mauvaise balle (voir R\u00e8gle 6.3c),<br>\u2022 Ne pas corriger l\u2019erreur d\u2019avoir jou\u00e9 d\u2019un mauvais endroit en cas de grave infraction (voir R\u00e8gle 14.7b), ou<br>\u2022 Ne pas corriger l\u2019erreur d\u2019avoir jou\u00e9 un coup dans l\u2019ordre incorrect (voir R\u00e8gle 22.3).<br>Si le joueur enfreint toute autre R\u00e8gle dont la p\u00e9nalit\u00e9 est la disqualification, le joueur est disqualifi\u00e9.<br>Apr\u00e8s application de n\u2019importe quels coups de p\u00e9nalit\u00e9, le score du joueur pour un trou ne peut pas \u00eatre sup\u00e9rieur au score maximum fix\u00e9 par le Comit\u00e9.<br><strong>21.2d Exception \u00e0 la R\u00e8gle 11.2 en Score maximum<\/strong><br>La R\u00e8gle 11.2 ne s\u2019applique pas dans la situation suivante :<br>Si la balle en mouvement d\u2019un joueur doit \u00eatre entr\u00e9e pour marquer un score de un en dessous du score maximum sur le trou et que n\u2019importe quelle personne d\u00e9vie ou arr\u00eate d\u00e9lib\u00e9r\u00e9ment la balle \u00e0 un moment o\u00f9 il n\u2019y a aucune chance raisonnable qu\u2019elle puisse entrer, il n\u2019y a pas de p\u00e9nalit\u00e9 pour cette personne et le joueur marque le score maximum pour le trou.<br><strong>21.2e Fin d\u2019un tour en Score maximum<\/strong><br>Le tour d\u2019un joueur prend fin quand le joueur :<br>\u2022 Entre la balle sur son dernier trou (y compris en corrigeant une erreur, comme selon la R\u00e8gle 6.1 ou 14.7b), ou<br>\u2022 Choisit de ne pas terminer le dernier trou ou b\u00e9n\u00e9ficie d\u00e9j\u00e0 du score maximum sur le trou.<\/p>\n\n\n\n<p class=\"has-black-color has-background-color-background-color has-text-color has-background has-link-color wp-elements-2cc639117903fed1e3b048c03fdb6712\"><strong>21.3 Par \/ Bogey<\/strong><br><strong>21.3a Principe du Par \/ Bogey<\/strong><br>Le Par \/ Bogey est une forme de stroke play qui utilise la m\u00eame fa\u00e7on de compter le score qu\u2019en match play et dans laquelle :<br>\u2022 Un joueur ou un camp gagne ou perd un trou en terminant le trou en moins de coups ou plus de coups qu\u2019un score de r\u00e9f\u00e9rence \u00e9tabli pour ce trou par le Comit\u00e9, et<br>\u2022 La comp\u00e9tition est gagn\u00e9e par le joueur ou le camp ayant le plus grand nombre de trous gagn\u00e9s par rapport aux trous perdus (c\u2019est-\u00e0-dire en additionnant les trous gagn\u00e9s et soustrayant les trous perdus).<br>Les R\u00e8gles du stroke play (R\u00e8gles 1-20) s\u2019appliquent mais sont modifi\u00e9es par les R\u00e8gles particuli\u00e8res suivantes.<br>La R\u00e8gle 21.3 est r\u00e9dig\u00e9e :<br>\u2022 Pour les comp\u00e9titions en brut mais elle peut aussi \u00eatre adapt\u00e9e pour les comp\u00e9titions en net, et<br>\u2022 Pour le jeu en individuel, mais elle peut \u00eatre adapt\u00e9e pour les comp\u00e9titions impliquant des partenaires, avec les modifications apport\u00e9es par les R\u00e8gles 22 (Foursome) et 23 (Quatre balles), et pour les comp\u00e9titions par \u00e9quipes avec les modifications apport\u00e9es par la R\u00e8gle 24.<br><strong>21.3b Score en Par \/ Bogey<\/strong><br><strong>(1)<\/strong> Gain ou perte des trous. Le score est calcul\u00e9 comme en match play, les trous \u00e9tant gagn\u00e9s ou perdus en comparant le nombre de coups r\u00e9alis\u00e9s (\u00e0 savoir les coups jou\u00e9s et les coups de p\u00e9nalit\u00e9) par le joueur avec le score de r\u00e9f\u00e9rence (typiquement le par ou le bogey) fix\u00e9 par le Comit\u00e9.<br>\u2022 Si le score du joueur est inf\u00e9rieur au score fix\u00e9, le joueur gagne le trou.<br>\u2022 Si le score du joueur est identique au score fix\u00e9, le trou est \u00e0 \u00e9galit\u00e9 (on dit \u00e9galement partag\u00e9).<br>\u2022 Si le score du joueur est sup\u00e9rieur au score fix\u00e9 ou si le score n\u2019est pas rendu, le joueur perd le trou.<br>Un joueur qui, pour quelque raison que ce soit, ne termine pas un trou selon les R\u00e8gles perd ce trou.<br>Pour am\u00e9liorer la cadence de jeu, les joueurs sont encourag\u00e9s \u00e0 arr\u00eater de jouer un trou lorsque leur score d\u00e9passe le score fix\u00e9 (car ils ont perdu ce trou).<br>Le trou est fini lorsque le joueur termine le trou, choisit de ne pas le faire ou lorsque son score d\u00e9passe le score fix\u00e9.<br><strong>(2)<\/strong> Enregistrement du score pour chaque trou. Pour r\u00e9pondre aux exigences de la R\u00e8gle 3.3b concernant l\u2019enregistrement du score sur la carte de score :<br>\u2022 Si le trou est fini en entrant la balle :<br>\u00bb Si le score donne lieu au gain ou au partage du trou. La carte de score doit indiquer le score r\u00e9alis\u00e9.<br>\u00bb Si le score donne lieu \u00e0 la perte du trou. La carte de score peut ne pas indiquer de score ou indiquer un score quelconque entra\u00eenant la perte du trou.<br>\u2022 Si le trou est fini sans entrer la balle. Si le joueur ne termine pas le trou conform\u00e9ment aux R\u00e8gles, la carte de score ne doit pas indiquer de score ou indiquer un score quelconque entra\u00eenant la perte du trou.<br>Le Comit\u00e9 a la responsabilit\u00e9 de d\u00e9cider si le joueur a gagn\u00e9, perdu ou partag\u00e9 chaque trou et, dans une comp\u00e9tition en net, d\u2019appliquer les coups de handicap au score entr\u00e9 pour chaque trou avant de d\u00e9cider du r\u00e9sultat du trou.<br><strong>Exception <\/strong>\u2013 Pas de p\u00e9nalit\u00e9 si cela ne change pas le r\u00e9sultat du trou : si le joueur rend une carte de score avec un score inf\u00e9rieur au score r\u00e9alis\u00e9, mais que cela n\u2019affecte pas le fait que le trou a \u00e9t\u00e9 gagn\u00e9, perdu ou partag\u00e9, il n\u2019y a pas de p\u00e9nalit\u00e9 selon la R\u00e8gle 3.3b.<br><em>Voir Proc\u00e9dures pour le Comit\u00e9, Section 5A(5) (le R\u00e8glement de la Comp\u00e9tition peut encourager, mais pas obliger, les joueurs \u00e0 indiquer sur la carte de score le r\u00e9sultat du trou).<\/em><br><strong>21.3c P\u00e9nalit\u00e9s en Par \/ Bogey<\/strong><br>Toutes les p\u00e9nalit\u00e9s qui s\u2019appliquent en stroke play s\u2019appliquent en Par \/ Bogey, sauf qu\u2019un joueur qui enfreint une des cinq R\u00e8gles suivantes n\u2019est pas disqualifi\u00e9 mais il perd le trou sur lequel l\u2019infraction s\u2019est produite :<br>\u2022 Ne pas terminer le trou selon la R\u00e8gle 3.3c,<br>\u2022 Ne pas corriger l\u2019erreur d\u2019avoir jou\u00e9 d\u2019en dehors de la zone de d\u00e9part en commen\u00e7ant un trou (voir R\u00e8gle 6.1b(2)),<br>\u2022 Ne pas corriger l\u2019erreur d\u2019avoir jou\u00e9 une mauvaise balle (voir R\u00e8gle 6.3c),<br>\u2022 Ne pas corriger l\u2019erreur d\u2019avoir jou\u00e9 d\u2019un mauvais endroit en cas de grave infraction (voir R\u00e8gle 14.7b), ou<br>\u2022 Ne pas corriger l\u2019erreur d\u2019avoir jou\u00e9 un coup dans l\u2019ordre incorrect (voir R\u00e8gle 22.3).<br>Si le joueur enfreint toute autre R\u00e8gle dont la p\u00e9nalit\u00e9 est la disqualification, le joueur est disqualifi\u00e9.<br>Apr\u00e8s application de n\u2019importe quels coups de p\u00e9nalit\u00e9, le joueur peut perdre le trou mais pas plus.<br><strong>21.3d Exception \u00e0 la R\u00e8gle 11.2 en Par \/ Bogey<\/strong><br>La R\u00e8gle 11.2 ne s\u2019applique pas dans la situation suivante :<br>Si la balle en mouvement d\u2019un joueur doit \u00eatre entr\u00e9e pour partager le trou et que n\u2019importe quelle personne d\u00e9vie ou arr\u00eate d\u00e9lib\u00e9r\u00e9ment la balle \u00e0 un moment o\u00f9 il n\u2019y a aucune chance raisonnable qu\u2019elle puisse entrer, il n\u2019y a pas de p\u00e9nalit\u00e9 pour cette personne et le joueur perd le trou.<br><strong>21.3e Fin d\u2019un tour en Par \/ Bogey<\/strong><br>Le tour d\u2019un joueur prend fin quand le joueur :<br>\u2022 Entre la balle sur son dernier trou (y compris en corrigeant une erreur, comme selon la R\u00e8gle 6.1 ou 14.7b), ou<br>\u2022 Choisit de ne pas terminer le dernier trou ou a d\u00e9j\u00e0 perdu le trou.<\/p>\n\n\n\n<p class=\"has-black-color has-background-color-background-color has-text-color has-background has-link-color wp-elements-bf85c1cc7fc34046c05723f1209b58ae\"><strong>21.4 Trois balles match play<\/strong><br><strong>21.4a Principe du Trois balles match play<\/strong><br>Le Trois balles match play est une forme de match play dans laquelle :<br>\u2022 Chacun des trois joueurs joue en m\u00eame temps un match individuel contre les deux autres joueurs, et<br>\u2022 Chaque joueur joue une seule balle qui est utilis\u00e9e dans ses deux matchs.<br>Les R\u00e8gles du match play (R\u00e8gles 1-20) s\u2019appliquent aux trois matchs individuels, sauf que les R\u00e8gles particuli\u00e8res suivantes s\u2019appliquent dans deux situations o\u00f9 l\u2019application des R\u00e8gles dans l\u2019un des matchs pourrait entrer en conflit avec leur application dans l\u2019autre match.<br><strong>21.4b Jouer hors tour<\/strong><br>Si un joueur joue hors tour dans un des matchs, l\u2019adversaire qui aurait d\u00fb jouer en premier peut annuler le coup du joueur selon la R\u00e8gle 6.4a(2).<br>Si le joueur joue hors tour dans les deux matchs, chaque adversaire peut choisir d\u2019annuler le coup du joueur dans son match contre ce joueur.<br>Si le coup du joueur n\u2019est annul\u00e9 que dans un seul match :<br>\u2022 Le joueur doit continuer le jeu dans l\u2019autre match avec la balle d\u2019origine.<br>\u2022 Ceci signifie que le joueur doit finir le trou en jouant une balle diff\u00e9rente dans chaque match.<br><strong>21.4c Balle ou marque-balle relev\u00e9 ou d\u00e9plac\u00e9 par un adversaire<\/strong><br>Si un adversaire encourt un coup de p\u00e9nalit\u00e9 pour avoir relev\u00e9 la balle ou le marque-balle d\u2019un joueur ou avoir caus\u00e9 leur d\u00e9placement selon la R\u00e8gle 9.5b ou 9.7b, cette p\u00e9nalit\u00e9 ne s\u2019applique que dans le match contre ce joueur.<br>Cet adversaire n\u2019encourt pas de p\u00e9nalit\u00e9 dans son match contre l\u2019autre joueur.<\/p>\n\n\n\n<p class=\"has-black-color has-background-color-background-color has-text-color has-background has-link-color wp-elements-456c7cbf85f340cb8cabf75eb5de7dac\"><strong>21.5 Autres formes du jeu de golf<\/strong><br>Bien que seules certaines formes de jeu soient sp\u00e9cifiquement trait\u00e9es dans les R\u00e8gles 3, 21, 22 et 23, le golf peut \u00eatre jou\u00e9 aussi sous bien d\u2019autres formes, comme le scramble et le greensome.<br>Les R\u00e8gles peuvent \u00eatre adapt\u00e9es pour organiser le jeu dans ces formes et d\u2019autres formes de jeu.<br><em>Voir Proc\u00e9dures pour le Comit\u00e9, Section 9 (recommandations pour l\u2019adaptation des R\u00e8gles \u00e0 d\u2019autres formes courantes de jeu).<\/em><\/p>\n","protected":false},"excerpt":{"rendered":"<p>Clarifications Objet de la R\u00e8gle :La R\u00e8gle 21 traite de quatre autres formes de jeu en individuel, dont trois formes de stroke play dans lesquelles la fa\u00e7on de compter le score est diff\u00e9rente de celle du stroke play habituel : Stableford (score par points obtenus sur chaque trou), Score maximum [&hellip;]<\/p>\n","protected":false},"author":8,"featured_media":9462,"parent":0,"menu_order":0,"comment_status":"closed","ping_status":"closed","template":"","meta":{"footnotes":""},"class_list":["post-10753","page","type-page","status-publish","has-post-thumbnail","hentry"],"_links":{"self":[{"href":"https:\/\/asgolfdepessac.com\/index.php\/wp-json\/wp\/v2\/pages\/10753","targetHints":{"allow":["GET"]}}],"collection":[{"href":"https:\/\/asgolfdepessac.com\/index.php\/wp-json\/wp\/v2\/pages"}],"about":[{"href":"https:\/\/asgolfdepessac.com\/index.php\/wp-json\/wp\/v2\/types\/page"}],"author":[{"embeddable":true,"href":"https:\/\/asgolfdepessac.com\/index.php\/wp-json\/wp\/v2\/users\/8"}],"replies":[{"embeddable":true,"href":"https:\/\/asgolfdepessac.com\/index.php\/wp-json\/wp\/v2\/comments?post=10753"}],"version-history":[{"count":0,"href":"https:\/\/asgolfdepessac.com\/index.php\/wp-json\/wp\/v2\/pages\/10753\/revisions"}],"wp:featuredmedia":[{"embeddable":true,"href":"https:\/\/asgolfdepessac.com\/index.php\/wp-json\/wp\/v2\/media\/9462"}],"wp:attachment":[{"href":"https:\/\/asgolfdepessac.com\/index.php\/wp-json\/wp\/v2\/media?parent=10753"}],"curies":[{"name":"wp","href":"https:\/\/api.w.org\/{rel}","templated":true}]}}