{"id":10851,"date":"2025-04-11T05:57:35","date_gmt":"2025-04-11T03:57:35","guid":{"rendered":"https:\/\/asgolfdepessac.com\/?page_id=10851"},"modified":"2025-04-11T06:35:07","modified_gmt":"2025-04-11T04:35:07","slug":"clarification-de-la-regle-22","status":"publish","type":"page","link":"https:\/\/asgolfdepessac.com\/index.php\/clarification-de-la-regle-22\/","title":{"rendered":"Clarification de la r\u00e8gle 22"},"content":{"rendered":"\n<p class=\"has-black-color has-background-color-background-color has-text-color has-background\"><strong>R\u00e8gle 22.3 Clarifications : le camp doit jouer les coups alternativement<\/strong><br><strong>22.3\/1 <\/strong>\u2013 Rejouer de la zone de d\u00e9part en Foursome mixte : la balle doit \u00eatre jou\u00e9e de la m\u00eame zone de d\u00e9part<br>En Foursome mixte lorsque diff\u00e9rentes zones de d\u00e9part sont utilis\u00e9es pour les hommes et les femmes si, par exemple, un homme drive depuis la zone de d\u00e9part d\u00e9finie par les marques blanches et envoie sa balle hors limites, la femme doit jouer le coup suivant depuis la zone de d\u00e9part d\u00e9finie par les marques blanches.<br><strong>22.3\/2<\/strong> \u2013 D\u00e9terminer quelle balle est en jeu lorsque les deux partenaires en Foursome drivent depuis la m\u00eame zone de d\u00e9part<br>Si \u00e0 la fois le joueur et son partenaire drivent par erreur depuis la m\u00eame zone de d\u00e9part, il faut d\u00e9terminer \u00e0 qui c\u2019\u00e9tait le tour de jouer.<br>Par exemple, les joueurs A et B sont partenaires dans le camp A-B. Le joueur A drive en premier ; puis le joueur B drive depuis la m\u00eame zone de d\u00e9part :<br>\u2022 Si c\u2019\u00e9tait au tour du joueur A de driver, la balle du joueur B est la balle en jeu du camp selon la p\u00e9nalit\u00e9 coup et distance (R\u00e8gle 18.1). Le camp a jou\u00e9 3 coups (y compris un coup de p\u00e9nalit\u00e9) et c\u2019est au tour du joueur A de jouer le coup suivant.<br>\u2022 Si c\u2019\u00e9tait au tour du joueur B de driver, le camp perd le trou en match play ou encourt deux coups de p\u00e9nalit\u00e9 en stroke play pour avoir jou\u00e9 dans un ordre incorrect lorsque le joueur A a driv\u00e9 en premier. En stroke play, la balle du joueur B est la balle en jeu du camp. Le camp a jou\u00e9 3 coups (y compris les<br>deux coups de p\u00e9nalit\u00e9) et c\u2019est au tour du joueur A de jouer le coup suivant.<br><strong>22.3\/3<\/strong> \u2013 Un joueur ne doit pas manquer volontairement la balle pour permettre \u00e0 son partenaire de jouer<br>Un joueur ne doit pas changer l\u2019ordre de jeu en manquant intentionnellement la balle. Un \u00ab coup \u00bb est un mouvement vers l\u2019avant du club fait pour frapper la balle.<br>En cons\u00e9quence, si un joueur manque intentionnellement la balle, il n\u2019a pas jou\u00e9 un coup et c\u2019est encore \u00e0 son tour de jouer.<br>Par exemple, le joueur A et le joueur B sont partenaires dans le camp A-B. Si le joueur A manque intentionnellement la balle pour que le joueur B puisse jouer le coup, le joueur A n\u2019a pas jou\u00e9 un coup car il n\u2019avait pas l\u2019intention de frapper la balle. Si par la suite le joueur B joue la balle, le camp A-B encourt la p\u00e9nalit\u00e9 g\u00e9n\u00e9rale car le joueur B joue dans un ordre incorrect alors que c\u2019\u00e9tait encore au tour du joueur A de jouer.<br>Cependant, si le joueur A a l\u2019intention de frapper la balle et la manque accidentellement, il a jou\u00e9 un coup et c\u2019est au tour du joueur B de jouer.<br><strong>22.3\/4<\/strong> \u2013 Comment proc\u00e9der lorsque la balle provisoire a \u00e9t\u00e9 jou\u00e9e par le mauvais partenaire<br>Si un camp d\u00e9cide de jouer une balle provisoire, elle doit \u00eatre jou\u00e9e par le partenaire dont c\u2019est le tour de jouer le coup suivant du camp.<br>Par exemple, le joueur A et le joueur B sont partenaires dans le camp A-B. Le joueur A joue sa balle et il y a un doute que la balle soit hors limites ou perdue en dehors d\u2019une zone \u00e0 p\u00e9nalit\u00e9. Si le camp d\u00e9cide de jouer une balle provisoire, le joueur B doit jouer la balle provisoire. Si, par erreur, le joueur A joue la balle<br>provisoire, il n\u2019y a pas de p\u00e9nalit\u00e9 si la balle d\u2019origine est retrouv\u00e9e et que la balle provisoire ne devient pas la balle en jeu.<br>Cependant, si la balle d\u2019origine est perdue et que la balle provisoire devient la balle en jeu, \u00e9tant donn\u00e9 que le joueur A a jou\u00e9 la balle provisoire, dans cet exemple, le camp perd le trou en match play ou encourt deux coups de p\u00e9nalit\u00e9 en stroke play pour avoir jou\u00e9 dans un ordre incorrect. En stroke play, la balle provisoire doit \u00eatre abandonn\u00e9e et le joueur B doit retourner au point d\u2019o\u00f9 le joueur A a jou\u00e9 le dernier coup sur la balle d\u2019origine et mettre une balle en jeu (R\u00e8gle 18.2b).<\/p>\n","protected":false},"excerpt":{"rendered":"<p>R\u00e8gle 22.3 Clarifications : le camp doit jouer les coups alternativement22.3\/1 \u2013 Rejouer de la zone de d\u00e9part en Foursome mixte : la balle doit \u00eatre jou\u00e9e de la m\u00eame zone de d\u00e9partEn Foursome mixte lorsque diff\u00e9rentes zones de d\u00e9part sont utilis\u00e9es pour les hommes et les femmes si, par [&hellip;]<\/p>\n","protected":false},"author":8,"featured_media":9462,"parent":0,"menu_order":0,"comment_status":"closed","ping_status":"closed","template":"","meta":{"footnotes":""},"class_list":["post-10851","page","type-page","status-publish","has-post-thumbnail","hentry"],"_links":{"self":[{"href":"https:\/\/asgolfdepessac.com\/index.php\/wp-json\/wp\/v2\/pages\/10851","targetHints":{"allow":["GET"]}}],"collection":[{"href":"https:\/\/asgolfdepessac.com\/index.php\/wp-json\/wp\/v2\/pages"}],"about":[{"href":"https:\/\/asgolfdepessac.com\/index.php\/wp-json\/wp\/v2\/types\/page"}],"author":[{"embeddable":true,"href":"https:\/\/asgolfdepessac.com\/index.php\/wp-json\/wp\/v2\/users\/8"}],"replies":[{"embeddable":true,"href":"https:\/\/asgolfdepessac.com\/index.php\/wp-json\/wp\/v2\/comments?post=10851"}],"version-history":[{"count":0,"href":"https:\/\/asgolfdepessac.com\/index.php\/wp-json\/wp\/v2\/pages\/10851\/revisions"}],"wp:featuredmedia":[{"embeddable":true,"href":"https:\/\/asgolfdepessac.com\/index.php\/wp-json\/wp\/v2\/media\/9462"}],"wp:attachment":[{"href":"https:\/\/asgolfdepessac.com\/index.php\/wp-json\/wp\/v2\/media?parent=10851"}],"curies":[{"name":"wp","href":"https:\/\/api.w.org\/{rel}","templated":true}]}}