{"id":10861,"date":"2025-04-11T06:43:10","date_gmt":"2025-04-11T04:43:10","guid":{"rendered":"https:\/\/asgolfdepessac.com\/?page_id=10861"},"modified":"2025-04-12T07:01:17","modified_gmt":"2025-04-12T05:01:17","slug":"regle-n23-quatre-balles","status":"publish","type":"page","link":"https:\/\/asgolfdepessac.com\/index.php\/regle-n23-quatre-balles\/","title":{"rendered":"R\u00e8gle n\u00b023 &#8211; Quatre balles"},"content":{"rendered":"\n<p class=\"has-text-align-center has-black-color has-background-color-background-color has-text-color has-background has-link-color has-medium-font-size wp-elements-3bb5dd9534eaa038b76c470db507e7a5\"><strong><a href=\"https:\/\/asgolfdepessac.com\/index.php\/clarification-de-la-regle-23\/\">Clarifications<\/a><\/strong><\/p>\n\n\n\n<p class=\"has-black-color has-background-color-background-color has-text-color has-background has-link-color wp-elements-1bbee11a830cad7441d7679444ae598e\"><strong>Objet de la R\u00e8gle :<\/strong><br>La R\u00e8gle 23 traite du Quatre balles (jou\u00e9 aussi bien en match play qu\u2019en stroke play), dans lequel des partenaires concourent en tant que camp, chacun jouant une balle diff\u00e9rente. Le score du camp pour un trou est le score le plus bas des deux partenaires sur ce trou.<br><strong>23.1 Principe du Quatre balles<\/strong><br>Le Quatre balles est une forme de jeu (soit en match play, soit en stroke play) impliquant des partenaires dans laquelle :<br>\u2022 Deux partenaires jouent ensemble en tant que camp, chaque joueur jouant sa propre balle, et<br>\u2022 Le score du camp sur un trou est le score le plus bas des deux partenaires sur ce trou.<br>Les R\u00e8gles 1 \u00e0 20 s\u2019appliquent \u00e0 cette forme de jeu, avec les modifications apport\u00e9es par les R\u00e8gles particuli\u00e8res suivantes.<br>Il existe une variante de cette forme de jeu en match play connue sous le nom de Meilleure balle, dans laquelle un joueur individuel concourt contre un camp de deux ou trois partenaires et chaque partenaire joue sa propre balle selon les R\u00e8gles, avec les modifications apport\u00e9es par les R\u00e8gles particuli\u00e8res suivantes. (Pour la Meilleure balle avec trois partenaires dans un camp, chaque r\u00e9f\u00e9rence \u00e0 l\u2019autre partenaire signifie les deux autres partenaires).<\/p>\n\n\n\n<p class=\"has-black-color has-background-color-background-color has-text-color has-background has-link-color wp-elements-980a3cef5d1de41c9e97b33adcffad00\"><strong>23.2 Marquer le score en Quatre balles<\/strong><br><strong>23.2a Score du camp pour un trou en match play et en stroke play<\/strong><br>\u2022 Quand les deux partenaires ont termin\u00e9 le trou ou l\u2019ont autrement fini selon les R\u00e8gles. Le score le plus bas est le score du camp pour le trou.<br>\u2022 Quand uniquement un partenaire a termin\u00e9 le trou ou l\u2019a autrement fini selon les R\u00e8gles. Le score de ce partenaire est le score du camp pour le trou.<br>L\u2019autre partenaire n\u2019est pas tenu de terminer le trou.<br>\u2022 Quand aucun partenaire n\u2019a termin\u00e9 le trou ou ne l\u2019a autrement fini selon les R\u00e8gles. Le camp n\u2019a pas de score pour ce trou, en cons\u00e9quence :<br>\u00bb En match play, le camp perd le trou, \u00e0 moins que le camp adverse n\u2019ait d\u00e9j\u00e0 conc\u00e9d\u00e9 ou bien perdu le trou.<br>\u00bb En stroke play, le camp est disqualifi\u00e9 \u00e0 moins que l\u2019erreur ne soit corrig\u00e9e dans les d\u00e9lais selon la R\u00e8gle 3.3c.<br><strong>23.2b Carte de score du camp en stroke play<\/strong><br><strong>(1)<\/strong> Responsabilit\u00e9 du camp. Le score brut du camp pour chaque trou doit \u00eatre enregistr\u00e9 sur une seule carte de score.<br>Pour chaque trou :<br>\u2022 Le score brut d\u2019au moins un partenaire doit \u00eatre enregistr\u00e9 sur la carte de score.<br>\u2022 Il n\u2019y a pas de p\u00e9nalit\u00e9 pour avoir enregistr\u00e9 les scores de plus d\u2019un partenaire sur la carte de score.<br>\u2022 Chaque score doit \u00eatre clairement identifi\u00e9 sur la carte de score comme \u00e9tant celui du partenaire l\u2019ayant r\u00e9alis\u00e9 ; si ce n\u2019est pas le cas, le camp est disqualifi\u00e9.<br>\u2022 Il n\u2019est pas suffisant d\u2019identifier un score comme \u00e9tant le score d\u2019ensemble du camp.<br>Un seul partenaire est tenu de certifier les scores de chaque trou sur la carte de score du camp selon la R\u00e8gle 3.3b(2).<br><strong>(2)<\/strong> Responsabilit\u00e9 du Comit\u00e9. Le Comit\u00e9 a la responsabilit\u00e9 de d\u00e9terminer sur chaque trou quel score compte pour le camp, y compris en appliquant les handicaps dans le cas d\u2019une comp\u00e9tition en net :<br>\u2022 Si un seul score est enregistr\u00e9 sur un trou, ce score compte pour le camp.<br>\u2022 Si les scores des deux partenaires sont enregistr\u00e9s sur un trou :<br>\u00bb Si ces scores sont diff\u00e9rents, le score (brut ou net) le plus bas sur ce trou compte pour le camp.<br>\u00bb Si les deux scores sont identiques, le Comit\u00e9 peut prendre en compte l\u2019un ou l\u2019autre score. Si le score pris en compte s\u2019av\u00e8re \u00eatre inexact pour n\u2019importe quelle raison, le Comit\u00e9 prendra en compte l\u2019autre score.<br>Si le score comptant pour le camp n\u2019est pas clairement identifi\u00e9 comme \u00e9tant le score du partenaire l\u2019ayant r\u00e9alis\u00e9, ou si ce partenaire est disqualifi\u00e9 pour une raison en rapport avec le jeu du trou, le camp est disqualifi\u00e9.<br><strong>23.2c Situation o\u00f9 la R\u00e8gle 11.2 ne s\u2019applique pas en Quatre balles<\/strong><br>La R\u00e8gle 11.2 ne s\u2019applique pas dans la situation suivante :<br>Quand le partenaire d\u2019un joueur a d\u00e9j\u00e0 fini le trou et que la balle en mouvement du joueur doit \u00eatre entr\u00e9e pour diminuer d\u2019un coup le r\u00e9sultat du camp sur le trou, si n\u2019importe quelle personne la d\u00e9vie ou la stoppe d\u00e9lib\u00e9r\u00e9ment alors qu\u2019il n\u2019y a raisonnablement aucune chance qu\u2019elle puisse entrer, il n\u2019y a pas de p\u00e9nalit\u00e9 pour cette personne et la balle du joueur ne compte pas pour le camp.<\/p>\n\n\n\n<p class=\"has-black-color has-background-color-background-color has-text-color has-background has-link-color wp-elements-174c67726b2e7b17eee2580ca3a907a2\"><strong>23.3 Commencement et fin d\u2019un tour ; fin d\u2019un trou<\/strong><br><strong>23.3a Commencement d\u2019un tour<\/strong><br>Le tour d\u2019un camp commence quand l\u2019un des partenaires joue un coup pour commencer son premier trou.<br><strong>23.3b Fin d\u2019un tour<\/strong><br>Le tour d\u2019un camp prend fin :<br>\u2022 En match play, quand :<br>\u00bb L\u2019un ou l\u2019autre camp a gagn\u00e9 le match (voir R\u00e8gles 3.2a(3)), ou \u00bb Le match est partag\u00e9 apr\u00e8s le dernier trou quand le R\u00e8glement de la Comp\u00e9tition stipule que le match peut se terminer sur une \u00e9galit\u00e9 (voir<br>R\u00e8gle 3.2a(4)).<br>\u2022 En stroke play, quand le camp a fini le dernier trou, ou bien parce que les deux partenaires ont entr\u00e9 la balle (y compris en corrigeant une erreur, comme selon la R\u00e8gle 6.1 ou 14.7b), ou alors parce qu\u2019un partenaire a entr\u00e9 la balle au dernier trou et que l\u2019autre partenaire choisit de ne pas le faire.<br><strong>23.3c Fin d\u2019un trou<\/strong><br><strong>(1)<\/strong> Match play. Un camp a fini un trou lorsque :<br>\u2022 Les deux partenaires ont termin\u00e9 le trou, ou leurs coups suivants ont \u00e9t\u00e9 conc\u00e9d\u00e9s,<br>\u2022 Un partenaire a termin\u00e9 le trou ou a eu son coup suivant conc\u00e9d\u00e9 et l\u2019autre partenaire choisit de ne pas terminer le trou ou a un score qui ne peut pas compter pour le camp, ou<br>\u2022 Le r\u00e9sultat du trou est acquis (par ex. lorsque le score de l\u2019autre camp pour le trou est inf\u00e9rieur \u00e0 celui que le camp pourrait r\u00e9aliser).<br><strong>(2)<\/strong> Stroke play. Un camp a fini un trou lorsque l\u2019un des partenaires a termin\u00e9 le trou et que l\u2019autre partenaire a termin\u00e9 le trou, a choisi de ne pas le faire ou est disqualifi\u00e9 pour le trou.<\/p>\n\n\n\n<p class=\"has-black-color has-background-color-background-color has-text-color has-background has-link-color wp-elements-1ab76fef87b8c52af9699d822215bff1\"><strong>23.4 Un ou les deux partenaires peuvent repr\u00e9senter le camp<\/strong><br>Le camp peut \u00eatre repr\u00e9sent\u00e9 par un partenaire pendant tout ou partie d\u2019un tour. Il n\u2019est pas n\u00e9cessaire que les deux partenaires soient pr\u00e9sents, ou s\u2019ils le sont, que les deux partenaires jouent sur chaque trou.<br>Si un partenaire est absent et arrive ensuite pour jouer, ce partenaire peut commencer \u00e0 jouer pour le camp uniquement entre le jeu de deux trous, \u00e0 savoir :<br>\u2022 Match play \u2013 avant que n\u2019importe quel joueur du match ne commence le trou. Si le partenaire arrive seulement apr\u00e8s que n\u2019importe quel joueur de n\u2019importe quel camp du match a commenc\u00e9 le jeu du trou, ce partenaire n\u2019est pas autoris\u00e9 \u00e0 jouer pour le camp avant le trou suivant.<br>\u2022 Stroke play \u2013 avant que l\u2019autre partenaire ne commence le trou. Si le partenaire arrive seulement apr\u00e8s que l\u2019autre partenaire a commenc\u00e9 le jeu du trou, le partenaire qui arrive n\u2019est pas autoris\u00e9 \u00e0 jouer pour le camp avant le trou suivant.<br>Un partenaire qui arrive et qui n\u2019est pas autoris\u00e9 \u00e0 jouer sur un trou peut n\u00e9anmoins donner un conseil ou aider l\u2019autre partenaire et entreprendre d\u2019autres actions sur ce trou pour l\u2019autre partenaire (voir R\u00e8gles 23.5a et 23.5b).<br><strong><em>P\u00e9nalit\u00e9 pour avoir jou\u00e9 un coup alors qu\u2019un joueur n\u2019est pas autoris\u00e9 \u00e0 jouer le trou en infraction avec la R\u00e8gle 23.4 : p\u00e9nalit\u00e9 g\u00e9n\u00e9rale.<\/em><\/strong><\/p>\n\n\n\n<p class=\"has-black-color has-background-color-background-color has-text-color has-background has-link-color wp-elements-807458878cbe20e2a6c878f881527d02\"><strong>23.5 Actions d\u2019un joueur affectant le jeu d\u2019un partenaire<\/strong><br><strong>23.5a Autorisation pour le joueur d\u2019entreprendre toute action, concernant la balle d\u2019un partenaire, qui pourrait \u00eatre entreprise par ce partenaire.<\/strong><br>Bien que chaque joueur d\u2019un camp doive jouer sa propre balle :<br>\u2022 Un joueur peut entreprendre toute action concernant la balle du partenaire que le partenaire est autoris\u00e9 \u00e0 faire avant de jouer un coup, par ex. marquer l\u2019emplacement de la balle et relever, replacer, dropper et placer la balle.<br>\u2022 Un joueur et son cadet peuvent aider le partenaire de toutes les mani\u00e8res que le cadet du partenaire est lui-m\u00eame autoris\u00e9 \u00e0 le faire (par ex. donner un conseil ou \u00eatre questionn\u00e9 pour en avoir un, et entreprendre les autres actions autoris\u00e9es selon la R\u00e8gle 10), mais ils ne doivent fournir aucune aide que le cadet de l\u2019autre partenaire n\u2019est pas autoris\u00e9 \u00e0 fournir selon les R\u00e8gles.<br>En stroke play, des partenaires ne doivent pas s\u2019entendre entre eux pour laisser une balle en place sur le green afin d\u2019aider l\u2019un d\u2019entre eux ou tout autre joueur (voir R\u00e8gle 15.3a).<br><strong>23.5b Le partenaire est responsable des actions du joueur<\/strong><br>Toute action entreprise par le joueur concernant la balle ou l\u2019\u00e9quipement du partenaire est consid\u00e9r\u00e9e comme ayant \u00e9t\u00e9 entreprise par le partenaire.<br>Si l\u2019action d\u2019un joueur constitue une infraction \u00e0 une R\u00e8gle si elle \u00e9tait entreprise par le partenaire :<br>\u2022 Le partenaire est en infraction avec la R\u00e8gle et encourt la p\u00e9nalit\u00e9 applicable (voir R\u00e8gle 23.9a).<br>\u2022 Par ex. quand le joueur enfreint les R\u00e8gles en :<br>\u00bb Am\u00e9liorant les conditions affectant le coup \u00e0 jouer par le partenaire,<br>\u00bb Causant accidentellement le d\u00e9placement de la balle du partenaire, ou<br>\u00bb Omettant de marquer l\u2019emplacement de la balle du partenaire avant de la relever.<br>Cela s\u2019applique aussi aux actions entreprises par le cadet du joueur concernant la balle du partenaire qui constitueraient une infraction \u00e0 une R\u00e8gle si elles avaient \u00e9t\u00e9 entreprises par le partenaire ou le cadet du partenaire.<br>Si les actions d\u2019un joueur ou de son cadet influent \u00e0 la fois sur le jeu de sa propre balle et de la balle de son partenaire, voir la R\u00e8gle 23.9a(2) pour d\u00e9terminer quand il y a p\u00e9nalit\u00e9 pour les deux partenaires.<\/p>\n\n\n\n<p class=\"has-black-color has-background-color-background-color has-text-color has-background has-link-color wp-elements-f678aec0db575310c8d51a8f6f879735\"><strong>23.6 Ordre de jeu du camp<\/strong><br>Les partenaires peuvent jouer dans l\u2019ordre que le camp consid\u00e8re comme le meilleur.<br>Cela signifie que quand c\u2019est au tour d\u2019un joueur de jouer selon la R\u00e8gle 6.4a (match play) ou 6.4b (stroke play), le joueur ou son partenaire peut jouer son coup suivant.<br><strong>Exception<\/strong> \u2013 Continuer le jeu d\u2019un trou apr\u00e8s un coup conc\u00e9d\u00e9 en match play :<br>\u2022 Un joueur ne doit pas continuer \u00e0 jouer un trou apr\u00e8s que son coup suivant a \u00e9t\u00e9 conc\u00e9d\u00e9, si cela peut aider son partenaire.<br>\u2022 Si le joueur le fait, son score pour le trou est maintenu sans p\u00e9nalit\u00e9, mais le score du partenaire pour le trou ne peut pas compter pour le camp.<\/p>\n\n\n\n<p class=\"has-black-color has-background-color-background-color has-text-color has-background has-link-color wp-elements-844a7a2b7c9bfeb3cca3e61fbe226739\"><strong>23.7 Des partenaires peuvent partager des clubs<\/strong><br>La R\u00e8gle 4.1b(2) est modifi\u00e9e pour permettre aux partenaires de partager des clubs, \u00e0 condition que le nombre total de clubs qu\u2019ils poss\u00e8dent ensemble ne soit pas sup\u00e9rieur \u00e0 14.<\/p>\n\n\n\n<p class=\"has-black-color has-background-color-background-color has-text-color has-background has-link-color wp-elements-1f21dc4b9e001333674b1da295d17d18\"><strong>23.8 Restriction pour un joueur \u00e0 se tenir derri\u00e8re son partenaire lorsque le coup est jou\u00e9<\/strong><br>En plus des restrictions de la R\u00e8gle 10.2b(4), un joueur ne doit pas rester sur ou pr\u00e8s d\u2019une extension de la ligne de jeu derri\u00e8re la balle pendant que son partenaire joue un coup afin d\u2019en tirer des informations pour son prochain coup.<br><strong><em>P\u00e9nalit\u00e9 pour infraction \u00e0 la R\u00e8gle 23.8 : p\u00e9nalit\u00e9 g\u00e9n\u00e9rale.<\/em><\/strong><\/p>\n\n\n\n<p class=\"has-black-color has-background-color-background-color has-text-color has-background has-link-color wp-elements-43bff00a621be5f35a337378b7020451\"><strong>23.9 Application d\u2019une p\u00e9nalit\u00e9 \u00e0 un seul partenaire ou aux deux partenaires<\/strong><br>Quand un joueur encourt une p\u00e9nalit\u00e9 pour une infraction \u00e0 une R\u00e8gle, la p\u00e9nalit\u00e9 peut s\u2019appliquer soit \u00e0 ce joueur uniquement, soit aux deux partenaires (c\u2019est-\u00e0-dire au camp). Cela d\u00e9pend de la p\u00e9nalit\u00e9 et de la forme de jeu :<br><strong>23.9a P\u00e9nalit\u00e9s autres que la disqualification<\/strong><br><strong>(1)<\/strong> P\u00e9nalit\u00e9 appliqu\u00e9e normalement uniquement au joueur, pas au partenaire.<br>Quand un joueur encourt une p\u00e9nalit\u00e9 autre que la disqualification, cette p\u00e9nalit\u00e9 s\u2019applique normalement uniquement au joueur et non \u00e9galement \u00e0 son partenaire, sauf dans les situations trait\u00e9es en (2).<br>\u2022 Tous les coups de p\u00e9nalit\u00e9 sont ajout\u00e9s uniquement au score du joueur, pas au score du partenaire.<br>\u2022 En match play, un joueur qui encourt la p\u00e9nalit\u00e9 g\u00e9n\u00e9rale (perte du trou) n\u2019a pas de score pouvant compter pour le camp sur ce trou ; mais cette p\u00e9nalit\u00e9 est sans effet sur le partenaire qui peut continuer \u00e0 jouer pour le compte du camp sur ce trou.<br><strong>(2)<\/strong> Trois situations pour lesquelles la p\u00e9nalit\u00e9 du joueur s\u2019applique \u00e9galement au partenaire.<br>\u2022 Quand le joueur est en infraction avec la R\u00e8gle 4.1b (limitation \u00e0 14 clubs ; partager, ajouter ou remplacer des clubs). En match play, le camp encourt la p\u00e9nalit\u00e9 (ajustement du score du match) ; en stroke play, le partenaire encourt \u00e9galement la m\u00eame p\u00e9nalit\u00e9 que le joueur.<br>\u2022 Quand l\u2019infraction du joueur aide le jeu du partenaire. Aussi bien en match play qu\u2019en stroke play, le partenaire encourt \u00e9galement la m\u00eame p\u00e9nalit\u00e9 que le joueur.<br>\u2022 En match play, quand l\u2019infraction du joueur affecte le jeu de l\u2019adversaire. Le partenaire du joueur encourt \u00e9galement la m\u00eame p\u00e9nalit\u00e9 que le joueur.<br><strong>Exception<\/strong> \u2013 Un joueur qui joue un coup sur une mauvaise balle n\u2019est pas consid\u00e9r\u00e9 comme ayant aid\u00e9 le jeu du partenaire ou g\u00ean\u00e9 le jeu d\u2019un adversaire :<br>\u2022 Seul le joueur (pas le partenaire) encourt la p\u00e9nalit\u00e9 g\u00e9n\u00e9rale pour infraction \u00e0 la R\u00e8gle 6.3c.<br>\u2022 Ceci est valable que la mauvaise balle jou\u00e9e appartienne au partenaire, \u00e0 un adversaire ou \u00e0 n\u2019importe qui d\u2019autre.<br><strong>23.9b P\u00e9nalit\u00e9s de disqualification<\/strong><br><strong>(1)<\/strong> Infraction d\u2019un partenaire entra\u00eenant la disqualification du camp. Un camp est disqualifi\u00e9 si l\u2019un ou l\u2019autre des partenaires encourt une p\u00e9nalit\u00e9 de disqualification selon n\u2019importe laquelle des R\u00e8gles suivantes :<br>\u2022 R\u00e8gle 1.2 Normes de comportement du joueur<br>\u2022 R\u00e8gle 1.3 Jouer selon les R\u00e8gles<br>\u2022 R\u00e8gle 4.1a Club autoris\u00e9 pour jouer un coup<br>\u2022 R\u00e8gle 4.1c Proc\u00e9dure pour retirer du jeu des clubs<br>\u2022 R\u00e8gle 4.2a Balles autoris\u00e9es pendant un tour<br>\u2022 R\u00e8gle 4.3 Utilisation d\u2019\u00e9quipement<br>\u2022 R\u00e8gle 5.6a Retarder le jeu de mani\u00e8re d\u00e9raisonnable<br>\u2022 R\u00e8gle 5.7b Ce que doivent faire les joueurs quand le Comit\u00e9 interrompt le jeu<br>\u2022 R\u00e8gle 6.2b R\u00e8gles relatives \u00e0 la zone de d\u00e9part<br>Match play uniquement :<br>\u2022 R\u00e8gle 3.2c Application des handicaps dans un match en net<br>Stroke play uniquement :<br>\u2022 R\u00e8gle 3.3b(2) Responsabilit\u00e9 du joueur : certifier les scores par trou et rendre la carte de score<br>\u2022 R\u00e8gle 3.3b(3) Score inexact sur un trou<br>\u2022 R\u00e8gle 5.2b Entra\u00eenement sur le parcours avant ou entre des tours<br>\u2022 R\u00e8gle 23.2b Carte de score du camp en stroke play<br><strong>(2)<\/strong> Infraction des deux partenaires entra\u00eenant la disqualification du camp.<br>Un camp est disqualifi\u00e9 si les deux partenaires encourent une p\u00e9nalit\u00e9 de disqualification selon n\u2019importe laquelle des R\u00e8gles suivantes :<br>\u2022 R\u00e8gle 5.3 Commencement et fin du tour<br>\u2022 R\u00e8gle 5.4 Jouer en groupes<br>\u2022 R\u00e8gle 5.7a Possibilit\u00e9 ou obligation pour les joueurs d\u2019interrompre le jeu<br>\u2022 R\u00e8gle 5.7c Ce que doivent faire les joueurs lorsque le jeu reprend<br>Stroke play uniquement :<br>Un camp est disqualifi\u00e9 si, sur le m\u00eame trou, les deux partenaires encourent une p\u00e9nalit\u00e9 de disqualification selon n\u2019importe quelle combinaison des R\u00e8gles suivantes:<br>\u2022 R\u00e8gle 3.3c Ne pas terminer le trou<br>\u2022 R\u00e8gle 6.1b Jouer d\u2019en dehors de la zone de d\u00e9part en commen\u00e7ant le trou<br>\u2022 R\u00e8gle 6.3c Mauvaise balle<br>\u2022 R\u00e8gle 14.7 Jouer d\u2019un mauvais endroit<br>\u2022 R\u00e8gle 20.1c(3) Ne pas rapporter le fait d\u2019avoir jou\u00e9 deux balles<br><strong>(3)<\/strong> Infraction d\u2019un joueur entra\u00eenant l\u2019invalidit\u00e9 du score de ce joueur sur le trou. Dans toutes les autres situations o\u00f9 un joueur commet une infraction \u00e0 une R\u00e8gle impliquant une p\u00e9nalit\u00e9 de disqualification, le joueur n\u2019est pas disqualifi\u00e9, mais le score de ce joueur r\u00e9alis\u00e9 sur le trou o\u00f9 il a commis l\u2019infraction ne peut pas compter pour le camp.<br>En match play, si les deux partenaires enfreignent une telle R\u00e8gle sur le m\u00eame trou, le camp perd le trou.<\/p>\n","protected":false},"excerpt":{"rendered":"<p>Clarifications Objet de la R\u00e8gle :La R\u00e8gle 23 traite du Quatre balles (jou\u00e9 aussi bien en match play qu\u2019en stroke play), dans lequel des partenaires concourent en tant que camp, chacun jouant une balle diff\u00e9rente. Le score du camp pour un trou est le score le plus bas des deux [&hellip;]<\/p>\n","protected":false},"author":8,"featured_media":9462,"parent":0,"menu_order":0,"comment_status":"closed","ping_status":"closed","template":"","meta":{"footnotes":""},"class_list":["post-10861","page","type-page","status-publish","has-post-thumbnail","hentry"],"_links":{"self":[{"href":"https:\/\/asgolfdepessac.com\/index.php\/wp-json\/wp\/v2\/pages\/10861","targetHints":{"allow":["GET"]}}],"collection":[{"href":"https:\/\/asgolfdepessac.com\/index.php\/wp-json\/wp\/v2\/pages"}],"about":[{"href":"https:\/\/asgolfdepessac.com\/index.php\/wp-json\/wp\/v2\/types\/page"}],"author":[{"embeddable":true,"href":"https:\/\/asgolfdepessac.com\/index.php\/wp-json\/wp\/v2\/users\/8"}],"replies":[{"embeddable":true,"href":"https:\/\/asgolfdepessac.com\/index.php\/wp-json\/wp\/v2\/comments?post=10861"}],"version-history":[{"count":0,"href":"https:\/\/asgolfdepessac.com\/index.php\/wp-json\/wp\/v2\/pages\/10861\/revisions"}],"wp:featuredmedia":[{"embeddable":true,"href":"https:\/\/asgolfdepessac.com\/index.php\/wp-json\/wp\/v2\/media\/9462"}],"wp:attachment":[{"href":"https:\/\/asgolfdepessac.com\/index.php\/wp-json\/wp\/v2\/media?parent=10861"}],"curies":[{"name":"wp","href":"https:\/\/api.w.org\/{rel}","templated":true}]}}