{"id":10876,"date":"2025-04-12T07:07:57","date_gmt":"2025-04-12T05:07:57","guid":{"rendered":"https:\/\/asgolfdepessac.com\/?page_id=10876"},"modified":"2025-04-12T16:11:45","modified_gmt":"2025-04-12T14:11:45","slug":"clarification-de-la-regle-23","status":"publish","type":"page","link":"https:\/\/asgolfdepessac.com\/index.php\/clarification-de-la-regle-23\/","title":{"rendered":"Clarification de la r\u00e8gle 23"},"content":{"rendered":"\n<p class=\"has-black-color has-background-color-background-color has-text-color has-background\"><strong>R\u00e8gle 23.2 Clarifications : marquer le score en quatre balles<\/strong><br><strong>23.2a\/1<\/strong> \u2013 R\u00e9sultat du trou quand aucune balle n\u2019est correctement entr\u00e9e<br>En Quatre balles match play, si aucun joueur ne finit le trou, le camp dont le joueur a, en dernier, relev\u00e9 la balle ou \u00e9t\u00e9 disqualifi\u00e9 pour le trou gagne le trou.<br>Par exemple, le camp A-B joue contre le camp C-D dans un match \u00e0 Quatre balles.<br>Sur un trou quelconque, le joueur A joue par erreur la balle du joueur C et ensuite le joueur C joue la balle du joueur A et chacun termine le trou avec ces balles. Les joueurs B et D jouent tous les deux vers une zone \u00e0 p\u00e9nalit\u00e9 et rel\u00e8vent leur balle.<br>Pendant le jeu du trou suivant les joueurs A et C d\u00e9couvrent qu\u2019ils ont tous les deux jou\u00e9 une mauvaise balle sur le trou pr\u00e9c\u00e9dent.<br>La d\u00e9cision est que les joueurs A et C sont disqualifi\u00e9s pour le trou pr\u00e9c\u00e9dent. Par cons\u00e9quent, si le joueur B a relev\u00e9 sa balle avant le joueur D, le camp C-D gagne le trou et si le joueur D a relev\u00e9 sa balle avant le joueur B, le camp A-B gagne le trou.<br>S\u2019il n\u2019est pas possible de d\u00e9terminer quel joueur a relev\u00e9 sa balle en premier, le Comit\u00e9 devrait d\u00e9cider que le trou est partag\u00e9.<br><strong>23.2b\/1<\/strong> \u2013 Le score du trou doit \u00eatre affect\u00e9 correctement au partenaire qui l\u2019a r\u00e9alis\u00e9<br>En Quatre balles stroke play, les partenaires doivent rendre une carte de score avec les scores des trous affect\u00e9s correctement aux partenaires qui les ont r\u00e9alis\u00e9s. Les points suivants sont des exemples de scores en Quatre balles bas\u00e9s sur la mani\u00e8re dont la carte de score est remplie et rendue par le camp A-B :<br>\u2022 Dans une comp\u00e9tition en net, les deux joueurs A et B terminent le trou en 4 coups sur un trou o\u00f9 le joueur B re\u00e7oit un coup de handicap et le joueur A n\u2019en a pas. Le marqueur enregistre un score brut de 4 pour le joueur A, pas de score brut pour le joueur B et un score net de 3 pour le camp. La carte de score est rendue au Comit\u00e9.<br>La d\u00e9cision est que le score de 4 du joueur A est le score du camp pour le trou.<br>Seul le Comit\u00e9 a la responsabilit\u00e9 d\u2019appliquer les coups de handicap. Le score du camp est 4 car il a \u00e9t\u00e9 affect\u00e9 au joueur A. L\u2019enregistrement du 3 en net par le marqueur est sans objet.<br>\u2022 Sur un trou, le joueur A rel\u00e8ve sa balle et le joueur B termine le trou en 5 coups.<br>Le marqueur enregistre un score de 6 pour le joueur A et un score de 5 pour le joueur B. La carte de score est rendue avec ces scores enregistr\u00e9s.<br>Il n\u2019y a pas de p\u00e9nalit\u00e9 parce que le score du partenaire qui compte pour le camp est correctement enregistr\u00e9.<br>\u2022 Sur un trou, le joueur A rel\u00e8ve sa balle et le joueur B termine le trou en 4 coups. Par erreur, le marqueur enregistre un score de 4 pour le joueur A et aucun score pour le joueur B. La carte de score est rendue ainsi.<br>La d\u00e9cision est que le camp est disqualifi\u00e9 parce que le score du camp pour ce trou est affect\u00e9 au joueur A et que le joueur A n\u2019a pas fini le trou.<br><strong>23.2b\/2<\/strong> \u2013 Application de l\u2019Exception de la R\u00e8gle 3.3b(3) pour avoir rendu une carte de score incorrecte<br>Les situations suivantes illustrent la mani\u00e8re dont la R\u00e8gle 3.3b(3) (Score inexact sur un trou) et la R\u00e8gle 23.2b doivent \u00eatre appliqu\u00e9es. Dans tous les cas, le camp A-B rend une carte de score avec un score inexact sur un trou et l\u2019erreur est d\u00e9couverte apr\u00e8s que la carte de score a \u00e9t\u00e9 rendue mais avant la cl\u00f4ture de la comp\u00e9tition.<br>\u2022 Le joueur A rend un score de 4 et le joueur B rend un score de 5. Le joueur A a touch\u00e9 le sable dans un bunker avec un club en faisant un backswing pour un coup et il \u00e9tait au courant de la p\u00e9nalit\u00e9 pour infraction \u00e0 la R\u00e8gle 12.2b(1) (Restrictions sur la possibilit\u00e9 de toucher le sable dans un bunker) avant de rendre la carte de score mais il omet d\u2019inclure cette p\u00e9nalit\u00e9 dans son score pour le trou.<br>L\u2019Exception de la R\u00e8gle 3.3b(3) ne s\u2019applique pas car le joueur A \u00e9tait au courant de la p\u00e9nalit\u00e9 et le camp est disqualifi\u00e9 selon la R\u00e8gle 23.2b.<br>\u2022 Le joueur A rend un score de 4 et le joueur B rend un score de 5. Le joueur A \u00e9tait en infraction avec la R\u00e8gle 12.2b(1) pour avoir touch\u00e9 le sable en faisant un coup d\u2019essai dans un bunker mais ni lui ni son partenaire ne sont au courant de la p\u00e9nalit\u00e9 encourue avant de rendre la carte de score. L\u2019Exception<br>de la R\u00e8gle 3.3b(3) s\u2019applique. Comme le score du joueur A \u00e9tait le score qui comptait pour le trou, le Comit\u00e9 doit appliquer la p\u00e9nalit\u00e9 g\u00e9n\u00e9rale au score du joueur A sur ce trou pour infraction \u00e0 la R\u00e8gle 12.2b(1).<br>Par cons\u00e9quent, le score du camp pour le trou est 6. Les R\u00e8gles permettent de revenir au score du joueur B uniquement si les scores des deux partenaires sont les m\u00eames sur le trou (R\u00e8gle 23.2b(2)).<br>\u2022 Le joueur A rend un score de 4 et le joueur B rend un score de 6. Le joueur A a d\u00e9plac\u00e9 sa balle en enlevant un d\u00e9tritus en infraction \u00e0 la R\u00e8gle 15.1b. Le joueur A a replac\u00e9 sa balle mais il n\u2019\u00e9tait pas au courant du coup de p\u00e9nalit\u00e9 encouru. Le joueur B, t\u00e9moin de la totalit\u00e9 de l\u2019incident, \u00e9tait au courant de la p\u00e9nalit\u00e9. La carte de score est rendue avec un score de 4 pour le joueur A et 6 pour le joueur B. Le score du joueur A aurait d\u00fb \u00eatre 5 en incluant le coup de p\u00e9nalit\u00e9.<br>L\u2019Exception de la R\u00e8gle 3.3b(3) ne s\u2019applique pas, \u00e9tant donn\u00e9 que le joueur B \u00e9tait au courant de l\u2019incident et de la p\u00e9nalit\u00e9 qui aurait d\u00fb \u00eatre appliqu\u00e9e au joueur A. Le camp est disqualifi\u00e9 selon la R\u00e8gle 23.2b.<br>\u2022 Les joueurs A et B rendent chacun un score de 4. Le joueur A a relev\u00e9 sa balle dans la zone g\u00e9n\u00e9rale pour l\u2019identifier mais le rel\u00e8vement n\u2019\u00e9tait pas raisonnablement n\u00e9cessaire pour identifier la balle. Ni le joueur A, ni le joueur B n\u2019\u00e9taient au courant de la p\u00e9nalit\u00e9 pour infraction \u00e0 la R\u00e8gle 7.3 avant de<br>rendre la carte de score.<br>Du moment que les deux scores sur la carte de score sont identiques, le Comit\u00e9 peut prendre en compte l\u2019un ou l\u2019autre score. Si le Comit\u00e9 a pris en compte le score du joueur A qui s\u2019est av\u00e9r\u00e9 plus tard inexact, il prendra alors en compte le score du joueur B, qui est correct, et il n\u2019y a pas de p\u00e9nalit\u00e9 pour le camp.<br><strong>R\u00e8gle 23.4 Clarifications : un ou les deux partenaires peuvent repr\u00e9senter le camp<\/strong><br><strong>23.4\/1<\/strong> \u2013 D\u00e9terminer les coups de handicap allou\u00e9s en match play si l\u2019un des joueurs n\u2019est pas en mesure de participer<br>Si, dans un match \u00e0 Quatre balles en net, le joueur ayant le plus petit handicap n\u2019est pas en mesure de jouer, le joueur absent est n\u00e9anmoins pris en compte pour la d\u00e9termination des coups de handicap allou\u00e9s \u00e9tant donn\u00e9 qu\u2019il peut commencer \u00e0 jouer pour le camp entre le jeu de deux trous, ce qui signifie en match play seulement avant que tout joueur de n\u2019importe quel camp ait commenc\u00e9 \u00e0 jouer un trou.<br>Les coups de handicap sont calcul\u00e9s comme si les quatre joueurs \u00e9taient pr\u00e9sents. Si un mauvais handicap est d\u00e9clar\u00e9 pour le joueur absent, la R\u00e8gle 3.2c(1) (D\u00e9clarer les handicaps) s\u2019applique.<br><strong>R\u00e8gle 23.6 Clarifications : ordre de jeu du camp<\/strong><br><strong>23.6\/1<\/strong> \u2013 Abandonner le droit de jouer dans l\u2019ordre que le camp consid\u00e8re comme le meilleur<br>Dans un match \u00e0 Quatre balles, si un camp d\u00e9clare ou laisse entendre que le joueur de ce camp dont la balle est la plus \u00e9loign\u00e9e du trou ne finira pas le trou, ce joueur a abandonn\u00e9 son droit de finir le trou et le camp ne peut pas changer d\u2019avis apr\u00e8s qu\u2019un adversaire a jou\u00e9.<br>Par exemple, le camp A-B joue contre le camp C-D dans un match \u00e0 Quatre balles.<br>Les quatre balles sont toutes sur le green : en deux pour les joueurs A, B et D et en quatre pour le joueur C. Les balles des joueurs A et C sont \u00e0 trois m\u00e8tres du trou, la balle du joueur B est \u00e0 soixante centim\u00e8tres et celle du joueur D \u00e0 un m\u00e8tre. Le joueur C rel\u00e8ve sa balle. Le joueur A sugg\u00e8re que les joueur B et D devraient jouer.<br>Apr\u00e8s que le joueur D a jou\u00e9, le joueur A a abandonn\u00e9 son droit de jouer et son score ne peut pas compter pour le camp (par ex., si le joueur B rate son putt). Le r\u00e9sultat serait diff\u00e9rent si le joueur B avait \u00e9t\u00e9 plus \u00e9loign\u00e9 du trou que le joueur D. Si le joueur B putte en premier et n\u2019entre pas, le joueur A aurait encore le droit de finir le trou s\u2019il le faisait avant que le joueur D ne joue.<br><strong>23.6\/2 <\/strong>\u2013 Les partenaires ne doivent pas retarder de mani\u00e8re d\u00e9raisonnable le jeu en jouant dans un ordre avantageux<br>Exemples de situations, dans lesquelles les partenaires du camp A-B jouent dans un ordre qu\u2019ils consid\u00e8rent comme le meilleur mais o\u00f9 ils peuvent encourir une p\u00e9nalit\u00e9 selon la R\u00e8gle 5.6a pour retarder le jeu de mani\u00e8re d\u00e9raisonnable :<br>\u2022 Le coup de d\u00e9part du joueur A sur un par 3, jou\u00e9 enti\u00e8rement au-dessus d\u2019une zone \u00e0 p\u00e9nalit\u00e9, vient reposer dans la zone \u00e0 p\u00e9nalit\u00e9 alors que le coup de d\u00e9part du joueur B repose sur le green. Le camp se dirige vers le green sans que le joueur A ne joue une balle selon la R\u00e8gle de la zone \u00e0 p\u00e9nalit\u00e9. Le joueur B prend 4 putts pour finir le trou. Le joueur A d\u00e9cide alors de quitter le green, de retourner au d\u00e9part et de mettre une autre balle en jeu.<br>\u2022 Apr\u00e8s leurs coups de d\u00e9part, la balle du joueur A est \u00e0 200 m\u00e8tres du trou et la balle du joueur B est \u00e0 220 m\u00e8tres du trou. Le joueur A joue son second coup avant que le joueur B ne joue. La balle du joueur A repose \u00e0 25 m\u00e8tres du trou et le camp d\u00e9cide que le joueur A parte en avant et joue son troisi\u00e8me coup<br>avant que le joueur B ne joue son deuxi\u00e8me coup.<br><strong>23.6\/3<\/strong> \u2013 Situations o\u00f9 un camp en match play peut avoir un coup annul\u00e9 par l\u2019adversaire<br>Quand les deux joueurs d\u2019un camp jouent depuis l\u2019ext\u00e9rieur de la zone de d\u00e9part dans un match \u00e0 Quatre balles, seul le dernier coup jou\u00e9 peut \u00eatre annul\u00e9 par l\u2019adversaire selon la R\u00e8gle 6.1b.<br>Par exemple, dans un match \u00e0 Quatre balles avec le camp A-B jouant contre le camp C-D, si les joueurs A et B jouent tous les deux de l\u2019ext\u00e9rieur de la zone de d\u00e9part avec le joueur A jouant en premier suivi par le joueur B, le camp C-D peut annuler le coup du joueur B mais pas celui du joueur A.<br>La R\u00e8gle 6.1b impose que l\u2019annulation du coup soit faite imm\u00e9diatement. Ceci s\u2019applique aussi si le joueur A et le joueur B jouent tous les deux alors que c\u2019\u00e9tait au tour du joueur C ou du joueur D de jouer pendant le jeu du trou.<br><strong>R\u00e8gle 23.7 Clarifications : des partenaires peuvent partager des clubs<\/strong><br><strong>23.7\/1<\/strong> \u2013 Des partenaires peuvent continuer \u00e0 donner des conseils ou \u00e0 partager des clubs apr\u00e8s la conclusion d\u2019un match simultan\u00e9<br>Quand simultan\u00e9ment des matchs en Quatre balles et en simples sont jou\u00e9s, les deux joueurs d\u2019un camp cessent d\u2019\u00eatre des partenaires apr\u00e8s la fin du match \u00e0 Quatre balles. Cependant les deux joueurs qui \u00e9taient partenaires sont encore autoris\u00e9s \u00e0 se donner mutuellement des conseils ou \u00e0 partager des clubs pour la suite des deux matchs en simple.<br>Par exemple, le camp A-B joue contre le camp C-D dans un match \u00e0 Quatre balles avec simultan\u00e9ment des matchs en simple, le joueur A contre le joueur C et le joueur B contre le joueur D, les deux matchs \u00e9tant sur 18 trous. Les joueurs A et B partagent des clubs, en tout 14 que le joueur A transporte. Si le match \u00e0 Quatre balles se termine au 16e trou, alors que les deux matchs en simple sont \u00e0 \u00e9galit\u00e9, les joueurs A et B peuvent continuer \u00e0 utiliser les clubs s\u00e9lectionn\u00e9s pour le jeu (les clubs partag\u00e9s) et \u00e0 se donner mutuellement des conseils, bien que les joueurs A et B cessent d\u2019\u00eatre des partenaires.<br><strong>R\u00e8gle 23.8 Clarifications : restrictions pour un joueur \u00e0 se tenir derri\u00e8re son partenaire lorsque le coup est jou\u00e9<\/strong><br><strong>23.8\/1<\/strong> \u2013 Application d\u2019une p\u00e9nalit\u00e9 lorsqu\u2019un joueur se tient sur ou pr\u00e8s d\u2019une extension de la ligne de jeu derri\u00e8re un partenaire<br>En Quatre balles, lorsqu\u2019un joueur se tient sur ou pr\u00e8s d\u2019une extension de la ligne de jeu derri\u00e8re son partenaire en infraction avec les R\u00e8gles 10.2b(4) ou 23.8, la fa\u00e7on dont une p\u00e9nalit\u00e9 est appliqu\u00e9e d\u00e9pend de la raison pour laquelle le joueur s\u2019est tenu l\u00e0, et s\u2019il y a une infraction, si le joueur ou son partenaire ont \u00e9t\u00e9 aid\u00e9s par cette infraction.<br>Quelques exemples :<br>\u2022 Le joueur encourt la p\u00e9nalit\u00e9 g\u00e9n\u00e9rale selon la r\u00e8gle 23.8 s\u2019il se tenait sur ou pr\u00e8s d\u2019une extension de la ligne de jeu pour s\u2019aider lui-m\u00eame pour son prochain coup (par ex. pour prendre des informations sur la fa\u00e7on dont son putt \u00e0 venir pourrait tourner en se basant sur la fa\u00e7on dont la balle de son partenaire<br>tourne sur le green).<br>\u2022 Le partenaire encourt la p\u00e9nalit\u00e9 g\u00e9n\u00e9rale selon la R\u00e8gle 10.2b(4) si le joueur se tenait dans la zone restreinte pour aligner son partenaire pour son coup (du partenaire) suivant et que le coup a \u00e9t\u00e9 jou\u00e9 sans que le joueur et son partenaire ne se soient tous les deux recul\u00e9s.<br>\u2022 Si le joueur se tenait dans la zone restreinte pour aligner son partenaire pour son (le partenaire) coup suivant et, ce faisant, il arrivait \u00e9galement \u00e0 voir comment son (le joueur) coup suivant pourrait tourner sur le green, le joueur et le partenaire encourent tous les deux la p\u00e9nalit\u00e9 g\u00e9n\u00e9rale. C\u2019est parce que<br>l\u2019infraction du partenaire \u00e0 la R\u00e8gle 10.2b(4) a \u00e9galement aid\u00e9 le joueur, que le joueur devait encourir la m\u00eame p\u00e9nalit\u00e9 (voir R\u00e8gle 23.9a(2)). (Nouvelle)<br><strong>R\u00e8gle 23.9 Clarifications : application d\u2019une p\u00e9nalit\u00e9 \u00e0 un seul partenaire ou aux deux partenaires<\/strong><br><strong>23.9a(2)\/1<\/strong> \u2013 Exemples d\u2019infractions d\u2019un joueur aidant le jeu du partenaire<br>\u00c0 la fois dans les Quatre balles match play et stroke play, quand l\u2019infraction d\u2019un joueur \u00e0 une R\u00e8gle aide son partenaire, le partenaire encourt la m\u00eame p\u00e9nalit\u00e9.<br>Exemples de situations dans lesquelles les deux partenaires d\u2019un camp encourent la m\u00eame p\u00e9nalit\u00e9 :<br>\u2022 Le camp A-B joue contre le camp C-D, la balle du joueur B est pr\u00e8s du trou et dans une position aidant le joueur A \u00e0 s\u2019aligner pour son putt. Le joueur C demande au joueur B de marquer et relever sa balle. Le joueur B refuse de relever sa balle et le joueur A putte avec la balle du joueur B qui l\u2019aide \u00e0 s\u2019aligner pour<br>son putt.<br>Le joueur B encourt la p\u00e9nalit\u00e9 g\u00e9n\u00e9rale selon la R\u00e8gle 15.3a (Balle sur le green aidant le jeu) pour ne pas avoir relev\u00e9 la balle aidant le jeu, et puisque ceci a aid\u00e9 le joueur A, le joueur A encourt aussi la p\u00e9nalit\u00e9 g\u00e9n\u00e9rale.<br>\u2022 La balle du joueur A est hors limites et le joueur A d\u00e9cide de ne pas finir le trou. La balle du joueur B est \u00e0 peu pr\u00e8s \u00e0 la m\u00eame distance du trou. Le joueur A droppe une balle pr\u00e8s de la balle du joueur B et joue vers le green et, ce faisant, aide le joueur B.<br>Comme le trou n\u2019est pas fini et que son r\u00e9sultat n\u2019est pas encore d\u00e9cid\u00e9, la suite du jeu du joueur A est consid\u00e9r\u00e9 comme de l\u2019entra\u00eenement en infraction \u00e0 la R\u00e8gle 5.5a (Pas de coups d\u2019entra\u00eenement en jouant un trou). Comme le coup d\u2019entra\u00eenement du joueur A aide le joueur B, le joueur B encourt aussi la<br>p\u00e9nalit\u00e9 g\u00e9n\u00e9rale.<br><strong>23.9a(2)\/2 <\/strong>\u2013 Exemple d\u2019infraction d\u2019un joueur affectant le jeu de l\u2019adversaire<br>Dans un Quatre balles match play, si l\u2019infraction d\u2019un joueur \u00e0 une R\u00e8gle affecte le jeu d\u2019un adversaire, le partenaire du joueur encourt aussi la m\u00eame p\u00e9nalit\u00e9.<br>Par exemple, le camp A-B joue contre le camp C-D dans un match \u00e0 Quatre balles.<br>Le joueur A indique un nombre inexact de coups qu\u2019il a r\u00e9alis\u00e9s \u00e0 l\u2019un ou l\u2019autre des joueurs C ou D alors que les quatre joueurs sont en course pour le gain d\u2019un trou. La strat\u00e9gie du camp C-D se base sur cette information et l\u2019un d\u2019entre eux joue un coup.<br>Le joueur A encourt la p\u00e9nalit\u00e9 g\u00e9n\u00e9rale selon la R\u00e8gle 3.2d(1) (Informer l\u2019adversaire du nombre de coups r\u00e9alis\u00e9s) pour ne pas avoir donn\u00e9 le nombre exact de coups r\u00e9alis\u00e9s. Le joueur B encourt la m\u00eame p\u00e9nalit\u00e9 parce que l\u2019infraction affecte le jeu d\u2019un adversaire. En cons\u00e9quence, le camp A-B perd le trou.<br><strong>23.9a(2)\/3<\/strong> \u2013 Indiquer un nombre inexact de coups r\u00e9alis\u00e9s ou omettre d\u2019informer l\u2019adversaire au sujet d\u2019une p\u00e9nalit\u00e9 n\u2019est jamais affecter le jeu de l\u2019adversaire quand le joueur n\u2019est plus en course<br>Quand un joueur dans un match \u00e0 Quatre balles n\u2019est plus en course pour le gain d\u2019un trou et qu\u2019il indique un nombre inexact de coups qu\u2019il a r\u00e9alis\u00e9s ou omet d\u2019informer l\u2019adversaire au sujet d\u2019une p\u00e9nalit\u00e9 encourue, il n\u2019est jamais consid\u00e9r\u00e9 comme affectant le jeu de l\u2019adversaire du moment que le score du joueur sur le trou ne comptera pas dans le match.<br>Par exemple, le camp A-B joue contre le camp C-D dans un match \u00e0 Quatre balles.<br>Le joueur A encourt un coup de p\u00e9nalit\u00e9 et omet d\u2019en informer les adversaires. Si alors le joueur B termine le trou avant que l\u2019un ou l\u2019autre des joueurs C ou D ne joue un autre coup ou n\u2019entreprenne une action similaire et que le score du joueur B est inf\u00e9rieur \u00e0 ce que le joueur A aurait pu faire sans l\u2019application de la p\u00e9nalit\u00e9,<br>le joueur A est consid\u00e9r\u00e9 comme n\u2019\u00e9tant plus en course et il est seul disqualifi\u00e9 du trou selon la R\u00e8gle 3.2d<\/p>\n","protected":false},"excerpt":{"rendered":"<p>R\u00e8gle 23.2 Clarifications : marquer le score en quatre balles23.2a\/1 \u2013 R\u00e9sultat du trou quand aucune balle n\u2019est correctement entr\u00e9eEn Quatre balles match play, si aucun joueur ne finit le trou, le camp dont le joueur a, en dernier, relev\u00e9 la balle ou \u00e9t\u00e9 disqualifi\u00e9 pour le trou gagne le [&hellip;]<\/p>\n","protected":false},"author":8,"featured_media":9462,"parent":0,"menu_order":0,"comment_status":"closed","ping_status":"closed","template":"","meta":{"footnotes":""},"class_list":["post-10876","page","type-page","status-publish","has-post-thumbnail","hentry"],"_links":{"self":[{"href":"https:\/\/asgolfdepessac.com\/index.php\/wp-json\/wp\/v2\/pages\/10876","targetHints":{"allow":["GET"]}}],"collection":[{"href":"https:\/\/asgolfdepessac.com\/index.php\/wp-json\/wp\/v2\/pages"}],"about":[{"href":"https:\/\/asgolfdepessac.com\/index.php\/wp-json\/wp\/v2\/types\/page"}],"author":[{"embeddable":true,"href":"https:\/\/asgolfdepessac.com\/index.php\/wp-json\/wp\/v2\/users\/8"}],"replies":[{"embeddable":true,"href":"https:\/\/asgolfdepessac.com\/index.php\/wp-json\/wp\/v2\/comments?post=10876"}],"version-history":[{"count":0,"href":"https:\/\/asgolfdepessac.com\/index.php\/wp-json\/wp\/v2\/pages\/10876\/revisions"}],"wp:featuredmedia":[{"embeddable":true,"href":"https:\/\/asgolfdepessac.com\/index.php\/wp-json\/wp\/v2\/media\/9462"}],"wp:attachment":[{"href":"https:\/\/asgolfdepessac.com\/index.php\/wp-json\/wp\/v2\/media?parent=10876"}],"curies":[{"name":"wp","href":"https:\/\/api.w.org\/{rel}","templated":true}]}}