{"id":10891,"date":"2025-04-12T16:19:49","date_gmt":"2025-04-12T14:19:49","guid":{"rendered":"https:\/\/asgolfdepessac.com\/?page_id=10891"},"modified":"2025-04-12T16:19:50","modified_gmt":"2025-04-12T14:19:50","slug":"regle-n24-competitions-par-equipes","status":"publish","type":"page","link":"https:\/\/asgolfdepessac.com\/index.php\/regle-n24-competitions-par-equipes\/","title":{"rendered":"R\u00e8gle n\u00b024 &#8211; Comp\u00e9titions par \u00e9quipes"},"content":{"rendered":"\n<p class=\"has-text-align-center has-black-color has-background-color-background-color has-text-color has-background has-link-color has-medium-font-size wp-elements-898575ad2c584606e4fd579f6ddf33e2\"><strong><a href=\"https:\/\/asgolfdepessac.com\/index.php\/clarification-de-la-regle-24\/\">Clarifications<\/a><\/strong><\/p>\n\n\n\n<p class=\"has-black-color has-background-color-background-color has-text-color has-background has-link-color wp-elements-7627881f8f0e92deb708c33b54ccd043\"><strong>Objet de la R\u00e8gle :<\/strong><br>La R\u00e8gle 24 traite des comp\u00e9titions par \u00e9quipes (qu\u2019elles se jouent en match play ou en stroke play), dans lesquelles plusieurs joueurs ou plusieurs camps concourent en tant qu\u2019\u00e9quipe avec les r\u00e9sultats de leurs tours ou de leurs matchs combin\u00e9s afin d\u2019obtenir un score global pour l\u2019\u00e9quipe.<br><strong>24.1 Principe des comp\u00e9titions par \u00e9quipes<\/strong><br>\u2022 Une \u00ab \u00e9quipe \u00bb est un groupe de joueurs qui jouent en individuel ou en tant que camp pour concourir contre d\u2019autres \u00e9quipes.<br>\u2022 Leur jeu dans l\u2019\u00e9preuve par \u00e9quipes peut \u00e9galement faire partie d\u2019une autre comp\u00e9tition (par ex. un stroke play individuel) se d\u00e9roulant en m\u00eame temps.<br>Les R\u00e8gles 1 \u00e0 23 s\u2019appliquent dans une comp\u00e9tition par \u00e9quipes, avec les modifications apport\u00e9es par les R\u00e8gles particuli\u00e8res suivantes.<\/p>\n\n\n\n<p class=\"has-black-color has-background-color-background-color has-text-color has-background has-link-color wp-elements-1fe269ce06926d5b7c5b8d9e5c8092a7\"><strong>24.2 R\u00e8glement d\u2019une comp\u00e9tition par \u00e9quipes<\/strong><br>Le Comit\u00e9 d\u00e9cide de la forme de jeu, du mode de calcul du score global d\u2019une \u00e9quipe et des autres R\u00e8glements de la Comp\u00e9tition par ex. :<br>\u2022 En match play, le nombre de points attribu\u00e9s pour le gain ou le partage d\u2019un match.<br>\u2022 En stroke play, le nombre de scores pris en compte dans le score total de chaque \u00e9quipe.<br>\u2022 La possibilit\u00e9 de finir la comp\u00e9tition sur une \u00e9galit\u00e9, ou sinon, les modalit\u00e9s de d\u00e9partage en cas d\u2019\u00e9galit\u00e9.<\/p>\n\n\n\n<p class=\"has-black-color has-background-color-background-color has-text-color has-background has-link-color wp-elements-a56da8f5e68bbd23f793d3a89f577759\"><strong>24.3 Capitaine d\u2019\u00e9quipe<\/strong><br>Chaque \u00e9quipe peut nommer un capitaine pour diriger l\u2019\u00e9quipe et d\u00e9cider en son nom, par ex. quels joueurs de l\u2019\u00e9quipe joueront, dans quels tours ou dans quels matchs, dans quel ordre ils joueront et lesquels joueront ensemble en tant que partenaires.<br>Le capitaine d\u2019\u00e9quipe peut \u00eatre un des joueurs de la comp\u00e9tition.<\/p>\n\n\n\n<p class=\"has-black-color has-background-color-background-color has-text-color has-background has-link-color wp-elements-fa7ff60649ae03b40a0c3d04907a04cf\"><strong>24.4 Autorisation de conseil dans une comp\u00e9tition par \u00e9quipes<\/strong><br><strong>24.4a Personne autoris\u00e9e \u00e0 donner des conseils \u00e0 l\u2019\u00e9quipe (donneur de conseil)<\/strong><br>Le Comit\u00e9 peut adopter une R\u00e8gle locale autorisant chaque \u00e9quipe \u00e0 nommer une personne (un \u00ab donneur de conseil \u00bb) qui peut donner des conseils et toute aide autoris\u00e9e selon la R\u00e8gle 10.2 aux joueurs de l\u2019\u00e9quipe pendant un tour et \u00e0 qui les joueurs de l\u2019\u00e9quipe peuvent demander des conseils :<br>\u2022 Le donneur de conseil peut \u00eatre le capitaine d\u2019\u00e9quipe, l\u2019entra\u00eeneur de l\u2019\u00e9quipe ou une autre personne (y compris un membre de l\u2019\u00e9quipe jouant la comp\u00e9tition).<br>\u2022 Le donneur de conseil doit \u00eatre identifi\u00e9 aupr\u00e8s du Comit\u00e9 avant de donner des conseils.<br>\u2022 Le Comit\u00e9 peut autoriser le changement du donneur de conseil de l\u2019\u00e9quipe pendant un tour ou pendant la comp\u00e9tition.<br><em>Voir Proc\u00e9dures pour le Comit\u00e9, Section 8 ; R\u00e8gle locale type H-2 (le Comit\u00e9 peut adopter une R\u00e8gle locale autorisant chaque \u00e9quipe \u00e0 nommer deux donneurs de conseil).<\/em><br><strong>24.4b Restrictions pour le donneur de conseil pendant qu\u2019il joue<\/strong><br>Si un donneur de conseil de l\u2019\u00e9quipe est un joueur de l\u2019\u00e9quipe, il n\u2019est pas autoris\u00e9 \u00e0 tenir ce r\u00f4le pendant qu\u2019il joue un tour de la comp\u00e9tition.<br>Pendant qu\u2019il joue un tour, le donneur de conseil est consid\u00e9r\u00e9 de la m\u00eame fa\u00e7on que tout autre joueur membre de l\u2019\u00e9quipe en ce qui concerne les restrictions de la R\u00e8gle 10.2a sur les conseils et autres aides de la R\u00e8gle 10.2.<br><strong>24.4c Aucun conseil entre membres d\u2019une \u00e9quipe autres que des partenaires<\/strong><br>Sauf quand ils jouent ensemble en tant que partenaires dans un camp :<br>\u2022 Un joueur ne doit pas demander un conseil ou donner un conseil \u00e0 un membre de son \u00e9quipe jouant sur le parcours.<br>\u2022 Cela s\u2019applique que le membre de l\u2019\u00e9quipe joue dans le m\u00eame groupe que le joueur ou dans un autre groupe sur le parcours.<br><em>Voir Proc\u00e9dures pour le Comit\u00e9, Section 8 ; R\u00e8gle locale type H-5 (dans une comp\u00e9tition en stroke play par \u00e9quipes, o\u00f9 le score du joueur pour le tour ne compte que pour \u00e9tablir le score de l\u2019\u00e9quipe, le Comit\u00e9 peut adopter une R\u00e8gle locale autorisant les membres d\u2019une \u00e9quipe jouant dans le m\u00eame groupe \u00e0 se<br>donner mutuellement des conseils m\u00eame s\u2019ils ne sont pas partenaires).<\/em><br><em><strong>P\u00e9nalit\u00e9 pour infraction \u00e0 la R\u00e8gle 24.4 : p\u00e9nalit\u00e9 g\u00e9n\u00e9rale selon la R\u00e8gle 10.2a.<\/strong><\/em><\/p>\n","protected":false},"excerpt":{"rendered":"<p>Clarifications Objet de la R\u00e8gle :La R\u00e8gle 24 traite des comp\u00e9titions par \u00e9quipes (qu\u2019elles se jouent en match play ou en stroke play), dans lesquelles plusieurs joueurs ou plusieurs camps concourent en tant qu\u2019\u00e9quipe avec les r\u00e9sultats de leurs tours ou de leurs matchs combin\u00e9s afin d\u2019obtenir un score global [&hellip;]<\/p>\n","protected":false},"author":8,"featured_media":9462,"parent":0,"menu_order":0,"comment_status":"closed","ping_status":"closed","template":"","meta":{"footnotes":""},"class_list":["post-10891","page","type-page","status-publish","has-post-thumbnail","hentry"],"_links":{"self":[{"href":"https:\/\/asgolfdepessac.com\/index.php\/wp-json\/wp\/v2\/pages\/10891","targetHints":{"allow":["GET"]}}],"collection":[{"href":"https:\/\/asgolfdepessac.com\/index.php\/wp-json\/wp\/v2\/pages"}],"about":[{"href":"https:\/\/asgolfdepessac.com\/index.php\/wp-json\/wp\/v2\/types\/page"}],"author":[{"embeddable":true,"href":"https:\/\/asgolfdepessac.com\/index.php\/wp-json\/wp\/v2\/users\/8"}],"replies":[{"embeddable":true,"href":"https:\/\/asgolfdepessac.com\/index.php\/wp-json\/wp\/v2\/comments?post=10891"}],"version-history":[{"count":0,"href":"https:\/\/asgolfdepessac.com\/index.php\/wp-json\/wp\/v2\/pages\/10891\/revisions"}],"wp:featuredmedia":[{"embeddable":true,"href":"https:\/\/asgolfdepessac.com\/index.php\/wp-json\/wp\/v2\/media\/9462"}],"wp:attachment":[{"href":"https:\/\/asgolfdepessac.com\/index.php\/wp-json\/wp\/v2\/media?parent=10891"}],"curies":[{"name":"wp","href":"https:\/\/api.w.org\/{rel}","templated":true}]}}