{"id":10893,"date":"2025-04-12T16:22:04","date_gmt":"2025-04-12T14:22:04","guid":{"rendered":"https:\/\/asgolfdepessac.com\/?page_id=10893"},"modified":"2025-04-12T16:22:05","modified_gmt":"2025-04-12T14:22:05","slug":"clarification-de-la-regle-24","status":"publish","type":"page","link":"https:\/\/asgolfdepessac.com\/index.php\/clarification-de-la-regle-24\/","title":{"rendered":"Clarification de la r\u00e8gle 24"},"content":{"rendered":"\n<p class=\"has-black-color has-background-color-background-color has-text-color has-background\"><strong>R\u00e8gle 24.4 Clarifications : autorisation de conseil dans une comp\u00e9tition par \u00e9quipes<\/strong><br><strong>24.4\/1<\/strong> \u2013 Un Comit\u00e9 peut \u00e9tablir des restrictions pour les capitaines d\u2019\u00e9quipes et les donneurs de conseils<br>Le Comit\u00e9 peut adopter une R\u00e8gle locale pour pr\u00e9ciser les conditions \u00e0 remplir pour \u00eatre capitaine d\u2019\u00e9quipe ou donneur de conseil et aussi fixer des limites au comportement du capitaine d\u2019\u00e9quipe ou du donneur de conseil.<br>Exemples de restrictions :<br>\u2022 Permettre seulement \u00e0 un golfeur amateur d\u2019\u00eatre capitaine d\u2019\u00e9quipe et\/ou donneur de conseil.<br>\u2022 D\u00e9clarer que les capitaines d\u2019\u00e9quipe et\/ou les donneurs de conseil ne sont pas autoris\u00e9s \u00e0 aller sur les greens.<br>\u2022 Imposer que les conseils soient donn\u00e9s en personne et non pas par radio, t\u00e9l\u00e9phone ou autres appareils \u00e9lectroniques.<\/p>\n","protected":false},"excerpt":{"rendered":"<p>R\u00e8gle 24.4 Clarifications : autorisation de conseil dans une comp\u00e9tition par \u00e9quipes24.4\/1 \u2013 Un Comit\u00e9 peut \u00e9tablir des restrictions pour les capitaines d\u2019\u00e9quipes et les donneurs de conseilsLe Comit\u00e9 peut adopter une R\u00e8gle locale pour pr\u00e9ciser les conditions \u00e0 remplir pour \u00eatre capitaine d\u2019\u00e9quipe ou donneur de conseil et aussi [&hellip;]<\/p>\n","protected":false},"author":8,"featured_media":9462,"parent":0,"menu_order":0,"comment_status":"closed","ping_status":"closed","template":"","meta":{"footnotes":""},"class_list":["post-10893","page","type-page","status-publish","has-post-thumbnail","hentry"],"_links":{"self":[{"href":"https:\/\/asgolfdepessac.com\/index.php\/wp-json\/wp\/v2\/pages\/10893","targetHints":{"allow":["GET"]}}],"collection":[{"href":"https:\/\/asgolfdepessac.com\/index.php\/wp-json\/wp\/v2\/pages"}],"about":[{"href":"https:\/\/asgolfdepessac.com\/index.php\/wp-json\/wp\/v2\/types\/page"}],"author":[{"embeddable":true,"href":"https:\/\/asgolfdepessac.com\/index.php\/wp-json\/wp\/v2\/users\/8"}],"replies":[{"embeddable":true,"href":"https:\/\/asgolfdepessac.com\/index.php\/wp-json\/wp\/v2\/comments?post=10893"}],"version-history":[{"count":0,"href":"https:\/\/asgolfdepessac.com\/index.php\/wp-json\/wp\/v2\/pages\/10893\/revisions"}],"wp:featuredmedia":[{"embeddable":true,"href":"https:\/\/asgolfdepessac.com\/index.php\/wp-json\/wp\/v2\/media\/9462"}],"wp:attachment":[{"href":"https:\/\/asgolfdepessac.com\/index.php\/wp-json\/wp\/v2\/media?parent=10893"}],"curies":[{"name":"wp","href":"https:\/\/api.w.org\/{rel}","templated":true}]}}