{"id":10950,"date":"2025-04-16T17:10:32","date_gmt":"2025-04-16T15:10:32","guid":{"rendered":"https:\/\/asgolfdepessac.com\/?page_id=10950"},"modified":"2026-03-06T15:47:27","modified_gmt":"2026-03-06T14:47:27","slug":"coupe-as","status":"publish","type":"page","link":"https:\/\/asgolfdepessac.com\/index.php\/activites\/coupe-as\/","title":{"rendered":"COUPE AS GRESHAM Banque priv\u00e9e"},"content":{"rendered":"\n\n\n<h6 class=\"wp-block-heading\"><strong><span style=\"font-size: large;\">Samedi 25 avril 2026<\/span><\/strong><\/h6>\n\n\n\n<h2 class=\"wp-block-heading\"><strong>Nous vous proposons de participer \u00e0 une comp\u00e9tition individuelle avec modification de votre index<\/strong><\/h2>\n\n\n\n<h4 class=\"wp-block-heading\"><strong>Sur le 18T Blanc Bleu<\/strong><\/h4>\n\n\n\n<h4 class=\"wp-block-heading\"><\/h4>\n\n\n\n<p>Fermeture des inscriptions : Jeudi 23 avril 18H00<\/p>\n\n\n\n<p><a href=\"https:\/\/asgolfdepessac-b.fr\/index.php\/produit\/coupe-as-2026\/\">INSCRIPTIONS<\/a><\/p>\n\n\n\n<h4 class=\"wp-block-heading\"><strong>Cette comp\u00e9tition sera suivie d&rsquo;une remise des prix et d&rsquo;un cocktail<\/strong><\/h4>\n\n\n\n<p><\/p>\n\n\n\n<p class=\"has-accent-color has-text-color has-link-color wp-elements-ebec62415158eb79cd3cd0b2eee68e28\"><strong>REGLES COMPETITIONS 18T BLANC BLEU<\/strong><\/p>\n\n\n\n<p><strong>1\u00e8re&nbsp; s\u00e9rie Messieurs<\/strong> : inferieur \u00e0 11,4&nbsp; rep\u00e8re Blanc Stableford<\/p>\n\n\n\n<p><strong>2\u00e8me s\u00e9rie Messieurs<\/strong> :&nbsp; de 11,5 \u00e0 24,4 rep\u00e8re Jaune Stableford<\/p>\n\n\n\n<p><strong>3\u00e8me s\u00e9rie Messieurs<\/strong> :&nbsp; sup\u00e9rieur \u00e0 24,5&nbsp; rep\u00e8re Jaune Stableford<\/p>\n\n\n\n<p><strong>1\u00e8re&nbsp; s\u00e9rie Dames<\/strong> : inferieur \u00e0 15,4&nbsp; rep\u00e8re Bleu Stableford<\/p>\n\n\n\n<p><strong>2\u00e8me s\u00e9rie Dames<\/strong> :&nbsp; sup\u00e9rieur \u00e0 15,5&nbsp; rep\u00e8re Rouge Stableford<\/p>\n\n\n\n<p>Pour toutes les s\u00e9ries Classement en Net et en Brut<\/p>\n\n\n\n<p class=\"has-body-color-color has-text-color has-link-color wp-elements-93df0711bf8789eb90f7074ef86712a8\">Les d\u00e9parts seront faits dans l&rsquo;ordre des index pour chaque tranche horaire.<\/p>\n\n\n\n<p>Les joueurs d&rsquo;index sup\u00e9rieur \u00e0 36 joueront obligatoirement dans la 3\u00e8me tranche horaire.<\/p>\n\n\n\n<p class=\"has-body-color-color has-text-color has-link-color wp-elements-ca68bc8da7b905320f64becb51b1692c\"><\/p>\n\n\n\n<p><\/p>\n","protected":false},"excerpt":{"rendered":"<p>Samedi 25 avril 2026 Nous vous proposons de participer \u00e0 une comp\u00e9tition individuelle avec modification de votre index Sur le 18T Blanc Bleu Fermeture des inscriptions : Jeudi 23 avril 18H00 INSCRIPTIONS Cette comp\u00e9tition sera suivie d&rsquo;une remise des prix et d&rsquo;un cocktail REGLES COMPETITIONS 18T BLANC BLEU 1\u00e8re&nbsp; s\u00e9rie [&hellip;]<\/p>\n","protected":false},"author":14,"featured_media":0,"parent":502,"menu_order":0,"comment_status":"closed","ping_status":"closed","template":"","meta":{"footnotes":""},"class_list":["post-10950","page","type-page","status-publish","hentry"],"_links":{"self":[{"href":"https:\/\/asgolfdepessac.com\/index.php\/wp-json\/wp\/v2\/pages\/10950","targetHints":{"allow":["GET"]}}],"collection":[{"href":"https:\/\/asgolfdepessac.com\/index.php\/wp-json\/wp\/v2\/pages"}],"about":[{"href":"https:\/\/asgolfdepessac.com\/index.php\/wp-json\/wp\/v2\/types\/page"}],"author":[{"embeddable":true,"href":"https:\/\/asgolfdepessac.com\/index.php\/wp-json\/wp\/v2\/users\/14"}],"replies":[{"embeddable":true,"href":"https:\/\/asgolfdepessac.com\/index.php\/wp-json\/wp\/v2\/comments?post=10950"}],"version-history":[{"count":6,"href":"https:\/\/asgolfdepessac.com\/index.php\/wp-json\/wp\/v2\/pages\/10950\/revisions"}],"predecessor-version":[{"id":13917,"href":"https:\/\/asgolfdepessac.com\/index.php\/wp-json\/wp\/v2\/pages\/10950\/revisions\/13917"}],"up":[{"embeddable":true,"href":"https:\/\/asgolfdepessac.com\/index.php\/wp-json\/wp\/v2\/pages\/502"}],"wp:attachment":[{"href":"https:\/\/asgolfdepessac.com\/index.php\/wp-json\/wp\/v2\/media?parent=10950"}],"curies":[{"name":"wp","href":"https:\/\/api.w.org\/{rel}","templated":true}]}}