{"id":11282,"date":"2025-05-21T18:53:09","date_gmt":"2025-05-21T16:53:09","guid":{"rendered":"https:\/\/asgolfdepessac.com\/?page_id=11282"},"modified":"2025-10-14T10:07:41","modified_gmt":"2025-10-14T08:07:41","slug":"coupe-ete-2025","status":"publish","type":"page","link":"https:\/\/asgolfdepessac.com\/index.php\/activites\/challenge-2023\/coupe-ete-2025\/","title":{"rendered":"COUPE ETE 2025"},"content":{"rendered":"<p style=\"text-align: center;\"><strong>\u00a0<\/strong><b style=\"text-align: center; color: initial;\"><span style=\"color: #073763;\"><span style=\"font-size: large;\">C<\/span><span style=\"font-size: large;\">oupe de l&rsquo;ETE 2025 organis\u00e9e par l&rsquo;AS<\/span><\/span><\/b><\/p>\n<div dir=\"ltr\">\n<div style=\"text-align: center;\">\n<div style=\"text-align: center;\"><\/div>\n<h4 style=\"text-align: center;\"><strong>CLASSEMENT DEFINITIF 2025<a href=\"https:\/\/asgolfdepessac.com\/wp-content\/uploads\/2025\/08\/Coupe-ete-Brut-apres-T7.pdf\" target=\"_blank\" rel=\"noopener\">\u00a0BRUT<\/a> et <a href=\"https:\/\/asgolfdepessac.com\/wp-content\/uploads\/2025\/08\/Coupe-ete-Net-apres-T7.pdf\" target=\"_blank\" rel=\"noopener\">NET<\/a><\/strong><\/h4>\n<\/div>\n<\/div>\n<div dir=\"ltr\">\n<div style=\"text-align: center;\"><\/div>\n<div style=\"text-align: center;\">Formule Stableford : 3 s\u00e9ries Messieurs et 2 s\u00e9ries Dames<\/div>\n<div style=\"text-align: center;\">\n<div><\/div>\n<\/div>\n<div style=\"text-align: center;\">Rep\u00e8res Blanc et Bleu pour les index inf\u00e9rieurs \u00e0 11.4 et 15.4<\/div>\n<div style=\"text-align: center;\">Rep\u00e8res Jaune et Rouge pour les autres index<\/div>\n<\/div>\n<div><\/div>\n<div><\/div>\n<div><\/div>\n<div><\/div>\n<div><\/div>\n<div style=\"text-align: center;\"><span style=\"color: #008000;\"><strong>Date des COUPES ETE 2025<\/strong><\/span><\/div>\n<div><\/div>\n<div style=\"text-align: center;\">T1 Mercredi 9 Juillet 11H30 25 d\u00e9parts\u00a0 R\u00e9sultats apr\u00e8s T1 BRUT et NET<\/div>\n<div><\/div>\n<div style=\"text-align: center;\">T2 Mardi 15 juillet 09H30 25 d\u00e9parts\u00a0 R\u00e9sultats apr\u00e8s T2 BRUT et NET<\/div>\n<div style=\"text-align: center;\"><\/div>\n<div style=\"text-align: center;\">T3 Lundi 21 Juillet 08H30 25 d\u00e9parts R\u00e9sultats apr\u00e8s T3 BRUT et NET<\/div>\n<div style=\"text-align: center;\"><\/div>\n<div style=\"text-align: center;\">T4 Dimanche 27 Juillet 11H30 25 d\u00e9parts R\u00e9sultats apr\u00e8s T4 BRUT et NET<\/div>\n<div style=\"text-align: center;\"><\/div>\n<div style=\"text-align: center;\">T5 Mardi 5 Aout 10H00 20 d\u00e9parts\u00a0 RESULTATS apr\u00e8s T5 BRUT et NET<\/div>\n<div><\/div>\n<div style=\"text-align: center;\">T6 Dimanche 10 Aout 08H20 20 d\u00e9parts\u00a0 RESULTATS apr\u00e8s T6 BRUT et NET<\/div>\n<div style=\"text-align: center;\"><\/div>\n<div style=\"text-align: center;\">T7 Samedi 30 Aout 10H30 20 d\u00e9parts RESULTATS apr\u00e8s T7<a href=\"https:\/\/asgolfdepessac.com\/wp-content\/uploads\/2025\/08\/Coupe-ete-Brut-apres-T7.pdf\" target=\"_blank\" rel=\"noopener\"> BRUT<\/a> et <a href=\"https:\/\/asgolfdepessac.com\/wp-content\/uploads\/2025\/08\/Coupe-ete-Net-apres-T7.pdf\" target=\"_blank\" rel=\"noopener\">NET<\/a><\/div>\n<div style=\"text-align: center;\"><\/div>\n<div><\/div>\n<div style=\"text-align: center;\"><strong>Droits de jeu<\/strong> :\u00a0 \u00a0AS PESSAC : <strong>10\u20ac<\/strong>,\u00a0 \u00a0AUTRES JOUEURS : <strong>15\u20ac<\/strong><\/div>\n<div style=\"text-align: center;\"><\/div>\n<div style=\"text-align: center;\"><b style=\"color: initial;\"><span style=\"color: #ffffff; font-size: large;\">des Prix : Jeudi 25 Novembre 2021<\/span><\/b><\/div>\n<div dir=\"ltr\">\n<h1 style=\"text-align: center;\"><b style=\"color: #0000ff; font-size: medium;\">Remise des prix : Jeudi 20 Novembre 2025<\/b><\/h1>\n<div>\n<div><\/div>\n<div><\/div>\n<div style=\"text-align: center;\"><span style=\"color: #cc0000; font-size: medium;\"><b>Classement sur la base du r\u00e9sultat BRUT et NET (index ramen\u00e9 \u00e0 36) <\/b><\/span><\/div>\n<div style=\"text-align: center;\"><span style=\"color: #cc0000; font-size: medium;\"><b>avec attribution de points pour chaque comp\u00e9tition<\/b><\/span><\/div>\n<div style=\"text-align: center;\"><span style=\"color: #0000ff; font-size: medium;\"><b>\u00a0\u00a0\u00a0\u00a0\u00a01er : 100 points<\/b><\/span><\/div>\n<div style=\"text-align: center;\"><span style=\"color: #0000ff; font-size: medium;\"><b>2\u00e8me : 80 points<\/b><\/span><\/div>\n<div style=\"text-align: center;\"><span style=\"color: #0000ff; font-size: medium;\"><b>3\u00e8me : 60 points<\/b><\/span><\/div>\n<div style=\"text-align: center;\"><span style=\"color: #0000ff; font-size: medium;\"><b>4\u00e8me : 50 points<\/b><\/span><\/div>\n<div style=\"text-align: center;\"><span style=\"color: #0000ff; font-size: medium;\"><b>5\u00e8me : 30 points\u00a0<\/b><\/span><\/div>\n<div style=\"text-align: center;\"><b>6 au 10\u00e8me :\u00a020 points<\/b><\/div>\n<div style=\"text-align: center;\"><span style=\"color: #0000ff; font-size: medium;\"><b>11 au 15\u00e8me : 10 points<\/b><\/span><\/div>\n<div style=\"text-align: center;\"><span style=\"color: #274e13; font-size: medium;\"><b>Les 4 meilleurs r\u00e9sultats sont retenus pour 3 s\u00e9ries hommes et \u00a02 s\u00e9ries dames<\/b><\/span><\/div>\n<div style=\"text-align: center;\"><span style=\"color: #274e13; font-size: medium;\"><b style=\"color: #274e13; font-size: medium;\">En cas d\u2019\u00e9galit\u00e9, <\/b><a href=\"https:\/\/asgolfdepessac.com\/index.php\/activites\/challenge-departage\/\" target=\"_blank\" rel=\"noopener\"><span style=\"color: #274e13; font-size: medium;\"><b>R\u00e8gle<\/b><\/span><b style=\"color: #274e13; font-size: medium;\"> de D\u00e9partage\u00a0<\/b><\/a><\/span><\/div>\n<div style=\"text-align: center;\"><span style=\"color: #274e13; font-size: medium;\"><b>En cas de changement de s\u00e9rie pendant l&rsquo;\u00e9t\u00e9, classement dans la s\u00e9rie initiale<\/b><\/span><\/div>\n<div style=\"text-align: center;\"><span style=\"color: #000000;\"><span><span style=\"font-size: medium;\"><b>R\u00c8GLES<\/b><\/span><\/span><span style=\"font-size: medium;\"><b>\u00a0LOCALES APPLICABLES<\/b><\/span><\/span><\/div>\n<div style=\"text-align: center;\"><span style=\"color: #000000;\"><span style=\"font-size: medium;\"><b>\u00a0R\u00c8GLEMENT\u00a0des Comp\u00e9titions\u00a0AS applicable<\/b><\/span><\/span><\/div>\n<div style=\"text-align: center;\"><span style=\"color: #073763;\"><span><span style=\"font-size: medium;\"><b>COMIT\u00c9<\/b><\/span><\/span><span style=\"font-size: medium;\"><b>\u00a0D&rsquo;\u00c9PREUVE\u00a0CONSTITU\u00c9 DE \u00a0:<\/b><\/span><\/span><\/div>\n<div style=\"text-align: center;\"><b><span style=\"color: #073763; font-size: medium;\">&#8211; Pr\u00e9sident\u00a0de l&rsquo;AS Jean RICHER<\/span><\/b><\/div>\n<div style=\"text-align: center;\"><b><span style=\"color: #073763; font-size: medium;\">&#8211; Pr\u00e9sident\u00a0de la Commission\u00a0sportive Jean Louis LAPOUDGE<\/span><\/b><\/div>\n<div style=\"text-align: center;\"><b><span style=\"color: #073763; font-size: medium;\">&#8211; Responsable d\u00e9sign\u00e9 de la comp\u00e9tition du Jour<\/span><\/b><\/div>\n<div style=\"text-align: center;\"><b><span style=\"color: #073763; font-size: medium;\">&#8211; Arbitre du Golf\u00a0<\/span><\/b><\/div>\n<\/div>\n<div><\/div>\n<div>\n<div dir=\"ltr\">\n<div style=\"text-align: center;\"><b><span style=\"color: #073763; font-size: large;\">CLASSEMENT\u00a0 2024<\/span><\/b><\/div>\n<\/div>\n<div><\/div>\n<div dir=\"ltr\">\n<div>\u00a0 \u00a0 \u00a0 \u00a0 \u00a0 \u00a0 \u00a0 \u00a0 \u00a0 \u00a0 \u00a0 \u00a0 \u00a0 \u00a0 \u00a0 \u00a0 \u00a0 \u00a0 \u00a0 \u00a0 \u00a0 \u00a0 \u00a0 \u00a0 \u00a0 \u00a0 \u00a0 \u00a0 \u00a0 \u00a0 \u00a0 \u00a0 \u00a0 BRUT\u00a0 \u00a0 \u00a0 \u00a0 \u00a0 \u00a0 \u00a0 \u00a0 \u00a0 \u00a0 \u00a0 \u00a0 \u00a0NET\u00a0<\/div>\n<\/div>\n<div dir=\"ltr\">\n<div style=\"text-align: center;\"><\/div>\n<\/div>\n<\/div>\n<div>\n<div style=\"text-align: center;\"><\/div>\n<div style=\"text-align: center;\"><\/div>\n<\/div>\n<\/div>\n\n\n<figure><table><tbody><tr><td><\/td><td><\/td><\/tr><\/tbody><\/table><\/figure>\n","protected":false},"excerpt":{"rendered":"<p>\u00a0Coupe de l&rsquo;ETE 2025 organis\u00e9e par l&rsquo;AS CLASSEMENT DEFINITIF 2025\u00a0BRUT et NET Formule Stableford : 3 s\u00e9ries Messieurs et 2 s\u00e9ries Dames Rep\u00e8res Blanc et Bleu pour les index inf\u00e9rieurs \u00e0 11.4 et 15.4 Rep\u00e8res Jaune et Rouge pour les autres index Date des COUPES ETE 2025 T1 Mercredi 9 [&hellip;]<\/p>\n","protected":false},"author":8,"featured_media":52,"parent":3060,"menu_order":0,"comment_status":"closed","ping_status":"closed","template":"","meta":{"footnotes":""},"class_list":["post-11282","page","type-page","status-publish","has-post-thumbnail","hentry"],"_links":{"self":[{"href":"https:\/\/asgolfdepessac.com\/index.php\/wp-json\/wp\/v2\/pages\/11282","targetHints":{"allow":["GET"]}}],"collection":[{"href":"https:\/\/asgolfdepessac.com\/index.php\/wp-json\/wp\/v2\/pages"}],"about":[{"href":"https:\/\/asgolfdepessac.com\/index.php\/wp-json\/wp\/v2\/types\/page"}],"author":[{"embeddable":true,"href":"https:\/\/asgolfdepessac.com\/index.php\/wp-json\/wp\/v2\/users\/8"}],"replies":[{"embeddable":true,"href":"https:\/\/asgolfdepessac.com\/index.php\/wp-json\/wp\/v2\/comments?post=11282"}],"version-history":[{"count":0,"href":"https:\/\/asgolfdepessac.com\/index.php\/wp-json\/wp\/v2\/pages\/11282\/revisions"}],"up":[{"embeddable":true,"href":"https:\/\/asgolfdepessac.com\/index.php\/wp-json\/wp\/v2\/pages\/3060"}],"wp:featuredmedia":[{"embeddable":true,"href":"https:\/\/asgolfdepessac.com\/index.php\/wp-json\/wp\/v2\/media\/52"}],"wp:attachment":[{"href":"https:\/\/asgolfdepessac.com\/index.php\/wp-json\/wp\/v2\/media?parent=11282"}],"curies":[{"name":"wp","href":"https:\/\/api.w.org\/{rel}","templated":true}]}}