{"id":11512,"date":"2025-06-12T18:55:12","date_gmt":"2025-06-12T16:55:12","guid":{"rendered":"https:\/\/asgolfdepessac.com\/?page_id=11512"},"modified":"2025-08-05T10:17:06","modified_gmt":"2025-08-05T08:17:06","slug":"eclectique-bj-2025-t3-7-aout-2025","status":"publish","type":"page","link":"https:\/\/asgolfdepessac.com\/index.php\/activites\/eclectique-bj-2025-t3-7-aout-2025\/","title":{"rendered":"ECLECTIQUE BJ 2025 T3 &#8211; 7 ao\u00fbt 2025"},"content":{"rendered":"\n<p>DATE : Jeudi 07 ao\u00fbt 2025<\/p>\n\n\n\n<p><strong>Premier d\u00e9part \u00e0<\/strong> 08H30<\/p>\n\n\n\n<p><a href=\"https:\/\/asgolfdepessac.com\/wp-content\/uploads\/2025\/08\/ECLECTI-T-3-du-7-AOUT-2025.pdf\" target=\"_blank\" rel=\"noreferrer noopener\">LES DEPARTS<\/a><\/p>\n\n\n\n<p>Cette comp\u00e9tition ne compte pas pour l&rsquo;\u00e9volution de l&rsquo;index et se joue sur 3 tours ( <a href=\"https:\/\/asgolfdepessac.com\/index.php\/activites\/eclectique-bj\/\" target=\"_blank\" rel=\"noreferrer noopener\">cf reglement eclectique<\/a>)<\/p>\n\n\n\n<p><strong><a href=\"https:\/\/docs.google.com\/spreadsheets\/d\/e\/2PACX-1vRlbGny4JyDIEvBcHATe6MhpHf97WyYQId1STm7lrcvkGdM2niZzo6122SYFxrKCISwWm9CR77Thu0d\/pubhtml\" target=\"_blank\" rel=\"noreferrer noopener\">Liste des inscrits<\/a><\/strong><\/p>\n\n\n\n<p><strong>MERCI DE VERIFIER QUE VOUS ETES A JOUR DE VOTRE COTISATION AS POUR L&rsquo;ANNEE  2025<\/strong><\/p>\n\n\n\n<p>( Apr\u00e8s votre inscription\/ annulation, le d\u00e9lai de mise \u00e0 jour de la liste est d&rsquo;environ 5 minutes)<\/p>\n\n\n\n\n\n<p><\/p>\n","protected":false},"excerpt":{"rendered":"<p>DATE : Jeudi 07 ao\u00fbt 2025 Premier d\u00e9part \u00e0 08H30 LES DEPARTS Cette comp\u00e9tition ne compte pas pour l&rsquo;\u00e9volution de l&rsquo;index et se joue sur 3 tours ( cf reglement eclectique) Liste des inscrits MERCI DE VERIFIER QUE VOUS ETES A JOUR DE VOTRE COTISATION AS POUR L&rsquo;ANNEE 2025 ( [&hellip;]<\/p>\n","protected":false},"author":4,"featured_media":52,"parent":502,"menu_order":0,"comment_status":"closed","ping_status":"closed","template":"","meta":{"footnotes":""},"class_list":["post-11512","page","type-page","status-publish","has-post-thumbnail","hentry"],"_links":{"self":[{"href":"https:\/\/asgolfdepessac.com\/index.php\/wp-json\/wp\/v2\/pages\/11512","targetHints":{"allow":["GET"]}}],"collection":[{"href":"https:\/\/asgolfdepessac.com\/index.php\/wp-json\/wp\/v2\/pages"}],"about":[{"href":"https:\/\/asgolfdepessac.com\/index.php\/wp-json\/wp\/v2\/types\/page"}],"author":[{"embeddable":true,"href":"https:\/\/asgolfdepessac.com\/index.php\/wp-json\/wp\/v2\/users\/4"}],"replies":[{"embeddable":true,"href":"https:\/\/asgolfdepessac.com\/index.php\/wp-json\/wp\/v2\/comments?post=11512"}],"version-history":[{"count":0,"href":"https:\/\/asgolfdepessac.com\/index.php\/wp-json\/wp\/v2\/pages\/11512\/revisions"}],"up":[{"embeddable":true,"href":"https:\/\/asgolfdepessac.com\/index.php\/wp-json\/wp\/v2\/pages\/502"}],"wp:featuredmedia":[{"embeddable":true,"href":"https:\/\/asgolfdepessac.com\/index.php\/wp-json\/wp\/v2\/media\/52"}],"wp:attachment":[{"href":"https:\/\/asgolfdepessac.com\/index.php\/wp-json\/wp\/v2\/media?parent=11512"}],"curies":[{"name":"wp","href":"https:\/\/api.w.org\/{rel}","templated":true}]}}