{"id":12412,"date":"2025-09-28T10:53:16","date_gmt":"2025-09-28T08:53:16","guid":{"rendered":"https:\/\/asgolfdepessac.com\/?page_id=12412"},"modified":"2025-10-31T16:34:17","modified_gmt":"2025-10-31T15:34:17","slug":"mdd-mardi-4-novembre-2025","status":"publish","type":"page","link":"https:\/\/asgolfdepessac.com\/index.php\/pessac-au-feminin-2\/mardi-des-dames\/mdd-mardi-4-novembre-2025\/","title":{"rendered":"MDD Mardi 4 novembre 2025"},"content":{"rendered":"\n<p>Inscriptions closes<\/p>\n\n\n\n<p class=\"has-header-text-color-color has-text-color has-link-color wp-elements-bc6dfbe1768117daf67258363f3f02e3\">D\u00e9parts \u00e0 partir de 11h<\/p>\n\n\n\n<p class=\"has-black-color has-text-color has-link-color wp-elements-fb7b39177827495010b55e46ea26141f\"><strong><a href=\"https:\/\/asgolfdepessac.com\/wp-content\/uploads\/2025\/10\/Departs-MDD-4-novembre-2025.pdf\" data-type=\"link\" data-id=\"https:\/\/asgolfdepessac.com\/wp-content\/uploads\/2025\/10\/Departs-MDD-4-novembre-2025.pdf\">HORAIRES DES DEPARTS<\/a><\/strong><\/p>\n\n\n\n<p>Cette rencontre n&rsquo;est pas une comp\u00e9tition mais une rencontre amicale f\u00e9minine, r\u00e9serv\u00e9e aux membres du MDD<\/p>\n\n\n\n<p class=\"has-black-color has-text-color has-link-color wp-elements-2781d53309435714b563e232495103a4\"><strong>Les nouvelles participantes doivent contacter les GO, avant de s&rsquo;inscrire<\/strong>, \u00e0 l&rsquo;adresse : aspessacauf\u00e9minin@gmail.com<\/p>\n\n\n\n<p>Inscription et annulation par la fiche ci-dessous<strong> jusqu&rsquo;au jeudi 30 octobre \u00e0 19h.<\/strong> Plus tard, contacter une des 3 GO,&nbsp; par t\u00e9l\u00e9phone. L&rsquo;accueil du golf ne se charge pas de nos inscriptions ni annulations.<\/p>\n\n\n\n<p><a href=\"https:\/\/asgolfdepessac.com\/wp-content\/uploads\/2025\/03\/ReglementCompetition-ASGP-2025-A.pdf\" target=\"_blank\" rel=\"noreferrer noopener\">Le R\u00e8glement des  Comp\u00e9titions organis\u00e9es par l&rsquo;AS du Golf de PESSAC est applicable<\/a><\/p>\n\n\n\n<p class=\"has-header-text-color-color has-text-color has-link-color wp-elements-fcd15bcb8a19d716fd969fed1a7d02d7\"> <strong>Merci de v\u00e9rifier sur le lien ci-dessous que vous \u00eates bien inscrite<\/strong> <strong>et&#8230; une seule fois!<\/strong><\/p>\n\n\n\n<p class=\"has-header-text-color-color has-text-color has-link-color wp-elements-15ceb854f34870dba1b65b793b60abbc\">Les d\u00e9parts seront en ligne sur cette fiche en cliquant en haut sur \u00ab\u00a0HORAIRES DES DEPARTS\u00a0\u00bb<\/p>\n\n\n\n<p><a href=\"https:\/\/docs.google.com\/spreadsheets\/d\/e\/2PACX-1vR9hF8bihgOd2fxkOjJbs7-W_XGaMI7rWTjqIBIbROtnY_kN7UasbiOb-0s2fDNDKNldFwJQLSdSQiG\/pubhtml\" data-type=\"link\" data-id=\"https:\/\/docs.google.com\/spreadsheets\/d\/e\/2PACX-1vR9hF8bihgOd2fxkOjJbs7-W_XGaMI7rWTjqIBIbROtnY_kN7UasbiOb-0s2fDNDKNldFwJQLSdSQiG\/pubhtml\">Liste des inscrites<\/a><\/p>\n","protected":false},"excerpt":{"rendered":"<p>Inscriptions closes D\u00e9parts \u00e0 partir de 11h HORAIRES DES DEPARTS Cette rencontre n&rsquo;est pas une comp\u00e9tition mais une rencontre amicale f\u00e9minine, r\u00e9serv\u00e9e aux membres du MDD Les nouvelles participantes doivent contacter les GO, avant de s&rsquo;inscrire, \u00e0 l&rsquo;adresse : aspessacauf\u00e9minin@gmail.com Inscription et annulation par la fiche ci-dessous jusqu&rsquo;au jeudi 30 [&hellip;]<\/p>\n","protected":false},"author":5,"featured_media":52,"parent":647,"menu_order":0,"comment_status":"closed","ping_status":"closed","template":"","meta":{"footnotes":""},"class_list":["post-12412","page","type-page","status-publish","has-post-thumbnail","hentry"],"_links":{"self":[{"href":"https:\/\/asgolfdepessac.com\/index.php\/wp-json\/wp\/v2\/pages\/12412","targetHints":{"allow":["GET"]}}],"collection":[{"href":"https:\/\/asgolfdepessac.com\/index.php\/wp-json\/wp\/v2\/pages"}],"about":[{"href":"https:\/\/asgolfdepessac.com\/index.php\/wp-json\/wp\/v2\/types\/page"}],"author":[{"embeddable":true,"href":"https:\/\/asgolfdepessac.com\/index.php\/wp-json\/wp\/v2\/users\/5"}],"replies":[{"embeddable":true,"href":"https:\/\/asgolfdepessac.com\/index.php\/wp-json\/wp\/v2\/comments?post=12412"}],"version-history":[{"count":0,"href":"https:\/\/asgolfdepessac.com\/index.php\/wp-json\/wp\/v2\/pages\/12412\/revisions"}],"up":[{"embeddable":true,"href":"https:\/\/asgolfdepessac.com\/index.php\/wp-json\/wp\/v2\/pages\/647"}],"wp:featuredmedia":[{"embeddable":true,"href":"https:\/\/asgolfdepessac.com\/index.php\/wp-json\/wp\/v2\/media\/52"}],"wp:attachment":[{"href":"https:\/\/asgolfdepessac.com\/index.php\/wp-json\/wp\/v2\/media?parent=12412"}],"curies":[{"name":"wp","href":"https:\/\/api.w.org\/{rel}","templated":true}]}}