{"id":12498,"date":"2025-10-11T10:59:15","date_gmt":"2025-10-11T08:59:15","guid":{"rendered":"https:\/\/asgolfdepessac.com\/?page_id=12498"},"modified":"2025-10-12T20:41:23","modified_gmt":"2025-10-12T18:41:23","slug":"as-en-fete-du-15-novembre-2025-mini-golf","status":"publish","type":"page","link":"https:\/\/asgolfdepessac.com\/index.php\/activites\/as-en-fete-du-15-novembre-2025-mini-golf\/","title":{"rendered":"AS EN FETE DU 15 NOVEMBRE 2025 &#8211; MINI GOLF"},"content":{"rendered":"\n<p>DATE : Samedi 15 novembre 2025<\/p>\n\n\n\n<p><strong>Shotgun \u00e0 13H 36 joueurs maximum<\/strong><\/p>\n\n\n\n<p>Comp\u00e9tition r\u00e9serv\u00e9e aux joueurs de l&rsquo;Ecole de Golf ne faisant pas le 18T, les 9T ROUGE et COMPACT<\/p>\n\n\n\n<p class=\"has-header-text-color-color has-text-color has-link-color wp-elements-04bc2fcb1ae350c1dc4e9cb0c1203a85\">Cette comp\u00e9tition est anim\u00e9e par un pro du Golf.<\/p>\n\n\n\n<p>Des cadeaux seront offerts aux gagnants apr\u00e8s la comp\u00e9tition.<\/p>\n\n\n\n<p><strong><a href=\"https:\/\/docs.google.com\/spreadsheets\/d\/e\/2PACX-1vR2LM2FYDVuTmh2Yn5y6j5TgTDry0aRFmqzDa5v5BUntAaCej26Zd6h8bqhGKsOXu7F0DH6y6ohqfa8\/pubhtml\" target=\"_blank\" rel=\"noreferrer noopener\">Liste des inscrits<\/a><\/strong><\/p>\n\n\n\n<p>Apr\u00e8s votre inscription\/annulation, le d\u00e9lai de mise \u00e0 jour de la liste est d&rsquo;environ 5 minutes.<\/p>\n\n\n\n<iframe loading=\"lazy\" src=\"https:\/\/docs.google.com\/forms\/d\/e\/1FAIpQLSfzz6Fl1g8_5KPAkCa5DXJeo1gMsgWPqA-2Nc6iNqUa6Dh59g\/viewform?embedded=true\" width=\"640\" height=\"1320\" frameborder=\"0\" marginheight=\"0\" marginwidth=\"0\">Chargement\u2026<\/iframe>\n\n\n\n<p><\/p>\n","protected":false},"excerpt":{"rendered":"<p>DATE : Samedi 15 novembre 2025 Shotgun \u00e0 13H 36 joueurs maximum Comp\u00e9tition r\u00e9serv\u00e9e aux joueurs de l&rsquo;Ecole de Golf ne faisant pas le 18T, les 9T ROUGE et COMPACT Cette comp\u00e9tition est anim\u00e9e par un pro du Golf. Des cadeaux seront offerts aux gagnants apr\u00e8s la comp\u00e9tition. Liste des [&hellip;]<\/p>\n","protected":false},"author":14,"featured_media":52,"parent":502,"menu_order":0,"comment_status":"closed","ping_status":"closed","template":"","meta":{"footnotes":""},"class_list":["post-12498","page","type-page","status-publish","has-post-thumbnail","hentry"],"_links":{"self":[{"href":"https:\/\/asgolfdepessac.com\/index.php\/wp-json\/wp\/v2\/pages\/12498","targetHints":{"allow":["GET"]}}],"collection":[{"href":"https:\/\/asgolfdepessac.com\/index.php\/wp-json\/wp\/v2\/pages"}],"about":[{"href":"https:\/\/asgolfdepessac.com\/index.php\/wp-json\/wp\/v2\/types\/page"}],"author":[{"embeddable":true,"href":"https:\/\/asgolfdepessac.com\/index.php\/wp-json\/wp\/v2\/users\/14"}],"replies":[{"embeddable":true,"href":"https:\/\/asgolfdepessac.com\/index.php\/wp-json\/wp\/v2\/comments?post=12498"}],"version-history":[{"count":0,"href":"https:\/\/asgolfdepessac.com\/index.php\/wp-json\/wp\/v2\/pages\/12498\/revisions"}],"up":[{"embeddable":true,"href":"https:\/\/asgolfdepessac.com\/index.php\/wp-json\/wp\/v2\/pages\/502"}],"wp:featuredmedia":[{"embeddable":true,"href":"https:\/\/asgolfdepessac.com\/index.php\/wp-json\/wp\/v2\/media\/52"}],"wp:attachment":[{"href":"https:\/\/asgolfdepessac.com\/index.php\/wp-json\/wp\/v2\/media?parent=12498"}],"curies":[{"name":"wp","href":"https:\/\/api.w.org\/{rel}","templated":true}]}}