{"id":12511,"date":"2025-10-12T09:42:31","date_gmt":"2025-10-12T07:42:31","guid":{"rendered":"https:\/\/asgolfdepessac.com\/?page_id=12511"},"modified":"2025-10-12T20:41:44","modified_gmt":"2025-10-12T18:41:44","slug":"as-en-fete-du-15-novembre-2025-compact","status":"publish","type":"page","link":"https:\/\/asgolfdepessac.com\/index.php\/activites\/as-en-fete-du-15-novembre-2025-compact\/","title":{"rendered":"AS EN FETE DU 15 NOVEMBRE 2025 &#8211; COMPACT"},"content":{"rendered":"\n<p>DATE : Samedi 15 novembre 2025<\/p>\n\n\n\n<p><strong>Premier d\u00e9part \u00e0 12H40 18 joueurs<\/strong> <strong>maximum<\/strong><\/p>\n\n\n\n<p>Comp\u00e9tition r\u00e9serv\u00e9e aux Membres de l&rsquo;AS ne faisant pas le 18T, les 9T ROUGE et le mini golf .<\/p>\n\n\n\n<p>Cette comp\u00e9tition compte pour l&rsquo;\u00e9volution de l&rsquo;Index.<\/p>\n\n\n\n<p class=\"has-header-text-color-color has-text-color has-link-color wp-elements-08bae6f9519e03ace30f992a9c9976f6\">Des cadeaux seront offerts aux gagnants apr\u00e8s la comp\u00e9tition.<\/p>\n\n\n\n<p><strong><a href=\"https:\/\/docs.google.com\/spreadsheets\/d\/e\/2PACX-1vTcYUQ30_A9O_rGiekjEk3N4PjCdpUTjPfr9TvWxI8Bjt35oTHmHzYJEOHnf-XPIDHJbZB_i6KZRfwB\/pubhtml\" target=\"_blank\" rel=\"noreferrer noopener\">Liste des inscrits<\/a><\/strong><\/p>\n\n\n\n<p>Apr\u00e8s votre inscription\/annulation, le d\u00e9lai de mise \u00e0 jour de la liste est d&rsquo;environ 5 minutes.<\/p>\n\n\n\n<iframe loading=\"lazy\" src=\"https:\/\/docs.google.com\/forms\/d\/e\/1FAIpQLSd7tBf5KsCok04UTKBunvEisv1OBlt9o7obtiq2bAXhSM2Wwg\/viewform?embedded=true\" width=\"640\" height=\"1320\" frameborder=\"0\" marginheight=\"0\" marginwidth=\"0\">Chargement\u2026<\/iframe>\n\n\n\n<p><\/p>\n","protected":false},"excerpt":{"rendered":"<p>DATE : Samedi 15 novembre 2025 Premier d\u00e9part \u00e0 12H40 18 joueurs maximum Comp\u00e9tition r\u00e9serv\u00e9e aux Membres de l&rsquo;AS ne faisant pas le 18T, les 9T ROUGE et le mini golf . Cette comp\u00e9tition compte pour l&rsquo;\u00e9volution de l&rsquo;Index. Des cadeaux seront offerts aux gagnants apr\u00e8s la comp\u00e9tition. Liste des [&hellip;]<\/p>\n","protected":false},"author":14,"featured_media":52,"parent":502,"menu_order":0,"comment_status":"closed","ping_status":"closed","template":"","meta":{"footnotes":""},"class_list":["post-12511","page","type-page","status-publish","has-post-thumbnail","hentry"],"_links":{"self":[{"href":"https:\/\/asgolfdepessac.com\/index.php\/wp-json\/wp\/v2\/pages\/12511","targetHints":{"allow":["GET"]}}],"collection":[{"href":"https:\/\/asgolfdepessac.com\/index.php\/wp-json\/wp\/v2\/pages"}],"about":[{"href":"https:\/\/asgolfdepessac.com\/index.php\/wp-json\/wp\/v2\/types\/page"}],"author":[{"embeddable":true,"href":"https:\/\/asgolfdepessac.com\/index.php\/wp-json\/wp\/v2\/users\/14"}],"replies":[{"embeddable":true,"href":"https:\/\/asgolfdepessac.com\/index.php\/wp-json\/wp\/v2\/comments?post=12511"}],"version-history":[{"count":0,"href":"https:\/\/asgolfdepessac.com\/index.php\/wp-json\/wp\/v2\/pages\/12511\/revisions"}],"up":[{"embeddable":true,"href":"https:\/\/asgolfdepessac.com\/index.php\/wp-json\/wp\/v2\/pages\/502"}],"wp:featuredmedia":[{"embeddable":true,"href":"https:\/\/asgolfdepessac.com\/index.php\/wp-json\/wp\/v2\/media\/52"}],"wp:attachment":[{"href":"https:\/\/asgolfdepessac.com\/index.php\/wp-json\/wp\/v2\/media?parent=12511"}],"curies":[{"name":"wp","href":"https:\/\/api.w.org\/{rel}","templated":true}]}}