{"id":12803,"date":"2025-11-12T08:58:41","date_gmt":"2025-11-12T07:58:41","guid":{"rendered":"https:\/\/asgolfdepessac.com\/?page_id=12803"},"modified":"2025-11-30T23:19:56","modified_gmt":"2025-11-30T22:19:56","slug":"adhesions-2026","status":"publish","type":"page","link":"https:\/\/asgolfdepessac.com\/index.php\/adhesions-2026\/","title":{"rendered":"ADHESIONS 2026"},"content":{"rendered":"\n<p class=\"has-black-color has-text-color\"><\/p>\n\n\n\n<figure class=\"wp-block-gallery has-nested-images columns-1 is-cropped wp-block-gallery-1 is-layout-flex wp-block-gallery-is-layout-flex\">\n<figure data-wp-context=\"{&quot;imageId&quot;:&quot;69e1128015e4d&quot;}\" data-wp-interactive=\"core\/image\" data-wp-key=\"69e1128015e4d\" class=\"wp-block-image size-full wp-lightbox-container\"><img loading=\"lazy\" decoding=\"async\" width=\"1414\" height=\"2000\" data-wp-class--hide=\"state.isContentHidden\" data-wp-class--show=\"state.isContentVisible\" data-wp-init=\"callbacks.setButtonStyles\" data-wp-on--click=\"actions.showLightbox\" data-wp-on--load=\"callbacks.setButtonStyles\" data-wp-on-window--resize=\"callbacks.setButtonStyles\" data-id=\"8742\" src=\"https:\/\/asgolfdepessac.com\/wp-content\/uploads\/2024\/11\/1.png\" alt=\"\" class=\"wp-image-8742\" srcset=\"https:\/\/asgolfdepessac.com\/wp-content\/uploads\/2024\/11\/1.png 1414w, https:\/\/asgolfdepessac.com\/wp-content\/uploads\/2024\/11\/1-212x300.png 212w, https:\/\/asgolfdepessac.com\/wp-content\/uploads\/2024\/11\/1-724x1024.png 724w, https:\/\/asgolfdepessac.com\/wp-content\/uploads\/2024\/11\/1-768x1086.png 768w, https:\/\/asgolfdepessac.com\/wp-content\/uploads\/2024\/11\/1-1086x1536.png 1086w\" sizes=\"auto, (max-width: 1414px) 100vw, 1414px\" \/><button\n\t\t\tclass=\"lightbox-trigger\"\n\t\t\ttype=\"button\"\n\t\t\taria-haspopup=\"dialog\"\n\t\t\taria-label=\"Agrandir\"\n\t\t\tdata-wp-init=\"callbacks.initTriggerButton\"\n\t\t\tdata-wp-on--click=\"actions.showLightbox\"\n\t\t\tdata-wp-style--right=\"state.imageButtonRight\"\n\t\t\tdata-wp-style--top=\"state.imageButtonTop\"\n\t\t>\n\t\t\t<svg xmlns=\"http:\/\/www.w3.org\/2000\/svg\" width=\"12\" height=\"12\" fill=\"none\" viewBox=\"0 0 12 12\">\n\t\t\t\t<path fill=\"#fff\" d=\"M2 0a2 2 0 0 0-2 2v2h1.5V2a.5.5 0 0 1 .5-.5h2V0H2Zm2 10.5H2a.5.5 0 0 1-.5-.5V8H0v2a2 2 0 0 0 2 2h2v-1.5ZM8 12v-1.5h2a.5.5 0 0 0 .5-.5V8H12v2a2 2 0 0 1-2 2H8Zm2-12a2 2 0 0 1 2 2v2h-1.5V2a.5.5 0 0 0-.5-.5H8V0h2Z\" \/>\n\t\t\t<\/svg>\n\t\t<\/button><\/figure>\n\n\n\n<figure data-wp-context=\"{&quot;imageId&quot;:&quot;69e11280168ae&quot;}\" data-wp-interactive=\"core\/image\" data-wp-key=\"69e11280168ae\" class=\"wp-block-image size-full wp-lightbox-container\"><img loading=\"lazy\" decoding=\"async\" width=\"1414\" height=\"2000\" data-wp-class--hide=\"state.isContentHidden\" data-wp-class--show=\"state.isContentVisible\" data-wp-init=\"callbacks.setButtonStyles\" data-wp-on--click=\"actions.showLightbox\" data-wp-on--load=\"callbacks.setButtonStyles\" data-wp-on-window--resize=\"callbacks.setButtonStyles\" data-id=\"8743\" src=\"https:\/\/asgolfdepessac.com\/wp-content\/uploads\/2024\/11\/2.png\" alt=\"\" class=\"wp-image-8743\" srcset=\"https:\/\/asgolfdepessac.com\/wp-content\/uploads\/2024\/11\/2.png 1414w, https:\/\/asgolfdepessac.com\/wp-content\/uploads\/2024\/11\/2-212x300.png 212w, https:\/\/asgolfdepessac.com\/wp-content\/uploads\/2024\/11\/2-724x1024.png 724w, https:\/\/asgolfdepessac.com\/wp-content\/uploads\/2024\/11\/2-768x1086.png 768w, https:\/\/asgolfdepessac.com\/wp-content\/uploads\/2024\/11\/2-1086x1536.png 1086w\" sizes=\"auto, (max-width: 1414px) 100vw, 1414px\" \/><button\n\t\t\tclass=\"lightbox-trigger\"\n\t\t\ttype=\"button\"\n\t\t\taria-haspopup=\"dialog\"\n\t\t\taria-label=\"Agrandir\"\n\t\t\tdata-wp-init=\"callbacks.initTriggerButton\"\n\t\t\tdata-wp-on--click=\"actions.showLightbox\"\n\t\t\tdata-wp-style--right=\"state.imageButtonRight\"\n\t\t\tdata-wp-style--top=\"state.imageButtonTop\"\n\t\t>\n\t\t\t<svg xmlns=\"http:\/\/www.w3.org\/2000\/svg\" width=\"12\" height=\"12\" fill=\"none\" viewBox=\"0 0 12 12\">\n\t\t\t\t<path fill=\"#fff\" d=\"M2 0a2 2 0 0 0-2 2v2h1.5V2a.5.5 0 0 1 .5-.5h2V0H2Zm2 10.5H2a.5.5 0 0 1-.5-.5V8H0v2a2 2 0 0 0 2 2h2v-1.5ZM8 12v-1.5h2a.5.5 0 0 0 .5-.5V8H12v2a2 2 0 0 1-2 2H8Zm2-12a2 2 0 0 1 2 2v2h-1.5V2a.5.5 0 0 0-.5-.5H8V0h2Z\" \/>\n\t\t\t<\/svg>\n\t\t<\/button><\/figure>\n<\/figure>\n\n\n\n<p class=\"has-black-color has-text-color\"><strong>Comment&nbsp;adh\u00e9rer&nbsp;\u00e0 l&rsquo;A. S&nbsp;et prendre la licence FFG<\/strong><\/p>\n\n\n\n<p class=\"has-black-color has-text-color\">1) Si vous n&rsquo;\u00eates pas encore licenci\u00e9 FFG, prenez simultan\u00e9ment l&rsquo;adh\u00e9sion et la licence FFG, les couts totaux seront r\u00e9duits.<br>2) Si vous \u00eates&nbsp;d\u00e9j\u00e0&nbsp;licenci\u00e9 FFG en 2024&nbsp;&nbsp;(PESSAC, Autre Club,&nbsp;Club d&rsquo;entreprise, &#8230;) r\u00e9glez uniquement l&rsquo;adh\u00e9sion. Si vous \u00eates licenci\u00e9 \u00ab\u00a0Ligue d&rsquo;Aquitaine\u00a0\u00bb, votre licence sera automatiquement transf\u00e9r\u00e9e au Golf de Pessac, sauf avis contraire de votre part.<\/p>\n\n\n\n<p><a rel=\"noreferrer noopener\" href=\"https:\/\/www.youtube.com\/watch?v=ZoAWRAud1mQ&amp;feature=youtu.be\" target=\"_blank\"><strong>Pourquoi prendre sa licence <\/strong>?<\/a><\/p>\n\n\n\n<p><strong>La licence est obligatoire pour tout abonnement  Pessac, Aquitaine, France pris pour  jouer sur les golfs de la chaine Blue Green et UGOLF<\/strong><\/p>\n\n\n\n<p>FOIRE AU QUESTION : <a href=\"https:\/\/asgolfdepessac.com\/wp-content\/uploads\/2022\/11\/FAQ-pourqoui-adherer-a-l-AS-2023.pdf\" data-type=\"URL\" data-id=\"https:\/\/asgolfdepessac.com\/wp-content\/uploads\/2022\/11\/FAQ-pourqoui-adherer-a-l-AS-2023.pdf\" target=\"_blank\" rel=\"noreferrer noopener\">POURQUOI ADHERER A l&rsquo;AS<\/a><\/p>\n\n\n\n<p><a href=\"https:\/\/asgolfdepessac.com\/wp-content\/uploads\/2025\/09\/REGLEMENT-INTERIEUR-ASGP_20250812-A.pdf\" target=\"_blank\" rel=\"noreferrer noopener\">Je consulte le REGLEMENT INTERIEUR DE L&rsquo;AS<\/a><\/p>\n\n\n\n<p><\/p>\n\n\n\n<p><strong>COMMENT PRENDRE SA LICENCE ET L&rsquo;ADHESION AS<\/strong><\/p>\n\n\n\n<p class=\"has-background\" style=\"background-color:#ccffff\"><strong>1) Par Carte Bancaire sur le site de l&rsquo;AS :<\/strong><\/p>\n\n\n\n<p class=\"has-background\" style=\"background-color:#ccffff\"><a href=\"https:\/\/asgolfdepessac-b.fr\/index.php\/produit\/adhesion-et-licence\/\" target=\"_blank\" rel=\"noreferrer noopener\"><strong>Adhesion seule ou adhesion et licence<\/strong> <\/a> du 1 d\u00e9cembre 2025 au 31 d\u00e9cembre 2026 (13 mois )<br>Le renouvellement d&rsquo;une Licence&nbsp; est possible \u00e0 partir d&rsquo;une licence prise depuis 1993<br>Si j&rsquo;ai oubli\u00e9 mon num\u00e9ro de licence (obligatoire pour un renouvellement)&nbsp; :<a href=\"https:\/\/espacelicencie.ffgolf.org\/inscription\/numero-licence\" target=\"_blank\" rel=\"noreferrer noopener\">Je le demande \u00e0 la FFG<\/a><br>La cr\u00e9ation&nbsp; d&rsquo;une licence est obligatoire pour un joueur jamais licenci\u00e9 ou si la licence n&rsquo;a pas \u00e9t\u00e9 renouvel\u00e9e&nbsp;depuis&nbsp;&nbsp;1993<\/p>\n\n\n\n<p>2<strong>) Par  carte bancaire ou ch\u00e8que \u00e0 l&rsquo;accueil du Golf<\/strong><\/p>\n\n\n\n<p>Remplir le document ci dessous en entourant la case correspondante \u00e0 votre cat\u00e9gorie d&rsquo;\u00e2ge<a href=\"https:\/\/sites.google.com\/site\/asgolfdepessac\/goog_199376077\"><br><\/a><strong><a href=\"https:\/\/asgolfdepessac.com\/wp-content\/uploads\/2025\/11\/adhesion-et-licence-2026-AS.pdf\" target=\"_blank\" rel=\"noreferrer noopener\">Adh\u00e9sion et licence 2026<\/a><a href=\"https:\/\/asgolfdepessac.com\/wp-content\/uploads\/2023\/08\/adhesion-et-licence-fin-2023-2024-v-as.pdf\" data-type=\"link\" data-id=\"https:\/\/asgolfdepessac.com\/wp-content\/uploads\/2023\/08\/adhesion-et-licence-fin-2023-2024-v-as.pdf\"> <\/a>(\u00a0\u00a0du 1 \/11\/2025\u00a0  au 31\/12\/2026<\/strong>)<\/p>\n\n\n\n<p>Remettre le document avec un ch\u00e8que \u00e0 l&rsquo;accueil du Golf\u00a0\u00a0\u00a0ou\u00a0 envoyer le document avec un ch\u00e8que \u00e0\u00a0<strong>AS Golf de PESSAC<\/strong>\u00a0 \u00a0\u00a0\u00a0 \u00a01, Rue de la Princesse\u00a0 &#8211; 33600 PESSAC<br><em>Les informations recueillies sont n\u00e9cessaires pour votre adh\u00e9sion. Elles font l&rsquo;objet d&rsquo;un traitement informatique et sont destin\u00e9es au secr\u00e9tariat de l&rsquo;association et \u00e0 la FFG. En application des articles 39 et suivants de la loi du 6 janvier 1978 modifi\u00e9e, vous b\u00e9n\u00e9ficiez d&rsquo;un droit d&rsquo;acc\u00e8s et de rectification aux informations qui vous concernent.\u00a0Si vous souhaitez exercer ce droit et obtenir communication des informations vous concernant, veuillez vous adresser \u00e0<\/em>\u00a0asgolfdepessac@gmail.com<\/p>\n\n\n\n<p><br><strong>&nbsp;CATEGORIE ET TRANCHE D&rsquo;AGES&nbsp;<\/strong><\/p>\n\n\n\n<p>ADULTE: n\u00e9 avant&nbsp; 2001<\/p>\n\n\n\n<p>JEUNE ADULTE : n\u00e9 de 2001 \u00e0 2007 inclus<\/p>\n\n\n\n<p>JEUNE : n\u00e9 de 2008 \u00e0 2013 inclus<\/p>\n\n\n\n<p>ENFANT : n\u00e9 \u00e0 partir de 2014 inclus<\/p>\n\n\n\n<p><strong>TARIFS&nbsp; <\/strong><\/p>\n\n\n\n<figure class=\"wp-block-image size-full\"><img loading=\"lazy\" decoding=\"async\" width=\"708\" height=\"420\" src=\"https:\/\/asgolfdepessac.com\/wp-content\/uploads\/2025\/11\/tarif-2026-licence-et-adhesion-AS.png\" alt=\"\" class=\"wp-image-12807\" srcset=\"https:\/\/asgolfdepessac.com\/wp-content\/uploads\/2025\/11\/tarif-2026-licence-et-adhesion-AS.png 708w, https:\/\/asgolfdepessac.com\/wp-content\/uploads\/2025\/11\/tarif-2026-licence-et-adhesion-AS-300x178.png 300w\" sizes=\"auto, (max-width: 708px) 100vw, 708px\" \/><\/figure>\n\n\n\n<p><br><strong>CERTIFICAT&nbsp;M\u00c9DICAL et QUESTIONNAIRE DE SANTE<\/strong><\/p>\n\n\n\n<p>A partir du 1 avril 2023, ci dessous les r\u00e8gles de certificat m\u00e9dical ou de questionnaire de Sant\u00e9 applicaples pour la pratique du Golf<\/p>\n\n\n\n<figure class=\"wp-block-image size-full\"><img loading=\"lazy\" decoding=\"async\" width=\"795\" height=\"477\" src=\"https:\/\/asgolfdepessac.com\/wp-content\/uploads\/2023\/04\/regles-certificat-medical-2023.jpg\" alt=\"\" class=\"wp-image-4521\" srcset=\"https:\/\/asgolfdepessac.com\/wp-content\/uploads\/2023\/04\/regles-certificat-medical-2023.jpg 795w, https:\/\/asgolfdepessac.com\/wp-content\/uploads\/2023\/04\/regles-certificat-medical-2023-300x180.jpg 300w, https:\/\/asgolfdepessac.com\/wp-content\/uploads\/2023\/04\/regles-certificat-medical-2023-768x461.jpg 768w\" sizes=\"auto, (max-width: 795px) 100vw, 795px\" \/><\/figure>\n\n\n\n<p class=\"has-black-color has-text-color\"><\/p>\n\n\n\n<p class=\"has-accent-color has-text-color\"><strong>POUR 2026<\/strong> <strong><a href=\"https:\/\/www.ffgolf.org\/prendre-sa-licence\/certificat-medical-et-qs\" data-type=\"URL\" data-id=\"https:\/\/www.ffgolf.org\/prendre-sa-licence\/certificat-medical-et-qs\" target=\"_blank\" rel=\"noreferrer noopener\">consulter la proc\u00e9dure sur le site de la FFG<\/a><\/strong><\/p>\n\n\n\n<p>Transmettre les informations :<\/p>\n\n\n\n<ol class=\"wp-block-list\">\n<li>Via votre espace licenci\u00e9<\/li>\n\n\n\n<li>Ou en transmettant par Mail \u00e0 asgolfdepessac@gmail.com&nbsp;<\/li>\n\n\n\n<li>ou En le d\u00e9posant \u00e0 l&rsquo;accueil du Golf<\/li>\n<\/ol>\n\n\n\n<figure class=\"wp-block-table\"><table><tbody><tr><td><\/td><td><\/td><\/tr><\/tbody><\/table><\/figure>\n\n\n\n<p><\/p>\n","protected":false},"excerpt":{"rendered":"<p>Comment&nbsp;adh\u00e9rer&nbsp;\u00e0 l&rsquo;A. S&nbsp;et prendre la licence FFG 1) Si vous n&rsquo;\u00eates pas encore licenci\u00e9 FFG, prenez simultan\u00e9ment l&rsquo;adh\u00e9sion et la licence FFG, les couts totaux seront r\u00e9duits.2) Si vous \u00eates&nbsp;d\u00e9j\u00e0&nbsp;licenci\u00e9 FFG en 2024&nbsp;&nbsp;(PESSAC, Autre Club,&nbsp;Club d&rsquo;entreprise, &#8230;) r\u00e9glez uniquement l&rsquo;adh\u00e9sion. Si vous \u00eates licenci\u00e9 \u00ab\u00a0Ligue d&rsquo;Aquitaine\u00a0\u00bb, votre licence sera automatiquement [&hellip;]<\/p>\n","protected":false},"author":14,"featured_media":52,"parent":0,"menu_order":3,"comment_status":"closed","ping_status":"closed","template":"","meta":{"footnotes":""},"class_list":["post-12803","page","type-page","status-publish","has-post-thumbnail","hentry"],"_links":{"self":[{"href":"https:\/\/asgolfdepessac.com\/index.php\/wp-json\/wp\/v2\/pages\/12803","targetHints":{"allow":["GET"]}}],"collection":[{"href":"https:\/\/asgolfdepessac.com\/index.php\/wp-json\/wp\/v2\/pages"}],"about":[{"href":"https:\/\/asgolfdepessac.com\/index.php\/wp-json\/wp\/v2\/types\/page"}],"author":[{"embeddable":true,"href":"https:\/\/asgolfdepessac.com\/index.php\/wp-json\/wp\/v2\/users\/14"}],"replies":[{"embeddable":true,"href":"https:\/\/asgolfdepessac.com\/index.php\/wp-json\/wp\/v2\/comments?post=12803"}],"version-history":[{"count":0,"href":"https:\/\/asgolfdepessac.com\/index.php\/wp-json\/wp\/v2\/pages\/12803\/revisions"}],"wp:featuredmedia":[{"embeddable":true,"href":"https:\/\/asgolfdepessac.com\/index.php\/wp-json\/wp\/v2\/media\/52"}],"wp:attachment":[{"href":"https:\/\/asgolfdepessac.com\/index.php\/wp-json\/wp\/v2\/media?parent=12803"}],"curies":[{"name":"wp","href":"https:\/\/api.w.org\/{rel}","templated":true}]}}