{"id":12899,"date":"2025-11-19T15:57:39","date_gmt":"2025-11-19T14:57:39","guid":{"rendered":"https:\/\/asgolfdepessac.com\/?page_id=12899"},"modified":"2025-12-08T10:59:54","modified_gmt":"2025-12-08T09:59:54","slug":"eclectique-2025-2026-t5-17-fevrier-2026","status":"publish","type":"page","link":"https:\/\/asgolfdepessac.com\/index.php\/activites\/eclectique-2025-2026-t5-17-fevrier-2026\/","title":{"rendered":"ECLECTIQUE 2025 2026 T5 17 FEVRIER 2026"},"content":{"rendered":"\n<p>DATE : Mardi 17 f\u00e9vrier 2026 8H30<\/p>\n\n\n\n<p>Cette comp\u00e9tition ne compte pas pour l&rsquo;\u00e9volution de l&rsquo;index et se joue sur 6 tours ( <a href=\"https:\/\/asgolfdepessac.com\/index.php\/activites\/eclectique\/\" data-type=\"URL\" data-id=\"https:\/\/asgolfdepessac.com\/index.php\/activites\/eclectique\/\" target=\"_blank\" rel=\"noreferrer noopener\">cf reglement eclectique<\/a>)<\/p>\n\n\n\n<p><strong><a href=\"https:\/\/docs.google.com\/spreadsheets\/d\/e\/2PACX-1vRTL7fIA24x5P2uXBudvZ3hiMYeKLID9fDAh7ZmkYcTRB2tzgrv-eskrdWvdCCoKYU495vTxjovMUvG\/pubhtml\" target=\"_blank\" rel=\"noreferrer noopener\">Liste des inscrits<\/a><\/strong><\/p>\n\n\n\n<p><strong>MERCI DE VERIFIER QUE VOUS ETES A JOUR DE VOTRE COTISATION AS POUR l&rsquo;ANNEE <\/strong><strong>2026<\/strong><\/p>\n\n\n\n<p>( Apr\u00e8s votre inscription\/ annulation, le d\u00e9lai de mise \u00e0 jour de la liste est d&rsquo;environ 5 minutes)<\/p>\n\n\n\n<iframe loading=\"lazy\" src=\"https:\/\/docs.google.com\/forms\/d\/e\/1FAIpQLSehN80_cJj4gzE1jxhpAid4dtx20SDXAxTwrwD1IFDygo5g1A\/viewform?embedded=true\" width=\"640\" height=\"2068\" frameborder=\"0\" marginheight=\"0\" marginwidth=\"0\">Chargement\u2026<\/iframe>\n\n\n\n<p><\/p>\n","protected":false},"excerpt":{"rendered":"<p>DATE : Mardi 17 f\u00e9vrier 2026 8H30 Cette comp\u00e9tition ne compte pas pour l&rsquo;\u00e9volution de l&rsquo;index et se joue sur 6 tours ( cf reglement eclectique) Liste des inscrits MERCI DE VERIFIER QUE VOUS ETES A JOUR DE VOTRE COTISATION AS POUR l&rsquo;ANNEE 2026 ( Apr\u00e8s votre inscription\/ annulation, le [&hellip;]<\/p>\n","protected":false},"author":14,"featured_media":52,"parent":502,"menu_order":0,"comment_status":"closed","ping_status":"closed","template":"","meta":{"footnotes":""},"class_list":["post-12899","page","type-page","status-publish","has-post-thumbnail","hentry"],"_links":{"self":[{"href":"https:\/\/asgolfdepessac.com\/index.php\/wp-json\/wp\/v2\/pages\/12899","targetHints":{"allow":["GET"]}}],"collection":[{"href":"https:\/\/asgolfdepessac.com\/index.php\/wp-json\/wp\/v2\/pages"}],"about":[{"href":"https:\/\/asgolfdepessac.com\/index.php\/wp-json\/wp\/v2\/types\/page"}],"author":[{"embeddable":true,"href":"https:\/\/asgolfdepessac.com\/index.php\/wp-json\/wp\/v2\/users\/14"}],"replies":[{"embeddable":true,"href":"https:\/\/asgolfdepessac.com\/index.php\/wp-json\/wp\/v2\/comments?post=12899"}],"version-history":[{"count":0,"href":"https:\/\/asgolfdepessac.com\/index.php\/wp-json\/wp\/v2\/pages\/12899\/revisions"}],"up":[{"embeddable":true,"href":"https:\/\/asgolfdepessac.com\/index.php\/wp-json\/wp\/v2\/pages\/502"}],"wp:featuredmedia":[{"embeddable":true,"href":"https:\/\/asgolfdepessac.com\/index.php\/wp-json\/wp\/v2\/media\/52"}],"wp:attachment":[{"href":"https:\/\/asgolfdepessac.com\/index.php\/wp-json\/wp\/v2\/media?parent=12899"}],"curies":[{"name":"wp","href":"https:\/\/api.w.org\/{rel}","templated":true}]}}