{"id":12930,"date":"2025-11-23T13:21:09","date_gmt":"2025-11-23T12:21:09","guid":{"rendered":"https:\/\/asgolfdepessac.com\/?page_id=12930"},"modified":"2025-12-07T16:54:46","modified_gmt":"2025-12-07T15:54:46","slug":"bilan-activites-2025","status":"publish","type":"page","link":"https:\/\/asgolfdepessac.com\/index.php\/bilan-activites-2025\/","title":{"rendered":"Bilan des activit\u00e9s 2025"},"content":{"rendered":"\n<div class=\"wp-block-columns is-layout-flex wp-container-core-columns-is-layout-28f84493 wp-block-columns-is-layout-flex\">\n<div class=\"wp-block-column is-layout-flow wp-block-column-is-layout-flow\" style=\"flex-basis:100%\">\n<p class=\"has-text-align-center has-accent-color has-text-color has-link-color has-large-font-size wp-elements-e221805d5738024ecd7998c8f94f9924\"><\/p>\n<\/div>\n<\/div>\n\n\n\n<p>Lors de la journ\u00e9e \u00ab\u00a0Les drives des challenges\u00a0\u00bb du jeudi 20 novembre, les vainqueurs des challenges 2025 ont \u00e9t\u00e9 r\u00e9compens\u00e9s.<\/p>\n\n\n\n<p><strong>Merci \u00e0 tous les b\u00e9n\u00e9voles qui les ont g\u00e9r\u00e9s  <\/strong>: Claudine CARRANTI, Gilles CARRANTI, Christine COZZAROLO, Christine DUTHEIL, Denis DUTHEIL, Fabienne GRAND MOURSEL, Jean RICHER, Marie Claude SKORA<\/p>\n\n\n\n<h2 class=\"wp-block-heading\"><strong>Retrouvez nous en 2026 ==&gt;  <a href=\"https:\/\/asgolfdepessac.com\/wp-content\/uploads\/2025\/10\/ASGP-calendrier-2026-as-P-1.pdf\" target=\"_blank\" rel=\"noreferrer noopener\">Voir le Calendrier publi\u00e9<\/a><\/strong><\/h2>\n\n\n\n<p><strong>La liste de tous les challenges et les classements<\/strong><\/p>\n\n\n\n<ul class=\"wp-block-list\">\n<li><a href=\"https:\/\/asgolfdepessac.com\/index.php\/activites\/eclectique\/\" data-type=\"URL\" data-id=\"https:\/\/asgolfdepessac.com\/index.php\/activites\/eclectique\/\" target=\"_blank\" rel=\"noreferrer noopener\">ECLECTIQUE<\/a> <\/li>\n\n\n\n<li><a href=\"https:\/\/asgolfdepessac.com\/index.php\/activites\/eclectique-bj\/\" data-type=\"URL\" data-id=\"https:\/\/asgolfdepessac.com\/index.php\/activites\/eclectique-bj\/\" target=\"_blank\" rel=\"noreferrer noopener\">ECLECTIQUE BEAUX JOURS<\/a><\/li>\n\n\n\n<li><a rel=\"noreferrer noopener\" href=\"https:\/\/asgolfdepessac.com\/index.php\/activites\/trophee-as\/\" data-type=\"URL\" data-id=\"https:\/\/asgolfdepessac.com\/index.php\/activites\/trophee-as\/\" target=\"_blank\">TROPHEE AS<\/a><\/li>\n\n\n\n<li><a href=\"https:\/\/asgolfdepessac.com\/index.php\/activites\/coupe-ete-2025\/\" data-type=\"URL\" data-id=\"https:\/\/asgolfdepessac.com\/index.php\/activites\/coupe-ete\/\" target=\"_blank\" rel=\"noreferrer noopener\">COUPE ETE<\/a><\/li>\n\n\n\n<li><a href=\"https:\/\/asgolfdepessac.com\/index.php\/activites\/match-play\/\" data-type=\"URL\" data-id=\"https:\/\/asgolfdepessac.com\/index.php\/activites\/match-play\/\" target=\"_blank\" rel=\"noreferrer noopener\">MATCH PLAY<\/a> <\/li>\n\n\n\n<li><a href=\"https:\/\/asgolfdepessac.com\/index.php\/activites\/match-play-hiver\/\" data-type=\"page\" data-id=\"8301\" target=\"_blank\" rel=\"noreferrer noopener\">MATCH PLAY D&rsquo;HIVER<\/a><\/li>\n\n\n\n<li><a rel=\"noreferrer noopener\" href=\"https:\/\/asgolfdepessac.com\/index.php\/activites\/challenge-coupe-des-dames-2022\/\" data-type=\"URL\" data-id=\"https:\/\/asgolfdepessac.com\/index.php\/activites\/challenge-coupe-des-dames-2022\/\" target=\"_blank\">CHALLENGE COUPE DES DAMES<\/a><\/li>\n\n\n\n<li><a href=\"https:\/\/asgolfdepessac.com\/index.php\/activites\/challenge-9-trous-rouge\/\" target=\"_blank\" rel=\"noreferrer noopener\">CLASSEMENT 9T ROUGE<\/a><\/li>\n\n\n\n<li><a href=\"https:\/\/asgolfdepessac.com\/index.php\/activites\/pitch-and-putt\/\" target=\"_blank\" rel=\"noreferrer noopener\">PITCH and PUTT<\/a><\/li>\n<\/ul>\n\n\n<div class=\"wp-block-image\">\n<figure class=\"aligncenter size-full is-resized\"><img loading=\"lazy\" decoding=\"async\" width=\"240\" height=\"320\" src=\"https:\/\/asgolfdepessac.com\/wp-content\/uploads\/2025\/11\/lots-remises-des-prix-2025-A-rotated.jpg\" alt=\"\" class=\"wp-image-12939\" style=\"width:453px;height:auto\" srcset=\"https:\/\/asgolfdepessac.com\/wp-content\/uploads\/2025\/11\/lots-remises-des-prix-2025-A-rotated.jpg 240w, https:\/\/asgolfdepessac.com\/wp-content\/uploads\/2025\/11\/lots-remises-des-prix-2025-A-225x300.jpg 225w\" sizes=\"auto, (max-width: 240px) 100vw, 240px\" \/><\/figure>\n<\/div>","protected":false},"excerpt":{"rendered":"<p>Lors de la journ\u00e9e \u00ab\u00a0Les drives des challenges\u00a0\u00bb du jeudi 20 novembre, les vainqueurs des challenges 2025 ont \u00e9t\u00e9 r\u00e9compens\u00e9s. Merci \u00e0 tous les b\u00e9n\u00e9voles qui les ont g\u00e9r\u00e9s : Claudine CARRANTI, Gilles CARRANTI, Christine COZZAROLO, Christine DUTHEIL, Denis DUTHEIL, Fabienne GRAND MOURSEL, Jean RICHER, Marie Claude SKORA Retrouvez nous [&hellip;]<\/p>\n","protected":false},"author":14,"featured_media":52,"parent":0,"menu_order":0,"comment_status":"closed","ping_status":"closed","template":"","meta":{"footnotes":""},"class_list":["post-12930","page","type-page","status-publish","has-post-thumbnail","hentry"],"_links":{"self":[{"href":"https:\/\/asgolfdepessac.com\/index.php\/wp-json\/wp\/v2\/pages\/12930","targetHints":{"allow":["GET"]}}],"collection":[{"href":"https:\/\/asgolfdepessac.com\/index.php\/wp-json\/wp\/v2\/pages"}],"about":[{"href":"https:\/\/asgolfdepessac.com\/index.php\/wp-json\/wp\/v2\/types\/page"}],"author":[{"embeddable":true,"href":"https:\/\/asgolfdepessac.com\/index.php\/wp-json\/wp\/v2\/users\/14"}],"replies":[{"embeddable":true,"href":"https:\/\/asgolfdepessac.com\/index.php\/wp-json\/wp\/v2\/comments?post=12930"}],"version-history":[{"count":0,"href":"https:\/\/asgolfdepessac.com\/index.php\/wp-json\/wp\/v2\/pages\/12930\/revisions"}],"wp:featuredmedia":[{"embeddable":true,"href":"https:\/\/asgolfdepessac.com\/index.php\/wp-json\/wp\/v2\/media\/52"}],"wp:attachment":[{"href":"https:\/\/asgolfdepessac.com\/index.php\/wp-json\/wp\/v2\/media?parent=12930"}],"curies":[{"name":"wp","href":"https:\/\/api.w.org\/{rel}","templated":true}]}}