{"id":13272,"date":"2026-01-09T12:10:07","date_gmt":"2026-01-09T11:10:07","guid":{"rendered":"https:\/\/asgolfdepessac.com\/?page_id=13272"},"modified":"2026-01-25T14:49:01","modified_gmt":"2026-01-25T13:49:01","slug":"mdd-mardi-27-janvier-2026","status":"publish","type":"page","link":"https:\/\/asgolfdepessac.com\/index.php\/pessac-au-feminin-2\/mardi-des-dames\/mdd-mardi-27-janvier-2026\/","title":{"rendered":"MDD Mardi 27 janvier 2026"},"content":{"rendered":"\n<p><strong>INSCRIPTIONS CLOTUREES<\/strong><\/p>\n\n\n\n<p class=\"has-black-color has-text-color has-link-color wp-elements-c346a8d12ed90a0a0112677f8a51dd3f\">D\u00e9parts \u00e0 partir de 9h<\/p>\n\n\n\n<p class=\"has-header-text-color-color has-text-color has-link-color wp-elements-83c410a0348698107a89f4c676c16101\"><strong><a href=\"https:\/\/asgolfdepessac.com\/wp-content\/uploads\/2026\/01\/Departs-MDD-du-mardi-27-Janvier-2016.pdf\" data-type=\"link\" data-id=\"https:\/\/asgolfdepessac.com\/wp-content\/uploads\/2026\/01\/Departs-MDD-du-mardi-27-Janvier-2016.pdf\">HORAIRES DES DEPARTS<\/a><\/strong><\/p>\n\n\n\n<p>Cette rencontre n&rsquo;est pas une comp\u00e9tition mais une rencontre amicale f\u00e9minine, r\u00e9serv\u00e9e aux membres du MDD<\/p>\n\n\n\n<p class=\"has-black-color has-text-color has-link-color wp-elements-2781d53309435714b563e232495103a4\"><strong>Les nouvelles participantes doivent contacter les GO, avant de s&rsquo;inscrire<\/strong>, \u00e0 l&rsquo;adresse : aspessacauf\u00e9minin@gmail.com<\/p>\n\n\n\n<p>Inscription et annulation par la fiche ci-dessous <strong>jusqu&rsquo;au vendredi 23 janvier \u00e0 10h.<\/strong> Plus tard, contacter une des 3 GO,&nbsp; par t\u00e9l\u00e9phone. L&rsquo;accueil du golf ne se charge pas de nos inscriptions ni annulations.<\/p>\n\n\n\n<p><a href=\"https:\/\/asgolfdepessac.com\/wp-content\/uploads\/2025\/03\/ReglementCompetition-ASGP-2025-A.pdf\" target=\"_blank\" rel=\"noreferrer noopener\">Le R\u00e8glement des  Comp\u00e9titions organis\u00e9es par l&rsquo;AS du Golf de PESSAC est applicable<\/a><\/p>\n\n\n\n<p class=\"has-black-color has-text-color has-link-color wp-elements-99afeb0e85512ccaedfd13c7712a0a4c\"> <strong>Merci de v\u00e9rifier sur le lien ci-dessous que vous \u00eates bien inscrite<\/strong> <strong>et&#8230; une seule fois!<\/strong><\/p>\n\n\n\n<p><a href=\"https:\/\/docs.google.com\/spreadsheets\/d\/1JuO0olbykX3OqD9sfx3GIQpqozl8i44OFyyf59oNEDA\/edit?usp=sharing\">Liste des inscrites<\/a><\/p>\n","protected":false},"excerpt":{"rendered":"<p>INSCRIPTIONS CLOTUREES D\u00e9parts \u00e0 partir de 9h HORAIRES DES DEPARTS Cette rencontre n&rsquo;est pas une comp\u00e9tition mais une rencontre amicale f\u00e9minine, r\u00e9serv\u00e9e aux membres du MDD Les nouvelles participantes doivent contacter les GO, avant de s&rsquo;inscrire, \u00e0 l&rsquo;adresse : aspessacauf\u00e9minin@gmail.com Inscription et annulation par la fiche ci-dessous jusqu&rsquo;au vendredi 23 [&hellip;]<\/p>\n","protected":false},"author":14,"featured_media":52,"parent":647,"menu_order":0,"comment_status":"closed","ping_status":"closed","template":"","meta":{"footnotes":""},"class_list":["post-13272","page","type-page","status-publish","has-post-thumbnail","hentry"],"_links":{"self":[{"href":"https:\/\/asgolfdepessac.com\/index.php\/wp-json\/wp\/v2\/pages\/13272","targetHints":{"allow":["GET"]}}],"collection":[{"href":"https:\/\/asgolfdepessac.com\/index.php\/wp-json\/wp\/v2\/pages"}],"about":[{"href":"https:\/\/asgolfdepessac.com\/index.php\/wp-json\/wp\/v2\/types\/page"}],"author":[{"embeddable":true,"href":"https:\/\/asgolfdepessac.com\/index.php\/wp-json\/wp\/v2\/users\/14"}],"replies":[{"embeddable":true,"href":"https:\/\/asgolfdepessac.com\/index.php\/wp-json\/wp\/v2\/comments?post=13272"}],"version-history":[{"count":7,"href":"https:\/\/asgolfdepessac.com\/index.php\/wp-json\/wp\/v2\/pages\/13272\/revisions"}],"predecessor-version":[{"id":13376,"href":"https:\/\/asgolfdepessac.com\/index.php\/wp-json\/wp\/v2\/pages\/13272\/revisions\/13376"}],"up":[{"embeddable":true,"href":"https:\/\/asgolfdepessac.com\/index.php\/wp-json\/wp\/v2\/pages\/647"}],"wp:featuredmedia":[{"embeddable":true,"href":"https:\/\/asgolfdepessac.com\/index.php\/wp-json\/wp\/v2\/media\/52"}],"wp:attachment":[{"href":"https:\/\/asgolfdepessac.com\/index.php\/wp-json\/wp\/v2\/media?parent=13272"}],"curies":[{"name":"wp","href":"https:\/\/api.w.org\/{rel}","templated":true}]}}