{"id":13297,"date":"2026-01-12T19:25:45","date_gmt":"2026-01-12T18:25:45","guid":{"rendered":"https:\/\/asgolfdepessac.com\/?page_id=13297"},"modified":"2026-03-11T18:56:11","modified_gmt":"2026-03-11T17:56:11","slug":"mdd-mardi-10-mars-2026","status":"publish","type":"page","link":"https:\/\/asgolfdepessac.com\/index.php\/pessac-au-feminin-2\/mardi-des-dames\/mdd-mardi-10-mars-2026\/","title":{"rendered":"MDD Mardi 10 mars 2026"},"content":{"rendered":"\n<p class=\"has-black-color has-text-color has-link-color wp-elements-a053aa1c7f8233a1a9b924e6a138b05a\">D\u00e9parts \u00e0 partir de 11 h<\/p>\n\n\n\n<p class=\"has-header-text-color-color has-text-color has-link-color wp-elements-d97c97ecce222c1935b0992c7d08cd34\"><strong><a href=\"https:\/\/asgolfdepessac.com\/wp-content\/uploads\/2026\/03\/MDD-Scramble-10-mars-1.pdf\" data-type=\"link\" data-id=\"https:\/\/asgolfdepessac.com\/wp-content\/uploads\/2026\/03\/MDD-Scramble-10-mars-1.pdf\">HORAIRES DES DEPARTS<\/a><\/strong> <\/p>\n\n\n\n<p>Cette rencontre n&rsquo;est pas une comp\u00e9tition mais une rencontre amicale f\u00e9minine, r\u00e9serv\u00e9e aux membres du MDD<\/p>\n\n\n\n<p class=\"has-black-color has-text-color has-link-color wp-elements-2781d53309435714b563e232495103a4\"><strong>Les nouvelles participantes doivent contacter les GO, avant de s&rsquo;inscrire<\/strong>, \u00e0 l&rsquo;adresse : aspessacauf\u00e9minin@gmail.com<\/p>\n\n\n\n<p>Inscription et annulation par la fiche ci-dessous <strong>jusqu&rsquo;au vendredi 6 mars \u00e0 10h.<\/strong> Plus tard, contacter une des 3 GO,&nbsp; par t\u00e9l\u00e9phone. L&rsquo;accueil du golf ne se charge pas de nos inscriptions ni annulations.<\/p>\n\n\n\n<p><a href=\"https:\/\/asgolfdepessac.com\/wp-content\/uploads\/2025\/03\/ReglementCompetition-ASGP-2025-A.pdf\" target=\"_blank\" rel=\"noreferrer noopener\">Le R\u00e8glement des  Comp\u00e9titions organis\u00e9es par l&rsquo;AS du Golf de PESSAC est applicable<\/a><\/p>\n\n\n\n<p class=\"has-black-color has-text-color has-link-color wp-elements-99afeb0e85512ccaedfd13c7712a0a4c\"> <strong>Merci de v\u00e9rifier sur le lien ci-dessous que vous \u00eates bien inscrite<\/strong> <strong>et&#8230; une seule fois!<\/strong><\/p>\n\n\n\n<p><a href=\"https:\/\/docs.google.com\/spreadsheets\/d\/e\/2PACX-1vRF1BOVl-NJyAk_zcg25H9WgsBfEqUJ8ByWbecsjTRAwcpeBpNPlbDh4Njt08O61gkOzHLio_peQZob\/pubhtml\" data-type=\"link\" data-id=\"https:\/\/docs.google.com\/spreadsheets\/d\/e\/2PACX-1vRF1BOVl-NJyAk_zcg25H9WgsBfEqUJ8ByWbecsjTRAwcpeBpNPlbDh4Njt08O61gkOzHLio_peQZob\/pubhtml\">Liste des inscrites<\/a><\/p>\n","protected":false},"excerpt":{"rendered":"<p>D\u00e9parts \u00e0 partir de 11 h HORAIRES DES DEPARTS Cette rencontre n&rsquo;est pas une comp\u00e9tition mais une rencontre amicale f\u00e9minine, r\u00e9serv\u00e9e aux membres du MDD Les nouvelles participantes doivent contacter les GO, avant de s&rsquo;inscrire, \u00e0 l&rsquo;adresse : aspessacauf\u00e9minin@gmail.com Inscription et annulation par la fiche ci-dessous jusqu&rsquo;au vendredi 6 mars [&hellip;]<\/p>\n","protected":false},"author":5,"featured_media":52,"parent":647,"menu_order":0,"comment_status":"closed","ping_status":"closed","template":"","meta":{"footnotes":""},"class_list":["post-13297","page","type-page","status-publish","has-post-thumbnail","hentry"],"_links":{"self":[{"href":"https:\/\/asgolfdepessac.com\/index.php\/wp-json\/wp\/v2\/pages\/13297","targetHints":{"allow":["GET"]}}],"collection":[{"href":"https:\/\/asgolfdepessac.com\/index.php\/wp-json\/wp\/v2\/pages"}],"about":[{"href":"https:\/\/asgolfdepessac.com\/index.php\/wp-json\/wp\/v2\/types\/page"}],"author":[{"embeddable":true,"href":"https:\/\/asgolfdepessac.com\/index.php\/wp-json\/wp\/v2\/users\/5"}],"replies":[{"embeddable":true,"href":"https:\/\/asgolfdepessac.com\/index.php\/wp-json\/wp\/v2\/comments?post=13297"}],"version-history":[{"count":6,"href":"https:\/\/asgolfdepessac.com\/index.php\/wp-json\/wp\/v2\/pages\/13297\/revisions"}],"predecessor-version":[{"id":13993,"href":"https:\/\/asgolfdepessac.com\/index.php\/wp-json\/wp\/v2\/pages\/13297\/revisions\/13993"}],"up":[{"embeddable":true,"href":"https:\/\/asgolfdepessac.com\/index.php\/wp-json\/wp\/v2\/pages\/647"}],"wp:featuredmedia":[{"embeddable":true,"href":"https:\/\/asgolfdepessac.com\/index.php\/wp-json\/wp\/v2\/media\/52"}],"wp:attachment":[{"href":"https:\/\/asgolfdepessac.com\/index.php\/wp-json\/wp\/v2\/media?parent=13297"}],"curies":[{"name":"wp","href":"https:\/\/api.w.org\/{rel}","templated":true}]}}