{"id":13308,"date":"2026-01-13T19:17:50","date_gmt":"2026-01-13T18:17:50","guid":{"rendered":"https:\/\/asgolfdepessac.com\/?page_id=13308"},"modified":"2026-03-28T11:53:21","modified_gmt":"2026-03-28T10:53:21","slug":"mdd-mardi-31-mars-2026","status":"publish","type":"page","link":"https:\/\/asgolfdepessac.com\/index.php\/pessac-au-feminin-2\/mardi-des-dames\/mdd-mardi-31-mars-2026\/","title":{"rendered":"MDD Mardi 31 mars 2026"},"content":{"rendered":"\n<p><\/p>\n\n\n\n<p><strong>INSCRIPTIONS CLOSES<\/strong><\/p>\n\n\n\n<p class=\"has-black-color has-text-color has-link-color wp-elements-7648931eda7bb8d54d3c43c92e0d381f\">D\u00e9parts \u00e0 partir de 11 h 30<\/p>\n\n\n\n<p class=\"has-header-text-color-color has-text-color has-link-color wp-elements-ed3e1c8495ffc1a5d1ba21bad6f5ff88\"><a href=\"https:\/\/asgolfdepessac.com\/wp-content\/uploads\/2026\/03\/DEPARTS-MDD-mardi-31-Mars-2026-2.pdf\"><strong>HORAIRES DES DEPARTS<\/strong> <\/a><\/p>\n\n\n\n<p>Cette rencontre n&rsquo;est pas une comp\u00e9tition mais une rencontre amicale f\u00e9minine, r\u00e9serv\u00e9e aux membres du MDD<\/p>\n\n\n\n<p class=\"has-black-color has-text-color has-link-color wp-elements-2781d53309435714b563e232495103a4\"><strong>Les nouvelles participantes doivent contacter les GO, avant de s&rsquo;inscrire<\/strong>, \u00e0 l&rsquo;adresse : aspessacauf\u00e9minin@gmail.com<\/p>\n\n\n\n<p>Inscription et annulation par la fiche ci-dessous <strong>jusqu&rsquo;au vendredi 27 mars \u00e0 10h.<\/strong> Plus tard, contacter une des 3 GO,&nbsp; par t\u00e9l\u00e9phone. L&rsquo;accueil du golf ne se charge pas de nos inscriptions ni annulations.<\/p>\n\n\n\n<p><a href=\"https:\/\/asgolfdepessac.com\/wp-content\/uploads\/2025\/03\/ReglementCompetition-ASGP-2025-A.pdf\" target=\"_blank\" rel=\"noreferrer noopener\">Le R\u00e8glement des  Comp\u00e9titions organis\u00e9es par l&rsquo;AS du Golf de PESSAC est applicable<\/a><\/p>\n\n\n\n<p class=\"has-black-color has-text-color has-link-color wp-elements-99afeb0e85512ccaedfd13c7712a0a4c\"> <strong>Merci de v\u00e9rifier sur le lien ci-dessous que vous \u00eates bien inscrite<\/strong> <strong>et&#8230; une seule fois!<\/strong><\/p>\n\n\n\n<p><a href=\"https:\/\/docs.google.com\/spreadsheets\/d\/e\/2PACX-1vQGKS4_5LKL4Ki8j9X6t1gU-ZkvJ1oXm4j6ifSFculCeB08g0HtKIW3OzK0xclOBBDf6p-HZRhHG-9q\/pubhtml\" data-type=\"link\" data-id=\"https:\/\/docs.google.com\/spreadsheets\/d\/e\/2PACX-1vQGKS4_5LKL4Ki8j9X6t1gU-ZkvJ1oXm4j6ifSFculCeB08g0HtKIW3OzK0xclOBBDf6p-HZRhHG-9q\/pubhtml\">Liste des inscrites<\/a><\/p>\n","protected":false},"excerpt":{"rendered":"<p>INSCRIPTIONS CLOSES D\u00e9parts \u00e0 partir de 11 h 30 HORAIRES DES DEPARTS Cette rencontre n&rsquo;est pas une comp\u00e9tition mais une rencontre amicale f\u00e9minine, r\u00e9serv\u00e9e aux membres du MDD Les nouvelles participantes doivent contacter les GO, avant de s&rsquo;inscrire, \u00e0 l&rsquo;adresse : aspessacauf\u00e9minin@gmail.com Inscription et annulation par la fiche ci-dessous jusqu&rsquo;au [&hellip;]<\/p>\n","protected":false},"author":5,"featured_media":52,"parent":647,"menu_order":0,"comment_status":"closed","ping_status":"closed","template":"","meta":{"footnotes":""},"class_list":["post-13308","page","type-page","status-publish","has-post-thumbnail","hentry"],"_links":{"self":[{"href":"https:\/\/asgolfdepessac.com\/index.php\/wp-json\/wp\/v2\/pages\/13308","targetHints":{"allow":["GET"]}}],"collection":[{"href":"https:\/\/asgolfdepessac.com\/index.php\/wp-json\/wp\/v2\/pages"}],"about":[{"href":"https:\/\/asgolfdepessac.com\/index.php\/wp-json\/wp\/v2\/types\/page"}],"author":[{"embeddable":true,"href":"https:\/\/asgolfdepessac.com\/index.php\/wp-json\/wp\/v2\/users\/5"}],"replies":[{"embeddable":true,"href":"https:\/\/asgolfdepessac.com\/index.php\/wp-json\/wp\/v2\/comments?post=13308"}],"version-history":[{"count":10,"href":"https:\/\/asgolfdepessac.com\/index.php\/wp-json\/wp\/v2\/pages\/13308\/revisions"}],"predecessor-version":[{"id":14188,"href":"https:\/\/asgolfdepessac.com\/index.php\/wp-json\/wp\/v2\/pages\/13308\/revisions\/14188"}],"up":[{"embeddable":true,"href":"https:\/\/asgolfdepessac.com\/index.php\/wp-json\/wp\/v2\/pages\/647"}],"wp:featuredmedia":[{"embeddable":true,"href":"https:\/\/asgolfdepessac.com\/index.php\/wp-json\/wp\/v2\/media\/52"}],"wp:attachment":[{"href":"https:\/\/asgolfdepessac.com\/index.php\/wp-json\/wp\/v2\/media?parent=13308"}],"curies":[{"name":"wp","href":"https:\/\/api.w.org\/{rel}","templated":true}]}}