{"id":13531,"date":"2026-02-10T11:11:05","date_gmt":"2026-02-10T10:11:05","guid":{"rendered":"https:\/\/asgolfdepessac.com\/?page_id=13531"},"modified":"2026-02-10T11:41:48","modified_gmt":"2026-02-10T10:41:48","slug":"trophee-seniors-2025-essai","status":"publish","type":"page","link":"https:\/\/asgolfdepessac.com\/index.php\/activites\/trophee-seniors-2025-essai\/","title":{"rendered":"TROPHEE SENIORS 2025 essai"},"content":{"rendered":"<img loading=\"lazy\" decoding=\"async\" width=\"750\" height=\"500\" src=\"https:\/\/asgolfdepessac.com\/wp-content\/uploads\/2026\/02\/BG18-Pessac@alamoureux_MG_3477-1024x683.jpg\" alt=\"\" srcset=\"https:\/\/asgolfdepessac.com\/wp-content\/uploads\/2026\/02\/BG18-Pessac@alamoureux_MG_3477-1024x683.jpg 1024w, https:\/\/asgolfdepessac.com\/wp-content\/uploads\/2026\/02\/BG18-Pessac@alamoureux_MG_3477-300x200.jpg 300w, https:\/\/asgolfdepessac.com\/wp-content\/uploads\/2026\/02\/BG18-Pessac@alamoureux_MG_3477-768x512.jpg 768w, https:\/\/asgolfdepessac.com\/wp-content\/uploads\/2026\/02\/BG18-Pessac@alamoureux_MG_3477-1536x1024.jpg 1536w, https:\/\/asgolfdepessac.com\/wp-content\/uploads\/2026\/02\/BG18-Pessac@alamoureux_MG_3477-2048x1365.jpg 2048w, https:\/\/asgolfdepessac.com\/wp-content\/uploads\/2026\/02\/BG18-Pessac@alamoureux_MG_3477-360x240.jpg 360w\" sizes=\"auto, (max-width: 750px) 100vw, 750px\" \/>\t\t\t\t\t\t\t\t\t\t\t\t\t\t\t\n\t\t\t\t\t<a href=\"https:\/\/asgolfdepessac-b.fr\/index.php\/produit\/adhesion-et-licence\/\">\n\t\t\t\t\t\t\t\t\tBOUTON\n\t\t\t\t\t<\/a>\n\t\t\n<p>DATE : en juin 2025<\/p>\n\n<p><a href=\"https:\/\/pages.ffgolf.org\/resultats\/resultats-details\/8986b22e6f493691cc71534be6847c02\/2501323201\" target=\"_blank\" rel=\"noreferrer noopener\">CLASSEMENTS TROPHEE SENIORS 2025<\/a><\/p>\n\n<p class=\"wp-elements-baa782dedc376ce2e83d3a7a184d792c\"><strong>LES VAINQUEURS : Julien DELHOMME<\/strong> <strong>Christine FAYETTE <\/strong><\/p>\n\n<figure><img decoding=\"async\" src=\"https:\/\/asgolfdepessac.com\/wp-content\/uploads\/2025\/06\/Trophee-seniors-2025-photo-vainqueurs-1-689x1024.jpg\" alt=\"\" \/><\/figure>\n\n<p class=\"wp-elements-3bf83c8b7605e8e846c6f605978c4f6e\">Comp\u00e9tition se d\u00e9roulant suivant\u00a0 <strong><a href=\"https:\/\/d0ad97c4-d159-482c-a5d6-626bacc8ca08.usrfiles.com\/ugd\/8cc628_cc21e5f5ccb049d1aa599caad83ac67c.pdf\" target=\"_blank\" rel=\"noreferrer noopener\">le r\u00e8glement\u00a0publi\u00e9<\/a><\/strong> sur le site de la Ligue Nouvelle Aquitaine de GOLF et les d\u00e9tails sur le site de l&rsquo;AS.<br \/>Index inf\u00e9rieur \u00e0 15.4 pour les Messieurs, 18.4 pour les Dames possibilit\u00e9 de Wild Card<\/p>\n\n<p><strong>Formule de Jeu : Strokeplay\u00a0 \u00a0Rep\u00e8res 3 Jaune\u00a0 messieurs, 5 Rouge Dames<\/strong><\/p>\n\n<p><strong>Pour pouvoir participer, il est n\u00e9cessaire\u00a0d&rsquo;avoir r\u00e9gl\u00e9 pr\u00e9alablement le droit f\u00e9d\u00e9ral de 40\u20ac<\/strong><\/p>\n\n<p><strong>Seules sont accept\u00e9es les inscriptions faites en ligne et r\u00e9gl\u00e9es par Carte Bancaire <\/strong><\/p>\n\n<p><strong>DOCUMENTS OFFICIELS<\/strong><\/p>\n\n<p><a href=\"https:\/\/asgolfdepessac.com\/wp-content\/uploads\/2025\/06\/Hard-Card-2025-FR.pdf\" target=\"_blank\" rel=\"noreferrer noopener\">R\u00e9gles Locales Permanentes (hard Card)<\/a><\/p>\n\n<p><a href=\"https:\/\/asgolfdepessac.com\/wp-content\/uploads\/2025\/06\/Regles-locales-Trophee-Seniors-2025.pdf\" target=\"_blank\" rel=\"noreferrer noopener\">R\u00e8gles locales 4 et 5 Juin<\/a><\/p>\n\n<p><a href=\"https:\/\/asgolfdepessac.com\/wp-content\/uploads\/2025\/06\/Plan-deevacuation.-Golf-de-Pessac-Bluegreen.pdf\" target=\"_blank\" rel=\"noreferrer noopener\">Plans d&rsquo;\u00e9vacuation Golf de Pessac<\/a><\/p>\n\n<p><a href=\"https:\/\/asgolfdepessac.com\/wp-content\/uploads\/2025\/06\/Interruption-de-jeu-et-signaux-a-bras-5.pdf\" data-type=\"URL\" data-id=\"https:\/\/asgolfdepessac.com\/wp-content\/uploads\/2021\/10\/Interruption_de_jeu.pdf\" target=\"_blank\" rel=\"noreferrer noopener\">Interruption de Jeu<\/a><\/p>\n\n<p><a href=\"https:\/\/asgolfdepessac.com\/wp-content\/uploads\/2025\/06\/Jeu-lent-dans-les-epreuves-amateurs.pdf\" data-type=\"URL\" data-id=\"https:\/\/asgolfdepessac.com\/wp-content\/uploads\/2021\/10\/Jeu_Lent_2019.pdf\" target=\"_blank\" rel=\"noreferrer noopener\">Jeu lent<\/a><\/p>\n\n<p><a href=\"https:\/\/asgolfdepessac.com\/wp-content\/uploads\/2025\/06\/Commun-a-toutes-les-epreuves-federales-organisees-par-les-clubs-et-ou-ligues-1.pdf\" data-type=\"URL\" data-id=\"https:\/\/asgolfdepessac.com\/wp-content\/uploads\/2021\/10\/Reglement_General_des_epreuves_Federales_Amateurs.pdf\" target=\"_blank\" rel=\"noreferrer noopener\">Reglement general des epreuves f\u00e9derales amateurs<\/a><\/p>\n\n<p><a href=\"https:\/\/asgolfdepessac.com\/wp-content\/uploads\/2025\/06\/Cahier-des-Charges-des-Trophees-Seniors-Seniors-2-Seniors-3-et-des-Grands-Prix-Seniors-2.pdf\" target=\"_blank\" rel=\"noreferrer noopener\">Cahier des charges des Troph\u00e9es S\u00e9niors<\/a><\/p>\n\n<p><strong>Pour r\u00e9server votre journ\u00e9e de reconnaissance possible du 29\/05 au 3\/06 : 8 jours avant la date, envoyez un email \u00e0 <a href=\"mailto:bordeaux.pessac@bluegreen.fr\">bordeaux.pessac@bluegreen.fr<\/a> en pr\u00e9cisant votre nom pr\u00e9nom, n\u00b0 t\u00e9l\u00e9phone, jour et horaire souhait\u00e9s<\/strong><\/p>\n\n<p><\/p>\n\n<p class=\"wp-elements-61c4c0f341253a316fadbe4afb5c7b88\">TARIFS<strong>\u00a0<br \/><\/strong><\/p>\n\n<figure>\n<table>\n<tbody>\n<tr>\n<td>\u00a0<\/td>\n<td data-align=\"center\">\u00a0EXTERIEURS<\/td>\n<td data-align=\"center\">\u00a0ABONNES BLUE GREEN PESSAC<\/td>\n<\/tr>\n<tr>\n<td>\u00a0\u00a0Adultes<\/td>\n<td data-align=\"center\">\u00a090\u20ac<\/td>\n<td data-align=\"center\">\u00a045\u20ac<\/td>\n<\/tr>\n<tr>\n<td>\u00a0Adultes Membres AS Golf de\u00a0\u00a0PESSAC<\/td>\n<td data-align=\"center\">85\u20ac<\/td>\n<td data-align=\"center\">\u00a035\u20ac<\/td>\n<\/tr>\n<tr>\n<td>\u00a0<\/td>\n<td data-align=\"center\">\u00a0<\/td>\n<td data-align=\"center\">\u00a0<\/td>\n<\/tr>\n<tr>\n<td><\/td>\n<td data-align=\"center\"><\/td>\n<td data-align=\"center\">\u00a0<\/td>\n<\/tr>\n<\/tbody>\n<\/table>\n<\/figure>\n\n<p><\/p>\n\n<h2 class=\"wp-block-heading\">\u00a0\u00a0<strong>TROPHEE SENIORS 2024<\/strong><\/h2>\n\n<p><a href=\"https:\/\/pages.ffgolf.org\/resultats\/resultats-details\/8986b22e6f493691cc71534be6847c02\/2401237048\" target=\"_blank\" rel=\"noreferrer noopener\"><strong>RESULTATS DEFINITIFS<\/strong><\/a> <strong>2024<\/strong><\/p>\n\n<p>VAINQUEUR DAMES : Christine FAYETTE<\/p>\n\n<p>VAINQUEUR MESSIEURS : Davod GRAMOND<\/p>\n\n<figure><img decoding=\"async\" src=\"https:\/\/asgolfdepessac.com\/wp-content\/uploads\/2024\/10\/trophee-seniors-2024-vainqueurs-A-1024x819.jpg\" alt=\"\" \/><\/figure>\n\n<p class=\"wp-elements-3104054664dc542d8d5b55c556b3e6f6\"><\/p>\n\n<p><strong>TROPHEE SENIORS 2023<\/strong><\/p>\n\n<p><a href=\"https:\/\/pages.ffgolf.org\/resultats\/resultats-details\/8986b22e6f493691cc71534be6847c02\/2300997642\" target=\"_blank\" rel=\"noreferrer noopener\">RESULTATS DEFINITIFS<\/a><\/p>\n\n<figure><img decoding=\"async\" src=\"https:\/\/asgolfdepessac.com\/wp-content\/uploads\/2023\/05\/photo-vainqueur-749x1024.jpg\" alt=\"\" \/>\n<figcaption>Olivier DENIS Damien AUMONT Laurence LAJOIE MEUNIER<\/figcaption>\n<\/figure>\n","protected":false},"excerpt":{"rendered":"<p>BOUTON DATE : en juin 2025 CLASSEMENTS TROPHEE SENIORS 2025 LES VAINQUEURS : Julien DELHOMME Christine FAYETTE Comp\u00e9tition se d\u00e9roulant suivant\u00a0 le r\u00e8glement\u00a0publi\u00e9 sur le site de la Ligue Nouvelle Aquitaine de GOLF et les d\u00e9tails sur le site de l&rsquo;AS.Index inf\u00e9rieur \u00e0 15.4 pour les Messieurs, 18.4 pour les [&hellip;]<\/p>\n","protected":false},"author":14,"featured_media":52,"parent":502,"menu_order":0,"comment_status":"closed","ping_status":"closed","template":"","meta":{"footnotes":""},"class_list":["post-13531","page","type-page","status-publish","has-post-thumbnail","hentry"],"_links":{"self":[{"href":"https:\/\/asgolfdepessac.com\/index.php\/wp-json\/wp\/v2\/pages\/13531","targetHints":{"allow":["GET"]}}],"collection":[{"href":"https:\/\/asgolfdepessac.com\/index.php\/wp-json\/wp\/v2\/pages"}],"about":[{"href":"https:\/\/asgolfdepessac.com\/index.php\/wp-json\/wp\/v2\/types\/page"}],"author":[{"embeddable":true,"href":"https:\/\/asgolfdepessac.com\/index.php\/wp-json\/wp\/v2\/users\/14"}],"replies":[{"embeddable":true,"href":"https:\/\/asgolfdepessac.com\/index.php\/wp-json\/wp\/v2\/comments?post=13531"}],"version-history":[{"count":11,"href":"https:\/\/asgolfdepessac.com\/index.php\/wp-json\/wp\/v2\/pages\/13531\/revisions"}],"predecessor-version":[{"id":13545,"href":"https:\/\/asgolfdepessac.com\/index.php\/wp-json\/wp\/v2\/pages\/13531\/revisions\/13545"}],"up":[{"embeddable":true,"href":"https:\/\/asgolfdepessac.com\/index.php\/wp-json\/wp\/v2\/pages\/502"}],"wp:featuredmedia":[{"embeddable":true,"href":"https:\/\/asgolfdepessac.com\/index.php\/wp-json\/wp\/v2\/media\/52"}],"wp:attachment":[{"href":"https:\/\/asgolfdepessac.com\/index.php\/wp-json\/wp\/v2\/media?parent=13531"}],"curies":[{"name":"wp","href":"https:\/\/api.w.org\/{rel}","templated":true}]}}