{"id":13550,"date":"2026-02-10T16:04:55","date_gmt":"2026-02-10T15:04:55","guid":{"rendered":"https:\/\/asgolfdepessac.com\/?page_id=13550"},"modified":"2026-02-14T15:26:20","modified_gmt":"2026-02-14T14:26:20","slug":"pages-en-essai","status":"publish","type":"page","link":"https:\/\/asgolfdepessac.com\/index.php\/pages-en-essai\/","title":{"rendered":"pages en essai"},"content":{"rendered":"\n<figure><img decoding=\"async\" src=\"https:\/\/asgolfdepessac.com\/wp-content\/uploads\/2021\/08\/bandeau-site-v3.jpg\" alt=\"\"\/><\/figure>\n\n\n\n<p>ceci est un essai<\/p>\n\n\n\n<div class=\"wp-block-buttons is-layout-flex wp-block-buttons-is-layout-flex\">\n<div class=\"wp-block-button has-custom-width wp-block-button__width-25 is-style-outline is-style-outline--1\"><a class=\"wp-block-button__link has-secondary-background-color has-background wp-element-button\">ceci est un essai<\/a><\/div>\n<\/div>\n\n\n\n<div class=\"wp-block-columns is-layout-flex wp-container-core-columns-is-layout-28f84493 wp-block-columns-is-layout-flex\">\n<div class=\"wp-block-column is-layout-flow wp-block-column-is-layout-flow\">\n<div class=\"wp-block-buttons is-layout-flex wp-block-buttons-is-layout-flex\">\n<div class=\"wp-block-button background-color:#fff6b6b\"><a class=\"wp-block-button__link has-body-color-background-color has-background wp-element-button\">TEXTE 1<\/a><\/div>\n<\/div>\n<\/div>\n\n\n\n<div class=\"wp-block-column is-layout-flow wp-block-column-is-layout-flow\">\n<div class=\"wp-block-buttons is-layout-flex wp-block-buttons-is-layout-flex\">\n<div class=\"wp-block-button has-custom-width wp-block-button__width-100 .btn-primary {  background-color: #990000; color: #texte; padding: 12px 24px; border-radius: 4px; } .wp-block-button__link font-weight: bold;\"><a class=\"wp-block-button__link has-secondary-color has-text-color has-link-color wp-element-button\">TEXTE2<\/a><\/div>\n<\/div>\n<\/div>\n\n\n\n<div class=\"wp-block-column is-layout-flow wp-block-column-is-layout-flow\">\n<div class=\"wp-block-buttons is-layout-flex wp-block-buttons-is-layout-flex\">\n<div class=\"wp-block-button is-style-fill\"><a class=\"wp-block-button__link has-background-color-background-color has-background wp-element-button\">TEXTE3<\/a><\/div>\n<\/div>\n<\/div>\n<\/div>\n\n\n\n<div class=\"wp-block-columns is-layout-flex wp-container-core-columns-is-layout-28f84493 wp-block-columns-is-layout-flex\">\n<div class=\"wp-block-column is-layout-flow wp-block-column-is-layout-flow\"><\/div>\n\n\n\n<div class=\"wp-block-column is-layout-flow wp-block-column-is-layout-flow\"><\/div>\n\n\n\n<div class=\"wp-block-column is-layout-flow wp-block-column-is-layout-flow\"><\/div>\n<\/div>\n\n\n<p><a href=\"https:\/\/asgolfdepessac.com\/index.php\/activites\/eclectique-2025-2026-t6-17-mars-2026\/\">Ceci est du texte<\/a><\/p>\n<p>\t\t\t\t\t<a href=\"https:\/\/asgolfdepessac-b.fr\/index.php\/produit\/adhesion-et-licence\/\"><br \/>\n\t\t\t\t\t\t\t\t\tAdhesion AS<br \/>\n\t\t\t\t\t<\/a><br \/>\n\t\t\t\t\t<a href=\"https:\/\/asgolfdepessac.com\/index.php\/inscriptions\/\"><br \/>\n\t\t\t\t\t\t\t\t\tComp\u00e9titions<br \/>\n\t\t\t\t\t<\/a><\/p>\n<p>Ces boutons sont un essai<\/p>\n<ul>\n<li>\n\t\t\t\t\t\t\t\t\t\t\u00c9l\u00e9ment de liste #1\n\t\t\t\t\t\t\t\t\t<\/li>\n<li>\n\t\t\t\t\t\t\t\t\t\t\u00c9l\u00e9ment de liste #2\n\t\t\t\t\t\t\t\t\t<\/li>\n<li>\n\t\t\t\t\t\t\t\t\t\t\u00c9l\u00e9ment de liste #3\n\t\t\t\t\t\t\t\t\t<\/li>\n<\/ul>\n<style type=\"text\/css\">\n\t\t\t#gallery-1 {<br \/>\n\t\t\t\tmargin: auto;<br \/>\n\t\t\t}<br \/>\n\t\t\t#gallery-1 .gallery-item {<br \/>\n\t\t\t\tfloat: left;<br \/>\n\t\t\t\tmargin-top: 10px;<br \/>\n\t\t\t\ttext-align: center;<br \/>\n\t\t\t\twidth: 33%;<br \/>\n\t\t\t}<br \/>\n\t\t\t#gallery-1 img {<br \/>\n\t\t\t\tborder: 2px solid #cfcfcf;<br \/>\n\t\t\t}<br \/>\n\t\t\t#gallery-1 .gallery-caption {<br \/>\n\t\t\t\tmargin-left: 0;<br \/>\n\t\t\t}<br \/>\n\t\t\t\/* see gallery_shortcode() in wp-includes\/media.php *\/<br \/>\n\t\t<\/style>\n<dl class='gallery-item'>\n<dt class='gallery-icon portrait'>\n\t\t\t\t<a data-elementor-open-lightbox=\"yes\" data-elementor-lightbox-slideshow=\"d8a3876\" data-elementor-lightbox-title=\"SITE_MATCHPLAY \u00c9T\u00c9 2026\" data-e-action-hash=\"#elementor-action%3Aaction%3Dlightbox%26settings%3DeyJpZCI6MTM1NzcsInVybCI6Imh0dHBzOlwvXC9hc2dvbGZkZXBlc3NhYy5jb21cL3dwLWNvbnRlbnRcL3VwbG9hZHNcLzIwMjZcLzAyXC9TSVRFX01BVENIUExBWS1FVEUtMjAyNi5qcGciLCJzbGlkZXNob3ciOiJkOGEzODc2In0%3D\" href='https:\/\/asgolfdepessac.com\/wp-content\/uploads\/2026\/02\/SITE_MATCHPLAY-ETE-2026.jpg'><img loading=\"lazy\" width=\"150\" height=\"150\" src=\"https:\/\/asgolfdepessac.com\/wp-content\/uploads\/2026\/02\/SITE_MATCHPLAY-ETE-2026-150x150.jpg\" alt=\"\" decoding=\"async\" \/><\/a>\n\t\t\t<\/dt>\n<\/dl>\n<dl class='gallery-item'>\n<dt class='gallery-icon portrait'>\n\t\t\t\t<a data-elementor-open-lightbox=\"yes\" data-elementor-lightbox-slideshow=\"d8a3876\" data-elementor-lightbox-title=\"SITE_AGE AS Golf de Pessac\" data-e-action-hash=\"#elementor-action%3Aaction%3Dlightbox%26settings%3DeyJpZCI6MTM1MDMsInVybCI6Imh0dHBzOlwvXC9hc2dvbGZkZXBlc3NhYy5jb21cL3dwLWNvbnRlbnRcL3VwbG9hZHNcLzIwMjZcLzAyXC9TSVRFX0FHRS1BUy1Hb2xmLWRlLVBlc3NhYy5qcGciLCJzbGlkZXNob3ciOiJkOGEzODc2In0%3D\" href='https:\/\/asgolfdepessac.com\/wp-content\/uploads\/2026\/02\/SITE_AGE-AS-Golf-de-Pessac.jpg'><img loading=\"lazy\" width=\"150\" height=\"150\" src=\"https:\/\/asgolfdepessac.com\/wp-content\/uploads\/2026\/02\/SITE_AGE-AS-Golf-de-Pessac-150x150.jpg\" alt=\"\" decoding=\"async\" \/><\/a>\n\t\t\t<\/dt>\n<\/dl>\n<dl class='gallery-item'>\n<dt class='gallery-icon portrait'>\n\t\t\t\t<a data-elementor-open-lightbox=\"yes\" data-elementor-lightbox-slideshow=\"d8a3876\" data-elementor-lightbox-title=\"SITE_Coupe du Carnaval 2026\" data-e-action-hash=\"#elementor-action%3Aaction%3Dlightbox%26settings%3DeyJpZCI6MTM0ODksInVybCI6Imh0dHBzOlwvXC9hc2dvbGZkZXBlc3NhYy5jb21cL3dwLWNvbnRlbnRcL3VwbG9hZHNcLzIwMjZcLzAyXC9TSVRFX0NvdXBlLWR1LUNhcm5hdmFsLTIwMjYuanBnIiwic2xpZGVzaG93IjoiZDhhMzg3NiJ9\" href='https:\/\/asgolfdepessac.com\/wp-content\/uploads\/2026\/02\/SITE_Coupe-du-Carnaval-2026.jpg'><img loading=\"lazy\" width=\"150\" height=\"150\" src=\"https:\/\/asgolfdepessac.com\/wp-content\/uploads\/2026\/02\/SITE_Coupe-du-Carnaval-2026-150x150.jpg\" alt=\"\" decoding=\"async\" \/><\/a>\n\t\t\t<\/dt>\n<\/dl>\n<p><br style=\"clear: both\" \/><\/p>\n<dl class='gallery-item'>\n<dt class='gallery-icon portrait'>\n\t\t\t\t<a data-elementor-open-lightbox=\"yes\" data-elementor-lightbox-slideshow=\"d8a3876\" data-elementor-lightbox-title=\"SITE - Eclectique Hiver 2025 T6\" data-e-action-hash=\"#elementor-action%3Aaction%3Dlightbox%26settings%3DeyJpZCI6MTM0ODcsInVybCI6Imh0dHBzOlwvXC9hc2dvbGZkZXBlc3NhYy5jb21cL3dwLWNvbnRlbnRcL3VwbG9hZHNcLzIwMjZcLzAyXC9TSVRFLUVjbGVjdGlxdWUtSGl2ZXItMjAyNS1UNi5qcGciLCJzbGlkZXNob3ciOiJkOGEzODc2In0%3D\" href='https:\/\/asgolfdepessac.com\/wp-content\/uploads\/2026\/02\/SITE-Eclectique-Hiver-2025-T6.jpg'><img loading=\"lazy\" width=\"150\" height=\"150\" src=\"https:\/\/asgolfdepessac.com\/wp-content\/uploads\/2026\/02\/SITE-Eclectique-Hiver-2025-T6-150x150.jpg\" alt=\"\" decoding=\"async\" \/><\/a>\n\t\t\t<\/dt>\n<\/dl>\n<dl class='gallery-item'>\n<dt class='gallery-icon portrait'>\n\t\t\t\t<a data-elementor-open-lightbox=\"yes\" data-elementor-lightbox-slideshow=\"d8a3876\" data-elementor-lightbox-title=\"SITE - Troph\u00e9e AS 2026 T1\" data-e-action-hash=\"#elementor-action%3Aaction%3Dlightbox%26settings%3DeyJpZCI6MTM0MzUsInVybCI6Imh0dHBzOlwvXC9hc2dvbGZkZXBlc3NhYy5jb21cL3dwLWNvbnRlbnRcL3VwbG9hZHNcLzIwMjZcLzAxXC9TSVRFLVRyb3BoZWUtQVMtMjAyNi1UMS5qcGciLCJzbGlkZXNob3ciOiJkOGEzODc2In0%3D\" href='https:\/\/asgolfdepessac.com\/wp-content\/uploads\/2026\/01\/SITE-Trophee-AS-2026-T1.jpg'><img loading=\"lazy\" width=\"150\" height=\"150\" src=\"https:\/\/asgolfdepessac.com\/wp-content\/uploads\/2026\/01\/SITE-Trophee-AS-2026-T1-150x150.jpg\" alt=\"\" decoding=\"async\" \/><\/a>\n\t\t\t<\/dt>\n<\/dl>\n<dl class='gallery-item'>\n<dt class='gallery-icon portrait'>\n\t\t\t\t<a data-elementor-open-lightbox=\"yes\" data-elementor-lightbox-slideshow=\"d8a3876\" data-elementor-lightbox-title=\"SITE-Classement-Compact-2025-fevrier-600x849\" data-e-action-hash=\"#elementor-action%3Aaction%3Dlightbox%26settings%3DeyJpZCI6MTMzNzksInVybCI6Imh0dHBzOlwvXC9hc2dvbGZkZXBlc3NhYy5jb21cL3dwLWNvbnRlbnRcL3VwbG9hZHNcLzIwMjZcLzAxXC9TSVRFLUNsYXNzZW1lbnQtQ29tcGFjdC0yMDI1LWZldnJpZXItNjAweDg0OS0xLmpwZyIsInNsaWRlc2hvdyI6ImQ4YTM4NzYifQ%3D%3D\" href='https:\/\/asgolfdepessac.com\/wp-content\/uploads\/2026\/01\/SITE-Classement-Compact-2025-fevrier-600x849-1.jpg'><img loading=\"lazy\" width=\"150\" height=\"150\" src=\"https:\/\/asgolfdepessac.com\/wp-content\/uploads\/2026\/01\/SITE-Classement-Compact-2025-fevrier-600x849-1-150x150.jpg\" alt=\"\" decoding=\"async\" \/><\/a>\n\t\t\t<\/dt>\n<\/dl>\n<p><br style=\"clear: both\" \/><\/p>\n<dl class='gallery-item'>\n<dt class='gallery-icon portrait'>\n\t\t\t\t<a data-elementor-open-lightbox=\"yes\" data-elementor-lightbox-slideshow=\"d8a3876\" data-elementor-lightbox-title=\"photo Amicales Cabot\" data-e-action-hash=\"#elementor-action%3Aaction%3Dlightbox%26settings%3DeyJpZCI6MTMzNTIsInVybCI6Imh0dHBzOlwvXC9hc2dvbGZkZXBlc3NhYy5jb21cL3dwLWNvbnRlbnRcL3VwbG9hZHNcLzIwMjZcLzAxXC9waG90by1BbWljYWxlcy1DYWJvdC5qcGciLCJzbGlkZXNob3ciOiJkOGEzODc2In0%3D\" href='https:\/\/asgolfdepessac.com\/wp-content\/uploads\/2026\/01\/photo-Amicales-Cabot.jpg'><img loading=\"lazy\" width=\"150\" height=\"150\" src=\"https:\/\/asgolfdepessac.com\/wp-content\/uploads\/2026\/01\/photo-Amicales-Cabot-150x150.jpg\" alt=\"\" decoding=\"async\" \/><\/a>\n\t\t\t<\/dt>\n<\/dl>\n<dl class='gallery-item'>\n<dt class='gallery-icon landscape'>\n\t\t\t\t<a data-elementor-open-lightbox=\"yes\" data-elementor-lightbox-slideshow=\"d8a3876\" data-elementor-lightbox-title=\"ICH 2025 2026 LACANAU\" data-e-action-hash=\"#elementor-action%3Aaction%3Dlightbox%26settings%3DeyJpZCI6MTMwMTMsInVybCI6Imh0dHBzOlwvXC9hc2dvbGZkZXBlc3NhYy5jb21cL3dwLWNvbnRlbnRcL3VwbG9hZHNcLzIwMjVcLzEyXC9JQ0gtMjAyNS0yMDI2LUxBQ0FOQVUucG5nIiwic2xpZGVzaG93IjoiZDhhMzg3NiJ9\" href='https:\/\/asgolfdepessac.com\/wp-content\/uploads\/2025\/12\/ICH-2025-2026-LACANAU.png'><img loading=\"lazy\" width=\"150\" height=\"150\" src=\"https:\/\/asgolfdepessac.com\/wp-content\/uploads\/2025\/12\/ICH-2025-2026-LACANAU-150x150.png\" alt=\"\" decoding=\"async\" \/><\/a>\n\t\t\t<\/dt>\n<\/dl>\n<p>\t\t\t<br style='clear: both' \/><br \/>\n\t\t\t\t\t\t\t\t\t\t\t\t<a tabindex=\"0\">Va-et-vient #1<\/a><\/p>\n<p>ceci est un essai de va et vient 1<\/p>\n<p>\t\t\t\t\t\t\t\t\t\t\t\t<a tabindex=\"0\">Va-et-vient #2<\/a><\/p>\n<p>va et vient 2<\/p>\n<p>\t\t\t<iframe loading=\"lazy\"\n\t\t\t\t\tsrc=\"https:\/\/maps.google.com\/maps?q=golf%20de%20pessac&#038;t=m&#038;z=10&#038;output=embed&#038;iwloc=near\"\n\t\t\t\t\ttitle=\"golf de pessac\"\n\t\t\t\t\taria-label=\"golf de pessac\"\n\t\t\t><\/iframe><br \/>\n\t\t\tNum\u00e9ro cool<br \/>\n\t\t\t\t0<br \/>\n\t\t\t\t\t\t\t\t\t\t\t\t<a tabindex=\"0\">Accord\u00e9on #1<\/a><\/p>\n<p>accordeon 1<\/p>\n<p>\t\t\t\t\t\t\t\t\t\t\t\t<a tabindex=\"0\">Accord\u00e9on #2<\/a><\/p>\n<p>accordeon 2Lorem ipsum dolor sit amet, consectetur adipiscing elit. Ut elit tellus, luctus nec ullamcorper mattis, pulvinar dapibus leo.<\/p>\n<figure><img decoding=\"async\" src=\"https:\/\/asgolfdepessac.com\/wp-content\/uploads\/2026\/02\/SITE_MATCHPLAY-ETE-2026-150x150.jpg\" alt=\"SITE_MATCHPLAY \u00c9T\u00c9 2026\" \/><\/figure>\n<figure><img decoding=\"async\" src=\"https:\/\/asgolfdepessac.com\/wp-content\/uploads\/2026\/01\/SITE-Trophee-AS-2026-T1-150x150.jpg\" alt=\"SITE - Troph\u00e9e AS 2026 T1\" \/><\/figure>\n<figure><img decoding=\"async\" src=\"https:\/\/asgolfdepessac.com\/wp-content\/uploads\/2026\/01\/EA_BORDEAUX-LOGOTYPE-ORANGE-150x150.jpg\" alt=\"EA_BORDEAUX-LOGOTYPE-ORANGE\" \/><\/figure>\n<figure><img decoding=\"async\" src=\"https:\/\/asgolfdepessac.com\/wp-content\/uploads\/2025\/12\/ICH-2025-2026-LACANAU-150x150.png\" alt=\"ICH 2025 2026 LACANAU\" \/><\/figure>","protected":false},"excerpt":{"rendered":"<p>ceci est un essai Ceci est du texte Adhesion AS Comp\u00e9titions Ces boutons sont un essai \u00c9l\u00e9ment de liste #1 \u00c9l\u00e9ment de liste #2 \u00c9l\u00e9ment de liste #3 Va-et-vient #1 ceci est un essai de va et vient 1 Va-et-vient #2 va et vient 2 Num\u00e9ro cool 0 Accord\u00e9on #1 [&hellip;]<\/p>\n","protected":false},"author":14,"featured_media":52,"parent":0,"menu_order":0,"comment_status":"closed","ping_status":"closed","template":"","meta":{"footnotes":""},"class_list":["post-13550","page","type-page","status-publish","has-post-thumbnail","hentry"],"_links":{"self":[{"href":"https:\/\/asgolfdepessac.com\/index.php\/wp-json\/wp\/v2\/pages\/13550","targetHints":{"allow":["GET"]}}],"collection":[{"href":"https:\/\/asgolfdepessac.com\/index.php\/wp-json\/wp\/v2\/pages"}],"about":[{"href":"https:\/\/asgolfdepessac.com\/index.php\/wp-json\/wp\/v2\/types\/page"}],"author":[{"embeddable":true,"href":"https:\/\/asgolfdepessac.com\/index.php\/wp-json\/wp\/v2\/users\/14"}],"replies":[{"embeddable":true,"href":"https:\/\/asgolfdepessac.com\/index.php\/wp-json\/wp\/v2\/comments?post=13550"}],"version-history":[{"count":28,"href":"https:\/\/asgolfdepessac.com\/index.php\/wp-json\/wp\/v2\/pages\/13550\/revisions"}],"predecessor-version":[{"id":13639,"href":"https:\/\/asgolfdepessac.com\/index.php\/wp-json\/wp\/v2\/pages\/13550\/revisions\/13639"}],"wp:featuredmedia":[{"embeddable":true,"href":"https:\/\/asgolfdepessac.com\/index.php\/wp-json\/wp\/v2\/media\/52"}],"wp:attachment":[{"href":"https:\/\/asgolfdepessac.com\/index.php\/wp-json\/wp\/v2\/media?parent=13550"}],"curies":[{"name":"wp","href":"https:\/\/api.w.org\/{rel}","templated":true}]}}