{"id":13554,"date":"2026-02-12T22:25:33","date_gmt":"2026-02-12T21:25:33","guid":{"rendered":"https:\/\/asgolfdepessac.com\/?page_id=13554"},"modified":"2026-04-02T19:47:01","modified_gmt":"2026-04-02T17:47:01","slug":"mdd-mardi-5-mai-2026","status":"publish","type":"page","link":"https:\/\/asgolfdepessac.com\/index.php\/pessac-au-feminin-2\/mardi-des-dames\/mdd-mardi-5-mai-2026\/","title":{"rendered":"MDD Mardi 5 Mai  2026"},"content":{"rendered":"\n<p class=\"has-black-color has-text-color has-link-color wp-elements-4fcb1a68af421fdce6211940248acd3a\">D\u00e9parts \u00e0 partir de 14h10<\/p>\n\n\n\n<p class=\"has-header-text-color-color has-text-color has-link-color wp-elements-557380bf06e560e0096211569939ad83\"><strong>HORAIRES DES DEPARTS<\/strong> (lien activ\u00e9 2 ou 3 jours avant la rencontre)<\/p>\n\n\n\n<p>Cette rencontre n&rsquo;est pas une comp\u00e9tition mais une rencontre amicale f\u00e9minine, r\u00e9serv\u00e9e aux membres du MDD<\/p>\n\n\n\n<p class=\"has-black-color has-text-color has-link-color wp-elements-2781d53309435714b563e232495103a4\"><strong>Les nouvelles participantes doivent contacter les GO, avant de s&rsquo;inscrire<\/strong>, \u00e0 l&rsquo;adresse : aspessacauf\u00e9minin@gmail.com<\/p>\n\n\n\n<p>Inscription et annulation par la fiche ci-dessous <strong>jusqu&rsquo;au vendredi 1 Mai<\/strong> \u00e0 10h.  Plus tard, contacter une des 3 GO,&nbsp; par t\u00e9l\u00e9phone. L&rsquo;accueil du golf ne se charge pas de nos inscriptions ni annulations.<\/p>\n\n\n\n<p><a href=\"https:\/\/asgolfdepessac.com\/wp-content\/uploads\/2025\/03\/ReglementCompetition-ASGP-2025-A.pdf\" target=\"_blank\" rel=\"noreferrer noopener\">Le R\u00e8glement des  Comp\u00e9titions organis\u00e9es par l&rsquo;AS du Golf de PESSAC est applicable<\/a><\/p>\n\n\n\n<p><a href=\"https:\/\/docs.google.com\/spreadsheets\/d\/e\/2PACX-1vRC81y621d1Ijd_fmkShVYPCwb7jtYd4jtvZATeIbGkqH1f_yu5D0mpiDZRonDiQ0A_Yf_vYnl7h1ID\/pubhtml\" data-type=\"link\" data-id=\"https:\/\/docs.google.com\/spreadsheets\/d\/e\/2PACX-1vRC81y621d1Ijd_fmkShVYPCwb7jtYd4jtvZATeIbGkqH1f_yu5D0mpiDZRonDiQ0A_Yf_vYnl7h1ID\/pubhtml\">Liste des inscrites<\/a><\/p>\n\n\n\n<p class=\"has-black-color has-text-color has-link-color wp-elements-6a16463d62781527ec041b4d55229b7c\"><strong>Merci de v\u00e9rifier sur le lien ci-dessous que vous \u00eates bien inscrite<\/strong> <strong>et&#8230; une seule <\/strong>fois<\/p>\n\n\n\n<iframe loading=\"lazy\" src=\"https:\/\/docs.google.com\/forms\/d\/e\/1FAIpQLSciij7YJ5wgh_Qw-9wA7dAuBUAuP5AUwZYiS8WnCa1OB-r-GA\/viewform?embedded=true\" width=\"640\" height=\"1731\" frameborder=\"0\" marginheight=\"0\" marginwidth=\"0\">Chargement\u2026<\/iframe>\n\n\n\n<p><\/p>\n","protected":false},"excerpt":{"rendered":"<p>D\u00e9parts \u00e0 partir de 14h10 HORAIRES DES DEPARTS (lien activ\u00e9 2 ou 3 jours avant la rencontre) Cette rencontre n&rsquo;est pas une comp\u00e9tition mais une rencontre amicale f\u00e9minine, r\u00e9serv\u00e9e aux membres du MDD Les nouvelles participantes doivent contacter les GO, avant de s&rsquo;inscrire, \u00e0 l&rsquo;adresse : aspessacauf\u00e9minin@gmail.com Inscription et annulation [&hellip;]<\/p>\n","protected":false},"author":12,"featured_media":52,"parent":647,"menu_order":0,"comment_status":"closed","ping_status":"closed","template":"","meta":{"footnotes":""},"class_list":["post-13554","page","type-page","status-publish","has-post-thumbnail","hentry"],"_links":{"self":[{"href":"https:\/\/asgolfdepessac.com\/index.php\/wp-json\/wp\/v2\/pages\/13554","targetHints":{"allow":["GET"]}}],"collection":[{"href":"https:\/\/asgolfdepessac.com\/index.php\/wp-json\/wp\/v2\/pages"}],"about":[{"href":"https:\/\/asgolfdepessac.com\/index.php\/wp-json\/wp\/v2\/types\/page"}],"author":[{"embeddable":true,"href":"https:\/\/asgolfdepessac.com\/index.php\/wp-json\/wp\/v2\/users\/12"}],"replies":[{"embeddable":true,"href":"https:\/\/asgolfdepessac.com\/index.php\/wp-json\/wp\/v2\/comments?post=13554"}],"version-history":[{"count":10,"href":"https:\/\/asgolfdepessac.com\/index.php\/wp-json\/wp\/v2\/pages\/13554\/revisions"}],"predecessor-version":[{"id":14248,"href":"https:\/\/asgolfdepessac.com\/index.php\/wp-json\/wp\/v2\/pages\/13554\/revisions\/14248"}],"up":[{"embeddable":true,"href":"https:\/\/asgolfdepessac.com\/index.php\/wp-json\/wp\/v2\/pages\/647"}],"wp:featuredmedia":[{"embeddable":true,"href":"https:\/\/asgolfdepessac.com\/index.php\/wp-json\/wp\/v2\/media\/52"}],"wp:attachment":[{"href":"https:\/\/asgolfdepessac.com\/index.php\/wp-json\/wp\/v2\/media?parent=13554"}],"curies":[{"name":"wp","href":"https:\/\/api.w.org\/{rel}","templated":true}]}}