{"id":13678,"date":"2026-02-17T10:06:13","date_gmt":"2026-02-17T09:06:13","guid":{"rendered":"https:\/\/asgolfdepessac.com\/?page_id=13678"},"modified":"2026-02-23T00:54:40","modified_gmt":"2026-02-22T23:54:40","slug":"somabay","status":"publish","type":"page","link":"https:\/\/asgolfdepessac.com\/index.php\/somabay\/","title":{"rendered":"SOMABAY"},"content":{"rendered":"\n<p>Toutes les comp\u00e9titions en stableford individuel net sur le 18T organis\u00e9es par l&rsquo;AS du 1 mars au 31 juillet participent \u00e0 la s\u00e9lection de <a href=\"https:\/\/www.somabay-world-cup.com\/mon-pass-ranking\" target=\"_blank\" rel=\"noreferrer noopener\">SOMABAY WORLD CUP<\/a><\/p>\n\n\n\n<p>L&rsquo;enregistrement est automatique si <a href=\"https:\/\/www.somabay-world-cup.com\/mon-pass-ranking\">vous adherez<\/a> \u00e0 ce challenge  en achetant le <a href=\"https:\/\/www.somabay-world-cup.com\/identification.php\" target=\"_blank\" rel=\"noreferrer noopener\">pass ranking<\/a><\/p>\n\n\n\n<p>Les comp\u00e9tions de l&rsquo;AS r\u00e9f\u00e9renc\u00e9es<\/p>\n\n\n\n<p>-Troph\u00e9e de l&rsquo;AS<\/p>\n\n\n\n<p>-Coupe des Dames et Classement Messieurs 18T<\/p>\n\n\n\n<p>-Coupe AS du 25 avril<\/p>\n\n\n\n<p>-Coupe ETE<\/p>\n\n\n\n<p><\/p>\n","protected":false},"excerpt":{"rendered":"<p>Toutes les comp\u00e9titions en stableford individuel net sur le 18T organis\u00e9es par l&rsquo;AS du 1 mars au 31 juillet participent \u00e0 la s\u00e9lection de SOMABAY WORLD CUP L&rsquo;enregistrement est automatique si vous adherez \u00e0 ce challenge en achetant le pass ranking Les comp\u00e9tions de l&rsquo;AS r\u00e9f\u00e9renc\u00e9es -Troph\u00e9e de l&rsquo;AS -Coupe [&hellip;]<\/p>\n","protected":false},"author":14,"featured_media":0,"parent":0,"menu_order":0,"comment_status":"closed","ping_status":"closed","template":"","meta":{"footnotes":""},"class_list":["post-13678","page","type-page","status-publish","hentry"],"_links":{"self":[{"href":"https:\/\/asgolfdepessac.com\/index.php\/wp-json\/wp\/v2\/pages\/13678","targetHints":{"allow":["GET"]}}],"collection":[{"href":"https:\/\/asgolfdepessac.com\/index.php\/wp-json\/wp\/v2\/pages"}],"about":[{"href":"https:\/\/asgolfdepessac.com\/index.php\/wp-json\/wp\/v2\/types\/page"}],"author":[{"embeddable":true,"href":"https:\/\/asgolfdepessac.com\/index.php\/wp-json\/wp\/v2\/users\/14"}],"replies":[{"embeddable":true,"href":"https:\/\/asgolfdepessac.com\/index.php\/wp-json\/wp\/v2\/comments?post=13678"}],"version-history":[{"count":4,"href":"https:\/\/asgolfdepessac.com\/index.php\/wp-json\/wp\/v2\/pages\/13678\/revisions"}],"predecessor-version":[{"id":13850,"href":"https:\/\/asgolfdepessac.com\/index.php\/wp-json\/wp\/v2\/pages\/13678\/revisions\/13850"}],"wp:attachment":[{"href":"https:\/\/asgolfdepessac.com\/index.php\/wp-json\/wp\/v2\/media?parent=13678"}],"curies":[{"name":"wp","href":"https:\/\/api.w.org\/{rel}","templated":true}]}}