{"id":13731,"date":"2026-02-18T10:47:53","date_gmt":"2026-02-18T09:47:53","guid":{"rendered":"https:\/\/asgolfdepessac.com\/?page_id=13731"},"modified":"2026-02-18T11:03:02","modified_gmt":"2026-02-18T10:03:02","slug":"comment-faire-partie-des-equipes","status":"publish","type":"page","link":"https:\/\/asgolfdepessac.com\/index.php\/comment-faire-partie-des-equipes\/","title":{"rendered":"Comment faire partie des EQUIPES"},"content":{"rendered":"\n<p><strong><u>Conditions pour faire partie des Equipes de Pessac<\/u><\/strong><\/p>\n\n\n\n<ul class=\"wp-block-list\">\n<li>\u00catre licenci\u00e9e FFG \u00e0 Pessac<\/li>\n\n\n\n<li>Faire partie de l\u2019AS&nbsp;<strong>obligatoirement<\/strong><\/li>\n\n\n\n<li>Avoir un index compatible avec le niveau de la comp\u00e9tition<\/li>\n\n\n\n<li>Participer aux activit\u00e9s de l\u2019AS<\/li>\n<\/ul>\n\n\n\n<div class=\"wp-block-buttons is-layout-flex wp-block-buttons-is-layout-flex\">\n<div class=\"wp-block-button has-custom-width wp-block-button__width-100\"><a class=\"wp-block-button__link wp-element-button\">Consulter la charte sportive 2026<\/a><\/div>\n<\/div>\n\n\n\n<p class=\"has-text-align-center\">Pour tous renseignements compl\u00e9mentaires, envoyez un email \u00e0 asgolfdepessac@gmail.com<\/p>\n\n\n\n<p><\/p>\n","protected":false},"excerpt":{"rendered":"<p>Conditions pour faire partie des Equipes de Pessac Pour tous renseignements compl\u00e9mentaires, envoyez un email \u00e0 asgolfdepessac@gmail.com<\/p>\n","protected":false},"author":14,"featured_media":0,"parent":0,"menu_order":0,"comment_status":"closed","ping_status":"closed","template":"","meta":{"footnotes":""},"class_list":["post-13731","page","type-page","status-publish","hentry"],"_links":{"self":[{"href":"https:\/\/asgolfdepessac.com\/index.php\/wp-json\/wp\/v2\/pages\/13731","targetHints":{"allow":["GET"]}}],"collection":[{"href":"https:\/\/asgolfdepessac.com\/index.php\/wp-json\/wp\/v2\/pages"}],"about":[{"href":"https:\/\/asgolfdepessac.com\/index.php\/wp-json\/wp\/v2\/types\/page"}],"author":[{"embeddable":true,"href":"https:\/\/asgolfdepessac.com\/index.php\/wp-json\/wp\/v2\/users\/14"}],"replies":[{"embeddable":true,"href":"https:\/\/asgolfdepessac.com\/index.php\/wp-json\/wp\/v2\/comments?post=13731"}],"version-history":[{"count":2,"href":"https:\/\/asgolfdepessac.com\/index.php\/wp-json\/wp\/v2\/pages\/13731\/revisions"}],"predecessor-version":[{"id":13745,"href":"https:\/\/asgolfdepessac.com\/index.php\/wp-json\/wp\/v2\/pages\/13731\/revisions\/13745"}],"wp:attachment":[{"href":"https:\/\/asgolfdepessac.com\/index.php\/wp-json\/wp\/v2\/media?parent=13731"}],"curies":[{"name":"wp","href":"https:\/\/api.w.org\/{rel}","templated":true}]}}