{"id":13798,"date":"2026-02-18T16:14:46","date_gmt":"2026-02-18T15:14:46","guid":{"rendered":"https:\/\/asgolfdepessac.com\/?page_id=13798"},"modified":"2026-03-21T20:51:21","modified_gmt":"2026-03-21T19:51:21","slug":"informations-gestion-departs-et-annulation","status":"publish","type":"page","link":"https:\/\/asgolfdepessac.com\/index.php\/informations-gestion-departs-et-annulation\/","title":{"rendered":"INFORMATIONS GESTION DEPARTS et ANNULATION"},"content":{"rendered":"\n<p><strong>Les adh\u00e9rents&nbsp;\u00e0 l&rsquo;AS sont prioritaires pour les comp\u00e9titions organis\u00e9es par l&rsquo;AS.<\/strong><\/p>\n\n\n\n<p><strong>Pour&nbsp;annuler votre inscription, utilisez le formulaire d&rsquo;annulation<\/strong>&nbsp;et en aucun cas mail, sms, t\u00e9l\u00e9phone : vous serez rembours\u00e9 apr\u00e8s&nbsp;la comp\u00e9tition sauf dans les cas suivants :<br>&#8211; Annulation d&rsquo;inscription apr\u00e8s la publication des d\u00e9parts&nbsp;<strong>sans raison valable justifi\u00e9e<\/strong>&nbsp;(maladie, &#8230;.)<br>&#8211; Non pr\u00e9sentation au d\u00e9part sans pr\u00e9venir ou en retard<br>&#8211; Usage trop r\u00e9p\u00e9titif de la possibilit\u00e9 de s&rsquo;inscrire et de se d\u00e9sinscrire<\/p>\n\n\n\n<p><strong>Lorsque les d\u00e9parts sont publi\u00e9s<\/strong>, le seul moyen pour annuler son inscription est de contacter l&rsquo;accueil du Golf de PESSAC. Si l&rsquo;annulation n&rsquo;est pas justifi\u00e9e, le joueur sera enregistr\u00e9 \u00ab\u00a0disqualifi\u00e9\u00a0\u00bb et il ne sera pas rembours\u00e9.<br>En cas d&rsquo;annulation de la comp\u00e9tition par d\u00e9cision des organisateurs, tous les joueurs n&rsquo;ayant pas pris le d\u00e9part ou termin\u00e9 la partie seront rembours\u00e9s.<\/p>\n\n\n\n<p><strong>Les inscrits retenus ne se pr\u00e9sentant pas<\/strong> \u00e0 la comp\u00e9tition et n&rsquo;ayant pas annul\u00e9s seront enregistr\u00e9s disqualifi\u00e9s et ne seront pas rembours\u00e9s.<\/p>\n\n\n\n<p><strong>Comp\u00e9titions avec droits de jeu<\/strong> : La proc\u00e9dure d&rsquo;inscription actuelle n\u00e9cessite un paiement des droits de jeu par carte bancaire,&nbsp;<strong>il n&rsquo;y a aucun paiement possible le jour de la comp\u00e9tition.<\/strong><\/p>\n\n\n\n<p><strong>Les heures des d\u00e9parts <\/strong>sont publi\u00e9es sur le site de la FFG et\/ou le site de l&rsquo;AS la veille de la comp\u00e9tition&nbsp; Les joueurs&nbsp;doivent v\u00e9rifier leur participation en consultant ces listes.<\/p>\n\n\n\n<p><strong>Constitution des d\u00e9parts pour les comp\u00e9titions en ligne avec modification des index<\/strong> (strokeplay ou stableford individuel : Les d\u00e9parts sont fait dans l&rsquo;ordre des index avec possibilit\u00e9 de faire par block conform\u00e9ment aux recommandations de la FFG ou par tranches horaires.<\/p>\n\n\n\n<p>Pour des inscriptions erron\u00e9es par exemple non conforme au r\u00e8glement de la comp\u00e9tition, l&rsquo;AS se r\u00e9serve le droit d&rsquo;appliquer des frais de gestion lors du remboursement.<\/p>\n\n\n\n<p>Il &nbsp;appartient \u00e0 chaque joueur de v\u00e9rifier&nbsp;r\u00e9guli\u00e8rement&nbsp;son statut (Inscription ou Liste&nbsp;Attente) qui \u00e9volue&nbsp;au fur et \u00e0 mesure des cr\u00e9neaux ouverts&nbsp;par le Golf, des d\u00e9sistements et des r\u00e8gles de priorit\u00e9.<\/p>\n\n\n\n<p><strong>R\u00e9sultats :\u00a0<\/strong>sauf comp\u00e9titions avec remise des prix\u00a0n\u00e9cessitant\u00a0un recording particulier,\u00a0 les cartes sont saisies par les b\u00e9n\u00e9voles de l&rsquo;AS suivant leur disponibilit\u00e9 (jusqu&rsquo;\u00e0 4 jours apr\u00e8s la comp\u00e9tition).<\/p>\n\n\n\n<p><\/p>\n","protected":false},"excerpt":{"rendered":"<p>Les adh\u00e9rents&nbsp;\u00e0 l&rsquo;AS sont prioritaires pour les comp\u00e9titions organis\u00e9es par l&rsquo;AS. Pour&nbsp;annuler votre inscription, utilisez le formulaire d&rsquo;annulation&nbsp;et en aucun cas mail, sms, t\u00e9l\u00e9phone : vous serez rembours\u00e9 apr\u00e8s&nbsp;la comp\u00e9tition sauf dans les cas suivants :&#8211; Annulation d&rsquo;inscription apr\u00e8s la publication des d\u00e9parts&nbsp;sans raison valable justifi\u00e9e&nbsp;(maladie, &#8230;.)&#8211; Non pr\u00e9sentation au [&hellip;]<\/p>\n","protected":false},"author":14,"featured_media":0,"parent":0,"menu_order":0,"comment_status":"closed","ping_status":"closed","template":"","meta":{"footnotes":""},"class_list":["post-13798","page","type-page","status-publish","hentry"],"_links":{"self":[{"href":"https:\/\/asgolfdepessac.com\/index.php\/wp-json\/wp\/v2\/pages\/13798","targetHints":{"allow":["GET"]}}],"collection":[{"href":"https:\/\/asgolfdepessac.com\/index.php\/wp-json\/wp\/v2\/pages"}],"about":[{"href":"https:\/\/asgolfdepessac.com\/index.php\/wp-json\/wp\/v2\/types\/page"}],"author":[{"embeddable":true,"href":"https:\/\/asgolfdepessac.com\/index.php\/wp-json\/wp\/v2\/users\/14"}],"replies":[{"embeddable":true,"href":"https:\/\/asgolfdepessac.com\/index.php\/wp-json\/wp\/v2\/comments?post=13798"}],"version-history":[{"count":5,"href":"https:\/\/asgolfdepessac.com\/index.php\/wp-json\/wp\/v2\/pages\/13798\/revisions"}],"predecessor-version":[{"id":14106,"href":"https:\/\/asgolfdepessac.com\/index.php\/wp-json\/wp\/v2\/pages\/13798\/revisions\/14106"}],"wp:attachment":[{"href":"https:\/\/asgolfdepessac.com\/index.php\/wp-json\/wp\/v2\/media?parent=13798"}],"curies":[{"name":"wp","href":"https:\/\/api.w.org\/{rel}","templated":true}]}}