{"id":14057,"date":"2026-03-16T09:31:23","date_gmt":"2026-03-16T08:31:23","guid":{"rendered":"https:\/\/asgolfdepessac.com\/?page_id=14057"},"modified":"2026-03-17T11:15:39","modified_gmt":"2026-03-17T10:15:39","slug":"junior-series-26-avril-2026","status":"publish","type":"page","link":"https:\/\/asgolfdepessac.com\/index.php\/activites\/junior-series-26-avril-2026\/","title":{"rendered":"JUNIOR SERIES 26 Avril 2026"},"content":{"rendered":"\n<p>DATE : dimanche 26 Avril 2026<\/p>\n\n\n\n<p><strong>Premier d\u00e9part \u00e0  9H00<\/strong><\/p>\n\n\n\n<p>Comp\u00e9tition r\u00e9serv\u00e9e aux joueurs de l&rsquo;Ecole de Golf suivant <a href=\"https:\/\/asgolfdepessac.com\/index.php\/activites\/junior-series\/\" data-type=\"page\" data-id=\"3275\" target=\"_blank\" rel=\"noreferrer noopener\">le r\u00e8glement du challenge <\/a><\/p>\n\n\n\n<p>Junior s\u00e9ries 18 trous : pour les jeunes drapeaux d\u2019or, argent ou avec un index inf\u00e9rieur \u00e0 30.<\/p>\n\n\n\n<p>Junior s\u00e9ries 9 trous : pour les jeunes drapeaux jaune\/blanc\/bronze ou avec un index \u00e9gal ou sup\u00e9rieur \u00e0 30.<\/p>\n\n\n\n<p><strong><a href=\"https:\/\/docs.google.com\/spreadsheets\/d\/e\/2PACX-1vTmDSIeA4g4h7bB1Tnz3oI60uZolMq75lkWLKGsoXTZL71daKRHMxwE3GZE9o8YKhZDrKWEb6WHhfPa\/pubhtml\" target=\"_blank\" rel=\"noreferrer noopener\">Liste des inscrits<\/a><\/strong><\/p>\n\n\n\n<p>Apr\u00e8s votre inscription\/ annulation, le d\u00e9lai de mise \u00e0 jour de la liste est d&rsquo;environ 5 minutes<\/p>\n\n\n\n<iframe loading=\"lazy\" src=\"https:\/\/docs.google.com\/forms\/d\/e\/1FAIpQLScBWbb0nlCax3BEhhKMgnaHic4Sfp3SInPLTBdc_NC4jJQDWg\/viewform?embedded=true\" width=\"640\" height=\"1849\" frameborder=\"0\" marginheight=\"0\" marginwidth=\"0\">Chargement\u2026<\/iframe>\n\n\n\n<p><\/p>\n","protected":false},"excerpt":{"rendered":"<p>DATE : dimanche 26 Avril 2026 Premier d\u00e9part \u00e0 9H00 Comp\u00e9tition r\u00e9serv\u00e9e aux joueurs de l&rsquo;Ecole de Golf suivant le r\u00e8glement du challenge Junior s\u00e9ries 18 trous : pour les jeunes drapeaux d\u2019or, argent ou avec un index inf\u00e9rieur \u00e0 30. Junior s\u00e9ries 9 trous : pour les jeunes drapeaux [&hellip;]<\/p>\n","protected":false},"author":14,"featured_media":0,"parent":502,"menu_order":0,"comment_status":"closed","ping_status":"closed","template":"","meta":{"footnotes":""},"class_list":["post-14057","page","type-page","status-publish","hentry"],"_links":{"self":[{"href":"https:\/\/asgolfdepessac.com\/index.php\/wp-json\/wp\/v2\/pages\/14057","targetHints":{"allow":["GET"]}}],"collection":[{"href":"https:\/\/asgolfdepessac.com\/index.php\/wp-json\/wp\/v2\/pages"}],"about":[{"href":"https:\/\/asgolfdepessac.com\/index.php\/wp-json\/wp\/v2\/types\/page"}],"author":[{"embeddable":true,"href":"https:\/\/asgolfdepessac.com\/index.php\/wp-json\/wp\/v2\/users\/14"}],"replies":[{"embeddable":true,"href":"https:\/\/asgolfdepessac.com\/index.php\/wp-json\/wp\/v2\/comments?post=14057"}],"version-history":[{"count":3,"href":"https:\/\/asgolfdepessac.com\/index.php\/wp-json\/wp\/v2\/pages\/14057\/revisions"}],"predecessor-version":[{"id":14060,"href":"https:\/\/asgolfdepessac.com\/index.php\/wp-json\/wp\/v2\/pages\/14057\/revisions\/14060"}],"up":[{"embeddable":true,"href":"https:\/\/asgolfdepessac.com\/index.php\/wp-json\/wp\/v2\/pages\/502"}],"wp:attachment":[{"href":"https:\/\/asgolfdepessac.com\/index.php\/wp-json\/wp\/v2\/media?parent=14057"}],"curies":[{"name":"wp","href":"https:\/\/api.w.org\/{rel}","templated":true}]}}