{"id":1632,"date":"2021-12-13T08:48:26","date_gmt":"2021-12-13T07:48:26","guid":{"rendered":"https:\/\/asgolfdepessac.com\/?page_id=1632"},"modified":"2026-03-12T07:32:54","modified_gmt":"2026-03-12T06:32:54","slug":"pitch-and-putt","status":"publish","type":"page","link":"https:\/\/asgolfdepessac.com\/index.php\/activites\/pitch-and-putt\/","title":{"rendered":"CHALLENGE PITCH AND PUTT"},"content":{"rendered":"<div dir=\"ltr\">\n<div style=\"text-align: center;\"><\/div>\n<div><\/div>\n<div style=\"text-align: center;\">\n<h2><span style=\"color: #008000;\">Comp\u00e9titions Pitch and Putt 2&#215;9 trous sur le parcours compact du golf de Pessac<\/span><\/h2>\n<div><strong style=\"color: #38761d; font-size: large;\">CALENDRIER 2026:\u00a0<\/strong><\/div>\n<\/div>\n<div style=\"text-align: center;\">\n<div><\/div>\n<div><strong><span style=\"color: #008000;\">T1 Mercredi 11 mars &#8211; 14H &#8211; <a href=\"https:\/\/asgolfdepessac.com\/wp-content\/uploads\/2026\/03\/Challenge-PP-2026.pdf\" target=\"_blank\" rel=\"noopener\">R\u00e9sultats apr\u00e8s T1<\/a><\/span><\/strong><\/div>\n<div><strong><span style=\"color: #008000;\">T2 Dimanche 12 avril\u00a0<\/span><\/strong><\/div>\n<div><strong><span style=\"color: #008000;\">T3 Mercredi 13 mai\u00a0<\/span><\/strong><\/div>\n<div><strong><span style=\"color: #008000;\">T4 Dimanche 14 juin\u00a0<\/span><\/strong><\/div>\n<div><strong><span style=\"color: #008000;\">T5 Mardi 14 juillet\u00a0<\/span><\/strong><\/div>\n<div><strong><span style=\"color: #008000;\">T6 Dimanche 9 ao\u00fbt\u00a0<\/span><\/strong><\/div>\n<div><strong><span style=\"color: #008000;\">T7 Mercredi 16 septembre\u00a0<\/span><\/strong><\/div>\n<div><strong><span style=\"color: #008000;\">T8 Dimanche 18 octobre\u00a0<\/span><\/strong><\/div>\n<div><\/div>\n<div><span style=\"color: initial;\">Ce chalenge permet de constituer une \u00e9quipe, suivant la participation des joueurs, pour le Championnat de France PITCH and PUTT 2026\u00a0 : <\/span><\/div>\n<div><a href=\"https:\/\/asgolfdepessac.com\/wp-content\/uploads\/2025\/08\/Pitch-and-Putt-_-Reglement-Selection-Championnats-Regionaux-Nationaux_20252907.pdf\" target=\"_blank\" rel=\"noopener\"><span style=\"color: #0000ff;\"><strong>R\u00e8glement de s\u00e9lection aux comp\u00e9titions nationales<\/strong><\/span><\/a><\/div>\n<div><span style=\"color: #0000ff;\"><a href=\"https:\/\/asgolfdepessac.com\/wp-content\/uploads\/2025\/08\/Challenge-PP-2025-selection-championnat-de-France.pdf\" target=\"_blank\" rel=\"noopener\" style=\"color: #0000ff;\"><strong>S\u00e9lection au championnat de France<\/strong><\/a><\/span><\/div>\n<\/div>\n<div style=\"text-align: center;\">\n<div><\/div>\n<div><b style=\"font-size: revert; color: initial;\"><span style=\"color: #ff0000;\">REGLEMENT<\/span> : Cette comp\u00e9tition est ouverte \u00e0 tous sur le parcours compact du golf de Pessac, am\u00e9nag\u00e9 en Pitch and Putt (2 x 9 trous avec une distance et une orientation diff\u00e9rente \u00e0 l&rsquo;aller et au retour, le tout pour une distance totale inf\u00e9rieure \u00e0 1200m, distance de chaque trou entre 40 et 90m).<\/b><\/div>\n<\/div>\n<div style=\"text-align: center;\">\n<p>D\u00e9parts en Ligne de 3 ou 4 joueurs sur la m\u00eame aire de d\u00e9part. <span style=\"color: #ff0000;\"><strong>Obligation d&rsquo;un d\u00e9part sur tee.<\/strong><\/span><\/p>\n<p>La capacit\u00e9 maximum est de 36 joueurs, la priorit\u00e9 sera donn\u00e9e aux adh\u00e9rents de l&rsquo;AS.<\/p>\n<p>Chaque joueur devra disposer de 3 clubs dont le putter, except\u00e9s les jeunes de moins de 13 ans, les hommes de plus de 65 ans et les dames de plus de 60 ans dont un 4\u00e8me club est autoris\u00e9.<\/p>\n<p>La partie se joue en score maximum de 7.<\/p>\n<p><span style=\"color: #ff0000;\"><em><span style=\"color: #ff0000;\"><b>Seront retenus les 4 meilleures cartes r\u00e9alis\u00e9es par chaque joueur pour un classement final (une remise des prix sera organis\u00e9e en fin de challenge). L&rsquo;AS propose d&rsquo;inscrire une \u00e9quipe au championnat de France de P&amp;P qui se d\u00e9roulera les 3 et 4 octobre au golf de Riom suivant le r\u00e8glement de s\u00e9lection.\u00a0<\/b><\/span><\/em><\/span><\/p>\n<div><\/div>\n<div><strong><span style=\"color: #ff0000;\"><em>En cas d&rsquo;\u00e9galit\u00e9 <a href=\"https:\/\/asgolfdepessac.com\/index.php\/activites\/challenge-departage\/\" target=\"_blank\" rel=\"noopener\">R\u00e8gle de d\u00e9partage<\/a><\/em><\/span><\/strong><\/div>\n<p><strong>Les joueurs devront s&rsquo;acquitter d&rsquo;un droit de jeux de 7.5\u20ac (adulte) et 0\u20ac (moins de 18 ans) s&rsquo;ils sont membres de l&rsquo;AS ou de 12.50\u20ac (adultes) et de 10\u20ac (moins de 18 ans) dans le cas contraire.<\/strong><\/p>\n<p><b>Acc\u00e8s<\/b><strong> au Parcours : suivant Statut Blue Green Ugolf sauf conditions particuli\u00e8res indiqu\u00e9es sur la fiche d\u2019inscription.<\/strong><\/p>\n<p>Les inscriptions se font via le site (rubrique \u00ab\u00a0inscription\u00a0\u00bb) ou par le lien ci-dessous:<\/p>\n<p><strong><a href=\"https:\/\/asgolfdepessac.com\/index.php\/inscriptions\/\" target=\"_blank\" rel=\"noopener\">Inscriptions P&amp;P<\/a><\/strong><\/p>\n<div><span style=\"text-align: center;\"><b>R\u00c8GLES<\/b><\/span><span style=\"font-size: medium;\"><b> locales applicables<\/b><\/span><b style=\"font-size: revert; color: initial;\">\u00a0(<\/b><a href=\"https:\/\/asgolfdepessac.com\/wp-content\/uploads\/2024\/06\/REGLES-LOCALES-PITCH-and-PUTT-18-TROUS_ASGP_20250306.docx.pdf\" target=\"_blank\" rel=\"noopener\" style=\"font-size: revert;\"><strong>R\u00e8gles locales P&amp;P<\/strong><\/a><b style=\"font-size: revert; color: initial;\">)<\/b><\/div>\n<\/div>\n<h4 style=\"text-align: center;\"><span style=\"color: #000000;\"><span style=\"font-size: medium;\"><b>\u00a0R\u00c8GLEMENT des Comp\u00e9titions AS app<\/b><strong>licable <\/strong><a href=\"https:\/\/asgolfdepessac.com\/wp-content\/uploads\/2024\/06\/ReglementCompetition-18-Trous-ASGP_2026-.pdf\" target=\"_blank\" rel=\"noopener\"><b>(R\u00e8glement des comp\u00e9titions)<\/b><\/a><\/span><\/span><\/h4>\n<div><a href=\"https:\/\/asgolfdepessac.com\/wp-content\/uploads\/2025\/10\/Challenge-PP-2025.pdf\" target=\"_blank\" rel=\"noopener\"><strong>Challenge P&amp;P 2025 (R\u00e9sultats d\u00e9finitifs)<\/strong><\/a><\/div>\n<div><strong><span style=\"color: #008000;\"><a href=\"https:\/\/asgolfdepessac.com\/wp-content\/uploads\/2024\/11\/Challenge-PP-2024.pdf\" target=\"_blank\" rel=\"noopener\">Challenge P&amp;P 2024 (R\u00e9sultats d\u00e9finitifs)<\/a><\/span><\/strong><\/div>\n<div><a href=\"https:\/\/asgolfdepessac.com\/wp-content\/uploads\/2023\/04\/Challenge-PP-1.pdf\" target=\"_blank\" rel=\"noopener\"><strong>Challenge P&amp;P 2023 (R\u00e9sultats d\u00e9finitifs)<\/strong><\/a><\/div>\n<div><a href=\"https:\/\/asgolfdepessac.com\/wp-content\/uploads\/2021\/10\/Challenge-P^0P-1.pdf\" target=\"_blank\" rel=\"noopener\"><strong>Challenge P&amp;P 2022 (R\u00e9sultats d\u00e9finitifs)<\/strong><\/a><\/div>\n<\/div>\n<p><!--more--><\/p>\n<p><!--more--><\/p>\n\n\n<div class=\"wp-block-buttons is-layout-flex wp-block-buttons-is-layout-flex\"><\/div>\n\n\n\n<div class=\"wp-block-buttons is-layout-flex wp-block-buttons-is-layout-flex\"><\/div>\n\n\n\n<figure><table><tbody><tr><td><\/td><td><\/td><\/tr><\/tbody><\/table><\/figure>\n","protected":false},"excerpt":{"rendered":"<p>Comp\u00e9titions Pitch and Putt 2&#215;9 trous sur le parcours compact du golf de Pessac CALENDRIER 2026:\u00a0 T1 Mercredi 11 mars &#8211; 14H &#8211; R\u00e9sultats apr\u00e8s T1 T2 Dimanche 12 avril\u00a0 T3 Mercredi 13 mai\u00a0 T4 Dimanche 14 juin\u00a0 T5 Mardi 14 juillet\u00a0 T6 Dimanche 9 ao\u00fbt\u00a0 T7 Mercredi 16 septembre\u00a0 [&hellip;]<\/p>\n","protected":false},"author":1,"featured_media":52,"parent":502,"menu_order":0,"comment_status":"closed","ping_status":"closed","template":"","meta":{"footnotes":""},"class_list":["post-1632","page","type-page","status-publish","has-post-thumbnail","hentry"],"_links":{"self":[{"href":"https:\/\/asgolfdepessac.com\/index.php\/wp-json\/wp\/v2\/pages\/1632","targetHints":{"allow":["GET"]}}],"collection":[{"href":"https:\/\/asgolfdepessac.com\/index.php\/wp-json\/wp\/v2\/pages"}],"about":[{"href":"https:\/\/asgolfdepessac.com\/index.php\/wp-json\/wp\/v2\/types\/page"}],"author":[{"embeddable":true,"href":"https:\/\/asgolfdepessac.com\/index.php\/wp-json\/wp\/v2\/users\/1"}],"replies":[{"embeddable":true,"href":"https:\/\/asgolfdepessac.com\/index.php\/wp-json\/wp\/v2\/comments?post=1632"}],"version-history":[{"count":4,"href":"https:\/\/asgolfdepessac.com\/index.php\/wp-json\/wp\/v2\/pages\/1632\/revisions"}],"predecessor-version":[{"id":13997,"href":"https:\/\/asgolfdepessac.com\/index.php\/wp-json\/wp\/v2\/pages\/1632\/revisions\/13997"}],"up":[{"embeddable":true,"href":"https:\/\/asgolfdepessac.com\/index.php\/wp-json\/wp\/v2\/pages\/502"}],"wp:featuredmedia":[{"embeddable":true,"href":"https:\/\/asgolfdepessac.com\/index.php\/wp-json\/wp\/v2\/media\/52"}],"wp:attachment":[{"href":"https:\/\/asgolfdepessac.com\/index.php\/wp-json\/wp\/v2\/media?parent=1632"}],"curies":[{"name":"wp","href":"https:\/\/api.w.org\/{rel}","templated":true}]}}