{"id":1952,"date":"2022-02-13T09:58:52","date_gmt":"2022-02-13T08:58:52","guid":{"rendered":"https:\/\/asgolfdepessac.com\/?page_id=1952"},"modified":"2023-12-12T17:05:20","modified_gmt":"2023-12-12T16:05:20","slug":"coupe-des-dames","status":"publish","type":"page","link":"https:\/\/asgolfdepessac.com\/index.php\/pessac-au-feminin-2\/coupe-des-dames\/","title":{"rendered":"COUPE DES DAMES"},"content":{"rendered":"<div dir=\"ltr\">\n<div><\/div>\n<div style=\"text-align: center;\">\n<div><span style=\"font-size: x-large;\"><span style=\"color: #38761d; font-size: large;\"><strong>CALENDRIER 2024<\/strong><\/span><br \/><\/span>\n<p><span style=\"color: #000000; font-size: medium;\">T1\u00a0 Mardi 5 Mars<\/span><\/p>\n<p><span style=\"color: #000000; font-size: medium;\">T2 Mardi 18 Avril\u00a0 \u00a008H30\u00a0 \u00a0 \u00a0 \u00a0\u00a0<\/span><\/p>\n<p>T3 Mardi 16 Mai\u00a0 09H30<\/p>\n<p><span style=\"color: #000000; font-size: medium;\">T4 Mardi 13 Juin\u00a0 08h 20<br \/><\/span><\/p>\n<p><span style=\"font-size: medium;\"><span style=\"color: #000000;\">T5 Mardi 11 Juillet <\/span><span style=\"color: #f1c232;\"><span style=\"color: #000000;\">\u00a011H30<\/span><\/span><\/span><\/p>\n<p><span style=\"color: #000000; font-size: medium;\">T6 Mardi 10 Octobre XXHXX<\/span><\/p>\n<\/div>\n<div><\/div>\n<div><span style=\"font-size: large;\"><span style=\"color: #0000ff;\">SERIES <\/span><\/span><\/div>\n<div><span style=\"font-size: medium;\">1\u00e8re SERIE DAMES ( 0 \u00e0 15,4) rep\u00e8re Bleu<\/span><\/div>\n<div><span style=\"font-size: medium;\">2\u00e8me SERIE DAMES ( Sup\u00e9rieur \u00e0 15,5)<\/span><\/div>\n<div><\/div>\n<div>\n<div>\n<div>\n<div>Formule de Jeu : Individuel Stableford<\/div>\n<div>\u00a0<\/div>\n<\/div>\n<div><strong>Rep\u00e8re au choix de la joueuse sur la fiche d&rsquo;inscription : bleu, rouge<\/strong> <strong>ou violet<\/strong>. Nombre de coups rendus calcul\u00e9 automatiquement par le logiciel de la FFG suivant l&rsquo;\u00e9talonnage du terrain.<\/div>\n<div>La comp\u00e9tition se d\u00e9roulera suivant l&rsquo;ordre des index, simultan\u00e9ment avec la comp\u00e9tition de classement des messieurs du m\u00eame jour. Parties non mixtes, sauf si le total du nombre de joueuses l&rsquo;exige.<\/div>\n<\/div>\n<\/div>\n<\/div>\n<\/div>\n<div><\/div>\n<div><\/div>\n<div dir=\"ltr\">\n<div style=\"text-align: center;\">\n<div>\n<div><span style=\"color: #ff0000;\">Ces comp\u00e9titions font parties du <a href=\"https:\/\/asgolfdepessac.com\/index.php\/activites\/challenge-coupe-des-dames-2022\/\" target=\"_blank\" rel=\"noopener\" style=\"color: #ff0000;\">Challenge Coupe des Dames 2023\u00a0<\/a><\/span><\/div>\n<\/div>\n<\/div>\n<div>\n<p style=\"text-align: center;\"><span style=\"text-align: center;\"><span><b>R\u00c8GLES<\/b><\/span><\/span><span style=\"font-size: medium;\"><b> LOCALES APPLICABLES<\/b><\/span><\/p>\n<\/div>\n<div style=\"text-align: center;\"><span style=\"color: #000000;\"><span style=\"font-size: medium;\"><b>\u00a0R\u00c8GLEMENT\u00a0des Comp\u00e9titions\u00a0AS applicable<\/b><\/span><\/span><\/div>\n<div><\/div>\n<\/div>\n\n\n<figure><table><tbody><tr><td><\/td><td><\/td><\/tr><\/tbody><\/table><\/figure>\n","protected":false},"excerpt":{"rendered":"<p>CALENDRIER 2024 T1\u00a0 Mardi 5 Mars T2 Mardi 18 Avril\u00a0 \u00a008H30\u00a0 \u00a0 \u00a0 \u00a0\u00a0 T3 Mardi 16 Mai\u00a0 09H30 T4 Mardi 13 Juin\u00a0 08h 20 T5 Mardi 11 Juillet \u00a011H30 T6 Mardi 10 Octobre XXHXX SERIES 1\u00e8re SERIE DAMES ( 0 \u00e0 15,4) rep\u00e8re Bleu 2\u00e8me SERIE DAMES ( Sup\u00e9rieur [&hellip;]<\/p>\n","protected":false},"author":1,"featured_media":52,"parent":625,"menu_order":0,"comment_status":"closed","ping_status":"closed","template":"","meta":{"footnotes":""},"class_list":["post-1952","page","type-page","status-publish","has-post-thumbnail","hentry"],"_links":{"self":[{"href":"https:\/\/asgolfdepessac.com\/index.php\/wp-json\/wp\/v2\/pages\/1952","targetHints":{"allow":["GET"]}}],"collection":[{"href":"https:\/\/asgolfdepessac.com\/index.php\/wp-json\/wp\/v2\/pages"}],"about":[{"href":"https:\/\/asgolfdepessac.com\/index.php\/wp-json\/wp\/v2\/types\/page"}],"author":[{"embeddable":true,"href":"https:\/\/asgolfdepessac.com\/index.php\/wp-json\/wp\/v2\/users\/1"}],"replies":[{"embeddable":true,"href":"https:\/\/asgolfdepessac.com\/index.php\/wp-json\/wp\/v2\/comments?post=1952"}],"version-history":[{"count":0,"href":"https:\/\/asgolfdepessac.com\/index.php\/wp-json\/wp\/v2\/pages\/1952\/revisions"}],"up":[{"embeddable":true,"href":"https:\/\/asgolfdepessac.com\/index.php\/wp-json\/wp\/v2\/pages\/625"}],"wp:featuredmedia":[{"embeddable":true,"href":"https:\/\/asgolfdepessac.com\/index.php\/wp-json\/wp\/v2\/media\/52"}],"wp:attachment":[{"href":"https:\/\/asgolfdepessac.com\/index.php\/wp-json\/wp\/v2\/media?parent=1952"}],"curies":[{"name":"wp","href":"https:\/\/api.w.org\/{rel}","templated":true}]}}