{"id":1960,"date":"2022-02-13T18:09:12","date_gmt":"2022-02-13T17:09:12","guid":{"rendered":"https:\/\/asgolfdepessac.com\/?page_id=1960"},"modified":"2026-01-07T18:40:08","modified_gmt":"2026-01-07T17:40:08","slug":"competitions-de-classement","status":"publish","type":"page","link":"https:\/\/asgolfdepessac.com\/index.php\/activites\/competitions-de-classement\/","title":{"rendered":"COMPETITIONS DE CLASSEMENT"},"content":{"rendered":"<p style=\"text-align: left;\"><strong>\u00a0Les comp\u00e9titions de classement ont pour objectif de permettre aux joueurs de faire \u00e9voluer leur index.<\/strong><\/p>\n<p style=\"text-align: center;\"><strong>Planning 2026 des Comp\u00e9titions de Classement \u00e0 compter du 01 02 2026<\/strong><\/p>\n<div dir=\"ltr\">\n<div dir=\"ltr\">\n<div><\/div>\n<div>\n<table width=\"1043\">\n<tbody>\n<tr>\n<td width=\"134\">JOUR<\/td>\n<td width=\"102\">DATE<\/td>\n<td width=\"225\">PARCOURS<\/td>\n<td width=\"111\">HEURE<\/td>\n<td width=\"131\">INDEX<\/td>\n<td width=\"340\">COMMENTAIRES<\/td>\n<\/tr>\n<tr>\n<td>dimanche<\/td>\n<td>22\/02\/26<\/td>\n<td width=\"225\">COMPACT<\/td>\n<td width=\"111\">11H00<\/td>\n<td width=\"131\">SUP 26,4<\/td>\n<td width=\"340\">\u00a0<\/td>\n<\/tr>\n<tr>\n<td>samedi<\/td>\n<td>21\/03\/26<\/td>\n<td width=\"225\">9T ROUGE<\/td>\n<td width=\"111\">13H30<\/td>\n<td width=\"131\">SUP 11,4<\/td>\n<td width=\"340\">\u00a0<\/td>\n<\/tr>\n<tr>\n<td>mardi<\/td>\n<td>24\/03\/26<\/td>\n<td width=\"225\">18T BLANC BLEU<\/td>\n<td width=\"111\">10H00<\/td>\n<td width=\"131\">Tous<\/td>\n<td width=\"340\">Avec Coupe des Dames<\/td>\n<\/tr>\n<tr>\n<td>dimanche<\/td>\n<td>19\/04\/26<\/td>\n<td width=\"225\">9T ROUGE<\/td>\n<td width=\"111\">\u00a0<\/td>\n<td width=\"131\">SUP 11,4<\/td>\n<td width=\"340\"><\/td>\n<\/tr>\n<tr>\n<td>mardi<\/td>\n<td>28\/04\/26<\/td>\n<td width=\"225\">18T BLANC BLEU<\/td>\n<td width=\"111\">\u00a0<\/td>\n<td width=\"131\">Tous<\/td>\n<td width=\"340\">\u00a0Avec Coupe des Dames<\/td>\n<\/tr>\n<tr>\n<td>samedi<\/td>\n<td>16\/05\/26<\/td>\n<td width=\"225\">9T ROUGE<\/td>\n<td width=\"111\">\u00a0<\/td>\n<td width=\"131\">SUP 11,4<\/td>\n<td width=\"340\"><\/td>\n<\/tr>\n<tr>\n<td>mardi<\/td>\n<td>19\/05\/26<\/td>\n<td width=\"225\">18T BLANC BLEU<\/td>\n<td width=\"111\">\u00a0<\/td>\n<td width=\"131\">Tous<\/td>\n<td width=\"340\">Avec Coupe des Dames<\/td>\n<\/tr>\n<tr>\n<td>samedi<\/td>\n<td>20\/06\/26<\/td>\n<td width=\"225\">9T ROUGE<\/td>\n<td width=\"111\">\u00a0<\/td>\n<td width=\"131\">SUP 11,4<\/td>\n<td width=\"340\">\u00a0<\/td>\n<\/tr>\n<tr>\n<td>dimanche<\/td>\n<td>28\/06\/26<\/td>\n<td width=\"225\">COMPACT<\/td>\n<td width=\"111\">\u00a0<\/td>\n<td width=\"131\">SUP 26,4<\/td>\n<td width=\"340\"><\/td>\n<\/tr>\n<tr>\n<td>samedi\u00a0<\/td>\n<td>25\/07\/26<\/td>\n<td width=\"225\">18T BLANC BLEU<\/td>\n<td width=\"111\">\u00a0<\/td>\n<td width=\"131\">Tous<\/td>\n<td width=\"340\">Avec Coupe des Dames<\/td>\n<\/tr>\n<tr>\n<td>samedi<\/td>\n<td>15\/08\/26<\/td>\n<td width=\"225\">COMPACT<\/td>\n<td width=\"111\">\u00a0<\/td>\n<td width=\"131\">SUP 26,4<\/td>\n<td width=\"340\"><\/td>\n<\/tr>\n<tr>\n<td>mardi<\/td>\n<td>01\/09\/26<\/td>\n<td width=\"225\">18T BLANC BLEU<\/td>\n<td width=\"111\">\u00a0<\/td>\n<td width=\"131\">Tous<\/td>\n<td width=\"340\">Avec Coupe des Dames<\/td>\n<\/tr>\n<tr>\n<td>dimanche<\/td>\n<td>13\/09\/26<\/td>\n<td width=\"225\">9T ROUGE<\/td>\n<td width=\"111\">\u00a0<\/td>\n<td width=\"131\">SUP 11,4<\/td>\n<td width=\"340\"><\/td>\n<\/tr>\n<tr>\n<td>mardi<\/td>\n<td>29\/09\/26<\/td>\n<td width=\"225\">18T BLANC BLEU<\/td>\n<td width=\"111\">\u00a0<\/td>\n<td width=\"131\">Tous<\/td>\n<td width=\"340\">Avec Coupe des Dames<\/td>\n<\/tr>\n<tr>\n<td>samedi<\/td>\n<td>10\/10\/26<\/td>\n<td width=\"225\">9T ROUGE<\/td>\n<td width=\"111\">\u00a0<\/td>\n<td width=\"131\">SUP 11,4<\/td>\n<td width=\"340\"><\/td>\n<\/tr>\n<tr>\n<td>samedi<\/td>\n<td>07\/11\/26<\/td>\n<td width=\"225\">9T ROUGE<\/td>\n<td width=\"111\">\u00a0<\/td>\n<td width=\"131\">SUP 11,4<\/td>\n<td width=\"340\"><\/td>\n<\/tr>\n<tr>\n<td><\/td>\n<td><\/td>\n<td width=\"225\"><\/td>\n<td width=\"111\"><\/td>\n<td width=\"131\"><\/td>\n<td width=\"340\"><\/td>\n<\/tr>\n<tr>\n<td><\/td>\n<td><\/td>\n<td width=\"225\"><\/td>\n<td width=\"111\"><\/td>\n<td width=\"131\"><\/td>\n<td width=\"340\"><\/td>\n<\/tr>\n<tr>\n<td><\/td>\n<td><\/td>\n<td width=\"225\"><\/td>\n<td width=\"111\"><\/td>\n<td width=\"131\"><\/td>\n<td width=\"340\"><\/td>\n<\/tr>\n<tr>\n<td><\/td>\n<td><\/td>\n<td width=\"225\"><\/td>\n<td width=\"111\"><\/td>\n<td width=\"131\"><\/td>\n<td width=\"340\"><\/td>\n<\/tr>\n<tr>\n<td><\/td>\n<td><\/td>\n<td width=\"225\"><\/td>\n<td width=\"111\"><\/td>\n<td width=\"131\"><\/td>\n<td width=\"340\"><\/td>\n<\/tr>\n<tr>\n<td><\/td>\n<td><\/td>\n<td width=\"225\"><\/td>\n<td width=\"111\"><\/td>\n<td width=\"131\"><\/td>\n<td width=\"340\"><\/td>\n<\/tr>\n<tr>\n<td><\/td>\n<td><\/td>\n<td width=\"225\"><\/td>\n<td width=\"111\"><\/td>\n<td width=\"131\"><\/td>\n<td width=\"340\"><\/td>\n<\/tr>\n<tr>\n<td><\/td>\n<td><\/td>\n<td width=\"225\"><\/td>\n<td width=\"111\"><\/td>\n<td width=\"131\"><\/td>\n<td width=\"340\"><\/td>\n<\/tr>\n<tr>\n<td><\/td>\n<td><\/td>\n<td width=\"225\"><\/td>\n<td width=\"111\"><\/td>\n<td width=\"131\"><\/td>\n<td width=\"340\"><\/td>\n<\/tr>\n<\/tbody>\n<\/table>\n<\/div>\n<div><\/div>\n<div><strong>Droits de Jeu :\u00a0 \u00a018 T\u00a0 \u00a0 \u00a0 \u00a0 \u00a0 \u00a0 \u00a0 \u00a0 \u00a0 \u00a0 \u00a0 \u00a0 \u00a0 \u00a0 AS\u00a0 10\u20ac &#8211; Non AS 15\u20ac<\/strong><\/div>\n<div><strong>\u00a0 \u00a0 \u00a0 \u00a0 \u00a0 \u00a0 \u00a0 \u00a0 \u00a0 \u00a0 \u00a0 \u00a0 \u00a0 \u00a0 \u00a09T ou compact\u00a0 \u00a0 \u00a0 \u00a0AS\u00a0 \u00a0 5\u20ac &#8211; Non AS 10\u20ac<\/strong><\/div>\n<div><\/div>\n<\/div>\n<div><b>Si le champ est plein (Liste d&rsquo;attente ), la priorit\u00e9 est donn\u00e9e aux adh\u00e9rents de l&rsquo;AS.\u00a0<\/b><\/div>\n<div><\/div>\n<div><b>Acc\u00e8s<\/b><strong> au Parcours : suivant le statut Blue Green-Ugolf sauf conditions particuli\u00e8res indiqu\u00e9es sur la fiche d&rsquo;inscription.<\/strong><\/div>\n<\/div>\n<p><strong>Il est recommand\u00e9 de :<\/strong><\/p>\n<p>&#8211; faire sa premi\u00e8re comp\u00e9tition sur le 9T compact (index de 50 \u00e0 54) ou le 9T Rouge<\/p>\n<p>. <span style=\"color: #ff0000;\">sur un 9T compact, l&rsquo;\u00e9volution n&rsquo;est pas enregistr\u00e9e si l&rsquo;index initial est inf\u00e9rieur \u00e0 26,4. <\/span><\/p>\n<p><span style=\"color: #ff0000;\">&#8211; sur le 9T Rouge, l&rsquo;\u00e9volution n&rsquo;est pas enregistr\u00e9e si l&rsquo;index initial est inf\u00e9rieur \u00e0 11.4.<\/span><\/p>\n<p>&#8211; avec un index \u00e0 54, faire une comp\u00e9tition sur le 18T, seulement si le joueur a l&rsquo;habitude de jouer ce parcours en moins de 4H30 avec de bons scores<\/p>\n<p>&#8211; v\u00e9rifier que vous avez r\u00e9pondu au questionnaire de sant\u00e9 ou que vous avez fourni un certificat m\u00e9dical autorisant \u00e0 faire une comp\u00e9tition: ceci doit \u00eatre enregistr\u00e9 au niveau de la FFG.\u00a0 Vous pouvez le contr\u00f4ler sur l&rsquo;espace licenci\u00e9 du joueur. Dans le cas contraire, le joueur sera hors comp\u00e9tition et le r\u00e9sultat ne pourra pas \u00eatre enregistr\u00e9.\u00a0<\/p>\n<p>Le joueur trouvera sur le site de la FFG (Espace licenci\u00e9), la veille de la comp\u00e9tition son heure de d\u00e9part et dans les 3 jours, le r\u00e9sultat de la comp\u00e9tition. Il doit se pr\u00e9senter au d\u00e9part 10 minutes avant son heure et passer pr\u00e9alablement \u00e0 l&rsquo;accueil r\u00e9cup\u00e9rer sa carte de score<\/p>\n<p>Apres la comp\u00e9tition, il n&rsquo;y a pas de remise de prix sauf informations contraires.<\/p>\n<p><a href=\"https:\/\/pages.ffgolf.org\/departs\/golf\/8986b22e6f493691cc71534be6847c02\" target=\"_blank\" rel=\"noopener\">Liste des d\u00e9parts des comp\u00e9titions de Pessac<\/a><\/p>\n<p><a href=\"https:\/\/pages.ffgolf.org\/resultats\/liste-competitions\/8986b22e6f493691cc71534be6847c02\" target=\"_blank\" rel=\"noopener\">R\u00e9sultats des comp\u00e9titions de Pessac<\/a><\/p>\n<div dir=\"ltr\">\n<div style=\"text-align: center;\"><\/div>\n<\/div>\n<div dir=\"ltr\">\n<div style=\"text-align: center;\"><span style=\"color: #000000;\"><span style=\"font-size: medium;\"><b>\u00a0<a href=\"https:\/\/asgolfdepessac.com\/wp-content\/uploads\/2024\/06\/ReglementCompetition-18-Trous-ASGP_2026-.pdf\" target=\"_blank\" rel=\"noopener\">R\u00c8GLEMENT\u00a0des Comp\u00e9titions\u00a0AS applicable<\/a><\/b><\/span><\/span><\/div>\n<div style=\"text-align: center;\"><span style=\"color: #073763;\"><span><span style=\"font-size: medium;\"><b>COMIT\u00c9<\/b><\/span><\/span><span style=\"font-size: medium;\"><b>\u00a0D&rsquo;\u00c9PREUVE\u00a0CONSTITU\u00c9 DE \u00a0:<\/b><\/span><\/span><\/div>\n<div style=\"text-align: center;\"><b><span style=\"color: #073763; font-size: medium;\">&#8211; Pr\u00e9sident\u00a0de l&rsquo;AS Jean RICHER<\/span><\/b><\/div>\n<div style=\"text-align: center;\"><b><span style=\"color: #073763; font-size: medium;\">&#8211; Pr\u00e9sident\u00a0de la Commission\u00a0sportive Jean Louis LAPOUDGE<\/span><\/b><\/div>\n<div style=\"text-align: center;\"><b><span style=\"color: #073763; font-size: medium;\">&#8211; Responsable d\u00e9sign\u00e9 de la comp\u00e9tition du Jour<\/span><\/b><\/div>\n<div style=\"text-align: center;\"><b><span style=\"color: #073763; font-size: medium;\">&#8211; Arbitre du Golf\u00a0<\/span><\/b><\/div>\n<\/div>\n\n\n<figure><table><tbody><tr><td><\/td><td><\/td><\/tr><\/tbody><\/table><\/figure>\n","protected":false},"excerpt":{"rendered":"<p>\u00a0Les comp\u00e9titions de classement ont pour objectif de permettre aux joueurs de faire \u00e9voluer leur index. Planning 2026 des Comp\u00e9titions de Classement \u00e0 compter du 01 02 2026 JOUR DATE PARCOURS HEURE INDEX COMMENTAIRES dimanche 22\/02\/26 COMPACT 11H00 SUP 26,4 \u00a0 samedi 21\/03\/26 9T ROUGE 13H30 SUP 11,4 \u00a0 mardi [&hellip;]<\/p>\n","protected":false},"author":1,"featured_media":52,"parent":502,"menu_order":0,"comment_status":"closed","ping_status":"closed","template":"","meta":{"footnotes":""},"class_list":["post-1960","page","type-page","status-publish","has-post-thumbnail","hentry"],"_links":{"self":[{"href":"https:\/\/asgolfdepessac.com\/index.php\/wp-json\/wp\/v2\/pages\/1960","targetHints":{"allow":["GET"]}}],"collection":[{"href":"https:\/\/asgolfdepessac.com\/index.php\/wp-json\/wp\/v2\/pages"}],"about":[{"href":"https:\/\/asgolfdepessac.com\/index.php\/wp-json\/wp\/v2\/types\/page"}],"author":[{"embeddable":true,"href":"https:\/\/asgolfdepessac.com\/index.php\/wp-json\/wp\/v2\/users\/1"}],"replies":[{"embeddable":true,"href":"https:\/\/asgolfdepessac.com\/index.php\/wp-json\/wp\/v2\/comments?post=1960"}],"version-history":[{"count":5,"href":"https:\/\/asgolfdepessac.com\/index.php\/wp-json\/wp\/v2\/pages\/1960\/revisions"}],"predecessor-version":[{"id":13254,"href":"https:\/\/asgolfdepessac.com\/index.php\/wp-json\/wp\/v2\/pages\/1960\/revisions\/13254"}],"up":[{"embeddable":true,"href":"https:\/\/asgolfdepessac.com\/index.php\/wp-json\/wp\/v2\/pages\/502"}],"wp:featuredmedia":[{"embeddable":true,"href":"https:\/\/asgolfdepessac.com\/index.php\/wp-json\/wp\/v2\/media\/52"}],"wp:attachment":[{"href":"https:\/\/asgolfdepessac.com\/index.php\/wp-json\/wp\/v2\/media?parent=1960"}],"curies":[{"name":"wp","href":"https:\/\/api.w.org\/{rel}","templated":true}]}}