{"id":2054,"date":"2022-02-20T15:23:16","date_gmt":"2022-02-20T14:23:16","guid":{"rendered":"https:\/\/asgolfdepessac.com\/?page_id=2054"},"modified":"2026-03-25T20:49:09","modified_gmt":"2026-03-25T19:49:09","slug":"challenge-coupe-des-dames-2022","status":"publish","type":"page","link":"https:\/\/asgolfdepessac.com\/index.php\/activites\/challenge-coupe-des-dames-2022\/","title":{"rendered":"COUPE DES DAMES 2026"},"content":{"rendered":"<p style=\"text-align: center;\" align=\"center\"><b><span><span style=\"font-size: large;\">REGLEMENT<\/span><\/span><\/b><\/p>\n<p style=\"text-align: left;\"><span><span style=\"color: #000000;\">1)\u00a0<\/span><b> Les comp\u00e9titions \u00ab\u00a0Coupe des dames\u00a0\u00bb<\/b><\/span><span> organis\u00e9es par \u00abAS PESSAC AU FEMININ\u00bb sont ouvertes \u00e0 toutes les licenci\u00e9es de la F\u00e9d\u00e9ration Fran\u00e7aise de Golf aptes \u00e0 pratiquer la comp\u00e9tition.<\/span><\/p>\n<p style=\"text-align: left;\"><span>2)\u00a0 <\/span><span>Formule de jeu : Stableford d\u00e9part rep\u00e8res au choix : bleus, rouges ou violets.<\/span><\/p>\n<p style=\"text-align: left;\"><span>3)\u00a0 Un c<\/span><span>lassement global des dames sera \u00e9tabli sur la base des 3<b> meilleurs scores<\/b> en net toutes s\u00e9ries confondues<\/span><\/p>\n<p>Les 4 premiers tours font partis des comp\u00e9titons qualificatives de la phase ranking de la Somabay World Cup.<\/p>\n<p style=\"text-align: left;\"><span>4)\u00a0 <\/span>Lors de la journ\u00e9e conviviale \u00ab\u00a0Les Drives des Challenges\u00a0\u00bb, des lots seront remis aux premi\u00e8res class\u00e9es. Le nombre de lots attribu\u00e9s d\u00e9pendra de la participation en nombre de d\u00e9parts de l\u2019ensemble des tours du challenge consid\u00e9r\u00e9.<\/p>\n<p style=\"text-align: left;\"><span><\/span><strong>La <\/strong><span><strong>remise des prix des diff\u00e9rents challenges de l&rsquo;AS aura lieu<span style=\"color: #ff0000;\"> le jeudi 19 novembre lors du d\u00e9jeuner qui suivra la comp\u00e9tition du jour en shotgun, formule \u00e0 2.\u00a0\u00a0<\/span><\/strong><br \/><\/span><\/p>\n<p>5) En cas d&rsquo;\u00e9galit\u00e9 <a href=\"https:\/\/asgolfdepessac.com\/index.php\/activites\/challenge-departage\/\" target=\"_blank\" rel=\"noopener\">REGLE de DEPARTAGE<\/a><\/p>\n<div><b><span style=\"color: #6aa84f;\">\u00a0 \u00a0 \u00a0 \u00a0 \u00a0 \u00a0 \u00a0 \u00a0 \u00a0 \u00a0 \u00a0 \u00a0 \u00a0 \u00a0 \u00a0 \u00a0 \u00a0 \u00a0 \u00a0 \u00a0 \u00a0 \u00a0 \u00a0 \u00a0 \u00a0 \u00a0 \u00a0 \u00a0 \u00a0 \u00a0 \u00a0 \u00a0 \u00a0 \u00a0 \u00a0Dates des tours 2026<\/span><\/b><\/div>\n<div><\/div>\n<div style=\"text-align: center;\">\u00a0 T1 Mardi 24 mars \/ SWC <a href=\"https:\/\/asgolfdepessac.com\/wp-content\/uploads\/2026\/03\/2026_ASGP_ClassementDames_T1-T.pdf\" target=\"_blank\" rel=\"noopener\">Classement T1<\/a><\/div>\n<div style=\"text-align: center;\">T2 Mardi 28 avril \/ SWC<\/div>\n<div style=\"text-align: center;\">T3 Mardi 19 mai \/ SWC<\/div>\n<div style=\"text-align: center;\">T4 Samedi 25 juillet \/ SWC<\/div>\n<div style=\"text-align: center;\">\u00a0 \u00a0 T5 Mardi 01 septembre<\/div>\n<div style=\"text-align: center;\">\u00a0\u00a0 T6 Mardi 29 septembre<\/div>\n<div><span>\u00a0 \u00a0 \u00a0 \u00a0 \u00a0 \u00a0 \u00a0 \u00a0 \u00a0 \u00a0 \u00a0 \u00a0 \u00a0 \u00a0 \u00a0 \u00a0 \u00a0 \u00a0 \u00a0 \u00a0 \u00a0 \u00a0 \u00a0 \u00a0\u00a0<\/span><span style=\"color: #cc0000;\"><strong>\u00a0 \u00a0<\/strong><\/span><span>\u00a0<\/span><span>\u00a0 \u00a0 \u00a0 \u00a0 \u00a0 \u00a0 \u00a0 \u00a0 \u00a0 \u00a0 \u00a0 \u00a0 \u00a0 \u00a0 \u00a0 \u00a0 \u00a0 <\/span><span style=\"font-size: medium;\">\u00a0 \u00a0 \u00a0<\/span><span style=\"font-size: medium;\"> \u00a0<\/span><span style=\"color: #ff0000;\">\u00a0<\/span><\/div>\n<div dir=\"ltr\">\n<div style=\"text-align: center;\"><a href=\"https:\/\/asgolfdepessac.com\/wp-content\/uploads\/2024\/04\/REGLES-LOCALES-BLANC-BLEU-18-TROUS_ASGP.docx-1.pdf\" target=\"_blank\" rel=\"noopener\"><span style=\"color: #000000;\"><span><span style=\"font-size: medium;\"><b>R\u00c8GLES<\/b><\/span><\/span><span style=\"font-size: medium;\"><b>\u00a0LOCALES APPLICABLES<\/b><\/span><\/span><\/a><\/div>\n<div style=\"text-align: center;\"><span style=\"color: #000000;\"><span style=\"font-size: medium;\"><b>\u00a0<\/b><\/span><\/span><\/div>\n<div style=\"text-align: center;\"><span style=\"color: #000000;\"><span style=\"font-size: medium;\"><b>\u00a0<a href=\"https:\/\/asgolfdepessac.com\/wp-content\/uploads\/2024\/06\/ReglementCompetition-18-Trous-ASGP_2026-.pdf\" target=\"_blank\" rel=\"noopener\">R\u00c8GLEMENT\u00a0des Comp\u00e9titions\u00a0AS applicable<\/a><\/b><\/span><\/span><\/div>\n<div style=\"text-align: center;\"><span style=\"color: #000000;\"><span style=\"font-size: medium;\"><b>\u00a0<\/b><\/span><\/span><\/div>\n<div style=\"text-align: center;\"><span style=\"color: #073763;\"><span><span style=\"font-size: medium;\"><b>COMIT\u00c9<\/b><\/span><\/span><span style=\"font-size: medium;\"><b>\u00a0D&rsquo;\u00c9PREUVE\u00a0CONSTITU\u00c9 DE \u00a0:<\/b><\/span><\/span><\/div>\n<div><\/div>\n<div style=\"text-align: center;\">Arbitres : Anne Prabis et Christine Dutheil<\/div>\n<div style=\"text-align: center;\">Organisatrices de Pessac au f\u00e9minin :<\/div>\n<div style=\"text-align: center;\">Christine Cozzarolo &#8211; Catherine Pennec &#8211;\u00a0Marie-Laure Chabrier &#8211;\u00a0Marie de Laubier<\/div>\n<div><\/div>\n<div style=\"text-align: center;\"><span style=\"color: #073763; font-size: medium;\"><b>\u00a0<\/b><\/span><\/div>\n<\/div>\n\n\n<figure><table><tbody><tr><td><\/td><td><\/td><\/tr><\/tbody><\/table><\/figure>\n\n\n\n<p><\/p>\n","protected":false},"excerpt":{"rendered":"<p>REGLEMENT 1)\u00a0 Les comp\u00e9titions \u00ab\u00a0Coupe des dames\u00a0\u00bb organis\u00e9es par \u00abAS PESSAC AU FEMININ\u00bb sont ouvertes \u00e0 toutes les licenci\u00e9es de la F\u00e9d\u00e9ration Fran\u00e7aise de Golf aptes \u00e0 pratiquer la comp\u00e9tition. 2)\u00a0 Formule de jeu : Stableford d\u00e9part rep\u00e8res au choix : bleus, rouges ou violets. 3)\u00a0 Un classement global des [&hellip;]<\/p>\n","protected":false},"author":1,"featured_media":0,"parent":502,"menu_order":0,"comment_status":"closed","ping_status":"closed","template":"","meta":{"footnotes":""},"class_list":["post-2054","page","type-page","status-publish","hentry"],"_links":{"self":[{"href":"https:\/\/asgolfdepessac.com\/index.php\/wp-json\/wp\/v2\/pages\/2054","targetHints":{"allow":["GET"]}}],"collection":[{"href":"https:\/\/asgolfdepessac.com\/index.php\/wp-json\/wp\/v2\/pages"}],"about":[{"href":"https:\/\/asgolfdepessac.com\/index.php\/wp-json\/wp\/v2\/types\/page"}],"author":[{"embeddable":true,"href":"https:\/\/asgolfdepessac.com\/index.php\/wp-json\/wp\/v2\/users\/1"}],"replies":[{"embeddable":true,"href":"https:\/\/asgolfdepessac.com\/index.php\/wp-json\/wp\/v2\/comments?post=2054"}],"version-history":[{"count":6,"href":"https:\/\/asgolfdepessac.com\/index.php\/wp-json\/wp\/v2\/pages\/2054\/revisions"}],"predecessor-version":[{"id":14163,"href":"https:\/\/asgolfdepessac.com\/index.php\/wp-json\/wp\/v2\/pages\/2054\/revisions\/14163"}],"up":[{"embeddable":true,"href":"https:\/\/asgolfdepessac.com\/index.php\/wp-json\/wp\/v2\/pages\/502"}],"wp:attachment":[{"href":"https:\/\/asgolfdepessac.com\/index.php\/wp-json\/wp\/v2\/media?parent=2054"}],"curies":[{"name":"wp","href":"https:\/\/api.w.org\/{rel}","templated":true}]}}