{"id":3275,"date":"2022-08-28T10:20:37","date_gmt":"2022-08-28T08:20:37","guid":{"rendered":"https:\/\/asgolfdepessac.com\/?page_id=3275"},"modified":"2026-03-16T09:46:34","modified_gmt":"2026-03-16T08:46:34","slug":"junior-series","status":"publish","type":"page","link":"https:\/\/asgolfdepessac.com\/index.php\/activites\/junior-series\/","title":{"rendered":"JUNIOR SERIES 2026"},"content":{"rendered":"\n<h2 class=\"wp-block-heading\"><\/h2>\n\n\n\n<p><\/p>\n\n\n\n<p>F\u00e9licitations aux gagnants 2025 qui ont \u00e9t\u00e9 r\u00e9compens\u00e9s par la FFGolf qui dote cette animation.<\/p>\n\n\n\n<p><a href=\"https:\/\/asgolfdepessac.com\/wp-content\/uploads\/2026\/01\/Juniors-series-2025-apres-finale-.pdf\" target=\"_blank\" rel=\"noreferrer noopener\">Tableau des r\u00e9sultats de l&rsquo;\u00e9dition 2025<\/a><\/p>\n\n\n<div dir=\"ltr\">\n<h2 style=\"text-align: center;\"><strong>Challenge r\u00e9serv\u00e9 aux joueurs de l&rsquo;Ecole de Golf, adh\u00e9rents de l&rsquo;Association Sportive<\/strong><\/h2>\n<h3>Conditions de participation<\/h3>\n<div>&#8211; N\u00e9 en 2010 ou apr\u00e8s<\/div>\n<div>&#8211; Titulaire au moins du drapeau jaune<\/div>\n<\/div>\n<h3>D\u00e9roulement<\/h3>\n<div>&#8211; <em><strong>18 trous<\/strong><\/em>: drapeaux d\u2019or\/argent, ou class\u00e9s avec un index inf\u00e9rieur \u00e0 30<\/div>\n<div><span style=\"font-size: revert; color: initial; font-family: -apple-system, BlinkMacSystemFont, 'Segoe UI', Roboto, Oxygen-Sans, Ubuntu, Cantarell, 'Helvetica Neue', sans-serif;\">&#8211;<em> <strong>9 trous<\/strong><\/em>: minimum drapeaux jaune, blanc\/bronze, ou class\u00e9s avec un index sup\u00e9rieur ou \u00e9gal \u00e0 30<\/span><\/div>\n<div><span style=\"color: initial; font-family: -apple-system, BlinkMacSystemFont, 'Segoe UI', Roboto, Oxygen-Sans, Ubuntu, Cantarell, 'Helvetica Neue', sans-serif; text-align: center;\">&#8211; <em><strong>Formule de jeu<\/strong> <\/em>: Score maximum ( maximum de 9 coups sur un trou)<\/span><\/div>\n<div>&#8211; <em><strong>Rep\u00e8res<\/strong><\/em> : suivant l&rsquo;\u00e2ge des joueurs<\/div>\n<div>&#8211; <em><strong>Classement<\/strong><\/em>: en net par cat\u00e9gorie d&rsquo;\u00e2ge\u00a0 pour chaque comp\u00e9tition<\/div>\n<div><\/div>\n<div>Challenge sur 6 tours et une finale, avec un classement sur l&rsquo;addition des 3 meilleurs tours en NET<\/div>\n<div><\/div>\n<div dir=\"ltr\">\n<div style=\"text-align: center;\">\n<div><\/div>\n<\/div>\n<div style=\"text-align: center;\">\n<table border=\"1\" bordercolor=\"#888\" cellspacing=\"0\" width=\"847\" height=\"258\">\n<tbody>\n<tr>\n<td>\u00a0Dates<\/td>\n<td>1er D\u00e9part<\/td>\n<td>\u00a0Dernier d\u00e9part<\/td>\n<td>nombre joueurs<\/td>\n<td>Parcours<\/td>\n<\/tr>\n<tr>\n<td><em>T1: 26\/04<\/em><\/td>\n<td>9h00<\/td>\n<td>10h00<\/td>\n<td>21<\/td>\n<td>9T ou 18T<\/td>\n<\/tr>\n<tr>\n<td><em>T2: 10\/05<\/em><\/td>\n<td>9h00<\/td>\n<td>10h00<\/td>\n<td>21<\/td>\n<td>9T ou 18T<\/td>\n<\/tr>\n<tr>\n<td><em>T3: 27\/06\u00a0<\/em><\/td>\n<td>9h00<\/td>\n<td>10h00<\/td>\n<td>21<\/td>\n<td>\u00a09T ou 18T<\/td>\n<\/tr>\n<tr>\n<td><em>T4:\u00a0<\/em><\/td>\n<td>9h00<\/td>\n<td>10h00<\/td>\n<td>21<\/td>\n<td>9T ou 18T<\/td>\n<\/tr>\n<tr>\n<td><em>T5:\u00a0<\/em><\/td>\n<td>10h00<\/td>\n<td>11h00<\/td>\n<td>21<\/td>\n<td>9T ou 18T<\/td>\n<\/tr>\n<tr>\n<td style=\"text-align: center;\"><em>T6:\u00a0<\/em><\/td>\n<td style=\"text-align: center;\">10h00<\/td>\n<td style=\"text-align: center;\">11h00<\/td>\n<td style=\"text-align: center;\">21<\/td>\n<td style=\"text-align: center;\">9T ou 18T<\/td>\n<\/tr>\n<\/tbody>\n<\/table>\n<div><b style=\"color: initial;\"><span style=\"color: #ffffff; font-size: large;\">Remise des Prix : Jeudi 25 Novembre 2021<\/span><\/b><\/div>\n<\/div>\n<div style=\"text-align: center;\"><strong>FINALE: la finale se jouera le &#8212; 2026 \u00e0 partir de &#8211;, dans les m\u00eames conditions que les \u00e9preuves pr\u00e9c\u00e9dentes.<\/strong><\/div>\n<div><\/div>\n<h2 style=\"text-align: center;\"><\/h2>\n<h2 style=\"text-align: center;\"><\/h2>\n<div><\/div>\n<div style=\"text-align: center;\"><\/div>\n<div>\n<div style=\"text-align: center;\"><\/div>\n<\/div>\n<\/div>","protected":false},"excerpt":{"rendered":"<p>F\u00e9licitations aux gagnants 2025 qui ont \u00e9t\u00e9 r\u00e9compens\u00e9s par la FFGolf qui dote cette animation. Tableau des r\u00e9sultats de l&rsquo;\u00e9dition 2025 Challenge r\u00e9serv\u00e9 aux joueurs de l&rsquo;Ecole de Golf, adh\u00e9rents de l&rsquo;Association Sportive Conditions de participation &#8211; N\u00e9 en 2010 ou apr\u00e8s &#8211; Titulaire au moins du drapeau jaune D\u00e9roulement [&hellip;]<\/p>\n","protected":false},"author":1,"featured_media":52,"parent":502,"menu_order":0,"comment_status":"closed","ping_status":"closed","template":"","meta":{"footnotes":""},"class_list":["post-3275","page","type-page","status-publish","has-post-thumbnail","hentry"],"_links":{"self":[{"href":"https:\/\/asgolfdepessac.com\/index.php\/wp-json\/wp\/v2\/pages\/3275","targetHints":{"allow":["GET"]}}],"collection":[{"href":"https:\/\/asgolfdepessac.com\/index.php\/wp-json\/wp\/v2\/pages"}],"about":[{"href":"https:\/\/asgolfdepessac.com\/index.php\/wp-json\/wp\/v2\/types\/page"}],"author":[{"embeddable":true,"href":"https:\/\/asgolfdepessac.com\/index.php\/wp-json\/wp\/v2\/users\/1"}],"replies":[{"embeddable":true,"href":"https:\/\/asgolfdepessac.com\/index.php\/wp-json\/wp\/v2\/comments?post=3275"}],"version-history":[{"count":5,"href":"https:\/\/asgolfdepessac.com\/index.php\/wp-json\/wp\/v2\/pages\/3275\/revisions"}],"predecessor-version":[{"id":14063,"href":"https:\/\/asgolfdepessac.com\/index.php\/wp-json\/wp\/v2\/pages\/3275\/revisions\/14063"}],"up":[{"embeddable":true,"href":"https:\/\/asgolfdepessac.com\/index.php\/wp-json\/wp\/v2\/pages\/502"}],"wp:featuredmedia":[{"embeddable":true,"href":"https:\/\/asgolfdepessac.com\/index.php\/wp-json\/wp\/v2\/media\/52"}],"wp:attachment":[{"href":"https:\/\/asgolfdepessac.com\/index.php\/wp-json\/wp\/v2\/media?parent=3275"}],"curies":[{"name":"wp","href":"https:\/\/api.w.org\/{rel}","templated":true}]}}