{"id":518,"date":"2021-09-10T14:01:58","date_gmt":"2021-09-10T12:01:58","guid":{"rendered":"https:\/\/asgolfdepessac.com\/?page_id=518"},"modified":"2026-04-08T08:19:56","modified_gmt":"2026-04-08T06:19:56","slug":"match-play","status":"publish","type":"page","link":"https:\/\/asgolfdepessac.com\/index.php\/activites\/match-play\/","title":{"rendered":"MATCH PLAY"},"content":{"rendered":"\n<p class=\"has-accent-color has-text-color has-link-color has-medium-font-size wp-elements-5aee4760bc7e6fcd8d5b5a27383e6a7c\"><a href=\"https:\/\/asgolfdepessac.com\/wp-content\/uploads\/2026\/03\/Match-play-18T-TOUR-1-sans-tel.pdf\" target=\"_blank\" rel=\"noreferrer noopener\">LE TABLEAU DU PREMIER TOUR<\/a><\/p>\n\n\n\n<p><a href=\"https:\/\/docs.google.com\/forms\/d\/e\/1FAIpQLScJGMpALQUEBEesjmKnXJGuoMd_dgDCRk0B1IA59D_lJ4T1zQ\/viewform?usp=header\">POUR ENREGISTRER VOTRE RESULTAT<\/a><\/p>\n\n\n\n<p><a href=\"https:\/\/asgolfdepessac.com\/wp-content\/uploads\/2025\/03\/ReglementCompetition-ASGP-2025-A.pdf\" target=\"_blank\" rel=\"noreferrer noopener\">Le R\u00e8glement des comp\u00e9titions organis\u00e9es par l&rsquo;AS du Golf de PESSAC est applicable<\/a><\/p>\n\n\n\n\n\n<p><a href=\"https:\/\/docs.google.com\/spreadsheets\/d\/e\/2PACX-1vTeCzO0gCMfV7CWUJATmg6DZhdq_tmDBD4-TGMQoAgszr_LFYdfyEplJsVEQubVMrchKA1JQ7CV1CEc\/pubhtml\" target=\"_blank\" rel=\"noreferrer noopener\">LISTE DES INSCRITS<\/a><\/p>\n\n\n\n<p><strong>R\u00e9sultats \u00e0 transmettre imp\u00e9rativement <\/strong><a href=\"https:\/\/docs.google.com\/forms\/d\/e\/1FAIpQLScJGMpALQUEBEesjmKnXJGuoMd_dgDCRk0B1IA59D_lJ4T1zQ\/viewform?usp=publish-editor\" target=\"_blank\" rel=\"noreferrer noopener\">VIA CE LIEN<\/a> . Les envois par mail , sms, WhatsApp ne seront pas pris en compte.&nbsp;<\/p>\n\n\n\n<p><a href=\"https:\/\/docs.google.com\/spreadsheets\/d\/e\/2PACX-1vQ1m2X7qEkQmifTc0KTn331M7l7yZIJMCimbIUU7-zesB7TEWSGGAM4DCjZNWrSC6YpilifzBh8wWYa\/pubhtml\" target=\"_blank\" rel=\"noreferrer noopener\">LISTE DES RESULTATS<\/a><\/p>\n\n\n\n<p><strong>REGLEMENT DU MATCH PLAY 2026<\/strong><\/p>\n\n\n\n<p>\u2013 HCP retenu : celui du jour de la rencontre<\/p>\n\n\n\n<p>\u2013&nbsp;HCP&nbsp;maximum pris en compte : 36<\/p>\n\n\n\n<p>\u2013 D\u00e9part rep\u00e8res rouges pour les dames, rep\u00e8res jaunes pour les messieurs<\/p>\n\n\n\n<p>\u2013 En cas d\u2019\u00e9galit\u00e9 au 18\u00e8me&nbsp;trou, prendre les r\u00e9sultats des 9 derniers puis 6 derniers puis 3 derniers puis le dernier.<\/p>\n\n\n\n<p><strong>Pour chaque tour, les parties seront tir\u00e9es au sort en privil\u00e9giant des joueurs d\u2019handicap proche et en tenant compte de leur disponibilit\u00e9 (toute la semaine, du lundi au vendredi, week end seulement, \u2026.).&nbsp;<\/strong>En cas d\u2019un nombre impair de joueurs pour le tour \u00e0 constituer, un tirage au sort sera organis\u00e9 pour \u00abrep\u00e9cher\u00bb un joueur.<\/p>\n\n\n\n<p><strong>Consolante pour les \u00e9limin\u00e9s du 1er TOUR<\/strong>&nbsp;<\/p>\n\n\n\n<p><strong>Le Terrain n&rsquo;est pas <\/strong><strong>obligatoirement<\/strong>&nbsp;<strong>le<\/strong><strong> 18T de PESSAC<\/strong>.<\/p>\n\n\n\n<p><strong>Animations gratuites r\u00e9serv\u00e9es aux&nbsp;adh\u00e9rents&nbsp;de l\u2019AS : si je ne suis pas adh\u00e9rent, <\/strong>contactez SVP&nbsp; asgolfdepessac@gmail.com ou <a href=\"https:\/\/asgolfdepessac-b.fr\/index.php\/produit\/adhesion-et-licence\/\" target=\"_blank\" rel=\"noreferrer noopener\">ADHERER A l&rsquo;AS<\/a><\/p>\n\n\n\n<p>1er TOUR : Avant 13 avril 2026<\/p>\n\n\n\n<p>2\u00e8me TOUR : Avant le 3 Mai 2026<\/p>\n\n\n\n<p>3\u00e8me&nbsp; TOUR : Avant le 1 Juin 2026<\/p>\n\n\n\n<p>4\u00e8me TOUR : Avant&nbsp; le  29 Juin 2026<\/p>\n\n\n\n<p>5\u00e8me TOUR : Avant&nbsp; le  31 Aout 2026<\/p>\n\n\n\n<p><strong>Demi Finale, Finale : fin octobre 2026<\/strong><\/p>\n\n\n\n<p>Pour toutes informations compl\u00e9mentaires Contacter Fabienne GRAND MOURSEL Tel 06 64 81 95 67 fabienne.grandmoursel@gmail.com<\/p>\n\n\n\n<p><strong>Exemple de calcul des points rendus pour le match play en net<\/strong><\/p>\n\n\n\n<p>Joueur 1 : Index 14,3&nbsp; &nbsp;donc HCP : 14 (arrondi inf\u00e9rieur), Joueur 2 : Index 16,5&nbsp; donc HCP 17 (arrondi sup\u00e9rieur)<\/p>\n\n\n\n<p>3\/4 de 17-14&nbsp; = 2,25&nbsp; &nbsp;donc 2 points rendus (arrondi inf\u00e9rieur)&nbsp; sur les 2 trous les plus difficiles \u00e0 Pessac : 12 et 8&nbsp;<\/p>\n\n\n\n<p>Pour organiser votre match, prenez contact avec votre partenaire\/adversaire et r\u00e9server vos d\u00e9parts par le syst\u00e8me de r\u00e9servation de Blue Green : <strong>les parties de match play ne sont pas prioritaires<\/strong>.<\/p>\n\n\n\n<p class=\"has-header-text-color-color has-text-color has-link-color wp-elements-331594bec5c96285a266f5dd47de461a\"><strong>RESULTAT MATCH PLAY 2025 :<\/strong><\/p>\n\n\n\n<p>VAINQUEUR : BRUNET Fabrice<\/p>\n\n\n\n<p>FINALISTE : ASTOUL  Philippe<\/p>\n\n\n\n<p class=\"has-header-text-color-color has-text-color has-link-color wp-elements-73411fa4fddaedc4c2f77bc60f29aefc\"><strong>CONSOLANTE<\/strong> <strong>2025<\/strong><\/p>\n\n\n\n<p>VAINQUEUR : SAUSSEAU Benoit<\/p>\n\n\n\n<p>FINALISTE : ROI Pierre<\/p>\n\n\n\n<p class=\"has-header-text-color-color has-text-color has-link-color wp-elements-c814a5d572f69bf89098b97f1f3c65d8\"><strong>RESULTAT MATCH PLAY 2024 :<\/strong><\/p>\n\n\n\n<p>VAINQUEUR : MOUCHE Charlie <\/p>\n\n\n\n<p>FINALISTE : STENUIT Jacques<\/p>\n\n\n\n<p class=\"has-header-text-color-color has-text-color has-link-color wp-elements-6ef3b1301f9d231d894a7dbd265a4ab7\"><strong>CONSOLANTE<\/strong> 2024<\/p>\n\n\n\n<p>VAINQUEUR  : SALOT Cyrille<\/p>\n\n\n\n<p>FINALISTE : MOOSE Karl<\/p>\n\n\n\n<p><strong><span style=\"color: #ff0000;\">RESULTAT MATCH PLAY&nbsp; 2023<\/span><\/strong><\/p>\n\n\n\n<p><strong>Gagnant<\/strong> : MONTANGON Olivier<\/p>\n\n\n\n<p><strong>Finaliste : <\/strong>SALOT Cyrille<\/p>\n\n\n\n<p><strong><span style=\"color: #ff0000;\">CONSOLANTE&nbsp; 2023<\/span><\/strong><\/p>\n\n\n\n<p><strong>Gagnant<\/strong> : SERVEAU Catherine<\/p>\n\n\n\n<p><strong>Finaliste<\/strong> : FORTIN Fr\u00e9d\u00e9ric<\/p>\n\n\n\n<p><\/p>\n\n\n\n<p><strong>Exemple de calcul des points rendus pour le match play en net<\/strong><\/p>\n\n\n\n<p>Joueur 1 : Index 14,3&nbsp; &nbsp;donc HCP : 14 (arrondi inf\u00e9rieur), Joueur 2 : Index 16,5&nbsp; donc HCP 17 (arrondi sup\u00e9rieur)<\/p>\n\n\n\n<p>3\/4 de 17-14&nbsp; = 2,25&nbsp; &nbsp;donc 2 points rendus (arrondi inf\u00e9rieur)&nbsp; sur les 2 trous les plus difficiles \u00e0 Pessac : 12 et 8&nbsp;<\/p>\n\n\n\n<p>Pour organiser votre match, prenez contact avec votre partenaire\/adversaire et r\u00e9server vos d\u00e9parts par le syst\u00e8me de r\u00e9servation de Blue Green : <strong>les parties de match play ne sont pas prioritaires<\/strong><\/p>\n\n\n\n<p><\/p>\n\n\n\n<p><\/p>\n","protected":false},"excerpt":{"rendered":"<p>LE TABLEAU DU PREMIER TOUR POUR ENREGISTRER VOTRE RESULTAT Le R\u00e8glement des comp\u00e9titions organis\u00e9es par l&rsquo;AS du Golf de PESSAC est applicable LISTE DES INSCRITS R\u00e9sultats \u00e0 transmettre imp\u00e9rativement VIA CE LIEN . Les envois par mail , sms, WhatsApp ne seront pas pris en compte.&nbsp; LISTE DES RESULTATS REGLEMENT [&hellip;]<\/p>\n","protected":false},"author":1,"featured_media":52,"parent":502,"menu_order":0,"comment_status":"closed","ping_status":"closed","template":"","meta":{"footnotes":""},"class_list":["post-518","page","type-page","status-publish","has-post-thumbnail","hentry"],"_links":{"self":[{"href":"https:\/\/asgolfdepessac.com\/index.php\/wp-json\/wp\/v2\/pages\/518","targetHints":{"allow":["GET"]}}],"collection":[{"href":"https:\/\/asgolfdepessac.com\/index.php\/wp-json\/wp\/v2\/pages"}],"about":[{"href":"https:\/\/asgolfdepessac.com\/index.php\/wp-json\/wp\/v2\/types\/page"}],"author":[{"embeddable":true,"href":"https:\/\/asgolfdepessac.com\/index.php\/wp-json\/wp\/v2\/users\/1"}],"replies":[{"embeddable":true,"href":"https:\/\/asgolfdepessac.com\/index.php\/wp-json\/wp\/v2\/comments?post=518"}],"version-history":[{"count":8,"href":"https:\/\/asgolfdepessac.com\/index.php\/wp-json\/wp\/v2\/pages\/518\/revisions"}],"predecessor-version":[{"id":14307,"href":"https:\/\/asgolfdepessac.com\/index.php\/wp-json\/wp\/v2\/pages\/518\/revisions\/14307"}],"up":[{"embeddable":true,"href":"https:\/\/asgolfdepessac.com\/index.php\/wp-json\/wp\/v2\/pages\/502"}],"wp:featuredmedia":[{"embeddable":true,"href":"https:\/\/asgolfdepessac.com\/index.php\/wp-json\/wp\/v2\/media\/52"}],"wp:attachment":[{"href":"https:\/\/asgolfdepessac.com\/index.php\/wp-json\/wp\/v2\/media?parent=518"}],"curies":[{"name":"wp","href":"https:\/\/api.w.org\/{rel}","templated":true}]}}