{"id":5530,"date":"2023-10-12T09:35:10","date_gmt":"2023-10-12T07:35:10","guid":{"rendered":"https:\/\/asgolfdepessac.com\/?page_id=5530"},"modified":"2023-10-15T18:34:09","modified_gmt":"2023-10-15T16:34:09","slug":"challenge-departage","status":"publish","type":"page","link":"https:\/\/asgolfdepessac.com\/index.php\/activites\/challenge-departage\/","title":{"rendered":"CHALLENGE DEPARTAGE"},"content":{"rendered":"<div style=\"text-align: center;\"><\/div>\n<p style=\"text-align: center;\"><span style=\"color: #0000ff;\"><strong>DEPARTAGE CLASSEMENT GENERAL EN CAS D&rsquo;EGALITE<\/strong><\/span><\/p>\n<ol>\n<li style=\"text-align: left;\"><span><span style=\"color: #000000;\"><\/span><b>NOMBRE DE PARTICIPATIONS<\/b><\/span><\/li>\n<li style=\"text-align: left;\"><span><b>Premi\u00e8re carte non retenue\u00a0 Puis\u00a0 Deuxi\u00e8me carte, &#8230;\u00a0\u00a0<\/b><\/span><\/li>\n<li style=\"text-align: left;\"><span><b>Premi\u00e8re carte retenue, puis deuxi\u00e8me carte, &#8230;.<\/b><\/span><\/li>\n<li style=\"text-align: left;\"><span><b>D\u00e9partage classique de la premi\u00e8re carte retenue\u00a0 : meilleur retour<\/b><\/span><\/li>\n<\/ol>\n<ol><\/ol>\n<p style=\"text-align: center;\"><\/p>\n\n\n<figure><table><tbody><tr><td><\/td><td><\/td><\/tr><\/tbody><\/table><\/figure>\n","protected":false},"excerpt":{"rendered":"<p>DEPARTAGE CLASSEMENT GENERAL EN CAS D&rsquo;EGALITE NOMBRE DE PARTICIPATIONS Premi\u00e8re carte non retenue\u00a0 Puis\u00a0 Deuxi\u00e8me carte, &#8230;\u00a0\u00a0 Premi\u00e8re carte retenue, puis deuxi\u00e8me carte, &#8230;. D\u00e9partage classique de la premi\u00e8re carte retenue\u00a0 : meilleur retour<\/p>\n","protected":false},"author":1,"featured_media":52,"parent":502,"menu_order":0,"comment_status":"closed","ping_status":"closed","template":"","meta":{"footnotes":""},"class_list":["post-5530","page","type-page","status-publish","has-post-thumbnail","hentry"],"_links":{"self":[{"href":"https:\/\/asgolfdepessac.com\/index.php\/wp-json\/wp\/v2\/pages\/5530","targetHints":{"allow":["GET"]}}],"collection":[{"href":"https:\/\/asgolfdepessac.com\/index.php\/wp-json\/wp\/v2\/pages"}],"about":[{"href":"https:\/\/asgolfdepessac.com\/index.php\/wp-json\/wp\/v2\/types\/page"}],"author":[{"embeddable":true,"href":"https:\/\/asgolfdepessac.com\/index.php\/wp-json\/wp\/v2\/users\/1"}],"replies":[{"embeddable":true,"href":"https:\/\/asgolfdepessac.com\/index.php\/wp-json\/wp\/v2\/comments?post=5530"}],"version-history":[{"count":0,"href":"https:\/\/asgolfdepessac.com\/index.php\/wp-json\/wp\/v2\/pages\/5530\/revisions"}],"up":[{"embeddable":true,"href":"https:\/\/asgolfdepessac.com\/index.php\/wp-json\/wp\/v2\/pages\/502"}],"wp:featuredmedia":[{"embeddable":true,"href":"https:\/\/asgolfdepessac.com\/index.php\/wp-json\/wp\/v2\/media\/52"}],"wp:attachment":[{"href":"https:\/\/asgolfdepessac.com\/index.php\/wp-json\/wp\/v2\/media?parent=5530"}],"curies":[{"name":"wp","href":"https:\/\/api.w.org\/{rel}","templated":true}]}}