{"id":578,"date":"2021-09-16T10:01:12","date_gmt":"2021-09-16T08:01:12","guid":{"rendered":"https:\/\/asgolfdepessac.com\/?page_id=578"},"modified":"2024-10-24T19:01:42","modified_gmt":"2024-10-24T17:01:42","slug":"coupe-ete","status":"publish","type":"page","link":"https:\/\/asgolfdepessac.com\/index.php\/activites\/coupe-ete\/","title":{"rendered":"COUPE ETE"},"content":{"rendered":"<p style=\"text-align: center;\"><strong>\u00a0<\/strong><b style=\"text-align: center; color: initial;\"><span style=\"color: #073763;\"><span style=\"font-size: large;\">C<\/span><span style=\"font-size: large;\">oupe de l&rsquo;ETE 2024 organis\u00e9e par l&rsquo;AS<\/span><\/span><\/b><\/p>\n<div dir=\"ltr\">\n<div style=\"text-align: center;\"><\/div>\n<\/div>\n<div dir=\"ltr\">\n<div style=\"text-align: center;\"><\/div>\n<div style=\"text-align: center;\">Formule Stableford : 3 s\u00e9ries Messieurs et 2 s\u00e9ries Dames<\/div>\n<div style=\"text-align: center;\">\n<div><\/div>\n<\/div>\n<div style=\"text-align: center;\">Rep\u00e8res Blanc et Bleu pour les index inf\u00e9rieurs \u00e0 11.4 et 15.4<\/div>\n<div style=\"text-align: center;\">Rep\u00e8res Jaune et Rouge pour les autres index<\/div>\n<div><\/div>\n<\/div>\n<div><\/div>\n<div style=\"text-align: center;\">Les 6 Premiers tours permettent de participer \u00e0 <a href=\"https:\/\/www.heritage-world-cup.com\/by-heritage-villas-valriche-LeClub-golf\/competitions-a-venir?utm_source=adesrv&amp;utm_medium=email&amp;utm_campaign=RETROUVEZ_LES_DATES_DES_PROCHAINES_COMPETITIONS_HERITAGE_WORLD_CUP__\" target=\"_blank\" rel=\"noopener\">HERITAGE WORLD CLUB<\/a><\/div>\n<div>\u00a0 \u00a0 \u00a0 \u00a0 \u00a0 \u00a0 \u00a0 \u00a0 \u00a0 \u00a0 \u00a0 \u00a0 \u00a0 \u00a0 \u00a0 \u00a0 \u00a0 \u00a0 \u00a0 \u00a0 \u00a0 \u00a0 \u00a0 \u00a0 \u00a0 \u00a0 \u00a0 \u00a0 \u00a0<\/div>\n<div style=\"text-align: center;\">Suivant le <a href=\"https:\/\/leclub-golf.com\/fr\/private-posts\/reglement-heritage-world-cup\" target=\"_blank\" rel=\"noopener\">r\u00e9glement<\/a> de ce challenge<\/div>\n<div><\/div>\n<div>\n<p><strong>Comp\u00e9titions comptant pour l&rsquo;\u00e9volution de l&rsquo;Index FFG suivant le WHS<\/strong><\/p>\n<ul>\n<li>Comp\u00e9tition comptant pour le ranking HWC pour les joueuses et joueurs disposant d\u2019une carte Le Club Golf (classic ou gold) et ayant pris un pass ranking au Club Golf (15\u20ac\/an)\u00a0 : <a href=\"https:\/\/www.heritage-world-cup.com\/by-heritage-villas-valriche-LeClub-golf\/competitions-a-venir?utm_source=web+leclub+golf&amp;utm_medium=banner&amp;utm_campaign=heritage+world+cup&amp;utm_id=LCG+WEB&amp;utm_term=pass+ranking&amp;utm_content=banner+home+page\" target=\"_blank\" rel=\"noopener\">Souscrire au Pass Ranking\u00a0<\/a><\/li>\n<li>Comp\u00e9tition de classement classique, pour les joueuses et joueurs qui ne souhaitent pas int\u00e9grer le ranking HWC .\u00a0<\/li>\n<li>Tous les joueurs participent au Classement Coupe ETE\u00a0<\/li>\n<\/ul>\n<\/div>\n<div style=\"text-align: center;\"><span style=\"color: #008000;\"><strong>Date des COUPES ETE 2024<\/strong><\/span><\/div>\n<div><\/div>\n<div style=\"text-align: center;\">T1 Samedi 6 Juillet 10H00 25 d\u00e9parts\u00a0 R\u00e9sultats apr\u00e8s T1 <a href=\"https:\/\/asgolfdepessac.com\/wp-content\/uploads\/2024\/07\/Coupe-ete-T1-2024-Brut.pdf\" target=\"_blank\" rel=\"noopener\">BRUT<\/a> et <a href=\"https:\/\/asgolfdepessac.com\/wp-content\/uploads\/2024\/07\/Coupe-ete-T1-2024-Net.pdf\" target=\"_blank\" rel=\"noopener\">NET<\/a><\/div>\n<div><\/div>\n<div style=\"text-align: center;\">T2 Lundi 15 juillet 8H30 25 d\u00e9parts\u00a0 R\u00e9sultats apr\u00e8s T2 <a href=\"https:\/\/asgolfdepessac.com\/wp-content\/uploads\/2024\/07\/Coupe-ete-T2-2024-Brut.pdf\" target=\"_blank\" rel=\"noopener\">BRUT<\/a> et <a href=\"https:\/\/asgolfdepessac.com\/wp-content\/uploads\/2024\/07\/Coupe-ete-T2-2024-Net.pdf\" target=\"_blank\" rel=\"noopener\">NET<\/a><\/div>\n<div style=\"text-align: center;\"><\/div>\n<div style=\"text-align: center;\">T3 Mercredi 24 Juillet 12H00 25 d\u00e9parts R\u00e9sultats apr\u00e8s T3 <a href=\"https:\/\/asgolfdepessac.com\/wp-content\/uploads\/2024\/07\/Coupe-ete-T3-2024-Brut.pdf\" target=\"_blank\" rel=\"noopener\">BRUT<\/a> et <a href=\"https:\/\/asgolfdepessac.com\/wp-content\/uploads\/2024\/07\/Coupe-ete-T3-2024-Net.pdf\" target=\"_blank\" rel=\"noopener\">NET<\/a><\/div>\n<div style=\"text-align: center;\"><\/div>\n<div style=\"text-align: center;\">T4 Lundi 29 Juillet 8H20 25 d\u00e9parts R\u00e9sultats apr\u00e8s T4 <a href=\"https:\/\/asgolfdepessac.com\/wp-content\/uploads\/2024\/07\/Coupe-ete-T4-2024-Brut.pdf\" target=\"_blank\" rel=\"noopener\">BRUT<\/a> et <a href=\"https:\/\/asgolfdepessac.com\/wp-content\/uploads\/2024\/07\/Coupe-ete-T4-2024-Net.pdf\" target=\"_blank\" rel=\"noopener\">NET<\/a><\/div>\n<div style=\"text-align: center;\"><\/div>\n<div style=\"text-align: center;\">T5 Dimanche 4 Aout 10H00 20 d\u00e9parts\u00a0 RESULTATS apr\u00e8s T5 <a href=\"https:\/\/asgolfdepessac.com\/wp-content\/uploads\/2024\/08\/Coupe-ete-T5-2024-Brut.pdf\" target=\"_blank\" rel=\"noopener\">BRUT<\/a> et <a href=\"https:\/\/asgolfdepessac.com\/wp-content\/uploads\/2024\/08\/Coupe-ete-T5-2024-Net.pdf\" target=\"_blank\" rel=\"noopener\">NET<\/a><\/div>\n<div style=\"text-align: center;\"><\/div>\n<div style=\"text-align: center;\">T6 Jeudi 8 Aout 13H00 20 d\u00e9parts RESULTATS apr\u00e8s T6 <a href=\"https:\/\/asgolfdepessac.com\/wp-content\/uploads\/2024\/08\/Coupe-ete-T6-2024-Brut.pdf\" target=\"_blank\" rel=\"noopener\">BRUT<\/a> et <a href=\"https:\/\/asgolfdepessac.com\/wp-content\/uploads\/2024\/08\/Coupe-ete-T6-2024-Net.pdf\" target=\"_blank\" rel=\"noopener\">NET<\/a><\/div>\n<div style=\"text-align: center;\"><\/div>\n<div style=\"text-align: center;\">T7 Vendredi 23 Aout 8H20 20 d\u00e9parts RESULTATS DEFINITIFS apr\u00e8s T7 <a href=\"https:\/\/asgolfdepessac.com\/wp-content\/uploads\/2024\/10\/Coupe-ete-T7-2024-Brut.pdf\" target=\"_blank\" rel=\"noopener\">BRUT<\/a> et <a href=\"https:\/\/asgolfdepessac.com\/wp-content\/uploads\/2024\/08\/Coupe-ete-T7-2024-Net.pdf\" target=\"_blank\" rel=\"noopener\">NET<\/a><\/div>\n<div><\/div>\n<div style=\"text-align: center;\"><strong>Droits de jeu<\/strong> :\u00a0 \u00a0AS PESSAC : <strong>10\u20ac<\/strong>,\u00a0 \u00a0AUTRES JOUEURS : <strong>15\u20ac<\/strong><\/div>\n<div style=\"text-align: center;\"><\/div>\n<div style=\"text-align: center;\"><strong>GREEN FEES<\/strong> :\u00a0 pour les non abonn\u00e9s <span style=\"font-size: revert; color: initial;\">67\u20ac (20% de remise pour ceux qui ont la carte CLASSIC et 30% pour ceux qui ont la carte GOLD )<\/span><\/div>\n<div style=\"text-align: center;\"><b style=\"color: initial;\"><span style=\"color: #ffffff; font-size: large;\">e des Prix : Jeudi 25 Novembre 2021<\/span><\/b><\/div>\n<div dir=\"ltr\">\n<h1 style=\"text-align: center;\"><b style=\"color: #0000ff; font-size: medium;\">Remise des prix : Mardi 12 Novembre 2024<\/b><\/h1>\n<div>\n<div><\/div>\n<div><\/div>\n<div style=\"text-align: center;\"><span style=\"color: #cc0000; font-size: medium;\"><b>Classement sur la base du r\u00e9sultat BRUT et NET (index ramen\u00e9 \u00e0 36) avec attribution de points pour chaque comp\u00e9tition<\/b><\/span><\/div>\n<div style=\"text-align: center;\"><span style=\"color: #0000ff; font-size: medium;\"><b>\u00a0\u00a0\u00a0\u00a0\u00a01er :100 points<\/b><\/span><\/div>\n<div style=\"text-align: center;\"><span style=\"color: #0000ff; font-size: medium;\"><b>2\u00e8me :80 points<\/b><\/span><\/div>\n<div style=\"text-align: center;\"><span style=\"color: #0000ff; font-size: medium;\"><b>3\u00e8me :60 point<\/b><\/span><\/div>\n<div style=\"text-align: center;\"><span style=\"color: #0000ff; font-size: medium;\"><b>4\u00e8me :50 points<\/b><\/span><\/div>\n<div style=\"text-align: center;\"><span style=\"color: #0000ff; font-size: medium;\"><b>5\u00e8me :30 points :<\/b><\/span><\/div>\n<div style=\"text-align: center;\"><b>6 au 10\u00e8me :\u00a020 points<\/b><\/div>\n<div style=\"text-align: center;\"><span style=\"color: #0000ff; font-size: medium;\"><b>11 au 15\u00e8me : 10 points<\/b><\/span><\/div>\n<div style=\"text-align: center;\"><span style=\"color: #274e13; font-size: medium;\"><b>Les 3 meilleurs r\u00e9sultats sont retenus pour 3 s\u00e9ries hommes et \u00a02 s\u00e9ries dames<\/b><\/span><\/div>\n<div style=\"text-align: center;\"><span style=\"color: #274e13; font-size: medium;\"><b style=\"color: #274e13; font-size: medium;\">En cas d\u2019\u00e9galit\u00e9, <\/b><a href=\"https:\/\/asgolfdepessac.com\/index.php\/activites\/challenge-departage\/\" target=\"_blank\" rel=\"noopener\"><span style=\"color: #274e13; font-size: medium;\"><b>R\u00e8gle<\/b><\/span><b style=\"color: #274e13; font-size: medium;\"> de D\u00e9partage\u00a0<\/b><\/a><\/span><\/div>\n<div style=\"text-align: center;\"><span style=\"color: #274e13; font-size: medium;\"><b>En cas de changement de s\u00e9rie pendant l&rsquo;\u00e9t\u00e9, classement dans la s\u00e9rie initiale<\/b><\/span><\/div>\n<div style=\"text-align: center;\"><span style=\"color: #000000;\"><span><span style=\"font-size: medium;\"><b>R\u00c8GLES<\/b><\/span><\/span><span style=\"font-size: medium;\"><b>\u00a0LOCALES APPLICABLES<\/b><\/span><\/span><\/div>\n<div style=\"text-align: center;\"><span style=\"color: #000000;\"><span style=\"font-size: medium;\"><b>\u00a0R\u00c8GLEMENT\u00a0des Comp\u00e9titions\u00a0AS applicable<\/b><\/span><\/span><\/div>\n<div style=\"text-align: center;\"><span style=\"color: #073763;\"><span><span style=\"font-size: medium;\"><b>COMIT\u00c9<\/b><\/span><\/span><span style=\"font-size: medium;\"><b>\u00a0D&rsquo;\u00c9PREUVE\u00a0CONSTITU\u00c9 DE \u00a0:<\/b><\/span><\/span><\/div>\n<div style=\"text-align: center;\"><b><span style=\"color: #073763; font-size: medium;\">&#8211; Pr\u00e9sident\u00a0de l&rsquo;AS Jean RICHER<\/span><\/b><\/div>\n<div style=\"text-align: center;\"><b><span style=\"color: #073763; font-size: medium;\">&#8211; Pr\u00e9sident\u00a0de la Commission\u00a0sportive Jean Louis LAPOUDGE<\/span><\/b><\/div>\n<div style=\"text-align: center;\"><b><span style=\"color: #073763; font-size: medium;\">&#8211; Responsable d\u00e9sign\u00e9 de la comp\u00e9tition du Jour<\/span><\/b><\/div>\n<div style=\"text-align: center;\"><b><span style=\"color: #073763; font-size: medium;\">&#8211; Arbitre du Golf\u00a0<\/span><\/b><\/div>\n<\/div>\n<div><\/div>\n<div>\n<div dir=\"ltr\">\n<div style=\"text-align: center;\"><b><span style=\"color: #073763; font-size: large;\">CLASSEMENT\u00a0 2023\u00a0<\/span><\/b><\/div>\n<\/div>\n<div><\/div>\n<div dir=\"ltr\">\n<div>\u00a0 \u00a0 \u00a0 \u00a0 \u00a0 \u00a0 \u00a0 \u00a0 \u00a0 \u00a0 \u00a0 \u00a0 \u00a0 \u00a0 \u00a0 \u00a0 \u00a0 \u00a0 \u00a0 \u00a0 \u00a0 \u00a0 \u00a0 \u00a0 \u00a0 \u00a0 \u00a0 \u00a0 \u00a0 \u00a0 \u00a0 \u00a0 \u00a0 <a href=\"https:\/\/asgolfdepessac.com\/wp-content\/uploads\/2023\/04\/COUPE-ETE-2023-BRUT.pdf\" target=\"_blank\" rel=\"noopener\">BRUT<\/a>\u00a0 \u00a0 \u00a0 \u00a0 \u00a0 \u00a0 \u00a0 \u00a0 \u00a0 \u00a0 \u00a0 \u00a0 \u00a0<a href=\"https:\/\/asgolfdepessac.com\/wp-content\/uploads\/2023\/04\/COUPE-ETE-2023-NET.pdf\" target=\"_blank\" rel=\"noopener\">NET<\/a>\u00a0<\/div>\n<\/div>\n<div dir=\"ltr\">\n<div style=\"text-align: center;\"><\/div>\n<\/div>\n<\/div>\n<div>\n<div style=\"text-align: center;\"><\/div>\n<div style=\"text-align: center;\"><\/div>\n<\/div>\n<\/div>\n\n\n<figure><table><tbody><tr><td><\/td><td><\/td><\/tr><\/tbody><\/table><\/figure>\n","protected":false},"excerpt":{"rendered":"<p>\u00a0Coupe de l&rsquo;ETE 2024 organis\u00e9e par l&rsquo;AS Formule Stableford : 3 s\u00e9ries Messieurs et 2 s\u00e9ries Dames Rep\u00e8res Blanc et Bleu pour les index inf\u00e9rieurs \u00e0 11.4 et 15.4 Rep\u00e8res Jaune et Rouge pour les autres index Les 6 Premiers tours permettent de participer \u00e0 HERITAGE WORLD CLUB \u00a0 \u00a0 [&hellip;]<\/p>\n","protected":false},"author":1,"featured_media":52,"parent":502,"menu_order":0,"comment_status":"closed","ping_status":"closed","template":"","meta":{"footnotes":""},"class_list":["post-578","page","type-page","status-publish","has-post-thumbnail","hentry"],"_links":{"self":[{"href":"https:\/\/asgolfdepessac.com\/index.php\/wp-json\/wp\/v2\/pages\/578","targetHints":{"allow":["GET"]}}],"collection":[{"href":"https:\/\/asgolfdepessac.com\/index.php\/wp-json\/wp\/v2\/pages"}],"about":[{"href":"https:\/\/asgolfdepessac.com\/index.php\/wp-json\/wp\/v2\/types\/page"}],"author":[{"embeddable":true,"href":"https:\/\/asgolfdepessac.com\/index.php\/wp-json\/wp\/v2\/users\/1"}],"replies":[{"embeddable":true,"href":"https:\/\/asgolfdepessac.com\/index.php\/wp-json\/wp\/v2\/comments?post=578"}],"version-history":[{"count":0,"href":"https:\/\/asgolfdepessac.com\/index.php\/wp-json\/wp\/v2\/pages\/578\/revisions"}],"up":[{"embeddable":true,"href":"https:\/\/asgolfdepessac.com\/index.php\/wp-json\/wp\/v2\/pages\/502"}],"wp:featuredmedia":[{"embeddable":true,"href":"https:\/\/asgolfdepessac.com\/index.php\/wp-json\/wp\/v2\/media\/52"}],"wp:attachment":[{"href":"https:\/\/asgolfdepessac.com\/index.php\/wp-json\/wp\/v2\/media?parent=578"}],"curies":[{"name":"wp","href":"https:\/\/api.w.org\/{rel}","templated":true}]}}