{"id":587,"date":"2021-09-16T19:20:33","date_gmt":"2021-09-16T17:20:33","guid":{"rendered":"https:\/\/asgolfdepessac.com\/?page_id=587"},"modified":"2026-02-27T06:18:45","modified_gmt":"2026-02-27T05:18:45","slug":"trophee-as","status":"publish","type":"page","link":"https:\/\/asgolfdepessac.com\/index.php\/activites\/trophee-as\/","title":{"rendered":"TROPHEE AS"},"content":{"rendered":"\n<p><\/p>\n\n\n<div><a href=\"https:\/\/asgolfdepessac.com\/wp-content\/uploads\/2025\/11\/ClassementTropheeAS-2025.pdf\" target=\"_blank\" rel=\"noopener\">Classement Troph\u00e9e AS de 2023 \u00e0 2025<\/a><\/div>\n<div><a href=\"https:\/\/asgolfdepessac.com\/wp-content\/uploads\/2023\/11\/Capture-decran-2023-11-21-190019.png\" target=\"_blank\" rel=\"noopener\">Classement Troph\u00e9e AS de 2010 \u00e0 2023<\/a><\/div>\n<p align=\"center\" style=\"text-align: center;\"><b><span><span style=\"font-size: large;\">REGLEMENT<\/span><\/span><\/b><\/p>\n<p style=\"text-align: left;\"><span><span style=\"color: #000000;\">1)\u00a0<\/span><b>\u00a0 \u00a0<\/b><\/span><span>Des comp\u00e9titions \u00ab AS PESSAC \u00bb sont ouvertes \u00e0 tous les licenci\u00e9s de la F\u00e9d\u00e9ration Fran\u00e7aise de Golf aptes \u00e0 pratiquer la comp\u00e9tition.\u00a0<\/span><\/p>\n<p style=\"text-align: left;\"><span>2)\u00a0 \u00a0\u00a0<\/span><span>Formule de jeu : Stableford d\u00e9part rep\u00e8re rouge pour les dames, rep\u00e8re jaune pour les messieurs.<\/span><\/p>\n<p style=\"text-align: left;\"><span>3)\u00a0 \u00a0<\/span><span>Classement global dames et messieurs \u00e9tabli sur la base des 4 <b>meilleurs scores bruts<\/b> <strong>et nets<\/strong>\u00a0toutes s\u00e9ries confondues (8 tours programm\u00e9s): le comit\u00e9 d&rsquo;\u00e9preuve peut d\u00e9cider de modifier le mode de calcul si un nombre important de tour ne peut \u00eatre organis\u00e9 pour des raisons sanitaires ou climatiques.<\/span><\/p>\n<p style=\"text-align: left;\"><span>4)\u00a0\u00a0<\/span><span>4 coupes \u00ab\u00a0<\/span><b><span>Troph\u00e9e AS PESSAC<\/span><\/b><span>\u00a0<\/span><span>\u00bb seront attribu\u00e9es aux participants membres de l\u2019AS PESSAC les mieux class\u00e9s.<\/span><span>\u00a0<\/span><span>Elles seront remises lors de la journ\u00e9e conviviale \u00ab Drives des challenges \u00bb et calcul\u00e9es suivant les r\u00e9sultats des parties pr\u00e9c\u00e9dentes:<\/span><\/p>\n<p style=\"text-align: left;\"><span>\u00b7\u00a0 \u00a0 \u00a0 \u00a0 <\/span>Meilleur score brut dames<\/p>\n<p style=\"text-align: left;\"><span>\u00b7\u00a0 \u00a0 \u00a0 \u00a0 <\/span>Meilleur score net dames<\/p>\n<p style=\"text-align: left;\"><span>\u00b7\u00a0\u00a0\u00a0\u00a0\u00a0\u00a0\u00a0 <\/span>Meilleur score brut messieurs<\/p>\n<p style=\"text-align: left;\"><span>\u00b7\u00a0 \u00a0 \u00a0 \u00a0 <\/span>Meilleur score net messieurs<\/p>\n<p>5) En cas d&rsquo;\u00e9galit\u00e9 : <a href=\"https:\/\/asgolfdepessac.com\/index.php\/activites\/challenge-departage\/\" target=\"_blank\" rel=\"noopener\">REGLE DE DEPARTAGE<\/a><\/p>\n<div><b><span style=\"color: #6aa84f;\">\u00a0 \u00a0 \u00a0 \u00a0 \u00a0 \u00a0 \u00a0 \u00a0 \u00a0 \u00a0 \u00a0 \u00a0 \u00a0 \u00a0 \u00a0 \u00a0 \u00a0 \u00a0 \u00a0 \u00a0 \u00a0 \u00a0 \u00a0 \u00a0 \u00a0 \u00a0 \u00a0 \u00a0 \u00a0 \u00a0 \u00a0 \u00a0 \u00a0 \u00a0 \u00a0<\/span><\/b><\/div>\n<div style=\"text-align: center;\"><b><span style=\"color: #6aa84f;\"><span style=\"font-size: x-large;\">DATES TROPHEE AS 2026<\/span><\/span><\/b><\/div>\n<div><\/div>\n<div style=\"text-align: center;\">T1 Jeudi 26 F\u00e9vrier<\/div>\n<div style=\"text-align: center;\"><a href=\"https:\/\/asgolfdepessac.com\/wp-content\/uploads\/2026\/02\/Trophee-AS-2026-Classement-T1.pdf\" target=\"_blank\" rel=\"noopener\">Classement apr\u00e8s T1<\/a><\/div>\n<div><\/div>\n<div style=\"text-align: center;\">T2 Jeudi 23 Avril<\/div>\n<div><\/div>\n<div style=\"text-align: center;\">T3 Jeudi 7 Mai<\/div>\n<div style=\"text-align: center;\"><\/div>\n<div style=\"text-align: center;\">T4 Mardi 16 Juin<\/div>\n<div style=\"text-align: center;\"><\/div>\n<div style=\"text-align: center;\">T5 Jeudi 2 Juillet<\/div>\n<div style=\"text-align: center;\"><\/div>\n<div style=\"text-align: center;\">T6\u00a0 Jeudi 3 Septembre\u00a0\u00a0<\/div>\n<div style=\"text-align: center;\"><\/div>\n<div style=\"text-align: center;\">T7 Mardi 22 Septembre<\/div>\n<div style=\"text-align: center;\"><\/div>\n<div style=\"text-align: center;\">T8 Jeudi 8 Octobre<\/div>\n<p>&nbsp;<\/p>\n<div><\/div>\n<div><\/div>\n<div><\/div>\n<div style=\"text-align: center;\">Jeudi 19 Novembre : Journ\u00e9e conviviale <span style=\"color: #ff0000;\"><span style=\"font-size: large;\"><b>Drives des challenges &#8211; Formule \u00e0 2 en SHOTGUN<\/b><\/span><\/span><\/div>\n<div>Des lots seront remis aux premiers class\u00e9s. Le nombre de lots attribu\u00e9s d\u00e9pendra de la participation en nombre de d\u00e9parts de l\u2019ensemble des tours du challenge consid\u00e9r\u00e9.<\/div>\n<div style=\"text-align: center;\"><\/div>\n<div><span>\u00a0 \u00a0 \u00a0 \u00a0 \u00a0 \u00a0 \u00a0 \u00a0 \u00a0 \u00a0 \u00a0 \u00a0 \u00a0 \u00a0 \u00a0 \u00a0 \u00a0 \u00a0 \u00a0 \u00a0 \u00a0 \u00a0 \u00a0 \u00a0\u00a0<\/span><span style=\"color: #cc0000;\"><strong>\u00a0 \u00a0<\/strong><\/span><span>\u00a0<\/span><span>\u00a0 \u00a0 \u00a0 \u00a0 \u00a0 \u00a0 \u00a0 \u00a0 \u00a0 \u00a0 \u00a0 \u00a0 \u00a0 \u00a0 \u00a0 \u00a0 \u00a0 <\/span><span style=\"font-size: medium;\">\u00a0 \u00a0 \u00a0 <\/span><span style=\"font-size: medium;\"> \u00a0<\/span><span style=\"color: #ff0000;\">\u00a0<\/span><\/div>\n<div dir=\"ltr\">\n<div style=\"text-align: center;\"><span style=\"color: #000000;\"><span><span style=\"font-size: medium;\"><b>R\u00c8GLES<\/b><\/span><\/span><span style=\"font-size: medium;\"><b>\u00a0LOCALES APPLICABLES<\/b><\/span><\/span><\/div>\n<div style=\"text-align: center;\"><span style=\"color: #000000;\"><span style=\"font-size: medium;\"><b>\u00a0<\/b><\/span><\/span><\/div>\n<div style=\"text-align: center;\"><span style=\"color: #000000;\"><span style=\"font-size: medium;\"><b>\u00a0R\u00c8GLEMENT\u00a0des Comp\u00e9titions\u00a0AS applicable<\/b><\/span><\/span><\/div>\n<div style=\"text-align: center;\"><span style=\"color: #000000;\"><span style=\"font-size: medium;\"><b>\u00a0<\/b><\/span><\/span><\/div>\n<div style=\"text-align: center;\"><span style=\"color: #073763;\"><span><span style=\"font-size: medium;\"><b>COMIT\u00c9<\/b><\/span><\/span><span style=\"font-size: medium;\"><b>\u00a0D&rsquo;\u00c9PREUVE\u00a0CONSTITU\u00c9 DE \u00a0:<\/b><\/span><\/span><\/div>\n<div style=\"text-align: center;\"><span style=\"color: #073763; font-size: medium;\"><b>\u00a0<\/b><\/span><\/div>\n<div style=\"text-align: center;\"><b><span style=\"color: #073763; font-size: medium;\">&#8211; Pr\u00e9sident de l&rsquo;AS\u00a0<\/span><\/b><\/div>\n<div style=\"text-align: center;\"><b><span style=\"color: #073763; font-size: medium;\">&#8211; Pr\u00e9sident de la Commission sportive\u00a0<\/span><\/b><\/div>\n<div style=\"text-align: center;\"><b><span style=\"color: #073763; font-size: medium;\">&#8211; Responsable d\u00e9sign\u00e9 de la comp\u00e9tition du Jour<\/span><\/b><\/div>\n<div style=\"text-align: center;\"><b><span style=\"color: #073763; font-size: medium;\">&#8211; Arbitre du Golf\u00a0<\/span><\/b><\/div>\n<div><\/div>\n<\/div>\n\n\n<p><\/p>\n\n\n\n<figure><table><tbody><tr><td><\/td><td><\/td><\/tr><\/tbody><\/table><\/figure>\n","protected":false},"excerpt":{"rendered":"<p>Classement Troph\u00e9e AS de 2023 \u00e0 2025 Classement Troph\u00e9e AS de 2010 \u00e0 2023 REGLEMENT 1)\u00a0\u00a0 \u00a0Des comp\u00e9titions \u00ab AS PESSAC \u00bb sont ouvertes \u00e0 tous les licenci\u00e9s de la F\u00e9d\u00e9ration Fran\u00e7aise de Golf aptes \u00e0 pratiquer la comp\u00e9tition.\u00a0 2)\u00a0 \u00a0\u00a0Formule de jeu : Stableford d\u00e9part rep\u00e8re rouge pour les [&hellip;]<\/p>\n","protected":false},"author":1,"featured_media":52,"parent":502,"menu_order":0,"comment_status":"closed","ping_status":"closed","template":"","meta":{"footnotes":""},"class_list":["post-587","page","type-page","status-publish","has-post-thumbnail","hentry"],"_links":{"self":[{"href":"https:\/\/asgolfdepessac.com\/index.php\/wp-json\/wp\/v2\/pages\/587","targetHints":{"allow":["GET"]}}],"collection":[{"href":"https:\/\/asgolfdepessac.com\/index.php\/wp-json\/wp\/v2\/pages"}],"about":[{"href":"https:\/\/asgolfdepessac.com\/index.php\/wp-json\/wp\/v2\/types\/page"}],"author":[{"embeddable":true,"href":"https:\/\/asgolfdepessac.com\/index.php\/wp-json\/wp\/v2\/users\/1"}],"replies":[{"embeddable":true,"href":"https:\/\/asgolfdepessac.com\/index.php\/wp-json\/wp\/v2\/comments?post=587"}],"version-history":[{"count":7,"href":"https:\/\/asgolfdepessac.com\/index.php\/wp-json\/wp\/v2\/pages\/587\/revisions"}],"predecessor-version":[{"id":13887,"href":"https:\/\/asgolfdepessac.com\/index.php\/wp-json\/wp\/v2\/pages\/587\/revisions\/13887"}],"up":[{"embeddable":true,"href":"https:\/\/asgolfdepessac.com\/index.php\/wp-json\/wp\/v2\/pages\/502"}],"wp:featuredmedia":[{"embeddable":true,"href":"https:\/\/asgolfdepessac.com\/index.php\/wp-json\/wp\/v2\/media\/52"}],"wp:attachment":[{"href":"https:\/\/asgolfdepessac.com\/index.php\/wp-json\/wp\/v2\/media?parent=587"}],"curies":[{"name":"wp","href":"https:\/\/api.w.org\/{rel}","templated":true}]}}