{"id":599,"date":"2021-09-18T17:39:41","date_gmt":"2021-09-18T15:39:41","guid":{"rendered":"https:\/\/asgolfdepessac.com\/?page_id=599"},"modified":"2026-04-09T14:26:13","modified_gmt":"2026-04-09T12:26:13","slug":"bureau","status":"publish","type":"page","link":"https:\/\/asgolfdepessac.com\/index.php\/bureau\/","title":{"rendered":"BUREAU"},"content":{"rendered":"\n<figure class=\"wp-block-table alignleft\"><table><tbody><tr><td><\/td><td><\/td><\/tr><\/tbody><\/table><figcaption class=\"wp-element-caption\"><strong><mark style=\"background-color:rgba(0, 0, 0, 0)\" class=\"has-inline-color has-header-gradient-color\">BUREAU de l&rsquo;AS au 31 Mars 2026<\/mark><\/strong><br><strong>Pr\u00e9sident : <\/strong>Jean RICHER<br><strong>Vice Pr\u00e9sident : <\/strong>Jean Louis LAPOUDGE<br><strong>Tr\u00e9sorier : <\/strong>Daniel COZZAROLO<strong><br>Secr\u00e9taire G\u00e9n\u00e9rale\u00a0: <\/strong>Marie-Claude SKORA<strong><br>Pr\u00e9sident de la Commission Sportive\u00a0: <\/strong>Christian BOUDAL<br><br><strong>Membres du Bureau :<\/strong>\u00a0Sophie BERTRANET,\u00a0Christine COZZAROLO, Christine\u00a0DUTHEIL, Denis DUTHEIL, Manon LE-GALES, Val\u00e9rie LINARES<br><br><strong><a href=\"https:\/\/asgolfdepessac.com\/wp-content\/uploads\/2025\/09\/STATUTS-ASGP_20250812-A.pdf\" target=\"_blank\" rel=\"noreferrer noopener\">STATUTS DE l&rsquo;ASSOCIATION<\/a><\/strong><br><br><a href=\"https:\/\/asgolfdepessac.com\/wp-content\/uploads\/2025\/09\/REGLEMENT-INTERIEUR-ASGP_20250812-A.pdf\" target=\"_blank\" rel=\"noreferrer noopener\">REGLEMENT INTERIEUR ASSOCIATION<\/a><br><br><a href=\"https:\/\/asgolfdepessac.com\/wp-content\/uploads\/2026\/02\/ASGP-Objectifs-sportifs-2026-CS-A.pdf\" target=\"_blank\" rel=\"noreferrer noopener\">OBJECTIFS SPORTIFS 2026<\/a><br><br><a href=\"https:\/\/asgolfdepessac.com\/wp-content\/uploads\/2025\/03\/2025_ASGP_Charte_Sportive-A.pdf\" target=\"_blank\" rel=\"noreferrer noopener\">CHARTE SPORTIVE 2026<\/a><br><br><strong>ASSEMBLEES GENERALES STATUTAIRES<\/strong> tous les ans en mars<br><br><a href=\"https:\/\/asgolfdepessac.com\/wp-content\/uploads\/2021\/09\/Compte-rendu-d_activites-2019-AS-Golf-de-PESSAC-defp.pdf\" data-type=\"URL\" data-id=\"https:\/\/asgolfdepessac.com\/wp-content\/uploads\/2021\/09\/Compte-rendu-d_activites-2019-AS-Golf-de-PESSAC-defp.pdf\" target=\"_blank\" rel=\"noreferrer noopener\">Rapport d&rsquo;activit\u00e9s 2019<\/a><br><br><a href=\"https:\/\/asgolfdepessac.com\/wp-content\/uploads\/2021\/09\/Compte-rendu-d_activites-2020-AS-Golf-de-PESSAC-p.pdf\" data-type=\"URL\" data-id=\"https:\/\/asgolfdepessac.com\/wp-content\/uploads\/2021\/09\/Compte-rendu-d_activites-2020-AS-Golf-de-PESSAC-p.pdf\" target=\"_blank\" rel=\"noreferrer noopener\">Rapport d&rsquo;activit\u00e9s 2020<\/a><br><br><a href=\"https:\/\/asgolfdepessac.com\/wp-content\/uploads\/2022\/03\/Compte-rendu-d-activites-2021-AS-Golf-de-PESSAC.pdf\" data-type=\"URL\" data-id=\"https:\/\/asgolfdepessac.com\/wp-content\/uploads\/2022\/03\/Compte-rendu-d-activites-2021-AS-Golf-de-PESSAC.pdf\" target=\"_blank\" rel=\"noreferrer noopener\">Rapport d&rsquo;activit\u00e9s 2021<\/a><br><br><a href=\"https:\/\/asgolfdepessac.com\/wp-content\/uploads\/2023\/03\/Compte-rendu-d-activites-2022-AS-Golf-de-PESSAC.pdf\" data-type=\"URL\" data-id=\"https:\/\/asgolfdepessac.com\/wp-content\/uploads\/2023\/03\/Compte-rendu-d-activites-2022-AS-Golf-de-PESSAC.pdf\" target=\"_blank\" rel=\"noreferrer noopener\">Rapport d&rsquo;activit\u00e9s 2022<\/a><br><br><a href=\"https:\/\/asgolfdepessac.com\/wp-content\/uploads\/2024\/03\/2024_ASGP_Compte-rendu-dactivites-2023-P.pdf\" target=\"_blank\" rel=\"noreferrer noopener\">Rapport d&rsquo;activit\u00e9s 2023<\/a><br><br><a href=\"https:\/\/asgolfdepessac.com\/wp-content\/uploads\/2025\/03\/2025_ASGP_Rapport-dactivites-2024-avec-PV-puble-A.pdf\" target=\"_blank\" rel=\"noreferrer noopener\">Rapport d&rsquo;activit\u00e9s 2024<\/a> <br><br><a href=\"https:\/\/asgolfdepessac.com\/wp-content\/uploads\/2026\/03\/2026_ASGP_Rapport-dactivites-2025-avec-annexe-sportive-A.pdf\" target=\"_blank\" rel=\"noreferrer noopener\">Rapport d&rsquo;activit\u00e9s 2025<\/a><\/figcaption><\/figure>\n\n\n\n<p><\/p>\n","protected":false},"excerpt":{"rendered":"<p>BUREAU de l&rsquo;AS au 31 Mars 2026Pr\u00e9sident : Jean RICHERVice Pr\u00e9sident : Jean Louis LAPOUDGETr\u00e9sorier : Daniel COZZAROLOSecr\u00e9taire G\u00e9n\u00e9rale\u00a0: Marie-Claude SKORAPr\u00e9sident de la Commission Sportive\u00a0: Christian BOUDAL Membres du Bureau :\u00a0Sophie BERTRANET,\u00a0Christine COZZAROLO, Christine\u00a0DUTHEIL, Denis DUTHEIL, Manon LE-GALES, Val\u00e9rie LINARES STATUTS DE l&rsquo;ASSOCIATION REGLEMENT INTERIEUR ASSOCIATION OBJECTIFS SPORTIFS 2026 CHARTE [&hellip;]<\/p>\n","protected":false},"author":1,"featured_media":52,"parent":0,"menu_order":0,"comment_status":"closed","ping_status":"closed","template":"","meta":{"footnotes":""},"class_list":["post-599","page","type-page","status-publish","has-post-thumbnail","hentry"],"_links":{"self":[{"href":"https:\/\/asgolfdepessac.com\/index.php\/wp-json\/wp\/v2\/pages\/599","targetHints":{"allow":["GET"]}}],"collection":[{"href":"https:\/\/asgolfdepessac.com\/index.php\/wp-json\/wp\/v2\/pages"}],"about":[{"href":"https:\/\/asgolfdepessac.com\/index.php\/wp-json\/wp\/v2\/types\/page"}],"author":[{"embeddable":true,"href":"https:\/\/asgolfdepessac.com\/index.php\/wp-json\/wp\/v2\/users\/1"}],"replies":[{"embeddable":true,"href":"https:\/\/asgolfdepessac.com\/index.php\/wp-json\/wp\/v2\/comments?post=599"}],"version-history":[{"count":18,"href":"https:\/\/asgolfdepessac.com\/index.php\/wp-json\/wp\/v2\/pages\/599\/revisions"}],"predecessor-version":[{"id":14310,"href":"https:\/\/asgolfdepessac.com\/index.php\/wp-json\/wp\/v2\/pages\/599\/revisions\/14310"}],"wp:featuredmedia":[{"embeddable":true,"href":"https:\/\/asgolfdepessac.com\/index.php\/wp-json\/wp\/v2\/media\/52"}],"wp:attachment":[{"href":"https:\/\/asgolfdepessac.com\/index.php\/wp-json\/wp\/v2\/media?parent=599"}],"curies":[{"name":"wp","href":"https:\/\/api.w.org\/{rel}","templated":true}]}}