{"id":618,"date":"2021-09-19T09:28:47","date_gmt":"2021-09-19T07:28:47","guid":{"rendered":"https:\/\/asgolfdepessac.com\/?page_id=618"},"modified":"2023-04-08T15:38:06","modified_gmt":"2023-04-08T13:38:06","slug":"pessac-au-feminin","status":"publish","type":"page","link":"https:\/\/asgolfdepessac.com\/index.php\/pessac-au-feminin-2\/pessac-au-feminin\/","title":{"rendered":"INFORMATIONS"},"content":{"rendered":"\n<p><strong><a href=\"https:\/\/drive.google.com\/file\/d\/147Ql9ntM5MQe3OpdwUXmsvfaJAc-mECe\/view?usp=sharing\" data-type=\"URL\" data-id=\"https:\/\/drive.google.com\/file\/d\/147Ql9ntM5MQe3OpdwUXmsvfaJAc-mECe\/view?usp=sharing\" target=\"_blank\" rel=\"noreferrer noopener\">&nbsp;ACTIVITES<\/a> PROPOSEES PAR PESSAC AU FEMININ<\/strong><br><strong>Vos responsables sont :<br><a href=\"https:\/\/sites.google.com\/site\/asgolfdepessac\/Pessac-au-feminin\/Informations\/Les%20GO.jpg?attredirects=0\"><\/a>&nbsp;<\/strong><\/p>\n\n\n\n<ul class=\"wp-block-list\">\n<li>Christine COZZAROLO (MDD)\u00a0<\/li>\n\n\n\n<li>Marie Laure CHABRIER (MDD et Interclubs)<\/li>\n\n\n\n<li>Catherine PENNEC (MDD et Interclubs) &nbsp;&nbsp;<\/li>\n\n\n\n<li>Fabienne Grand Moursel et Christine Dutheil &nbsp;(Eclectique)&nbsp; &nbsp; &nbsp;&nbsp;<\/li>\n<\/ul>\n\n\n\n<p>Contact : <a href=\"mailto:aspessacaufeminin@gmail.com\" target=\"_blank\" rel=\"noreferrer noopener\">aspessacaufeminin@gmail.com<\/a><\/p>\n\n\n\n<p><strong><u>ACCUEIL DES NOUVELLES ARRIVEES<\/u><\/strong><\/p>\n\n\n\n<p><strong>&nbsp;<\/strong>Contacter les responsables par mail. Elles assureront un accompagnement des nouvelles adh\u00e9rentes<\/p>\n\n\n\n<p><strong><u>MARDI DES DAMES<\/u><\/strong> (voir la page Mardi des Dames)<\/p>\n\n\n\n<p>Rencontre 1 \u00e0 2 Mardis par mois sur Pessac ou \u00e0 l&rsquo;ext\u00e9rieur (Gujan, La M\u00e9janne, Golf des Graves, &#8230;)<\/p>\n\n\n\n<p>Nous nous retrouvons aussi pour d\u00e9jeuner \u00e0 l&rsquo;occasion de la rentr\u00e9e, de No\u00ebl et avant de nous quitter fin Juin.&nbsp;<\/p>\n\n\n\n<p>C&rsquo;est un moment convivial, le but est de se retrouver et de s&rsquo;amuser. Vous \u00eates toutes les bienvenues<strong> Mais il faut \u00eatre capable de jouer 18&nbsp; trous avec un bon rythme de jeu.<\/strong><\/p>\n\n\n\n<p><strong><u>AMICALES INTERCLUBS D&rsquo;HIVER<\/u><\/strong><\/p>\n\n\n\n<p>Si votre index est inf\u00e9rieur \u00e0 28, si vous \u00eates inscrites \u00e0 l\u2019A.S. (<strong>Licence PESSAC<\/strong>)<\/p>\n\n\n\n<p>Vous pouvez participer aux rencontres interclubs qui ont lieu dans divers clubs de la r\u00e9gion.<\/p>\n\n\n\n<p>Elles se jouent par \u00e9quipe et en match play. Vous \u00eates inform\u00e9es des dates et moyens d\u2019inscription en d\u00e9but d&rsquo;hiver<\/p>\n\n\n\n<p><strong><u>COMPETITIONS ORGANISEES par&nbsp; l\u2019A.S.<\/u><\/strong><\/p>\n\n\n\n<p>&#8211; <strong>Coupe des Dames<\/strong> : comp\u00e9titions ouvertes aussi aux messieurs avec priorit\u00e9 d&rsquo;inscription aux dames et parties non mixtes<\/p>\n\n\n\n<p>&#8211; <strong>Comp\u00e9titions officielles mixtes<\/strong>&nbsp;(priorit\u00e9 aux membres de l&rsquo;AS)<\/p>\n\n\n\n<p>&#8211; <strong>Eclectiques <\/strong>se jouent sur plusieurs dates&nbsp; &nbsp; &nbsp; (membres AS uniquement).&nbsp;&nbsp;<\/p>\n\n\n\n<p>&nbsp;Rencontres mixtes et ludiques<br><strong>&#8211; Match Play<\/strong>&nbsp;se joue en Net de Mars \u00e0 Octobre (Membres AS uniquement)<\/p>\n","protected":false},"excerpt":{"rendered":"<p>&nbsp;ACTIVITES PROPOSEES PAR PESSAC AU FEMININVos responsables sont :&nbsp; Contact : aspessacaufeminin@gmail.com ACCUEIL DES NOUVELLES ARRIVEES &nbsp;Contacter les responsables par mail. Elles assureront un accompagnement des nouvelles adh\u00e9rentes MARDI DES DAMES (voir la page Mardi des Dames) Rencontre 1 \u00e0 2 Mardis par mois sur Pessac ou \u00e0 l&rsquo;ext\u00e9rieur (Gujan, [&hellip;]<\/p>\n","protected":false},"author":1,"featured_media":52,"parent":625,"menu_order":0,"comment_status":"closed","ping_status":"closed","template":"","meta":{"footnotes":""},"class_list":["post-618","page","type-page","status-publish","has-post-thumbnail","hentry"],"_links":{"self":[{"href":"https:\/\/asgolfdepessac.com\/index.php\/wp-json\/wp\/v2\/pages\/618","targetHints":{"allow":["GET"]}}],"collection":[{"href":"https:\/\/asgolfdepessac.com\/index.php\/wp-json\/wp\/v2\/pages"}],"about":[{"href":"https:\/\/asgolfdepessac.com\/index.php\/wp-json\/wp\/v2\/types\/page"}],"author":[{"embeddable":true,"href":"https:\/\/asgolfdepessac.com\/index.php\/wp-json\/wp\/v2\/users\/1"}],"replies":[{"embeddable":true,"href":"https:\/\/asgolfdepessac.com\/index.php\/wp-json\/wp\/v2\/comments?post=618"}],"version-history":[{"count":0,"href":"https:\/\/asgolfdepessac.com\/index.php\/wp-json\/wp\/v2\/pages\/618\/revisions"}],"up":[{"embeddable":true,"href":"https:\/\/asgolfdepessac.com\/index.php\/wp-json\/wp\/v2\/pages\/625"}],"wp:featuredmedia":[{"embeddable":true,"href":"https:\/\/asgolfdepessac.com\/index.php\/wp-json\/wp\/v2\/media\/52"}],"wp:attachment":[{"href":"https:\/\/asgolfdepessac.com\/index.php\/wp-json\/wp\/v2\/media?parent=618"}],"curies":[{"name":"wp","href":"https:\/\/api.w.org\/{rel}","templated":true}]}}