{"id":709,"date":"2021-09-20T08:07:48","date_gmt":"2021-09-20T06:07:48","guid":{"rendered":"https:\/\/asgolfdepessac.com\/?page_id=709"},"modified":"2026-03-18T21:26:17","modified_gmt":"2026-03-18T20:26:17","slug":"eclectique","status":"publish","type":"page","link":"https:\/\/asgolfdepessac.com\/index.php\/activites\/eclectique\/","title":{"rendered":"ECLECTIQUE"},"content":{"rendered":"<div dir=\"ltr\">\n<div style=\"text-align: center;\">\n<div><\/div>\n<\/div>\n<div style=\"text-align: center;\">\n<h1><strong style=\"color: #38761d; font-size: large;\">CALENDRIER 2025-2026<\/strong><\/h1>\n<p><strong>APRES LE 5\u00e8me\u00a0 TOUR\u00a0 <a href=\"https:\/\/drive.google.com\/drive\/folders\/1bXcYpqQVIDNf2dNEOgV_7TsYKpE81jc4?usp=sharing\" target=\"_blank\" rel=\"noopener\">Voir Tous les CLASSEMENTS PAR SERIE<\/a><\/strong><\/p>\n<\/div>\n<div style=\"text-align: center;\">\n<p><span style=\"font-size: medium; color: initial;\">T1 Jeudi 21 Octobre 2025 08H30 &#8211; <a href=\"https:\/\/pages.ffgolf.org\/resultats\/resultats-details\/8986b22e6f493691cc71534be6847c02\/2501388956\" target=\"_blank\" rel=\"noopener\">R\u00e9sultats T1<\/a>\u00a0<\/span><\/p>\n<\/div>\n<\/div>\n<div dir=\"ltr\">\n<div style=\"text-align: center;\">\n<div>\n<p><span style=\"color: #000000; font-size: medium;\">T2 Mardi 11\u00a0 Novembre 2025\u00a0 08H30 &#8211; <a href=\"https:\/\/pages.ffgolf.org\/resultats\/resultats-details\/8986b22e6f493691cc71534be6847c02\/2501388957\" target=\"_blank\" rel=\"noopener\">R\u00e9sultats T2<\/a><\/span><\/p>\n<p>T3 Mardi 9 D\u00e9cembre 2025 10H00 &#8211; <a href=\"https:\/\/pages.ffgolf.org\/resultats\/resultats-details\/8986b22e6f493691cc71534be6847c02\/2501394540\" target=\"_blank\" rel=\"noopener\">R\u00e9sultats T3<\/a><\/p>\n<p><span style=\"color: #000000; font-size: medium;\">T4 Mardi 20 Janvier 2026 9H50 &#8211; <a href=\"https:\/\/pages.ffgolf.org\/resultats\/resultats-details\/8986b22e6f493691cc71534be6847c02\/2501396628\" target=\"_blank\" rel=\"noopener\">R\u00e9sultats T4<\/a><\/span><\/p>\n<p><span style=\"font-size: medium;\"><span style=\"color: #000000;\">T5\u00a0 Mardi 17 F\u00e9vrier <\/span><span style=\"color: #f1c232;\"><span style=\"color: #000000;\">2026 8H20 &#8211; <a href=\"https:\/\/pages.ffgolf.org\/resultats\/resultats-details\/8986b22e6f493691cc71534be6847c02\/2501396630\" target=\"_blank\" rel=\"noopener\">R\u00e9sultats T5<\/a><\/span><\/span><\/span><\/p>\n<p><span style=\"color: #000000; font-size: medium;\">T6 Mardi 17 Mars 2026 11H20 &#8211; <a href=\"https:\/\/pages.ffgolf.org\/resultats\/resultats-details\/8986b22e6f493691cc71534be6847c02\/2501396634\" target=\"_blank\" rel=\"noopener\">R\u00e9sultats T6<\/a><\/span><\/p>\n<h4><span style=\"color: #0000ff;\"><b>Animations gratuites r\u00e9serv\u00e9es aux\u00a0<\/b><b>adh\u00e9rents<\/b><b> de l\u2019AS: si je ne suis pas adh\u00e9rent,\u00a0<\/b> contactez SVP\u00a0 asgolfdepessac@gmaill.com ou <a href=\"https:\/\/asgolfdepessac-b.fr\/index.php\/produit\/adhesion-et-licence\/\" target=\"_blank\" rel=\"noopener\">prenez une adh\u00e9sion\u00a0<\/a><\/span><\/h4>\n<\/div>\n<div><span style=\"color: #38761d; font-size: large;\">R\u00c8GLEMENT<\/span><\/div>\n<div><span style=\"color: #0000ff; font-size: large;\">Formule de Jeu \u00ab\u00a0\u00c9clectique\u00a0\u00bb<\/span><span style=\"color: #0000ff; font-size: x-large;\">: <\/span><span style=\"font-size: medium;\">Lors du premier tour jou\u00e9, le comp\u00e9titeur joue sa balle et marque son score. Les tours suivants, il joue en essayant d&rsquo;am\u00e9liorer son score pr\u00e9c\u00e9dent au trou par trou. <\/span><\/div>\n<div><\/div>\n<div>Tous les scores sont enregistr\u00e9s en Score maximum soit au maximum PAR + 3 sur un trou : relever votre balle.<\/div>\n<div>\u00a0<\/div>\n<div>En cas d&rsquo;\u00e9galit\u00e9, le d\u00e9partage classique (Meilleur retour, puis ,&#8230;. ) sera appliqu\u00e9.<\/div>\n<div><\/div>\n<div><span style=\"font-size: large;\"><span style=\"color: #0000ff;\">SERIES <\/span><\/span><\/div>\n<div><span style=\"font-size: medium;\">1\u00e8re SERIE DAMES ( 0 \u00e0 18)<\/span><\/div>\n<div><span style=\"font-size: medium;\">2\u00e8me SERIE DAMES ( Sup\u00e9rieur \u00e0 18)<\/span><\/div>\n<div><span style=\"font-size: medium;\">1\u00e8r \u00a0SERIES MESSIEURS (0 \u00e0 15)<\/span><\/div>\n<div><span style=\"font-size: medium;\">2\u00e8me SERIE MESSIEURS (sup\u00e9rieur \u00e0 15)\u00a0<\/span><\/div>\n<div><span style=\"font-size: medium;\"><span>CLASSEMENT<\/span><\/span><\/div>\n<div><span style=\"font-size: medium;\"><span>&#8211; en BRUT par s\u00e9ries<\/span><\/span><\/div>\n<div><span style=\"font-size: medium;\"><span>&#8211; en NET toutes s\u00e9ries confondues (limit\u00e9 \u00e0 36)\u00a0<\/span><\/span><\/div>\n<div><\/div>\n<div><span style=\"text-align: center;\"><b>R\u00c8GLES<\/b><\/span><span style=\"font-size: medium;\"><b> LOCALES APPLICABLES<\/b><\/span><\/div>\n<\/div>\n<div style=\"text-align: center;\"><a href=\"https:\/\/asgolfdepessac.com\/wp-content\/uploads\/2025\/03\/ReglementCompetition-ASGP-2025-A.pdf\" target=\"_blank\" rel=\"noopener\"><span style=\"color: #000000;\"><span style=\"font-size: medium;\"><b>R\u00c8GLEMENT\u00a0des Comp\u00e9titions\u00a0AS applicable<\/b><\/span><\/span><\/a><\/div>\n<\/div>\n<div><\/div>\n<div dir=\"ltr\">\n<h4><a href=\"https:\/\/asgolfdepessac.com\/wp-content\/uploads\/2024\/10\/eclectique-2024-2025-A.pdf\" target=\"_blank\" rel=\"noopener\">R\u00e9sultats de l&rsquo;eclectic 2024 202<\/a>5<\/h4>\n<\/div>\n<div style=\"text-align: center;\"><\/div>\n<div dir=\"ltr\">\n<div><\/div>\n<\/div>\n\n\n<figure><table><tbody><tr><td><\/td><td><\/td><\/tr><\/tbody><\/table><\/figure>\n","protected":false},"excerpt":{"rendered":"<p>CALENDRIER 2025-2026 APRES LE 5\u00e8me\u00a0 TOUR\u00a0 Voir Tous les CLASSEMENTS PAR SERIE T1 Jeudi 21 Octobre 2025 08H30 &#8211; R\u00e9sultats T1\u00a0 T2 Mardi 11\u00a0 Novembre 2025\u00a0 08H30 &#8211; R\u00e9sultats T2 T3 Mardi 9 D\u00e9cembre 2025 10H00 &#8211; R\u00e9sultats T3 T4 Mardi 20 Janvier 2026 9H50 &#8211; R\u00e9sultats T4 T5\u00a0 Mardi [&hellip;]<\/p>\n","protected":false},"author":1,"featured_media":52,"parent":502,"menu_order":0,"comment_status":"closed","ping_status":"closed","template":"","meta":{"footnotes":""},"class_list":["post-709","page","type-page","status-publish","has-post-thumbnail","hentry"],"_links":{"self":[{"href":"https:\/\/asgolfdepessac.com\/index.php\/wp-json\/wp\/v2\/pages\/709","targetHints":{"allow":["GET"]}}],"collection":[{"href":"https:\/\/asgolfdepessac.com\/index.php\/wp-json\/wp\/v2\/pages"}],"about":[{"href":"https:\/\/asgolfdepessac.com\/index.php\/wp-json\/wp\/v2\/types\/page"}],"author":[{"embeddable":true,"href":"https:\/\/asgolfdepessac.com\/index.php\/wp-json\/wp\/v2\/users\/1"}],"replies":[{"embeddable":true,"href":"https:\/\/asgolfdepessac.com\/index.php\/wp-json\/wp\/v2\/comments?post=709"}],"version-history":[{"count":7,"href":"https:\/\/asgolfdepessac.com\/index.php\/wp-json\/wp\/v2\/pages\/709\/revisions"}],"predecessor-version":[{"id":14089,"href":"https:\/\/asgolfdepessac.com\/index.php\/wp-json\/wp\/v2\/pages\/709\/revisions\/14089"}],"up":[{"embeddable":true,"href":"https:\/\/asgolfdepessac.com\/index.php\/wp-json\/wp\/v2\/pages\/502"}],"wp:featuredmedia":[{"embeddable":true,"href":"https:\/\/asgolfdepessac.com\/index.php\/wp-json\/wp\/v2\/media\/52"}],"wp:attachment":[{"href":"https:\/\/asgolfdepessac.com\/index.php\/wp-json\/wp\/v2\/media?parent=709"}],"curies":[{"name":"wp","href":"https:\/\/api.w.org\/{rel}","templated":true}]}}